{"id":71814,"date":"2023-06-04T22:52:31","date_gmt":"2023-06-04T20:52:31","guid":{"rendered":"https:\/\/orientalcarpetshop.com\/?post_type=product&#038;p=71814"},"modified":"2024-10-04T01:04:26","modified_gmt":"2024-10-03T23:04:26","slug":"nain-fine-carpet-2","status":"publish","type":"product","link":"https:\/\/orientalcarpetshop.com\/en\/product\/nain-fine-carpet-2\/","title":{"rendered":"Nain fine carpet 180 x 120 cm"},"content":{"rendered":"\t\t<div data-elementor-type=\"product-post\" data-elementor-id=\"71814\" class=\"elementor elementor-71814 elementor-71813\" data-elementor-post-type=\"product\">\n\t\t\t\t\t\t<section class=\"elementor-section elementor-top-section elementor-element elementor-element-487787d5 elementor-section-boxed elementor-section-height-default elementor-section-height-default\" data-id=\"487787d5\" data-element_type=\"section\" data-e-type=\"section\">\n\t\t\t\t\t\t<div class=\"elementor-container elementor-column-gap-default\">\n\t\t\t\t\t<div class=\"elementor-column elementor-col-100 elementor-top-column elementor-element elementor-element-4d872769\" data-id=\"4d872769\" data-element_type=\"column\" data-e-type=\"column\">\n\t\t\t<div class=\"elementor-widget-wrap elementor-element-populated\">\n\t\t\t\t\t\t<div class=\"elementor-element elementor-element-46705178 elementor-widget elementor-widget-text-editor\" data-id=\"46705178\" data-element_type=\"widget\" data-e-type=\"widget\" data-widget_type=\"text-editor.default\">\n\t\t\t\t<div class=\"elementor-widget-container\">\n\t\t\t\t\t\t\t\t\t<p><em><b>Term\u00e9kle\u00edr\u00e1s\/ Nain fine carpet 180 x 120 cm : <\/b><\/em><\/p><p>Way of making : hand knotted<\/p><p>Knotting: Senne<\/p><p>Density of knots: 720.000 \/ square metre ( 6LA )<\/p><p>Warp: <span style=\"color: var( --e-global-color-text ); font-size: var( --e-global-typography-text-font-size ); font-weight: var( --e-global-typography-text-font-weight ); letter-spacing: var(--the7-base-letter-spacing); text-transform: var(--the7-base-text-transform); word-spacing: normal;\">Cotton<\/span><\/p><p>Weft: <span style=\"color: var( --e-global-color-text ); font-size: var( --e-global-typography-text-font-size ); font-weight: var( --e-global-typography-text-font-weight ); letter-spacing: var(--the7-base-letter-spacing); text-transform: var(--the7-base-text-transform); word-spacing: normal;\">Cotton<\/span><\/p><p><span style=\"color: var( --e-global-color-text ); font-size: var( --e-global-typography-text-font-size ); font-weight: var( --e-global-typography-text-font-weight ); letter-spacing: var(--the7-base-letter-spacing); text-transform: var(--the7-base-text-transform); word-spacing: normal;\">Pile: Wool with silk contour<\/span><\/p><p>Material: wool and cotton<\/p><p>Place of origin: Iran<\/p><p>Dyeing: Anilyne dyed<\/p><p>Age: New<\/p><p>Condition: New<\/p><p><span style=\"text-decoration: underline;\">Washing and care instructions:<\/span><\/p><p>Leave the cleaning to a professional. If you would like us to clean your carpet by hand, please call our customer service or visit our carpet cleaning section.<\/p><p>The carpets can be vacuumed regularly, if something spills on it, it is advisable to soak it up immediately with a dry cloth and remove it with slightly shampooed (ph neutral) water. Every six months you should brush it with slightly vinegared water (use 20% vinegar) , using a soft cloth brush and ensuring that it dries quickly. The vinegar will brighten colours and kill moths and other unwanted creatures.<\/p><p>Protect your carpet from strong sunlight and rotate it from time to time to ensure that it receives an even load during use.<\/p><div class=\"elementor-price-list-text\"><div class=\"elementor-price-list-header\"><a href=\"https:\/\/orientalcarpetshop.com\/keleti-szonyegek-tisztitasa\/\"><span class=\"elementor-price-list-title\">Learn more about cleaning oriental carpets<\/span><\/a><\/div><\/div>\t\t\t\t\t\t\t\t<\/div>\n\t\t\t\t<\/div>\n\t\t\t\t\t<\/div>\n\t\t<\/div>\n\t\t\t\t\t<\/div>\n\t\t<\/section>\n\t\t\t\t<section class=\"elementor-section elementor-top-section elementor-element elementor-element-4ef9dddb elementor-section-boxed elementor-section-height-default elementor-section-height-default\" data-id=\"4ef9dddb\" data-element_type=\"section\" data-e-type=\"section\">\n\t\t\t\t\t\t<div class=\"elementor-container elementor-column-gap-default\">\n\t\t\t\t\t<div class=\"elementor-column elementor-col-100 elementor-top-column elementor-element elementor-element-32d06c2e\" data-id=\"32d06c2e\" data-element_type=\"column\" data-e-type=\"column\">\n\t\t\t<div class=\"elementor-widget-wrap elementor-element-populated\">\n\t\t\t\t\t\t<div class=\"elementor-element elementor-element-7b23bfe elementor-widget-divider--view-line elementor-widget elementor-widget-divider\" data-id=\"7b23bfe\" data-element_type=\"widget\" data-e-type=\"widget\" data-widget_type=\"divider.default\">\n\t\t\t\t<div class=\"elementor-widget-container\">\n\t\t\t\t\t\t\t<div class=\"elementor-divider\">\n\t\t\t<span class=\"elementor-divider-separator\">\n\t\t\t\t\t\t<\/span>\n\t\t<\/div>\n\t\t\t\t\t\t<\/div>\n\t\t\t\t<\/div>\n\t\t\t\t<div class=\"elementor-element elementor-element-49ac1db4 elementor-widget elementor-widget-heading\" data-id=\"49ac1db4\" data-element_type=\"widget\" data-e-type=\"widget\" data-widget_type=\"heading.default\">\n\t\t\t\t<div class=\"elementor-widget-container\">\n\t\t\t\t\t<h2 class=\"elementor-heading-title elementor-size-default\">Related products<\/h2>\t\t\t\t<\/div>\n\t\t\t\t<\/div>\n\t\t\t\t<div class=\"elementor-element elementor-element-51f21443 elementor-widget-divider--view-line elementor-widget elementor-widget-divider\" data-id=\"51f21443\" data-element_type=\"widget\" data-e-type=\"widget\" data-widget_type=\"divider.default\">\n\t\t\t\t<div class=\"elementor-widget-container\">\n\t\t\t\t\t\t\t<div class=\"elementor-divider\">\n\t\t\t<span class=\"elementor-divider-separator\">\n\t\t\t\t\t\t<\/span>\n\t\t<\/div>\n\t\t\t\t\t\t<\/div>\n\t\t\t\t<\/div>\n\t\t\t\t\t<\/div>\n\t\t<\/div>\n\t\t\t\t\t<\/div>\n\t\t<\/section>\n\t\t\t\t<\/div>\n\t\t","protected":false},"excerpt":{"rendered":"<ul>\n<li>Size : 180 x 120 cm<\/li>\n<li>Article No: KR1952<\/li>\n<li>6 kg<\/li>\n<\/ul>\n","protected":false},"featured_media":71817,"template":"","meta":[],"product_brand":[],"product_cat":[732,734],"product_tag":[],"class_list":{"0":"post-71814","1":"product","2":"type-product","3":"status-publish","4":"has-post-thumbnail","6":"product_cat-oriental-rug","7":"product_cat-new-hand-knotted-carpet","8":"pa_meret-180-x-120-en","9":"pa_minta-central-medallion","10":"pa_minta-medallion","11":"pa_szin-cream","12":"pa_szin-light-blue","13":"pa_szin-pale-beige","15":"first","16":"outofstock","17":"sale","18":"taxable","19":"shipping-taxable","20":"purchasable","21":"product-type-simple"},"_links":{"self":[{"href":"https:\/\/orientalcarpetshop.com\/en\/wp-json\/wp\/v2\/product\/71814","targetHints":{"allow":["GET"]}}],"collection":[{"href":"https:\/\/orientalcarpetshop.com\/en\/wp-json\/wp\/v2\/product"}],"about":[{"href":"https:\/\/orientalcarpetshop.com\/en\/wp-json\/wp\/v2\/types\/product"}],"version-history":[{"count":0,"href":"https:\/\/orientalcarpetshop.com\/en\/wp-json\/wp\/v2\/product\/71814\/revisions"}],"wp:featuredmedia":[{"embeddable":true,"href":"https:\/\/orientalcarpetshop.com\/en\/wp-json\/wp\/v2\/media\/71817"}],"wp:attachment":[{"href":"https:\/\/orientalcarpetshop.com\/en\/wp-json\/wp\/v2\/media?parent=71814"}],"wp:term":[{"taxonomy":"product_brand","embeddable":true,"href":"https:\/\/orientalcarpetshop.com\/en\/wp-json\/wp\/v2\/product_brand?post=71814"},{"taxonomy":"product_cat","embeddable":true,"href":"https:\/\/orientalcarpetshop.com\/en\/wp-json\/wp\/v2\/product_cat?post=71814"},{"taxonomy":"product_tag","embeddable":true,"href":"https:\/\/orientalcarpetshop.com\/en\/wp-json\/wp\/v2\/product_tag?post=71814"}],"curies":[{"name":"wp","href":"https:\/\/api.w.org\/{rel}","templated":true}]}}