{"id":133360,"date":"2025-03-27T15:22:33","date_gmt":"2025-03-27T13:22:33","guid":{"rendered":"https:\/\/orientalcarpetshop.com\/?post_type=product&#038;p=133360"},"modified":"2025-08-05T14:41:22","modified_gmt":"2025-08-05T12:41:22","slug":"hollohazi-garden-patterned-hedgehog","status":"publish","type":"product","link":"https:\/\/orientalcarpetshop.com\/en\/product\/hollohazi-garden-patterned-hedgehog\/","title":{"rendered":"Holl\u00f3h\u00e1zi Garden patterned hedgehog"},"content":{"rendered":"\t\t<div data-elementor-type=\"product-post\" data-elementor-id=\"133360\" class=\"elementor elementor-133360 elementor-133359\" data-elementor-post-type=\"product\">\n\t\t\t\t\t\t<section class=\"elementor-section elementor-top-section elementor-element elementor-element-0db2d9f elementor-section-boxed elementor-section-height-default elementor-section-height-default\" data-id=\"0db2d9f\" data-element_type=\"section\" data-e-type=\"section\">\n\t\t\t\t\t\t<div class=\"elementor-container elementor-column-gap-default\">\n\t\t\t\t\t<div class=\"elementor-column elementor-col-100 elementor-top-column elementor-element elementor-element-5155104\" data-id=\"5155104\" data-element_type=\"column\" data-e-type=\"column\">\n\t\t\t<div class=\"elementor-widget-wrap elementor-element-populated\">\n\t\t\t\t\t\t<div class=\"elementor-element elementor-element-512b71f elementor-widget elementor-widget-text-editor\" data-id=\"512b71f\" data-element_type=\"widget\" data-e-type=\"widget\" data-widget_type=\"text-editor.default\">\n\t\t\t\t<div class=\"elementor-widget-container\">\n\t\t\t\t\t\t\t\t\t<p><em><b>Product description\/ Holl\u00f3h\u00e1zi Garden patterned hedgehog: <\/b><\/em><\/p><div><div dir=\"auto\" data-message-author-role=\"assistant\" data-message-id=\"c6b6c7c9-65da-4b56-ac44-b360727ff3b4\" data-message-model-slug=\"gpt-4o\"><ul><li><strong>Way of making<\/strong>: Hand moulded and hand painted porcelain<\/li><li><strong>Material<\/strong>: Porcelain<\/li><li><strong>Place of origin<\/strong>: Hungary, Holl\u00f3h\u00e1zi Porcelain Manufactory<\/li><li><strong>Age<\/strong>: Mid 20th century (probably 1960&#8217;s, 1970&#8217;s) <\/li><li><strong>Style<\/strong>: Classic, naturalistic animal figurines<\/li><li><strong>Function<\/strong>: Decorative ornament<\/li><li><strong>Condition<\/strong>: Excellent condition, no visible damage<\/li><\/ul><div><div dir=\"auto\" data-message-author-role=\"assistant\" data-message-id=\"a4b76030-66fd-40da-b014-291936527584\" data-message-model-slug=\"gpt-4o\"><div><div><p>This Holl\u00f3h\u00e1zi Garden patterned hedgehog figurine was hand-moulded and hand-painted by the craftsmen of the Holl\u00f3h\u00e1zi Porcelain Manufactory, who are upholding a tradition that dates back more than two centuries.<\/p><p>The colouring of the hedgehog gives this creation an elegant look. The porcelain figure was made in the mid-20th century, probably in the 1960s or 1970s.  <\/p><p>This porcelain ornament creates a special atmosphere in any interior and looks great in display cases or on shelves. The condition is immaculate, with no visible damage. <\/p><\/div><\/div><\/div><\/div><\/div><\/div>\t\t\t\t\t\t\t\t<\/div>\n\t\t\t\t<\/div>\n\t\t\t\t\t<\/div>\n\t\t<\/div>\n\t\t\t\t\t<\/div>\n\t\t<\/section>\n\t\t\t\t<section class=\"elementor-section elementor-top-section elementor-element elementor-element-1cb60aab elementor-section-boxed elementor-section-height-default elementor-section-height-default\" data-id=\"1cb60aab\" data-element_type=\"section\" data-e-type=\"section\">\n\t\t\t\t\t\t<div class=\"elementor-container elementor-column-gap-default\">\n\t\t\t\t\t<div class=\"elementor-column elementor-col-100 elementor-top-column elementor-element elementor-element-5edcb675\" data-id=\"5edcb675\" data-element_type=\"column\" data-e-type=\"column\">\n\t\t\t<div class=\"elementor-widget-wrap elementor-element-populated\">\n\t\t\t\t\t\t<div class=\"elementor-element elementor-element-4dbdb707 elementor-widget-divider--view-line elementor-widget elementor-widget-divider\" data-id=\"4dbdb707\" data-element_type=\"widget\" data-e-type=\"widget\" data-widget_type=\"divider.default\">\n\t\t\t\t<div class=\"elementor-widget-container\">\n\t\t\t\t\t\t\t<div class=\"elementor-divider\">\n\t\t\t<span class=\"elementor-divider-separator\">\n\t\t\t\t\t\t<\/span>\n\t\t<\/div>\n\t\t\t\t\t\t<\/div>\n\t\t\t\t<\/div>\n\t\t\t\t<div class=\"elementor-element elementor-element-32ee9499 elementor-widget elementor-widget-heading\" data-id=\"32ee9499\" data-element_type=\"widget\" data-e-type=\"widget\" data-widget_type=\"heading.default\">\n\t\t\t\t<div class=\"elementor-widget-container\">\n\t\t\t\t\t<h2 class=\"elementor-heading-title elementor-size-default\">Related products<\/h2>\t\t\t\t<\/div>\n\t\t\t\t<\/div>\n\t\t\t\t<div class=\"elementor-element elementor-element-5ec94e26 elementor-widget-divider--view-line elementor-widget elementor-widget-divider\" data-id=\"5ec94e26\" data-element_type=\"widget\" data-e-type=\"widget\" data-widget_type=\"divider.default\">\n\t\t\t\t<div class=\"elementor-widget-container\">\n\t\t\t\t\t\t\t<div class=\"elementor-divider\">\n\t\t\t<span class=\"elementor-divider-separator\">\n\t\t\t\t\t\t<\/span>\n\t\t<\/div>\n\t\t\t\t\t\t<\/div>\n\t\t\t\t<\/div>\n\t\t\t\t\t<\/div>\n\t\t<\/div>\n\t\t\t\t\t<\/div>\n\t\t<\/section>\n\t\t\t\t<\/div>\n\t\t","protected":false},"excerpt":{"rendered":"<ul>\n<li>Size : 4.5 x 9 x 4.5 cm<\/li>\n<li>Article No.: KR2288<\/li>\n<\/ul>\n","protected":false},"featured_media":133363,"template":"","meta":[],"product_brand":[],"product_cat":[1652],"product_tag":[],"class_list":{"0":"post-133360","1":"product","2":"type-product","3":"status-publish","4":"has-post-thumbnail","6":"product_cat-porcelain-figurines","7":"pa_szin-blue","8":"pa_szin-burgundy","9":"pa_szin-green","10":"pa_szin-white","12":"first","13":"instock","14":"sale","15":"taxable","16":"shipping-taxable","17":"purchasable","18":"product-type-simple"},"_links":{"self":[{"href":"https:\/\/orientalcarpetshop.com\/en\/wp-json\/wp\/v2\/product\/133360","targetHints":{"allow":["GET"]}}],"collection":[{"href":"https:\/\/orientalcarpetshop.com\/en\/wp-json\/wp\/v2\/product"}],"about":[{"href":"https:\/\/orientalcarpetshop.com\/en\/wp-json\/wp\/v2\/types\/product"}],"version-history":[{"count":0,"href":"https:\/\/orientalcarpetshop.com\/en\/wp-json\/wp\/v2\/product\/133360\/revisions"}],"wp:featuredmedia":[{"embeddable":true,"href":"https:\/\/orientalcarpetshop.com\/en\/wp-json\/wp\/v2\/media\/133363"}],"wp:attachment":[{"href":"https:\/\/orientalcarpetshop.com\/en\/wp-json\/wp\/v2\/media?parent=133360"}],"wp:term":[{"taxonomy":"product_brand","embeddable":true,"href":"https:\/\/orientalcarpetshop.com\/en\/wp-json\/wp\/v2\/product_brand?post=133360"},{"taxonomy":"product_cat","embeddable":true,"href":"https:\/\/orientalcarpetshop.com\/en\/wp-json\/wp\/v2\/product_cat?post=133360"},{"taxonomy":"product_tag","embeddable":true,"href":"https:\/\/orientalcarpetshop.com\/en\/wp-json\/wp\/v2\/product_tag?post=133360"}],"curies":[{"name":"wp","href":"https:\/\/api.w.org\/{rel}","templated":true}]}}