{"id":86000,"date":"2023-12-06T11:57:49","date_gmt":"2023-12-06T09:57:49","guid":{"rendered":"https:\/\/orientalcarpetshop.com\/?post_type=product&#038;p=86000"},"modified":"2024-10-04T00:49:34","modified_gmt":"2024-10-03T22:49:34","slug":"senfgelber-pashmina-schal","status":"publish","type":"product","link":"https:\/\/orientalcarpetshop.com\/de\/produkt\/senfgelber-pashmina-schal\/","title":{"rendered":"Senfgelber Pashmina Schal"},"content":{"rendered":"\t\t<div data-elementor-type=\"product-post\" data-elementor-id=\"86000\" class=\"elementor elementor-86000 elementor-85998\" data-elementor-post-type=\"product\">\n\t\t\t\t\t\t<section class=\"elementor-section elementor-top-section elementor-element elementor-element-487787d5 elementor-section-boxed elementor-section-height-default elementor-section-height-default\" data-id=\"487787d5\" data-element_type=\"section\" data-e-type=\"section\">\n\t\t\t\t\t\t<div class=\"elementor-container elementor-column-gap-default\">\n\t\t\t\t\t<div class=\"elementor-column elementor-col-100 elementor-top-column elementor-element elementor-element-4d872769\" data-id=\"4d872769\" data-element_type=\"column\" data-e-type=\"column\">\n\t\t\t<div class=\"elementor-widget-wrap elementor-element-populated\">\n\t\t\t\t\t\t<div class=\"elementor-element elementor-element-46705178 elementor-widget elementor-widget-text-editor\" data-id=\"46705178\" data-element_type=\"widget\" data-e-type=\"widget\" data-widget_type=\"text-editor.default\">\n\t\t\t\t<div class=\"elementor-widget-container\">\n\t\t\t\t\t\t\t\t\t<p><em><strong>Produktbeschreibung \/ Senfgelber Pashmina Schal : <\/strong><\/em><\/p>\n<ul>\n<li>Herstellungstechnik: Maschinen gewebt<\/li>\n<li>Material: 50% Seide, 50% Wolle<\/li>\n<li>Herkunftsort:T\u00fcrkei<\/li>\n<li>Verwendung: als Stola locker \u00fcber die Schultern drapiert oder als Schal gebunden<\/li>\n<\/ul>\n<p>Waschen und Pflegen:<\/p>\n<ul class=\"sc-ajfpsf-5 cFGRIN\" data-testid=\"productDetailsCareIcons\">\n<li class=\"sc-ajfpsf-6 liQMvA\"><span class=\"sc-2qclq4-0 FwVtB\" data-testid=\"productDetailsCareIconLabel\">Trockenreinigbar (empfohlen)<\/span><\/li>\n<li class=\"sc-ajfpsf-6 liQMvA\"><span class=\"sc-2qclq4-0 FwVtB\" data-testid=\"productDetailsCareIconLabel\">  Handw\u00e4sche in 30 Grad hei\u00dfem Wasser  <\/span><\/li>\n<li class=\"sc-ajfpsf-6 liQMvA\">Mit klarem Wasser absp\u00fclen (keine Sp\u00fclmittel verwenden)<\/li>\n<li class=\"sc-ajfpsf-6 liQMvA\">Trocknen im W\u00e4schetrockner ist verboten! Kann auf einer horizontalen Fl\u00e4che getrocknet werden<\/li>\n<li>Beim B\u00fcgeln darf der Stoff nicht direkt mit dem B\u00fcgeleisen in Ber\u00fchrung kommen.<\/li>\n<\/ul>\n<p><em><strong>Kommentar:<\/strong><\/em><\/p>\n<p>Dieser senfgelbe Pashmina Schal ist weich, bequem und passt zu jedem Outfit.<\/p>\n<p>Ein au\u00dfergew\u00f6hnliches Accessoire f\u00fcr Theater, Oper, Hochzeiten, Gesch\u00e4ftstreffen, aber auch eine edle Erg\u00e4nzung zur B\u00fcrokleidung. Dieser elegante Pashmina-Schal ist das ideale Geschenk f\u00fcr jemanden, der Ihnen besonders am Herzen liegt<\/p>\n\t\t\t\t\t\t\t\t<\/div>\n\t\t\t\t<\/div>\n\t\t\t\t\t<\/div>\n\t\t<\/div>\n\t\t\t\t\t<\/div>\n\t\t<\/section>\n\t\t\t\t<section class=\"elementor-section elementor-top-section elementor-element elementor-element-26ba9a61 elementor-section-boxed elementor-section-height-default elementor-section-height-default\" data-id=\"26ba9a61\" data-element_type=\"section\" data-e-type=\"section\">\n\t\t\t\t\t\t<div class=\"elementor-container elementor-column-gap-default\">\n\t\t\t\t\t<div class=\"elementor-column elementor-col-100 elementor-top-column elementor-element elementor-element-2cf19bc4\" data-id=\"2cf19bc4\" data-element_type=\"column\" data-e-type=\"column\">\n\t\t\t<div class=\"elementor-widget-wrap elementor-element-populated\">\n\t\t\t\t\t\t<div class=\"elementor-element elementor-element-dc169af elementor-widget-divider--view-line elementor-widget elementor-widget-divider\" data-id=\"dc169af\" data-element_type=\"widget\" data-e-type=\"widget\" data-widget_type=\"divider.default\">\n\t\t\t\t<div class=\"elementor-widget-container\">\n\t\t\t\t\t\t\t<div class=\"elementor-divider\">\n\t\t\t<span class=\"elementor-divider-separator\">\n\t\t\t\t\t\t<\/span>\n\t\t<\/div>\n\t\t\t\t\t\t<\/div>\n\t\t\t\t<\/div>\n\t\t\t\t<div class=\"elementor-element elementor-element-708e20e2 elementor-widget elementor-widget-heading\" data-id=\"708e20e2\" data-element_type=\"widget\" data-e-type=\"widget\" data-widget_type=\"heading.default\">\n\t\t\t\t<div class=\"elementor-widget-container\">\n\t\t\t\t\t<h2 class=\"elementor-heading-title elementor-size-default\">\u00c4hnliche Produkte<\/h2>\t\t\t\t<\/div>\n\t\t\t\t<\/div>\n\t\t\t\t<div class=\"elementor-element elementor-element-2ddac022 elementor-widget-divider--view-line elementor-widget elementor-widget-divider\" data-id=\"2ddac022\" data-element_type=\"widget\" data-e-type=\"widget\" data-widget_type=\"divider.default\">\n\t\t\t\t<div class=\"elementor-widget-container\">\n\t\t\t\t\t\t\t<div class=\"elementor-divider\">\n\t\t\t<span class=\"elementor-divider-separator\">\n\t\t\t\t\t\t<\/span>\n\t\t<\/div>\n\t\t\t\t\t\t<\/div>\n\t\t\t\t<\/div>\n\t\t\t\t\t<\/div>\n\t\t<\/div>\n\t\t\t\t\t<\/div>\n\t\t<\/section>\n\t\t\t\t<\/div>\n\t\t","protected":false},"excerpt":{"rendered":"<ul>\n<li>Gr\u00f6\u00dfe: 200 x 70 cm<\/li>\n<li>Artikel Nr.: PP33-50<\/li>\n<\/ul>\n","protected":false},"featured_media":86123,"template":"","meta":[],"product_brand":[],"product_cat":[789,790],"product_tag":[],"class_list":{"0":"post-86000","1":"product","2":"type-product","3":"status-publish","4":"has-post-thumbnail","6":"product_cat-pashmina-schal","7":"product_cat-einfarbige-pashmina","8":"pa_szin-gelb","9":"pa_szin-senfgelb","11":"first","12":"outofstock","13":"taxable","14":"shipping-taxable","15":"purchasable","16":"product-type-simple"},"_links":{"self":[{"href":"https:\/\/orientalcarpetshop.com\/de\/wp-json\/wp\/v2\/product\/86000","targetHints":{"allow":["GET"]}}],"collection":[{"href":"https:\/\/orientalcarpetshop.com\/de\/wp-json\/wp\/v2\/product"}],"about":[{"href":"https:\/\/orientalcarpetshop.com\/de\/wp-json\/wp\/v2\/types\/product"}],"version-history":[{"count":0,"href":"https:\/\/orientalcarpetshop.com\/de\/wp-json\/wp\/v2\/product\/86000\/revisions"}],"wp:featuredmedia":[{"embeddable":true,"href":"https:\/\/orientalcarpetshop.com\/de\/wp-json\/wp\/v2\/media\/86123"}],"wp:attachment":[{"href":"https:\/\/orientalcarpetshop.com\/de\/wp-json\/wp\/v2\/media?parent=86000"}],"wp:term":[{"taxonomy":"product_brand","embeddable":true,"href":"https:\/\/orientalcarpetshop.com\/de\/wp-json\/wp\/v2\/product_brand?post=86000"},{"taxonomy":"product_cat","embeddable":true,"href":"https:\/\/orientalcarpetshop.com\/de\/wp-json\/wp\/v2\/product_cat?post=86000"},{"taxonomy":"product_tag","embeddable":true,"href":"https:\/\/orientalcarpetshop.com\/de\/wp-json\/wp\/v2\/product_tag?post=86000"}],"curies":[{"name":"wp","href":"https:\/\/api.w.org\/{rel}","templated":true}]}}