{"id":85739,"date":"2023-12-04T18:46:04","date_gmt":"2023-12-04T16:46:04","guid":{"rendered":"https:\/\/orientalcarpetshop.com\/?post_type=product&#038;p=85739"},"modified":"2024-10-04T00:49:37","modified_gmt":"2024-10-03T22:49:37","slug":"helltuerkisfarbener-pashmina-schal","status":"publish","type":"product","link":"https:\/\/orientalcarpetshop.com\/de\/produkt\/helltuerkisfarbener-pashmina-schal\/","title":{"rendered":"Hellt\u00fcrkisfarbener Pashmina Schal"},"content":{"rendered":"\t\t<div data-elementor-type=\"product-post\" data-elementor-id=\"85739\" class=\"elementor elementor-85739 elementor-85737\" data-elementor-post-type=\"product\">\n\t\t\t\t\t\t<section class=\"elementor-section elementor-top-section elementor-element elementor-element-487787d5 elementor-section-boxed elementor-section-height-default elementor-section-height-default\" data-id=\"487787d5\" data-element_type=\"section\" data-e-type=\"section\">\n\t\t\t\t\t\t<div class=\"elementor-container elementor-column-gap-default\">\n\t\t\t\t\t<div class=\"elementor-column elementor-col-100 elementor-top-column elementor-element elementor-element-4d872769\" data-id=\"4d872769\" data-element_type=\"column\" data-e-type=\"column\">\n\t\t\t<div class=\"elementor-widget-wrap elementor-element-populated\">\n\t\t\t\t\t\t<div class=\"elementor-element elementor-element-46705178 elementor-widget elementor-widget-text-editor\" data-id=\"46705178\" data-element_type=\"widget\" data-e-type=\"widget\" data-widget_type=\"text-editor.default\">\n\t\t\t\t<div class=\"elementor-widget-container\">\n\t\t\t\t\t\t\t\t\t<p><em><strong>Produktbeschreibung \/ Hellt\u00fcrkisfarbener Pashmina Schal : <\/strong><\/em><\/p>\n<ul>\n<li>Herstellungstechnik: Maschinen gewebt<\/li>\n<li>Material: 50% Seide, 50% Wolle<\/li>\n<li>Herkunftsort:T\u00fcrkei<\/li>\n<li>Verwendung: als Stola locker \u00fcber die Schultern drapiert oder als Schal gebunden<\/li>\n<\/ul>\n<p>Waschen und Pflegen:<\/p>\n<ul class=\"sc-ajfpsf-5 cFGRIN\" data-testid=\"productDetailsCareIcons\">\n<li class=\"sc-ajfpsf-6 liQMvA\"><span class=\"sc-2qclq4-0 FwVtB\" data-testid=\"productDetailsCareIconLabel\">Trockenreinigbar (empfohlen)<\/span><\/li>\n<li class=\"sc-ajfpsf-6 liQMvA\"><span class=\"sc-2qclq4-0 FwVtB\" data-testid=\"productDetailsCareIconLabel\">  Handw\u00e4sche in 30 Grad hei\u00dfem Wasser  <\/span><\/li>\n<li class=\"sc-ajfpsf-6 liQMvA\">Mit klarem Wasser absp\u00fclen (keine Sp\u00fclmittel verwenden)<\/li>\n<li class=\"sc-ajfpsf-6 liQMvA\">Trocknen im W\u00e4schetrockner ist verboten! Kann auf einer horizontalen Fl\u00e4che getrocknet werden<\/li>\n<li>Beim B\u00fcgeln darf der Stoff nicht direkt mit dem B\u00fcgeleisen in Ber\u00fchrung kommen.<\/li>\n<\/ul>\n<p><em><strong>Kommentar:<\/strong><\/em><\/p>\n<p>Dieser hellt\u00fcrkisfarbene Pashmina Schal ist weich, bequem und passt zu jedem Outfit.<\/p>\n<p>Ein au\u00dfergew\u00f6hnliches Accessoire f\u00fcr Theater, Oper, Hochzeiten, Gesch\u00e4ftstreffen, aber auch eine edle Erg\u00e4nzung zur B\u00fcrokleidung. Dieser elegante Pashmina-Schal ist das ideale Geschenk f\u00fcr jemanden, der Ihnen besonders am Herzen liegt<\/p>\n\t\t\t\t\t\t\t\t<\/div>\n\t\t\t\t<\/div>\n\t\t\t\t\t<\/div>\n\t\t<\/div>\n\t\t\t\t\t<\/div>\n\t\t<\/section>\n\t\t\t\t<\/div>\n\t\t","protected":false},"excerpt":{"rendered":"<ul>\n<li>Gr\u00f6\u00dfe: 200 x 70 cm<\/li>\n<li>Artikel Nr.: PP33-54<\/li>\n<\/ul>\n","protected":false},"featured_media":85745,"template":"","meta":[],"product_brand":[],"product_cat":[789,790],"product_tag":[],"class_list":{"0":"post-85739","1":"product","2":"type-product","3":"status-publish","4":"has-post-thumbnail","6":"product_cat-pashmina-schal","7":"product_cat-einfarbige-pashmina","8":"pa_szin-blasses-turkis","10":"first","11":"outofstock","12":"sale","13":"taxable","14":"shipping-taxable","15":"purchasable","16":"product-type-simple"},"_links":{"self":[{"href":"https:\/\/orientalcarpetshop.com\/de\/wp-json\/wp\/v2\/product\/85739","targetHints":{"allow":["GET"]}}],"collection":[{"href":"https:\/\/orientalcarpetshop.com\/de\/wp-json\/wp\/v2\/product"}],"about":[{"href":"https:\/\/orientalcarpetshop.com\/de\/wp-json\/wp\/v2\/types\/product"}],"version-history":[{"count":0,"href":"https:\/\/orientalcarpetshop.com\/de\/wp-json\/wp\/v2\/product\/85739\/revisions"}],"wp:featuredmedia":[{"embeddable":true,"href":"https:\/\/orientalcarpetshop.com\/de\/wp-json\/wp\/v2\/media\/85745"}],"wp:attachment":[{"href":"https:\/\/orientalcarpetshop.com\/de\/wp-json\/wp\/v2\/media?parent=85739"}],"wp:term":[{"taxonomy":"product_brand","embeddable":true,"href":"https:\/\/orientalcarpetshop.com\/de\/wp-json\/wp\/v2\/product_brand?post=85739"},{"taxonomy":"product_cat","embeddable":true,"href":"https:\/\/orientalcarpetshop.com\/de\/wp-json\/wp\/v2\/product_cat?post=85739"},{"taxonomy":"product_tag","embeddable":true,"href":"https:\/\/orientalcarpetshop.com\/de\/wp-json\/wp\/v2\/product_tag?post=85739"}],"curies":[{"name":"wp","href":"https:\/\/api.w.org\/{rel}","templated":true}]}}