{"id":85185,"date":"2023-11-27T17:31:11","date_gmt":"2023-11-27T15:31:11","guid":{"rendered":"https:\/\/orientalcarpetshop.com\/?post_type=product&#038;p=85185"},"modified":"2024-10-04T00:49:42","modified_gmt":"2024-10-03T22:49:42","slug":"kilim-kissenbezug-45-5-x-46-cm-2","status":"publish","type":"product","link":"https:\/\/orientalcarpetshop.com\/de\/produkt\/kilim-kissenbezug-45-5-x-46-cm-2\/","title":{"rendered":"Kilim Kissenbezug 45,5 x 46 cm"},"content":{"rendered":"\t\t<div data-elementor-type=\"product-post\" data-elementor-id=\"85185\" class=\"elementor elementor-85185 elementor-85183\" data-elementor-post-type=\"product\">\n\t\t\t\t\t\t<section class=\"elementor-section elementor-top-section elementor-element elementor-element-12b9d162 elementor-section-boxed elementor-section-height-default elementor-section-height-default\" data-id=\"12b9d162\" data-element_type=\"section\" data-e-type=\"section\">\n\t\t\t\t\t\t<div class=\"elementor-container elementor-column-gap-default\">\n\t\t\t\t\t<div class=\"elementor-column elementor-col-100 elementor-top-column elementor-element elementor-element-5ee610d\" data-id=\"5ee610d\" data-element_type=\"column\" data-e-type=\"column\">\n\t\t\t<div class=\"elementor-widget-wrap elementor-element-populated\">\n\t\t\t\t\t\t<div class=\"elementor-element elementor-element-209394e3 elementor-widget elementor-widget-text-editor\" data-id=\"209394e3\" data-element_type=\"widget\" data-e-type=\"widget\" data-widget_type=\"text-editor.default\">\n\t\t\t\t<div class=\"elementor-widget-container\">\n\t\t\t\t\t\t\t\t\t<p><em><strong>Produktbeschreibung\/ Kilim Kissenbezug 45,5 x 46 cm: <\/strong><\/em><\/p>\n<ul>\n<li>Konstruktionstechnik: handgewebt, Kelimweberei<\/li>\n<li>Material: Wolle<\/li>\n<li>Farbstoff: pflanzlicher Farbstoff<\/li>\n<li>Alter: Neu<\/li>\n<li>Herkunftsort: Pakistan<\/li>\n<\/ul>\n<p><em><strong>Kommentar:<\/strong><\/em><\/p>\n<p>Werfen Sie einen Blick auf unsere Wollkelim-Kissenbez\u00fcge aus Pakistan und Afghanistan in einer Vielzahl von Kelim-Mustern.<\/p>\n<p>Die F\u00fcllung des Kissens ist nicht im Preis enthalten. Die F\u00fcllung ist austauschbar. R\u00fcckseite aus Baumwollgewebe.<\/p>\n<p>Der Kilim-Kissenbezug ist eine gute Wahl f\u00fcr die Inneneinrichtung, da er dem Raum eine besondere Atmosph\u00e4re und W\u00e4rme verleiht. Ein solcher Kissenbezug ist eine hervorragende Erg\u00e4nzung f\u00fcr ein Sofa, einen Sessel oder ein Bett und kann Ihrem Interieur einen einzigartigen Look verleihen. Dank reizvoller Farb- und Musterkombinationen passt der Kilim-Kissenbezug zu jedem Stil und jeder Einrichtung. Insgesamt sind Kelim-Kissenbez\u00fcge einzigartige und stilvolle Accessoires, die Ihrem Zuhause Stil verleihen.<\/p>\n\t\t\t\t\t\t\t\t<\/div>\n\t\t\t\t<\/div>\n\t\t\t\t\t<\/div>\n\t\t<\/div>\n\t\t\t\t\t<\/div>\n\t\t<\/section>\n\t\t\t\t<section class=\"elementor-section elementor-top-section elementor-element elementor-element-af3e58f elementor-section-boxed elementor-section-height-default elementor-section-height-default\" data-id=\"af3e58f\" data-element_type=\"section\" data-e-type=\"section\">\n\t\t\t\t\t\t<div class=\"elementor-container elementor-column-gap-default\">\n\t\t\t\t\t<div class=\"elementor-column elementor-col-100 elementor-top-column elementor-element elementor-element-7a6794d1\" data-id=\"7a6794d1\" data-element_type=\"column\" data-e-type=\"column\">\n\t\t\t<div class=\"elementor-widget-wrap elementor-element-populated\">\n\t\t\t\t\t\t<div class=\"elementor-element elementor-element-58a57edf elementor-widget-divider--view-line elementor-widget elementor-widget-divider\" data-id=\"58a57edf\" data-element_type=\"widget\" data-e-type=\"widget\" data-widget_type=\"divider.default\">\n\t\t\t\t<div class=\"elementor-widget-container\">\n\t\t\t\t\t\t\t<div class=\"elementor-divider\">\n\t\t\t<span class=\"elementor-divider-separator\">\n\t\t\t\t\t\t<\/span>\n\t\t<\/div>\n\t\t\t\t\t\t<\/div>\n\t\t\t\t<\/div>\n\t\t\t\t<div class=\"elementor-element elementor-element-31e41b25 elementor-widget elementor-widget-heading\" data-id=\"31e41b25\" data-element_type=\"widget\" data-e-type=\"widget\" data-widget_type=\"heading.default\">\n\t\t\t\t<div class=\"elementor-widget-container\">\n\t\t\t\t\t<h2 class=\"elementor-heading-title elementor-size-default\">\u00c4hnliche Produkte<\/h2>\t\t\t\t<\/div>\n\t\t\t\t<\/div>\n\t\t\t\t<div class=\"elementor-element elementor-element-7b56dda5 elementor-widget-divider--view-line elementor-widget elementor-widget-divider\" data-id=\"7b56dda5\" data-element_type=\"widget\" data-e-type=\"widget\" data-widget_type=\"divider.default\">\n\t\t\t\t<div class=\"elementor-widget-container\">\n\t\t\t\t\t\t\t<div class=\"elementor-divider\">\n\t\t\t<span class=\"elementor-divider-separator\">\n\t\t\t\t\t\t<\/span>\n\t\t<\/div>\n\t\t\t\t\t\t<\/div>\n\t\t\t\t<\/div>\n\t\t\t\t\t<\/div>\n\t\t<\/div>\n\t\t\t\t\t<\/div>\n\t\t<\/section>\n\t\t\t\t<\/div>\n\t\t","protected":false},"excerpt":{"rendered":"<ul>\n<li>Gr\u00f6\u00dfe: 45,5 x 46 cm<\/li>\n<li>Artikel Nr.: SP85-291<\/li>\n<li><strong>Der Preis enth\u00e4lt nicht die Kissenf\u00fcllung!<\/strong><\/li>\n<\/ul>\n","protected":false},"featured_media":85188,"template":"","meta":[],"product_brand":[],"product_cat":[763,764],"product_tag":[],"class_list":{"0":"post-85185","1":"product","2":"type-product","3":"status-publish","4":"has-post-thumbnail","6":"product_cat-kissenbezug","7":"product_cat-kelim-kissenbezug","9":"first","10":"outofstock","11":"sale","12":"taxable","13":"shipping-taxable","14":"purchasable","15":"product-type-simple"},"_links":{"self":[{"href":"https:\/\/orientalcarpetshop.com\/de\/wp-json\/wp\/v2\/product\/85185","targetHints":{"allow":["GET"]}}],"collection":[{"href":"https:\/\/orientalcarpetshop.com\/de\/wp-json\/wp\/v2\/product"}],"about":[{"href":"https:\/\/orientalcarpetshop.com\/de\/wp-json\/wp\/v2\/types\/product"}],"version-history":[{"count":0,"href":"https:\/\/orientalcarpetshop.com\/de\/wp-json\/wp\/v2\/product\/85185\/revisions"}],"wp:featuredmedia":[{"embeddable":true,"href":"https:\/\/orientalcarpetshop.com\/de\/wp-json\/wp\/v2\/media\/85188"}],"wp:attachment":[{"href":"https:\/\/orientalcarpetshop.com\/de\/wp-json\/wp\/v2\/media?parent=85185"}],"wp:term":[{"taxonomy":"product_brand","embeddable":true,"href":"https:\/\/orientalcarpetshop.com\/de\/wp-json\/wp\/v2\/product_brand?post=85185"},{"taxonomy":"product_cat","embeddable":true,"href":"https:\/\/orientalcarpetshop.com\/de\/wp-json\/wp\/v2\/product_cat?post=85185"},{"taxonomy":"product_tag","embeddable":true,"href":"https:\/\/orientalcarpetshop.com\/de\/wp-json\/wp\/v2\/product_tag?post=85185"}],"curies":[{"name":"wp","href":"https:\/\/api.w.org\/{rel}","templated":true}]}}