{"id":83732,"date":"2023-10-04T15:24:16","date_gmt":"2023-10-04T13:24:16","guid":{"rendered":"https:\/\/orientalcarpetshop.com\/?post_type=product&#038;p=83732"},"modified":"2024-10-04T00:54:32","modified_gmt":"2024-10-03T22:54:32","slug":"feiner-damenschal-aus-wolle","status":"publish","type":"product","link":"https:\/\/orientalcarpetshop.com\/de\/produkt\/feiner-damenschal-aus-wolle\/","title":{"rendered":"Feiner Damenschal aus Wolle"},"content":{"rendered":"\t\t<div data-elementor-type=\"product-post\" data-elementor-id=\"83732\" class=\"elementor elementor-83732 elementor-83730\" data-elementor-post-type=\"product\">\n\t\t\t\t\t\t<section class=\"elementor-section elementor-top-section elementor-element elementor-element-3a57be23 elementor-section-boxed elementor-section-height-default elementor-section-height-default\" data-id=\"3a57be23\" data-element_type=\"section\" data-e-type=\"section\">\n\t\t\t\t\t\t<div class=\"elementor-container elementor-column-gap-default\">\n\t\t\t\t\t<div class=\"elementor-column elementor-col-100 elementor-top-column elementor-element elementor-element-11ede84b\" data-id=\"11ede84b\" data-element_type=\"column\" data-e-type=\"column\">\n\t\t\t<div class=\"elementor-widget-wrap elementor-element-populated\">\n\t\t\t\t\t\t<div class=\"elementor-element elementor-element-20af51de elementor-widget elementor-widget-text-editor\" data-id=\"20af51de\" data-element_type=\"widget\" data-e-type=\"widget\" data-widget_type=\"text-editor.default\">\n\t\t\t\t<div class=\"elementor-widget-container\">\n\t\t\t\t\t\t\t\t\t<p><em><b>Produktbeschreibung \/ Feiner Damenschal aus Wolle: <\/b><\/em><\/p>\n<ul>\n<li>Herstellungstechnik: maschinell gewebt<\/li>\n<li>Material: 100% Wolle<\/li>\n<li>Herkunftsort: Indien<\/li>\n<li>Verwendung: als Stola locker \u00fcber die Schultern drapiert oder als Schal gebunden<\/li>\n<\/ul>\n<p><b>Waschen und Pflegen:<\/b><\/p>\n<p><span style=\"font-weight: bold;\">Wir empfehlen eine Trockenreinigung!<\/span><b><br \/><\/b><\/p>\n<p><span style=\"color: #202124; font-family: arial, sans-serif;\">Verwenden Sie zum Waschen vorzugsweise ein Lanolin-Waschmittel, da die<\/span> <b style=\"color: #202124; font-family: arial, sans-serif;\">Wolle<\/b><span style=\"color: #202124; font-family: arial, sans-serif;\"> nur dann sch\u00f6n und gesund bleibt, wenn sie ihren nat\u00fcrlichen Lanolingehalt beh\u00e4lt. Geben Sie dem Waschwasser keine Bleichmittel, Laugen oder Soda bei. Wenn Sie Schmutz auf den Stoff versch\u00fctten, waschen Sie ihn sofort mit einem sauberen, trockenen Tuch ab!<\/span><\/p>\n<p><span style=\"color: #202124; font-family: arial, sans-serif;\"> <\/span><\/p>\n\t\t\t\t\t\t\t\t<\/div>\n\t\t\t\t<\/div>\n\t\t\t\t\t<\/div>\n\t\t<\/div>\n\t\t\t\t\t<\/div>\n\t\t<\/section>\n\t\t\t\t<\/div>\n\t\t","protected":false},"excerpt":{"rendered":"<ul>\n<li>Gr\u00f6\u00dfe: 185 x 70 cm<\/li>\n<li>Artikelnummer: TWJ135<\/li>\n<\/ul>\n","protected":false},"featured_media":83735,"template":"","meta":[],"product_brand":[],"product_cat":[789,793],"product_tag":[],"class_list":{"0":"post-83732","1":"product","2":"type-product","3":"status-publish","4":"has-post-thumbnail","6":"product_cat-pashmina-schal","7":"product_cat-wollschal","8":"pa_szin-stahlblau","10":"first","11":"instock","12":"sale","13":"taxable","14":"shipping-taxable","15":"purchasable","16":"product-type-simple"},"_links":{"self":[{"href":"https:\/\/orientalcarpetshop.com\/de\/wp-json\/wp\/v2\/product\/83732","targetHints":{"allow":["GET"]}}],"collection":[{"href":"https:\/\/orientalcarpetshop.com\/de\/wp-json\/wp\/v2\/product"}],"about":[{"href":"https:\/\/orientalcarpetshop.com\/de\/wp-json\/wp\/v2\/types\/product"}],"version-history":[{"count":0,"href":"https:\/\/orientalcarpetshop.com\/de\/wp-json\/wp\/v2\/product\/83732\/revisions"}],"wp:featuredmedia":[{"embeddable":true,"href":"https:\/\/orientalcarpetshop.com\/de\/wp-json\/wp\/v2\/media\/83735"}],"wp:attachment":[{"href":"https:\/\/orientalcarpetshop.com\/de\/wp-json\/wp\/v2\/media?parent=83732"}],"wp:term":[{"taxonomy":"product_brand","embeddable":true,"href":"https:\/\/orientalcarpetshop.com\/de\/wp-json\/wp\/v2\/product_brand?post=83732"},{"taxonomy":"product_cat","embeddable":true,"href":"https:\/\/orientalcarpetshop.com\/de\/wp-json\/wp\/v2\/product_cat?post=83732"},{"taxonomy":"product_tag","embeddable":true,"href":"https:\/\/orientalcarpetshop.com\/de\/wp-json\/wp\/v2\/product_tag?post=83732"}],"curies":[{"name":"wp","href":"https:\/\/api.w.org\/{rel}","templated":true}]}}