{"id":83644,"date":"2023-10-03T15:39:16","date_gmt":"2023-10-03T13:39:16","guid":{"rendered":"https:\/\/orientalcarpetshop.com\/?post_type=product&#038;p=83644"},"modified":"2026-04-18T14:17:28","modified_gmt":"2026-04-18T12:17:28","slug":"kilim-sitz-set","status":"publish","type":"product","link":"https:\/\/orientalcarpetshop.com\/de\/produkt\/kilim-sitz-set\/","title":{"rendered":"Kilim Sitz Set"},"content":{"rendered":"\t\t<div data-elementor-type=\"product-post\" data-elementor-id=\"83644\" class=\"elementor elementor-83644 elementor-83642\" data-elementor-post-type=\"product\">\n\t\t\t\t\t\t<section class=\"elementor-section elementor-top-section elementor-element elementor-element-487787d5 elementor-section-boxed elementor-section-height-default elementor-section-height-default\" data-id=\"487787d5\" data-element_type=\"section\" data-e-type=\"section\">\n\t\t\t\t\t\t<div class=\"elementor-container elementor-column-gap-default\">\n\t\t\t\t\t<div class=\"elementor-column elementor-col-100 elementor-top-column elementor-element elementor-element-4d872769\" data-id=\"4d872769\" data-element_type=\"column\" data-e-type=\"column\">\n\t\t\t<div class=\"elementor-widget-wrap elementor-element-populated\">\n\t\t\t\t\t\t<div class=\"elementor-element elementor-element-46705178 elementor-widget elementor-widget-text-editor\" data-id=\"46705178\" data-element_type=\"widget\" data-e-type=\"widget\" data-widget_type=\"text-editor.default\">\n\t\t\t\t<div class=\"elementor-widget-container\">\n\t\t\t\t\t\t\t\t\t<p><em><strong>Produktbeschreibung \/ Kilim Sitz Set: <\/strong><\/em><\/p><p>Herstellungstechnik: Club Sessel Set mit einzigartigem Kelim-Jajim-Teppich, neu gepolstert. R\u00fcckseite aus echtem Leder. Seine Beine sind schwarz gef\u00e4rbt.<\/p><p>Kette : Wolle<\/p><p>Schuss: Wolle <\/p><p>Material: Holz, Wolle, echtes Leder<\/p><p>Herkunftsort: Ungarn<\/p><p>Farbstoffe: Anilin-Farbstoffe<\/p><p>Alter: Mitte des XX. Jahrhunderts<\/p><p>Zustand: in perfektem Zustand. Gereinigt, gebrauchsfertig.<\/p><p>Abmessungen und Gewicht: Abmessungen des Sofas: H\u00f6he der R\u00fcckenlehne: 70 cm, H\u00f6he der Sitzfl\u00e4che: 37 cm, Breite: 112 cm, Tiefe 65 cm, Gewicht: 20 kg. Abmessungen des Clubsessels: H\u00f6he der R\u00fcckenlehnen: 70 cm, H\u00f6he der Sitzfl\u00e4che: 37 cm, Breite: 65 cm, Tiefe 65 cm, Gewicht: 15 kg\/St\u00fcck<\/p>\t\t\t\t\t\t\t\t<\/div>\n\t\t\t\t<\/div>\n\t\t\t\t\t<\/div>\n\t\t<\/div>\n\t\t\t\t\t<\/div>\n\t\t<\/section>\n\t\t\t\t<\/div>\n\t\t","protected":false},"excerpt":{"rendered":"<ul>\n<li>Gr\u00f6\u00dfe : Siehe Beschreibung<\/li>\n<li>Artikel Nr.: KDB001<\/li>\n<li>50 kg<\/li>\n<\/ul>\n","protected":false},"featured_media":83651,"template":"","meta":[],"product_brand":[],"product_cat":[774],"product_tag":[],"class_list":{"0":"post-83644","1":"product","2":"type-product","3":"status-publish","4":"has-post-thumbnail","6":"product_cat-kelim","7":"pa_minta-gestreift","8":"pa_szin-blau","9":"pa_szin-gelb","10":"pa_szin-rot-de","12":"first","13":"instock","14":"sale","15":"taxable","16":"shipping-taxable","17":"purchasable","18":"product-type-simple"},"_links":{"self":[{"href":"https:\/\/orientalcarpetshop.com\/de\/wp-json\/wp\/v2\/product\/83644","targetHints":{"allow":["GET"]}}],"collection":[{"href":"https:\/\/orientalcarpetshop.com\/de\/wp-json\/wp\/v2\/product"}],"about":[{"href":"https:\/\/orientalcarpetshop.com\/de\/wp-json\/wp\/v2\/types\/product"}],"version-history":[{"count":1,"href":"https:\/\/orientalcarpetshop.com\/de\/wp-json\/wp\/v2\/product\/83644\/revisions"}],"predecessor-version":[{"id":162516,"href":"https:\/\/orientalcarpetshop.com\/de\/wp-json\/wp\/v2\/product\/83644\/revisions\/162516"}],"wp:featuredmedia":[{"embeddable":true,"href":"https:\/\/orientalcarpetshop.com\/de\/wp-json\/wp\/v2\/media\/83651"}],"wp:attachment":[{"href":"https:\/\/orientalcarpetshop.com\/de\/wp-json\/wp\/v2\/media?parent=83644"}],"wp:term":[{"taxonomy":"product_brand","embeddable":true,"href":"https:\/\/orientalcarpetshop.com\/de\/wp-json\/wp\/v2\/product_brand?post=83644"},{"taxonomy":"product_cat","embeddable":true,"href":"https:\/\/orientalcarpetshop.com\/de\/wp-json\/wp\/v2\/product_cat?post=83644"},{"taxonomy":"product_tag","embeddable":true,"href":"https:\/\/orientalcarpetshop.com\/de\/wp-json\/wp\/v2\/product_tag?post=83644"}],"curies":[{"name":"wp","href":"https:\/\/api.w.org\/{rel}","templated":true}]}}