{"id":83161,"date":"2023-09-21T17:20:59","date_gmt":"2023-09-21T15:20:59","guid":{"rendered":"https:\/\/orientalcarpetshop.com\/?post_type=product&#038;p=83161"},"modified":"2024-10-04T00:54:33","modified_gmt":"2024-10-03T22:54:33","slug":"grune-tischlampe-2","status":"publish","type":"product","link":"https:\/\/orientalcarpetshop.com\/de\/produkt\/grune-tischlampe-2\/","title":{"rendered":"Gr\u00fcne Tischlampe"},"content":{"rendered":"\t\t<div data-elementor-type=\"product-post\" data-elementor-id=\"83161\" class=\"elementor elementor-83161 elementor-83159\" data-elementor-post-type=\"product\">\n\t\t\t\t\t\t<section class=\"elementor-section elementor-top-section elementor-element elementor-element-4dee7710 elementor-section-boxed elementor-section-height-default elementor-section-height-default\" data-id=\"4dee7710\" data-element_type=\"section\" data-e-type=\"section\">\n\t\t\t\t\t\t<div class=\"elementor-container elementor-column-gap-default\">\n\t\t\t\t\t<div class=\"elementor-column elementor-col-100 elementor-top-column elementor-element elementor-element-139a214c\" data-id=\"139a214c\" data-element_type=\"column\" data-e-type=\"column\">\n\t\t\t<div class=\"elementor-widget-wrap elementor-element-populated\">\n\t\t\t\t\t\t<div class=\"elementor-element elementor-element-3f75a688 elementor-widget elementor-widget-text-editor\" data-id=\"3f75a688\" data-element_type=\"widget\" data-e-type=\"widget\" data-widget_type=\"text-editor.default\">\n\t\t\t\t<div class=\"elementor-widget-container\">\n\t\t\t\t\t\t\t\t\t<p><em><span style=\"font-weight: bold;\">Produktbeschreibung\/ Gr\u00fcne Tischlampe: <\/span><\/em><\/p>\n<p><em>Werfen Sie einen Blick auf unsere Tischlampen aus der T\u00fcrkei in verschiedenen Mustern.<\/em><\/p>\n<p>Herkunftsland: T\u00fcrkei, handgefertigtes Produkt<\/p>\n<p>Material der Glaswaren: Unikate aus buntem, winzigem Mosaikglas und Perlen.<\/p>\n<p>Material der Metallteile: Messing, Bronze, poliert und gegen Oxidation behandelt.<\/p>\n<p>Gl\u00fchbirnengr\u00f6\u00dfe: E14 in der EU und im Vereinigten K\u00f6nigreich, in den USA und Kanada ist <span style=\"color: var( --e-global-color-text ); font-size: var( --e-global-typography-text-font-size ); font-weight: var( --e-global-typography-text-font-weight ); letter-spacing: var(--the7-base-letter-spacing); text-transform: var(--the7-base-text-transform); word-spacing: normal;\">ein Fassungskonverter<\/span> <span style=\"color: var( --e-global-color-text ); font-size: var( --e-global-typography-text-font-size ); font-weight: var( --e-global-typography-text-font-weight ); letter-spacing: var(--the7-base-letter-spacing); text-transform: var(--the7-base-text-transform); word-spacing: normal;\">oder ein<\/span> <span style=\"color: var( --e-global-color-text ); font-size: var( --e-global-typography-text-font-size ); font-weight: var( --e-global-typography-text-font-weight ); letter-spacing: var(--the7-base-letter-spacing); text-transform: var(--the7-base-text-transform); word-spacing: normal;\">Fassungswechsel<\/span> <span style=\"color: var( --e-global-color-text ); font-size: var( --e-global-typography-text-font-size ); font-weight: var( --e-global-typography-text-font-weight ); letter-spacing: var(--the7-base-letter-spacing); text-transform: var(--the7-base-text-transform); word-spacing: normal;\">erforderlich.<\/span><\/p>\n<p>Eingangsspannung: kompatibel mit 220V und 110V<\/p>\n<p>Anschlussstecker: Erh\u00e4ltlich in Gro\u00dfbritannien, USA und Kanada, EU und AU<\/p>\n<p>Zertifikat: CE-zertifiziert<\/p>\n<p>Verwendung: Dekorative Leuchte<\/p>\n<p>Anwendung: Wohnungen, H\u00e4user, Hotels, Restaurants, Caf\u00e9s, Gesch\u00e4fte<\/p>\n<p>Verpackung: Luftpolsterfolie und Karton. Individuelle Verpackungen sind ebenfalls m\u00f6glich, bitte kontaktieren Sie unseren Kundenservice f\u00fcr weitere Informationen.<\/p>\n<p>Gewicht: 1 kg<\/p>\n<p>Gl\u00fchbirne: Nicht enthalten.<\/p>\n\t\t\t\t\t\t\t\t<\/div>\n\t\t\t\t<\/div>\n\t\t\t\t\t<\/div>\n\t\t<\/div>\n\t\t\t\t\t<\/div>\n\t\t<\/section>\n\t\t\t\t<section class=\"elementor-section elementor-top-section elementor-element elementor-element-761ff155 elementor-section-boxed elementor-section-height-default elementor-section-height-default\" data-id=\"761ff155\" data-element_type=\"section\" data-e-type=\"section\">\n\t\t\t\t\t\t<div class=\"elementor-container elementor-column-gap-default\">\n\t\t\t\t\t<div class=\"elementor-column elementor-col-100 elementor-top-column elementor-element elementor-element-735f7ee7\" data-id=\"735f7ee7\" data-element_type=\"column\" data-e-type=\"column\">\n\t\t\t<div class=\"elementor-widget-wrap elementor-element-populated\">\n\t\t\t\t\t\t<div class=\"elementor-element elementor-element-1018b7c6 elementor-widget-divider--view-line elementor-widget elementor-widget-divider\" data-id=\"1018b7c6\" data-element_type=\"widget\" data-e-type=\"widget\" data-widget_type=\"divider.default\">\n\t\t\t\t<div class=\"elementor-widget-container\">\n\t\t\t\t\t\t\t<div class=\"elementor-divider\">\n\t\t\t<span class=\"elementor-divider-separator\">\n\t\t\t\t\t\t<\/span>\n\t\t<\/div>\n\t\t\t\t\t\t<\/div>\n\t\t\t\t<\/div>\n\t\t\t\t<div class=\"elementor-element elementor-element-1a95f384 elementor-widget elementor-widget-heading\" data-id=\"1a95f384\" data-element_type=\"widget\" data-e-type=\"widget\" data-widget_type=\"heading.default\">\n\t\t\t\t<div class=\"elementor-widget-container\">\n\t\t\t\t\t<h2 class=\"elementor-heading-title elementor-size-default\">\u00c4hnliche Produkte<\/h2>\t\t\t\t<\/div>\n\t\t\t\t<\/div>\n\t\t\t\t<div class=\"elementor-element elementor-element-484e396b elementor-widget-divider--view-line elementor-widget elementor-widget-divider\" data-id=\"484e396b\" data-element_type=\"widget\" data-e-type=\"widget\" data-widget_type=\"divider.default\">\n\t\t\t\t<div class=\"elementor-widget-container\">\n\t\t\t\t\t\t\t<div class=\"elementor-divider\">\n\t\t\t<span class=\"elementor-divider-separator\">\n\t\t\t\t\t\t<\/span>\n\t\t<\/div>\n\t\t\t\t\t\t<\/div>\n\t\t\t\t<\/div>\n\t\t\t\t\t<\/div>\n\t\t<\/div>\n\t\t\t\t\t<\/div>\n\t\t<\/section>\n\t\t\t\t<\/div>\n\t\t","protected":false},"excerpt":{"rendered":"<ul>\n<li>H\u00f6he: 24 cm, Breite: 14 cm<\/li>\n<li>Artikel Nr.: MN2DM-Z6<\/li>\n<\/ul>\n","protected":false},"featured_media":126975,"template":"","meta":[],"product_brand":[],"product_cat":[778,780],"product_tag":[],"class_list":{"0":"post-83161","1":"product","2":"type-product","3":"status-publish","4":"has-post-thumbnail","6":"product_cat-lampe","7":"product_cat-tischlampe","8":"pa_szin-dunkelgrun","9":"pa_szin-grun","10":"pa_szin-hellgruen-de","12":"first","13":"outofstock","14":"sale","15":"taxable","16":"shipping-taxable","17":"purchasable","18":"product-type-simple"},"_links":{"self":[{"href":"https:\/\/orientalcarpetshop.com\/de\/wp-json\/wp\/v2\/product\/83161","targetHints":{"allow":["GET"]}}],"collection":[{"href":"https:\/\/orientalcarpetshop.com\/de\/wp-json\/wp\/v2\/product"}],"about":[{"href":"https:\/\/orientalcarpetshop.com\/de\/wp-json\/wp\/v2\/types\/product"}],"version-history":[{"count":0,"href":"https:\/\/orientalcarpetshop.com\/de\/wp-json\/wp\/v2\/product\/83161\/revisions"}],"wp:featuredmedia":[{"embeddable":true,"href":"https:\/\/orientalcarpetshop.com\/de\/wp-json\/wp\/v2\/media\/126975"}],"wp:attachment":[{"href":"https:\/\/orientalcarpetshop.com\/de\/wp-json\/wp\/v2\/media?parent=83161"}],"wp:term":[{"taxonomy":"product_brand","embeddable":true,"href":"https:\/\/orientalcarpetshop.com\/de\/wp-json\/wp\/v2\/product_brand?post=83161"},{"taxonomy":"product_cat","embeddable":true,"href":"https:\/\/orientalcarpetshop.com\/de\/wp-json\/wp\/v2\/product_cat?post=83161"},{"taxonomy":"product_tag","embeddable":true,"href":"https:\/\/orientalcarpetshop.com\/de\/wp-json\/wp\/v2\/product_tag?post=83161"}],"curies":[{"name":"wp","href":"https:\/\/api.w.org\/{rel}","templated":true}]}}