{"id":81975,"date":"2023-09-09T15:00:20","date_gmt":"2023-09-09T13:00:20","guid":{"rendered":"https:\/\/orientalcarpetshop.com\/?post_type=product&#038;p=81975"},"modified":"2024-10-04T00:59:26","modified_gmt":"2024-10-03T22:59:26","slug":"dunkelorangefarbener-kerzenstander","status":"publish","type":"product","link":"https:\/\/orientalcarpetshop.com\/de\/produkt\/dunkelorangefarbener-kerzenstander\/","title":{"rendered":"Dunkelorangefarbener Kerzenst\u00e4nder"},"content":{"rendered":"\t\t<div data-elementor-type=\"product-post\" data-elementor-id=\"81975\" class=\"elementor elementor-81975 elementor-81973\" data-elementor-post-type=\"product\">\n\t\t\t\t\t\t<section class=\"elementor-section elementor-top-section elementor-element elementor-element-4dee7710 elementor-section-boxed elementor-section-height-default elementor-section-height-default\" data-id=\"4dee7710\" data-element_type=\"section\" data-e-type=\"section\">\n\t\t\t\t\t\t<div class=\"elementor-container elementor-column-gap-default\">\n\t\t\t\t\t<div class=\"elementor-column elementor-col-100 elementor-top-column elementor-element elementor-element-139a214c\" data-id=\"139a214c\" data-element_type=\"column\" data-e-type=\"column\">\n\t\t\t<div class=\"elementor-widget-wrap elementor-element-populated\">\n\t\t\t\t\t\t<div class=\"elementor-element elementor-element-3f75a688 elementor-widget elementor-widget-text-editor\" data-id=\"3f75a688\" data-element_type=\"widget\" data-e-type=\"widget\" data-widget_type=\"text-editor.default\">\n\t\t\t\t<div class=\"elementor-widget-container\">\n\t\t\t\t\t\t\t\t\t<p><em><strong>Produktbeschreibung \/ Dunkelorangefarbener Kerzenst\u00e4nder: <\/strong><\/em><\/p>\n<p><em>Werfen Sie einen Blick auf unsere Kerzenhalter aus der T\u00fcrkei mit einer Vielzahl von Designs.<\/em><\/p>\n<p style=\"text-align: left;\">Ursprungsland: T\u00fcrkei, handgefertigtes Produkt.<\/p>\n<p style=\"text-align: left;\">Material der Glaswaren: Unikate aus buntem, winzigem Mosaikglas und Perlen.<\/p>\n<p>Material der Metallteile: Messing, Bronze, poliert und gegen Oxidation behandelt.<\/p>\n<p>Verwendung: Dekorative Beleuchtung, die Glaskuppel kann vom Sockel abgenommen werden.<\/p>\n<p>Anwendung: Wohnungen, H\u00e4user, Hotels, Restaurants, Caf\u00e9s, Gesch\u00e4fte.<\/p>\n<p>Verpackung: Luftpolsterfolie und Karton. Individuelle Verpackungen sind ebenfalls m\u00f6glich, bitte kontaktieren Sie unseren Kundenservice f\u00fcr weitere Informationen.<\/p>\n<p>Gewicht: 0,5 kg<\/p>\n\t\t\t\t\t\t\t\t<\/div>\n\t\t\t\t<\/div>\n\t\t\t\t\t<\/div>\n\t\t<\/div>\n\t\t\t\t\t<\/div>\n\t\t<\/section>\n\t\t\t\t<section class=\"elementor-section elementor-top-section elementor-element elementor-element-10d03d8b elementor-section-boxed elementor-section-height-default elementor-section-height-default\" data-id=\"10d03d8b\" data-element_type=\"section\" data-e-type=\"section\">\n\t\t\t\t\t\t<div class=\"elementor-container elementor-column-gap-default\">\n\t\t\t\t\t<div class=\"elementor-column elementor-col-100 elementor-top-column elementor-element elementor-element-3c663275\" data-id=\"3c663275\" data-element_type=\"column\" data-e-type=\"column\">\n\t\t\t<div class=\"elementor-widget-wrap elementor-element-populated\">\n\t\t\t\t\t\t<div class=\"elementor-element elementor-element-4a3af4cd elementor-widget-divider--view-line elementor-widget elementor-widget-divider\" data-id=\"4a3af4cd\" data-element_type=\"widget\" data-e-type=\"widget\" data-widget_type=\"divider.default\">\n\t\t\t\t<div class=\"elementor-widget-container\">\n\t\t\t\t\t\t\t<div class=\"elementor-divider\">\n\t\t\t<span class=\"elementor-divider-separator\">\n\t\t\t\t\t\t<\/span>\n\t\t<\/div>\n\t\t\t\t\t\t<\/div>\n\t\t\t\t<\/div>\n\t\t\t\t<div class=\"elementor-element elementor-element-16ab5680 elementor-widget elementor-widget-heading\" data-id=\"16ab5680\" data-element_type=\"widget\" data-e-type=\"widget\" data-widget_type=\"heading.default\">\n\t\t\t\t<div class=\"elementor-widget-container\">\n\t\t\t\t\t<h2 class=\"elementor-heading-title elementor-size-default\">\u00c4hnliche Produkte<\/h2>\t\t\t\t<\/div>\n\t\t\t\t<\/div>\n\t\t\t\t<div class=\"elementor-element elementor-element-760c716b elementor-widget-divider--view-line elementor-widget elementor-widget-divider\" data-id=\"760c716b\" data-element_type=\"widget\" data-e-type=\"widget\" data-widget_type=\"divider.default\">\n\t\t\t\t<div class=\"elementor-widget-container\">\n\t\t\t\t\t\t\t<div class=\"elementor-divider\">\n\t\t\t<span class=\"elementor-divider-separator\">\n\t\t\t\t\t\t<\/span>\n\t\t<\/div>\n\t\t\t\t\t\t<\/div>\n\t\t\t\t<\/div>\n\t\t\t\t\t<\/div>\n\t\t<\/div>\n\t\t\t\t\t<\/div>\n\t\t<\/section>\n\t\t\t\t<\/div>\n\t\t","protected":false},"excerpt":{"rendered":"<ul>\n<li>H\u00f6he: 16 cm, Breite: 10 cm<\/li>\n<li>Artikel Nr.: TM528-N7<\/li>\n<\/ul>\n","protected":false},"featured_media":81978,"template":"","meta":[],"product_brand":[],"product_cat":[778,784],"product_tag":[],"class_list":{"0":"post-81975","1":"product","2":"type-product","3":"status-publish","4":"has-post-thumbnail","6":"product_cat-lampe","7":"product_cat-kerzenhalter","8":"pa_szin-orange-de","9":"pa_szin-orange-de-2","10":"pa_szin-rot-de","12":"first","13":"instock","14":"sale","15":"taxable","16":"shipping-taxable","17":"purchasable","18":"product-type-simple"},"_links":{"self":[{"href":"https:\/\/orientalcarpetshop.com\/de\/wp-json\/wp\/v2\/product\/81975","targetHints":{"allow":["GET"]}}],"collection":[{"href":"https:\/\/orientalcarpetshop.com\/de\/wp-json\/wp\/v2\/product"}],"about":[{"href":"https:\/\/orientalcarpetshop.com\/de\/wp-json\/wp\/v2\/types\/product"}],"version-history":[{"count":0,"href":"https:\/\/orientalcarpetshop.com\/de\/wp-json\/wp\/v2\/product\/81975\/revisions"}],"wp:featuredmedia":[{"embeddable":true,"href":"https:\/\/orientalcarpetshop.com\/de\/wp-json\/wp\/v2\/media\/81978"}],"wp:attachment":[{"href":"https:\/\/orientalcarpetshop.com\/de\/wp-json\/wp\/v2\/media?parent=81975"}],"wp:term":[{"taxonomy":"product_brand","embeddable":true,"href":"https:\/\/orientalcarpetshop.com\/de\/wp-json\/wp\/v2\/product_brand?post=81975"},{"taxonomy":"product_cat","embeddable":true,"href":"https:\/\/orientalcarpetshop.com\/de\/wp-json\/wp\/v2\/product_cat?post=81975"},{"taxonomy":"product_tag","embeddable":true,"href":"https:\/\/orientalcarpetshop.com\/de\/wp-json\/wp\/v2\/product_tag?post=81975"}],"curies":[{"name":"wp","href":"https:\/\/api.w.org\/{rel}","templated":true}]}}