{"id":80570,"date":"2023-08-22T12:22:33","date_gmt":"2023-08-22T10:22:33","guid":{"rendered":"https:\/\/orientalcarpetshop.com\/?post_type=product&#038;p=80570"},"modified":"2026-04-11T17:10:51","modified_gmt":"2026-04-11T15:10:51","slug":"tabris-perserteppich-185-x-138-cm","status":"publish","type":"product","link":"https:\/\/orientalcarpetshop.com\/de\/produkt\/tabris-perserteppich-185-x-138-cm\/","title":{"rendered":"T\u00e4bris Perserteppich 185 x 138 cm"},"content":{"rendered":"\t\t<div data-elementor-type=\"product-post\" data-elementor-id=\"80570\" class=\"elementor elementor-80570 elementor-80568\" data-elementor-post-type=\"product\">\n\t\t\t\t\t\t<section class=\"elementor-section elementor-top-section elementor-element elementor-element-487787d5 elementor-section-boxed elementor-section-height-default elementor-section-height-default\" data-id=\"487787d5\" data-element_type=\"section\" data-e-type=\"section\">\n\t\t\t\t\t\t<div class=\"elementor-container elementor-column-gap-default\">\n\t\t\t\t\t<div class=\"elementor-column elementor-col-100 elementor-top-column elementor-element elementor-element-4d872769\" data-id=\"4d872769\" data-element_type=\"column\" data-e-type=\"column\">\n\t\t\t<div class=\"elementor-widget-wrap elementor-element-populated\">\n\t\t\t\t\t\t<div class=\"elementor-element elementor-element-46705178 elementor-widget elementor-widget-text-editor\" data-id=\"46705178\" data-element_type=\"widget\" data-e-type=\"widget\" data-widget_type=\"text-editor.default\">\n\t\t\t\t<div class=\"elementor-widget-container\">\n\t\t\t\t\t\t\t\t\t<p><em><b>Produktbeschreibung \/ T\u00e4bris Perserteppich 185 x 138 cm : <\/b><\/em><\/p><p>Herstellungstechnik: handgekn\u00fcpft<\/p><p>Kn\u00fcpfung: Senn\u00e9<\/p><p>Knotendichte: 250.000 \/ Quadratmeter<\/p><p>Kette: <span style=\"color: var( --e-global-color-text ); font-size: var( --e-global-typography-text-font-size ); font-weight: var( --e-global-typography-text-font-weight ); letter-spacing: var(--the7-base-letter-spacing); text-transform: var(--the7-base-text-transform); word-spacing: normal;\">Baumwolle<\/span><\/p><p>Schuss: <span style=\"color: var( --e-global-color-text ); font-size: var( --e-global-typography-text-font-size ); font-weight: var( --e-global-typography-text-font-weight ); letter-spacing: var(--the7-base-letter-spacing); text-transform: var(--the7-base-text-transform); word-spacing: normal;\">Baumwolle<\/span><\/p><p><span style=\"color: var( --e-global-color-text ); font-size: var( --e-global-typography-text-font-size ); font-weight: var( --e-global-typography-text-font-weight ); letter-spacing: var(--the7-base-letter-spacing); text-transform: var(--the7-base-text-transform); word-spacing: normal;\">Flor: Wolle<\/span><\/p><p>Material: Wolle und Baumwolle<\/p><p>Herkunftsort: Persien<\/p><p>Farbstoffe: pflanzliche Farbstoffe<\/p><p>Alter: Jahrhundertwende<\/p><p>Zustand: ausgezeichneter Zustand, mit gleichm\u00e4\u00dfigen Abnutzungserscheinungen an einigen Stellen. Gereinigt, gebrauchsfertig.<\/p><p><span style=\"text-decoration: underline;\">Waschen und Pflegen:<\/span><\/p><p>Lassen Sie Ihren persischen Teppich aus T\u00e4bris von einem Fachmann reinigen. Wenn Sie m\u00f6chten, dass wir Ihren Teppich von Hand reinigen, rufen Sie bitte unseren Kundendienst an oder besuchen Sie unser Teppichreinigungsmen\u00fc. <\/p><p>Der T\u00e4briz Perserteppich kann regelm\u00e4\u00dfig gesaugt werden, bei Versch\u00fcttungen sollte er sofort mit einem trockenen Tuch eingeweicht und mit einem milden Shampoo (pH-neutral) entfernt werden. Es lohnt sich, alle sechs Monate mit leicht ges\u00e4uertem Wasser (20 % Speiseessig verwenden) zu b\u00fcrsten, verwenden Sie dazu eine weiche Kleiderb\u00fcrste und sorgen Sie f\u00fcr eine schnelle Trocknung. Der Essig hellt die Farben auf und t\u00f6tet Motten und andere unerw\u00fcnschte Organismen ab. Sch\u00fctzen Sie Ihren Teppich vor starker Sonneneinstrahlung und drehen Sie ihn von Zeit zu Zeit, um sicherzustellen, dass er w\u00e4hrend der Nutzung gleichm\u00e4\u00dfig belastet wird. <\/p>\t\t\t\t\t\t\t\t<\/div>\n\t\t\t\t<\/div>\n\t\t\t\t\t<\/div>\n\t\t<\/div>\n\t\t\t\t\t<\/div>\n\t\t<\/section>\n\t\t\t\t<section class=\"elementor-section elementor-top-section elementor-element elementor-element-319789af elementor-section-boxed elementor-section-height-default elementor-section-height-default\" data-id=\"319789af\" data-element_type=\"section\" data-e-type=\"section\">\n\t\t\t\t\t\t<div class=\"elementor-container elementor-column-gap-default\">\n\t\t\t\t\t<div class=\"elementor-column elementor-col-100 elementor-top-column elementor-element elementor-element-1e6e78f3\" data-id=\"1e6e78f3\" data-element_type=\"column\" data-e-type=\"column\">\n\t\t\t<div class=\"elementor-widget-wrap elementor-element-populated\">\n\t\t\t\t\t\t<div class=\"elementor-element elementor-element-a57b00f elementor-widget-divider--view-line elementor-widget elementor-widget-divider\" data-id=\"a57b00f\" data-element_type=\"widget\" data-e-type=\"widget\" data-widget_type=\"divider.default\">\n\t\t\t\t<div class=\"elementor-widget-container\">\n\t\t\t\t\t\t\t<div class=\"elementor-divider\">\n\t\t\t<span class=\"elementor-divider-separator\">\n\t\t\t\t\t\t<\/span>\n\t\t<\/div>\n\t\t\t\t\t\t<\/div>\n\t\t\t\t<\/div>\n\t\t\t\t<div class=\"elementor-element elementor-element-50411dd2 elementor-widget elementor-widget-heading\" data-id=\"50411dd2\" data-element_type=\"widget\" data-e-type=\"widget\" data-widget_type=\"heading.default\">\n\t\t\t\t<div class=\"elementor-widget-container\">\n\t\t\t\t\t<h2 class=\"elementor-heading-title elementor-size-default\">\u00c4hnliche Produkte<\/h2>\t\t\t\t<\/div>\n\t\t\t\t<\/div>\n\t\t\t\t<div class=\"elementor-element elementor-element-fead21e elementor-widget-divider--view-line elementor-widget elementor-widget-divider\" data-id=\"fead21e\" data-element_type=\"widget\" data-e-type=\"widget\" data-widget_type=\"divider.default\">\n\t\t\t\t<div class=\"elementor-widget-container\">\n\t\t\t\t\t\t\t<div class=\"elementor-divider\">\n\t\t\t<span class=\"elementor-divider-separator\">\n\t\t\t\t\t\t<\/span>\n\t\t<\/div>\n\t\t\t\t\t\t<\/div>\n\t\t\t\t<\/div>\n\t\t\t\t\t<\/div>\n\t\t<\/div>\n\t\t\t\t\t<\/div>\n\t\t<\/section>\n\t\t\t\t<\/div>\n\t\t","protected":false},"excerpt":{"rendered":"<ul>\n<li>Gr\u00f6\u00dfe: 185 x 138 cm<\/li>\n<li>Art. Nr.: KR2007<\/li>\n<li>6.7 kg<\/li>\n<\/ul>\n","protected":false},"featured_media":80600,"template":"","meta":[],"product_brand":[],"product_cat":[771,777],"product_tag":[],"class_list":{"0":"post-80570","1":"product","2":"type-product","3":"status-publish","4":"has-post-thumbnail","6":"product_cat-orientteppich","7":"product_cat-vintage-teppich","8":"pa_meret-190-x-140-de","9":"pa_minta-pflanzenmuster","10":"pa_szin-blau","11":"pa_szin-dunkelblau","12":"pa_szin-gelb","13":"pa_szin-grun","14":"pa_szin-hellblau","15":"pa_szin-malve","16":"pa_szin-orange-de","17":"pa_szin-rot-de","18":"pa_szin-weis","20":"first","21":"instock","22":"sale","23":"taxable","24":"shipping-taxable","25":"purchasable","26":"product-type-simple"},"_links":{"self":[{"href":"https:\/\/orientalcarpetshop.com\/de\/wp-json\/wp\/v2\/product\/80570","targetHints":{"allow":["GET"]}}],"collection":[{"href":"https:\/\/orientalcarpetshop.com\/de\/wp-json\/wp\/v2\/product"}],"about":[{"href":"https:\/\/orientalcarpetshop.com\/de\/wp-json\/wp\/v2\/types\/product"}],"version-history":[{"count":0,"href":"https:\/\/orientalcarpetshop.com\/de\/wp-json\/wp\/v2\/product\/80570\/revisions"}],"wp:featuredmedia":[{"embeddable":true,"href":"https:\/\/orientalcarpetshop.com\/de\/wp-json\/wp\/v2\/media\/80600"}],"wp:attachment":[{"href":"https:\/\/orientalcarpetshop.com\/de\/wp-json\/wp\/v2\/media?parent=80570"}],"wp:term":[{"taxonomy":"product_brand","embeddable":true,"href":"https:\/\/orientalcarpetshop.com\/de\/wp-json\/wp\/v2\/product_brand?post=80570"},{"taxonomy":"product_cat","embeddable":true,"href":"https:\/\/orientalcarpetshop.com\/de\/wp-json\/wp\/v2\/product_cat?post=80570"},{"taxonomy":"product_tag","embeddable":true,"href":"https:\/\/orientalcarpetshop.com\/de\/wp-json\/wp\/v2\/product_tag?post=80570"}],"curies":[{"name":"wp","href":"https:\/\/api.w.org\/{rel}","templated":true}]}}