{"id":76818,"date":"2023-07-25T16:13:28","date_gmt":"2023-07-25T14:13:28","guid":{"rendered":"https:\/\/orientalcarpetshop.com\/?post_type=product&#038;p=76818"},"modified":"2024-10-04T00:59:34","modified_gmt":"2024-10-03T22:59:34","slug":"kaukasischer-azeri-teppich","status":"publish","type":"product","link":"https:\/\/orientalcarpetshop.com\/de\/produkt\/kaukasischer-azeri-teppich\/","title":{"rendered":"Kaukasischer Azeri-Teppich 125 x 55 cm"},"content":{"rendered":"\t\t<div data-elementor-type=\"product-post\" data-elementor-id=\"76818\" class=\"elementor elementor-76818 elementor-76816\" data-elementor-post-type=\"product\">\n\t\t\t\t\t\t<section class=\"elementor-section elementor-top-section elementor-element elementor-element-487787d5 elementor-section-boxed elementor-section-height-default elementor-section-height-default\" data-id=\"487787d5\" data-element_type=\"section\" data-e-type=\"section\">\n\t\t\t\t\t\t<div class=\"elementor-container elementor-column-gap-default\">\n\t\t\t\t\t<div class=\"elementor-column elementor-col-100 elementor-top-column elementor-element elementor-element-4d872769\" data-id=\"4d872769\" data-element_type=\"column\" data-e-type=\"column\">\n\t\t\t<div class=\"elementor-widget-wrap elementor-element-populated\">\n\t\t\t\t\t\t<div class=\"elementor-element elementor-element-46705178 elementor-widget elementor-widget-text-editor\" data-id=\"46705178\" data-element_type=\"widget\" data-e-type=\"widget\" data-widget_type=\"text-editor.default\">\n\t\t\t\t<div class=\"elementor-widget-container\">\n\t\t\t\t\t\t\t\t\t<p><em><strong>Produktbeschreibung \/ Kaukasischer Azeri-Teppich 125 x 55 cm: <\/strong><\/em><\/p>\n<p>Herstellungstechnik: handgekn\u00fcpft<\/p>\n<p>Kn\u00fcpfung: Senn\u00e9<\/p>\n<p>Knotendichte: 300.000\/ Quadratmeter<\/p>\n<p>Kette: Baumwolle<\/p>\n<p>Schuss: Baumwolle<\/p>\n<p>Flor: Wolle<\/p>\n<p>Material: Wolle und Baumwolle<\/p>\n<p>Herkunftsland: Iran<\/p>\n<p>Farbstoffe: Anilin-Farbstoffe<\/p>\n<p>Alter: Mitte des XX. Jahrhunderts<\/p>\n<p>Zustand: in perfektem Zustand. Gereinigt, gebrauchsfertig.<\/p>\n<p><span style=\"text-decoration: underline;\">Waschen und Pflegen:<\/span><\/p>\n<p><span style=\"color: var( --e-global-color-text ); font-size: var( --e-global-typography-text-font-size ); font-weight: var( --e-global-typography-text-font-weight ); letter-spacing: var(--the7-base-letter-spacing); text-transform: var(--the7-base-text-transform); word-spacing: normal;\">Lassen Sie Ihren kaukasischen Azeri-Teppich von einem Fachmann reinigen. Wenn Sie m\u00f6chten, dass wir Ihren Teppich von Hand reinigen, rufen Sie bitte unseren Kundendienst an oder besuchen Sie unser Teppichreinigungsmen\u00fc. <\/span><\/p>\n<p>Der kaukasische Azeri-Teppich kann regelm\u00e4\u00dfig gesaugt werden, bei Versch\u00fctten sollte er sofort mit einem trockenen Tuch aufgeweicht und mit einem milden Shampoo (pH-neutral) entfernt werden. Es lohnt sich, alle sechs Monate mit leicht ges\u00e4uertem Wasser (20 % Speiseessig verwenden) zu b\u00fcrsten, verwenden Sie dazu eine weiche Kleiderb\u00fcrste und sorgen Sie f\u00fcr eine schnelle Trocknung. Der Essig hellt die Farben auf und t\u00f6tet Motten und andere unerw\u00fcnschte Organismen ab. Sch\u00fctzen Sie Ihren Teppich vor starker Sonneneinstrahlung und drehen Sie ihn von Zeit zu Zeit, um sicherzustellen, dass er w\u00e4hrend der Nutzung gleichm\u00e4\u00dfig belastet wird.<\/p>\n\t\t\t\t\t\t\t\t<\/div>\n\t\t\t\t<\/div>\n\t\t\t\t\t<\/div>\n\t\t<\/div>\n\t\t\t\t\t<\/div>\n\t\t<\/section>\n\t\t\t\t<section class=\"elementor-section elementor-top-section elementor-element elementor-element-5cbece0c elementor-section-boxed elementor-section-height-default elementor-section-height-default\" data-id=\"5cbece0c\" data-element_type=\"section\" data-e-type=\"section\">\n\t\t\t\t\t\t<div class=\"elementor-container elementor-column-gap-default\">\n\t\t\t\t\t<div class=\"elementor-column elementor-col-100 elementor-top-column elementor-element elementor-element-72977f6e\" data-id=\"72977f6e\" data-element_type=\"column\" data-e-type=\"column\">\n\t\t\t<div class=\"elementor-widget-wrap elementor-element-populated\">\n\t\t\t\t\t\t<div class=\"elementor-element elementor-element-434a1ec elementor-widget-divider--view-line elementor-widget elementor-widget-divider\" data-id=\"434a1ec\" data-element_type=\"widget\" data-e-type=\"widget\" data-widget_type=\"divider.default\">\n\t\t\t\t<div class=\"elementor-widget-container\">\n\t\t\t\t\t\t\t<div class=\"elementor-divider\">\n\t\t\t<span class=\"elementor-divider-separator\">\n\t\t\t\t\t\t<\/span>\n\t\t<\/div>\n\t\t\t\t\t\t<\/div>\n\t\t\t\t<\/div>\n\t\t\t\t<div class=\"elementor-element elementor-element-483d9e5a elementor-widget elementor-widget-heading\" data-id=\"483d9e5a\" data-element_type=\"widget\" data-e-type=\"widget\" data-widget_type=\"heading.default\">\n\t\t\t\t<div class=\"elementor-widget-container\">\n\t\t\t\t\t<h2 class=\"elementor-heading-title elementor-size-default\">\u00c4hnliche Produkte<\/h2>\t\t\t\t<\/div>\n\t\t\t\t<\/div>\n\t\t\t\t<div class=\"elementor-element elementor-element-23e38a8a elementor-widget-divider--view-line elementor-widget elementor-widget-divider\" data-id=\"23e38a8a\" data-element_type=\"widget\" data-e-type=\"widget\" data-widget_type=\"divider.default\">\n\t\t\t\t<div class=\"elementor-widget-container\">\n\t\t\t\t\t\t\t<div class=\"elementor-divider\">\n\t\t\t<span class=\"elementor-divider-separator\">\n\t\t\t\t\t\t<\/span>\n\t\t<\/div>\n\t\t\t\t\t\t<\/div>\n\t\t\t\t<\/div>\n\t\t\t\t\t<\/div>\n\t\t<\/div>\n\t\t\t\t\t<\/div>\n\t\t<\/section>\n\t\t\t\t<\/div>\n\t\t","protected":false},"excerpt":{"rendered":"<ul>\n<li>Gr\u00f6\u00dfe: 125 x 55 cm<\/li>\n<li>Artikel Nr.: KR1973<\/li>\n<li>2.2 kg<\/li>\n<\/ul>\n","protected":false},"featured_media":76842,"template":"","meta":[],"product_brand":[],"product_cat":[771,777],"product_tag":[],"class_list":{"0":"post-76818","1":"product","2":"type-product","3":"status-publish","4":"has-post-thumbnail","6":"product_cat-orientteppich","7":"product_cat-vintage-teppich","8":"pa_meret-130-x-60-de","9":"pa_minta-medaillon","10":"pa_minta-pflanzenmuster","11":"pa_szin-burgund-farbe","12":"pa_szin-dunkelblau","13":"pa_szin-gelb","14":"pa_szin-grun","15":"pa_szin-hellblau","16":"pa_szin-rot-de","17":"pa_szin-terrakotta-de","19":"first","20":"instock","21":"sale","22":"taxable","23":"shipping-taxable","24":"purchasable","25":"product-type-simple"},"_links":{"self":[{"href":"https:\/\/orientalcarpetshop.com\/de\/wp-json\/wp\/v2\/product\/76818","targetHints":{"allow":["GET"]}}],"collection":[{"href":"https:\/\/orientalcarpetshop.com\/de\/wp-json\/wp\/v2\/product"}],"about":[{"href":"https:\/\/orientalcarpetshop.com\/de\/wp-json\/wp\/v2\/types\/product"}],"version-history":[{"count":0,"href":"https:\/\/orientalcarpetshop.com\/de\/wp-json\/wp\/v2\/product\/76818\/revisions"}],"wp:featuredmedia":[{"embeddable":true,"href":"https:\/\/orientalcarpetshop.com\/de\/wp-json\/wp\/v2\/media\/76842"}],"wp:attachment":[{"href":"https:\/\/orientalcarpetshop.com\/de\/wp-json\/wp\/v2\/media?parent=76818"}],"wp:term":[{"taxonomy":"product_brand","embeddable":true,"href":"https:\/\/orientalcarpetshop.com\/de\/wp-json\/wp\/v2\/product_brand?post=76818"},{"taxonomy":"product_cat","embeddable":true,"href":"https:\/\/orientalcarpetshop.com\/de\/wp-json\/wp\/v2\/product_cat?post=76818"},{"taxonomy":"product_tag","embeddable":true,"href":"https:\/\/orientalcarpetshop.com\/de\/wp-json\/wp\/v2\/product_tag?post=76818"}],"curies":[{"name":"wp","href":"https:\/\/api.w.org\/{rel}","templated":true}]}}