{"id":76614,"date":"2023-07-24T12:18:11","date_gmt":"2023-07-24T10:18:11","guid":{"rendered":"https:\/\/orientalcarpetshop.com\/?post_type=product&#038;p=76614"},"modified":"2024-10-04T00:59:36","modified_gmt":"2024-10-03T22:59:36","slug":"chinesischer-seidenteppich-187-x-125-cm","status":"publish","type":"product","link":"https:\/\/orientalcarpetshop.com\/de\/produkt\/chinesischer-seidenteppich-187-x-125-cm\/","title":{"rendered":"Chinesischer Seidenteppich 187 x 125 cm"},"content":{"rendered":"\t\t<div data-elementor-type=\"product-post\" data-elementor-id=\"76614\" class=\"elementor elementor-76614 elementor-76612\" data-elementor-post-type=\"product\">\n\t\t\t\t\t\t<section class=\"elementor-section elementor-top-section elementor-element elementor-element-487787d5 elementor-section-boxed elementor-section-height-default elementor-section-height-default\" data-id=\"487787d5\" data-element_type=\"section\" data-e-type=\"section\">\n\t\t\t\t\t\t<div class=\"elementor-container elementor-column-gap-default\">\n\t\t\t\t\t<div class=\"elementor-column elementor-col-100 elementor-top-column elementor-element elementor-element-4d872769\" data-id=\"4d872769\" data-element_type=\"column\" data-e-type=\"column\">\n\t\t\t<div class=\"elementor-widget-wrap elementor-element-populated\">\n\t\t\t\t\t\t<div class=\"elementor-element elementor-element-46705178 elementor-widget elementor-widget-text-editor\" data-id=\"46705178\" data-element_type=\"widget\" data-e-type=\"widget\" data-widget_type=\"text-editor.default\">\n\t\t\t\t<div class=\"elementor-widget-container\">\n\t\t\t\t\t\t\t\t\t<p><em><strong>Produktbeschreibung \/ Chinesischer Seidenteppich 187 x 125 cm: <\/strong><\/em><\/p>\n<ul>\n<li>Herstellungstechnik: handgekn\u00fcpft &#8211; Senn\u00e9-Kn\u00fcpfung &#8211; 1.430.000 Knoten pro Quadratmeter<\/li>\n<li>Schuss: Seide<\/li>\n<li>Kette: Seide<\/li>\n<li>Material: 100% Seide<\/li>\n<li>Herkunftsort: China<\/li>\n<li>Farbstoffe: Anilin-Farbstoffe<\/li>\n<li>Alter: Neu<\/li>\n<li>Zustand: in ausgezeichnetem Zustand<\/li>\n<\/ul>\n<p>Waschen und Pflegen:<\/p>\n<p>Lassen Sie Ihren chinesischen Seidenteppich von einem Fachmann reinigen. Wenn Sie m\u00f6chten, dass wir Ihren Teppich von Hand reinigen, rufen Sie bitte unseren Kundendienst an oder besuchen Sie unser Teppichreinigungsmen\u00fc. <\/p>\n<p>Sch\u00fctzen Sie den chinesischen Seidenteppich vor starker Sonneneinstrahlung und drehen Sie ihn gelegentlich, um sicherzustellen, dass er w\u00e4hrend des Gebrauchs gleichm\u00e4\u00dfig belastet wird.<\/p>\n\t\t\t\t\t\t\t\t<\/div>\n\t\t\t\t<\/div>\n\t\t\t\t\t<\/div>\n\t\t<\/div>\n\t\t\t\t\t<\/div>\n\t\t<\/section>\n\t\t\t\t<section class=\"elementor-section elementor-top-section elementor-element elementor-element-40f281b1 elementor-section-boxed elementor-section-height-default elementor-section-height-default\" data-id=\"40f281b1\" data-element_type=\"section\" data-e-type=\"section\">\n\t\t\t\t\t\t<div class=\"elementor-container elementor-column-gap-default\">\n\t\t\t\t\t<div class=\"elementor-column elementor-col-100 elementor-top-column elementor-element elementor-element-16631863\" data-id=\"16631863\" data-element_type=\"column\" data-e-type=\"column\">\n\t\t\t<div class=\"elementor-widget-wrap elementor-element-populated\">\n\t\t\t\t\t\t<div class=\"elementor-element elementor-element-70c2e7d5 elementor-widget-divider--view-line elementor-widget elementor-widget-divider\" data-id=\"70c2e7d5\" data-element_type=\"widget\" data-e-type=\"widget\" data-widget_type=\"divider.default\">\n\t\t\t\t<div class=\"elementor-widget-container\">\n\t\t\t\t\t\t\t<div class=\"elementor-divider\">\n\t\t\t<span class=\"elementor-divider-separator\">\n\t\t\t\t\t\t<\/span>\n\t\t<\/div>\n\t\t\t\t\t\t<\/div>\n\t\t\t\t<\/div>\n\t\t\t\t<div class=\"elementor-element elementor-element-3a07917 elementor-widget elementor-widget-heading\" data-id=\"3a07917\" data-element_type=\"widget\" data-e-type=\"widget\" data-widget_type=\"heading.default\">\n\t\t\t\t<div class=\"elementor-widget-container\">\n\t\t\t\t\t<h2 class=\"elementor-heading-title elementor-size-default\">\u00c4hnliche Produkte<\/h2>\t\t\t\t<\/div>\n\t\t\t\t<\/div>\n\t\t\t\t<div class=\"elementor-element elementor-element-4c0e822d elementor-widget-divider--view-line elementor-widget elementor-widget-divider\" data-id=\"4c0e822d\" data-element_type=\"widget\" data-e-type=\"widget\" data-widget_type=\"divider.default\">\n\t\t\t\t<div class=\"elementor-widget-container\">\n\t\t\t\t\t\t\t<div class=\"elementor-divider\">\n\t\t\t<span class=\"elementor-divider-separator\">\n\t\t\t\t\t\t<\/span>\n\t\t<\/div>\n\t\t\t\t\t\t<\/div>\n\t\t\t\t<\/div>\n\t\t\t\t\t<\/div>\n\t\t<\/div>\n\t\t\t\t\t<\/div>\n\t\t<\/section>\n\t\t\t\t<\/div>\n\t\t","protected":false},"excerpt":{"rendered":"<ul>\n<li>Gr\u00f6\u00dfe: 187 x 125 cm<\/li>\n<li>Artikel Nr.: KR1997<\/li>\n<li>2.9 kg<\/li>\n<\/ul>\n","protected":false},"featured_media":76638,"template":"","meta":[],"product_brand":[],"product_cat":[771,776],"product_tag":[],"class_list":{"0":"post-76614","1":"product","2":"type-product","3":"status-publish","4":"has-post-thumbnail","6":"product_cat-orientteppich","7":"product_cat-seidenteppich","8":"pa_meret-190-x-130-de","9":"pa_minta-pflanzenmuster","10":"pa_minta-zentrales-medaillon","11":"pa_szin-burgund-farbe","12":"pa_szin-dunkelblau","13":"pa_szin-gelb","14":"pa_szin-grun","15":"pa_szin-hellbeige","16":"pa_szin-orange-de","17":"pa_szin-rot-de","18":"pa_szin-weis","20":"first","21":"outofstock","22":"sale","23":"taxable","24":"shipping-taxable","25":"purchasable","26":"product-type-simple"},"_links":{"self":[{"href":"https:\/\/orientalcarpetshop.com\/de\/wp-json\/wp\/v2\/product\/76614","targetHints":{"allow":["GET"]}}],"collection":[{"href":"https:\/\/orientalcarpetshop.com\/de\/wp-json\/wp\/v2\/product"}],"about":[{"href":"https:\/\/orientalcarpetshop.com\/de\/wp-json\/wp\/v2\/types\/product"}],"version-history":[{"count":0,"href":"https:\/\/orientalcarpetshop.com\/de\/wp-json\/wp\/v2\/product\/76614\/revisions"}],"wp:featuredmedia":[{"embeddable":true,"href":"https:\/\/orientalcarpetshop.com\/de\/wp-json\/wp\/v2\/media\/76638"}],"wp:attachment":[{"href":"https:\/\/orientalcarpetshop.com\/de\/wp-json\/wp\/v2\/media?parent=76614"}],"wp:term":[{"taxonomy":"product_brand","embeddable":true,"href":"https:\/\/orientalcarpetshop.com\/de\/wp-json\/wp\/v2\/product_brand?post=76614"},{"taxonomy":"product_cat","embeddable":true,"href":"https:\/\/orientalcarpetshop.com\/de\/wp-json\/wp\/v2\/product_cat?post=76614"},{"taxonomy":"product_tag","embeddable":true,"href":"https:\/\/orientalcarpetshop.com\/de\/wp-json\/wp\/v2\/product_tag?post=76614"}],"curies":[{"name":"wp","href":"https:\/\/api.w.org\/{rel}","templated":true}]}}