{"id":74691,"date":"2023-07-01T11:21:47","date_gmt":"2023-07-01T09:21:47","guid":{"rendered":"https:\/\/orientalcarpetshop.com\/?post_type=product&#038;p=74691"},"modified":"2024-10-04T00:59:38","modified_gmt":"2024-10-03T22:59:38","slug":"keshan-iranischer-gebetsteppich-228-x-143-cm","status":"publish","type":"product","link":"https:\/\/orientalcarpetshop.com\/de\/produkt\/keshan-iranischer-gebetsteppich-228-x-143-cm\/","title":{"rendered":"Keshan Iranischer Gebetsteppich 228 x 143 cm"},"content":{"rendered":"\t\t<div data-elementor-type=\"product-post\" data-elementor-id=\"74691\" class=\"elementor elementor-74691 elementor-74689\" data-elementor-post-type=\"product\">\n\t\t\t\t\t\t<section class=\"elementor-section elementor-top-section elementor-element elementor-element-487787d5 elementor-section-boxed elementor-section-height-default elementor-section-height-default\" data-id=\"487787d5\" data-element_type=\"section\" data-e-type=\"section\">\n\t\t\t\t\t\t<div class=\"elementor-container elementor-column-gap-default\">\n\t\t\t\t\t<div class=\"elementor-column elementor-col-100 elementor-top-column elementor-element elementor-element-4d872769\" data-id=\"4d872769\" data-element_type=\"column\" data-e-type=\"column\">\n\t\t\t<div class=\"elementor-widget-wrap elementor-element-populated\">\n\t\t\t\t\t\t<div class=\"elementor-element elementor-element-46705178 elementor-widget elementor-widget-text-editor\" data-id=\"46705178\" data-element_type=\"widget\" data-e-type=\"widget\" data-widget_type=\"text-editor.default\">\n\t\t\t\t<div class=\"elementor-widget-container\">\n\t\t\t\t\t\t\t\t\t<p><em><strong>Produktbeschreibung \/ Keshan Iranischer Gebetsteppich 228 x 143 cm: <\/strong><\/em><\/p>\n<p>Herstellungstechnik: handgekn\u00fcpft<\/p>\n<p>Kn\u00fcpfung: Senn\u00e9<\/p>\n<p>Knotendichte: 490.000\/Quadratmeter<\/p>\n<p>Kette: Baumwolle<\/p>\n<p>Schuss: Baumwolle<\/p>\n<p>Flor: Wolle<\/p>\n<p>Material: Wolle und Baumwolle<\/p>\n<p>Herkunftsland: Iran<\/p>\n<p>Farbstoffe: Anilin-Farbstoffe<\/p>\n<p>Alter: Anfang des 20. Jahrhunderts<\/p>\n<p><span style=\"color: var( --e-global-color-text ); font-size: var( --e-global-typography-text-font-size ); font-weight: var( --e-global-typography-text-font-weight ); letter-spacing: var(--the7-base-letter-spacing); text-transform: var(--the7-base-text-transform); word-spacing: normal;\">Zustand: nahezu perfekter Zustand, die untere Fransen fehlen an einigen Stellen. Gereinigt, gebrauchsfertig.<\/span><\/p>\n<p><span style=\"text-decoration: underline;\">Waschen und Pflegen:<\/span><\/p>\n<p>\u00dcberlassen Sie die Reinigung einem Fachmann. Wenn Sie m\u00f6chten, dass wir Ihren Teppich von Hand reinigen, rufen Sie bitte unseren Kundendienst an oder besuchen Sie unser Teppichreinigungsmen\u00fc. <\/p>\n<p>Teppiche k\u00f6nnen regelm\u00e4\u00dfig mit dem Staubsauger gereinigt werden, sollte etwas darauf versch\u00fcttet werden, ist es ratsam, es sofort mit einem trockenen Tuch aufzusaugen und mit einem milden Shampoo (pH-neutral) entfernt werden. Es lohnt sich, alle sechs Monate mit leicht ges\u00e4uertem Wasser (20 % Speiseessig verwenden) zu b\u00fcrsten, verwenden Sie dazu eine weiche Kleiderb\u00fcrste und sorgen Sie f\u00fcr eine schnelle Trocknung. Der Essig hellt die Farben auf und t\u00f6tet Motten und andere unerw\u00fcnschte Organismen ab. Sch\u00fctzen Sie Ihren Teppich vor starker Sonneneinstrahlung und drehen Sie ihn von Zeit zu Zeit, um sicherzustellen, dass er w\u00e4hrend der Nutzung gleichm\u00e4\u00dfig belastet wird. <\/p>\n<div class=\"elementor-price-list-text\">\n<div class=\"elementor-price-list-header\"><span class=\"elementor-price-list-title\"><a href=\"https:\/\/orientalcarpetshop.com\/keleti-szonyegek-tisztitasa\/\">Erfahren Sie mehr \u00fcber die Reinigung von Orientteppichen<\/a><\/span><\/div>\n<\/div>\n\t\t\t\t\t\t\t\t<\/div>\n\t\t\t\t<\/div>\n\t\t\t\t\t<\/div>\n\t\t<\/div>\n\t\t\t\t\t<\/div>\n\t\t<\/section>\n\t\t\t\t<section class=\"elementor-section elementor-top-section elementor-element elementor-element-344590fc elementor-section-boxed elementor-section-height-default elementor-section-height-default\" data-id=\"344590fc\" data-element_type=\"section\" data-e-type=\"section\">\n\t\t\t\t\t\t<div class=\"elementor-container elementor-column-gap-default\">\n\t\t\t\t\t<div class=\"elementor-column elementor-col-100 elementor-top-column elementor-element elementor-element-415aefb2\" data-id=\"415aefb2\" data-element_type=\"column\" data-e-type=\"column\">\n\t\t\t<div class=\"elementor-widget-wrap elementor-element-populated\">\n\t\t\t\t\t\t<div class=\"elementor-element elementor-element-b64d2c3 elementor-widget-divider--view-line elementor-widget elementor-widget-divider\" data-id=\"b64d2c3\" data-element_type=\"widget\" data-e-type=\"widget\" data-widget_type=\"divider.default\">\n\t\t\t\t<div class=\"elementor-widget-container\">\n\t\t\t\t\t\t\t<div class=\"elementor-divider\">\n\t\t\t<span class=\"elementor-divider-separator\">\n\t\t\t\t\t\t<\/span>\n\t\t<\/div>\n\t\t\t\t\t\t<\/div>\n\t\t\t\t<\/div>\n\t\t\t\t<div class=\"elementor-element elementor-element-12358a0f elementor-widget elementor-widget-heading\" data-id=\"12358a0f\" data-element_type=\"widget\" data-e-type=\"widget\" data-widget_type=\"heading.default\">\n\t\t\t\t<div class=\"elementor-widget-container\">\n\t\t\t\t\t<h2 class=\"elementor-heading-title elementor-size-default\">\u00c4hnliche Produkte<\/h2>\t\t\t\t<\/div>\n\t\t\t\t<\/div>\n\t\t\t\t<div class=\"elementor-element elementor-element-14a21ab0 elementor-widget-divider--view-line elementor-widget elementor-widget-divider\" data-id=\"14a21ab0\" data-element_type=\"widget\" data-e-type=\"widget\" data-widget_type=\"divider.default\">\n\t\t\t\t<div class=\"elementor-widget-container\">\n\t\t\t\t\t\t\t<div class=\"elementor-divider\">\n\t\t\t<span class=\"elementor-divider-separator\">\n\t\t\t\t\t\t<\/span>\n\t\t<\/div>\n\t\t\t\t\t\t<\/div>\n\t\t\t\t<\/div>\n\t\t\t\t\t<\/div>\n\t\t<\/div>\n\t\t\t\t\t<\/div>\n\t\t<\/section>\n\t\t\t\t<\/div>\n\t\t","protected":false},"excerpt":{"rendered":"<ul>\n<li>Gr\u00f6\u00dfe: 228 x 143 cm<\/li>\n<li>Artikel Nr.: KR1949<\/li>\n<li>9.9 kg<\/li>\n<\/ul>\n","protected":false},"featured_media":74649,"template":"","meta":[],"product_brand":[],"product_cat":[771,777],"product_tag":[],"class_list":{"0":"post-74691","1":"product","2":"type-product","3":"status-publish","4":"has-post-thumbnail","6":"product_cat-orientteppich","7":"product_cat-vintage-teppich","8":"pa_meret-230-x-150-de","9":"pa_minta-gebet","10":"pa_minta-pflanzenmuster","11":"pa_minta-vase-de","12":"pa_szin-blau","13":"pa_szin-dunkelblau","14":"pa_szin-hellblau","15":"pa_szin-hellbraun-de","16":"pa_szin-orange-de","17":"pa_szin-pfirsichfarbe","18":"pa_szin-rot-de","19":"pa_szin-schwartz","20":"pa_szin-weis","22":"first","23":"instock","24":"sale","25":"taxable","26":"shipping-taxable","27":"purchasable","28":"product-type-simple"},"_links":{"self":[{"href":"https:\/\/orientalcarpetshop.com\/de\/wp-json\/wp\/v2\/product\/74691","targetHints":{"allow":["GET"]}}],"collection":[{"href":"https:\/\/orientalcarpetshop.com\/de\/wp-json\/wp\/v2\/product"}],"about":[{"href":"https:\/\/orientalcarpetshop.com\/de\/wp-json\/wp\/v2\/types\/product"}],"version-history":[{"count":0,"href":"https:\/\/orientalcarpetshop.com\/de\/wp-json\/wp\/v2\/product\/74691\/revisions"}],"wp:featuredmedia":[{"embeddable":true,"href":"https:\/\/orientalcarpetshop.com\/de\/wp-json\/wp\/v2\/media\/74649"}],"wp:attachment":[{"href":"https:\/\/orientalcarpetshop.com\/de\/wp-json\/wp\/v2\/media?parent=74691"}],"wp:term":[{"taxonomy":"product_brand","embeddable":true,"href":"https:\/\/orientalcarpetshop.com\/de\/wp-json\/wp\/v2\/product_brand?post=74691"},{"taxonomy":"product_cat","embeddable":true,"href":"https:\/\/orientalcarpetshop.com\/de\/wp-json\/wp\/v2\/product_cat?post=74691"},{"taxonomy":"product_tag","embeddable":true,"href":"https:\/\/orientalcarpetshop.com\/de\/wp-json\/wp\/v2\/product_tag?post=74691"}],"curies":[{"name":"wp","href":"https:\/\/api.w.org\/{rel}","templated":true}]}}