{"id":72563,"date":"2023-06-17T12:21:06","date_gmt":"2023-06-17T10:21:06","guid":{"rendered":"https:\/\/orientalcarpetshop.com\/?post_type=product&#038;p=72563"},"modified":"2024-10-04T00:59:41","modified_gmt":"2024-10-03T22:59:41","slug":"lilian-perserteppich","status":"publish","type":"product","link":"https:\/\/orientalcarpetshop.com\/de\/produkt\/lilian-perserteppich\/","title":{"rendered":"Lilian Perserteppich 2,10 x 1,44"},"content":{"rendered":"\t\t<div data-elementor-type=\"product-post\" data-elementor-id=\"72563\" class=\"elementor elementor-72563 elementor-72561\" data-elementor-post-type=\"product\">\n\t\t\t\t\t\t<section class=\"elementor-section elementor-top-section elementor-element elementor-element-487787d5 elementor-section-boxed elementor-section-height-default elementor-section-height-default\" data-id=\"487787d5\" data-element_type=\"section\" data-e-type=\"section\">\n\t\t\t\t\t\t<div class=\"elementor-container elementor-column-gap-default\">\n\t\t\t\t\t<div class=\"elementor-column elementor-col-100 elementor-top-column elementor-element elementor-element-4d872769\" data-id=\"4d872769\" data-element_type=\"column\" data-e-type=\"column\">\n\t\t\t<div class=\"elementor-widget-wrap elementor-element-populated\">\n\t\t\t\t\t\t<div class=\"elementor-element elementor-element-46705178 elementor-widget elementor-widget-text-editor\" data-id=\"46705178\" data-element_type=\"widget\" data-e-type=\"widget\" data-widget_type=\"text-editor.default\">\n\t\t\t\t<div class=\"elementor-widget-container\">\n\t\t\t\t\t\t\t\t\t<p><em><strong>Produktbeschreibung \/ Lilian Perserteppich : <\/strong><\/em><\/p>\n<p>Herstellungstechnik: handgekn\u00fcpft<\/p>\n<p>Kn\u00fcpfung: Senn\u00e9<\/p>\n<p>Knotendichte: 350 000\/ nm2<\/p>\n<p>Kette: Baumwolle<\/p>\n<p>Schuss: Baumwolle<\/p>\n<p>Material: 100% Wolle<\/p>\n<p>Herkunftsort: Persien<\/p>\n<p>Farbstoffe: pflanzliche Farbstoffe<\/p>\n<p>Alter: Jahrhundertwende<\/p>\n<p>Zustand: sch\u00f6ner \u00e4sthetischer Zustand, leichte Abnutzung an einigen Stellen. Gereinigt, einsatzbereit.<\/p>\n<p><span style=\"text-decoration: underline;\">Waschen und Pflegen:<\/span><\/p>\n<p>\u00dcberlassen Sie die Reinigung einem Fachmann. Wenn Sie m\u00f6chten, dass wir Ihren Teppich von Hand reinigen, rufen Sie bitte unseren Kundendienst an oder besuchen Sie unser Teppichreinigungsmen\u00fc. <\/p>\n<p>Teppiche k\u00f6nnen regelm\u00e4\u00dfig mit dem Staubsauger gereinigt werden, sollte etwas darauf versch\u00fcttet werden, ist es ratsam, es sofort mit einem trockenen Tuch aufzusaugen und mit einem milden Shampoo (pH-neutral) entfernt werden. Es lohnt sich, alle sechs Monate mit leicht ges\u00e4uertem Wasser (20 % Speiseessig verwenden) zu b\u00fcrsten, verwenden Sie dazu eine weiche Kleiderb\u00fcrste und sorgen Sie f\u00fcr eine schnelle Trocknung. Der Essig hellt die Farben auf und t\u00f6tet Motten und andere unerw\u00fcnschte Organismen ab.<\/p>\n<p>Sch\u00fctzen Sie Ihren Teppich vor starker Sonneneinstrahlung und drehen Sie ihn von Zeit zu Zeit, um sicherzustellen, dass er w\u00e4hrend der Nutzung gleichm\u00e4\u00dfig belastet wird.<\/p>\n<div class=\"elementor-price-list-text\">\n<div class=\"elementor-price-list-header\"><a href=\"https:\/\/orientalcarpetshop.com\/keleti-szonyegek-tisztitasa\/\"><span class=\"elementor-price-list-title\">Erfahren Sie mehr \u00fcber die Reinigung von Orientteppichen<\/span><\/a><\/div>\n<\/div>\n\t\t\t\t\t\t\t\t<\/div>\n\t\t\t\t<\/div>\n\t\t\t\t\t<\/div>\n\t\t<\/div>\n\t\t\t\t\t<\/div>\n\t\t<\/section>\n\t\t\t\t<section class=\"elementor-section elementor-top-section elementor-element elementor-element-67c4d8f6 elementor-section-boxed elementor-section-height-default elementor-section-height-default\" data-id=\"67c4d8f6\" data-element_type=\"section\" data-e-type=\"section\">\n\t\t\t\t\t\t<div class=\"elementor-container elementor-column-gap-default\">\n\t\t\t\t\t<div class=\"elementor-column elementor-col-100 elementor-top-column elementor-element elementor-element-753ae99c\" data-id=\"753ae99c\" data-element_type=\"column\" data-e-type=\"column\">\n\t\t\t<div class=\"elementor-widget-wrap elementor-element-populated\">\n\t\t\t\t\t\t<div class=\"elementor-element elementor-element-56e32321 elementor-widget-divider--view-line elementor-widget elementor-widget-divider\" data-id=\"56e32321\" data-element_type=\"widget\" data-e-type=\"widget\" data-widget_type=\"divider.default\">\n\t\t\t\t<div class=\"elementor-widget-container\">\n\t\t\t\t\t\t\t<div class=\"elementor-divider\">\n\t\t\t<span class=\"elementor-divider-separator\">\n\t\t\t\t\t\t<\/span>\n\t\t<\/div>\n\t\t\t\t\t\t<\/div>\n\t\t\t\t<\/div>\n\t\t\t\t<div class=\"elementor-element elementor-element-59247911 elementor-widget elementor-widget-heading\" data-id=\"59247911\" data-element_type=\"widget\" data-e-type=\"widget\" data-widget_type=\"heading.default\">\n\t\t\t\t<div class=\"elementor-widget-container\">\n\t\t\t\t\t<h2 class=\"elementor-heading-title elementor-size-default\">\u00c4hnliche Produkte<\/h2>\t\t\t\t<\/div>\n\t\t\t\t<\/div>\n\t\t\t\t<div class=\"elementor-element elementor-element-26d650e8 elementor-widget-divider--view-line elementor-widget elementor-widget-divider\" data-id=\"26d650e8\" data-element_type=\"widget\" data-e-type=\"widget\" data-widget_type=\"divider.default\">\n\t\t\t\t<div class=\"elementor-widget-container\">\n\t\t\t\t\t\t\t<div class=\"elementor-divider\">\n\t\t\t<span class=\"elementor-divider-separator\">\n\t\t\t\t\t\t<\/span>\n\t\t<\/div>\n\t\t\t\t\t\t<\/div>\n\t\t\t\t<\/div>\n\t\t\t\t\t<\/div>\n\t\t<\/div>\n\t\t\t\t\t<\/div>\n\t\t<\/section>\n\t\t\t\t<\/div>\n\t\t","protected":false},"excerpt":{"rendered":"<ul>\n<li>Gr\u00f6\u00dfe: 210 x 144 cm<\/li>\n<li>Artikel Nr.: KR1982<\/li>\n<li>6 kg<\/li>\n<\/ul>\n","protected":false},"featured_media":72566,"template":"","meta":[],"product_brand":[],"product_cat":[771,772],"product_tag":[],"class_list":{"0":"post-72563","1":"product","2":"type-product","3":"status-publish","4":"has-post-thumbnail","6":"product_cat-orientteppich","7":"product_cat-antiker-teppich","8":"pa_meret-200-x-140-de","9":"pa_minta-zentrales-medaillon","10":"pa_szin-blau","11":"pa_szin-hellblau","12":"pa_szin-terrakotta-de","14":"first","15":"outofstock","16":"sale","17":"taxable","18":"shipping-taxable","19":"purchasable","20":"product-type-simple"},"_links":{"self":[{"href":"https:\/\/orientalcarpetshop.com\/de\/wp-json\/wp\/v2\/product\/72563","targetHints":{"allow":["GET"]}}],"collection":[{"href":"https:\/\/orientalcarpetshop.com\/de\/wp-json\/wp\/v2\/product"}],"about":[{"href":"https:\/\/orientalcarpetshop.com\/de\/wp-json\/wp\/v2\/types\/product"}],"version-history":[{"count":0,"href":"https:\/\/orientalcarpetshop.com\/de\/wp-json\/wp\/v2\/product\/72563\/revisions"}],"wp:featuredmedia":[{"embeddable":true,"href":"https:\/\/orientalcarpetshop.com\/de\/wp-json\/wp\/v2\/media\/72566"}],"wp:attachment":[{"href":"https:\/\/orientalcarpetshop.com\/de\/wp-json\/wp\/v2\/media?parent=72563"}],"wp:term":[{"taxonomy":"product_brand","embeddable":true,"href":"https:\/\/orientalcarpetshop.com\/de\/wp-json\/wp\/v2\/product_brand?post=72563"},{"taxonomy":"product_cat","embeddable":true,"href":"https:\/\/orientalcarpetshop.com\/de\/wp-json\/wp\/v2\/product_cat?post=72563"},{"taxonomy":"product_tag","embeddable":true,"href":"https:\/\/orientalcarpetshop.com\/de\/wp-json\/wp\/v2\/product_tag?post=72563"}],"curies":[{"name":"wp","href":"https:\/\/api.w.org\/{rel}","templated":true}]}}