{"id":72486,"date":"2023-06-14T17:36:34","date_gmt":"2023-06-14T15:36:34","guid":{"rendered":"https:\/\/orientalcarpetshop.com\/?post_type=product&#038;p=72486"},"modified":"2026-04-22T10:22:08","modified_gmt":"2026-04-22T08:22:08","slug":"modernes-weisses-dekokissen","status":"publish","type":"product","link":"https:\/\/orientalcarpetshop.com\/de\/produkt\/modernes-weisses-dekokissen\/","title":{"rendered":"Modernes wei\u00dfes Dekokissen"},"content":{"rendered":"\t\t<div data-elementor-type=\"product-post\" data-elementor-id=\"72486\" class=\"elementor elementor-72486 elementor-72484\" data-elementor-post-type=\"product\">\n\t\t\t\t\t\t<section class=\"elementor-section elementor-top-section elementor-element elementor-element-12b9d162 elementor-section-boxed elementor-section-height-default elementor-section-height-default\" data-id=\"12b9d162\" data-element_type=\"section\" data-e-type=\"section\">\n\t\t\t\t\t\t<div class=\"elementor-container elementor-column-gap-default\">\n\t\t\t\t\t<div class=\"elementor-column elementor-col-100 elementor-top-column elementor-element elementor-element-5ee610d\" data-id=\"5ee610d\" data-element_type=\"column\" data-e-type=\"column\">\n\t\t\t<div class=\"elementor-widget-wrap elementor-element-populated\">\n\t\t\t\t\t\t<div class=\"elementor-element elementor-element-209394e3 elementor-widget elementor-widget-text-editor\" data-id=\"209394e3\" data-element_type=\"widget\" data-e-type=\"widget\" data-widget_type=\"text-editor.default\">\n\t\t\t\t<div class=\"elementor-widget-container\">\n\t\t\t\t\t\t\t\t\t<p><em><strong>Produktbeschreibung \/ Modernes wei\u00dfes Dekokissen: <\/strong><\/em><\/p><ul><li>Herstellungstechnik: maschinell gewebt<\/li><li>Material: Baumwolle und Acryl  <\/li><li>Herkunftsort: T\u00fcrkei<\/li><\/ul><p><em><strong>Kommentar:<\/strong><\/em><\/p><p>Werfen Sie einen Blick auf unsere Chenille-Kissenbez\u00fcge aus der T\u00fcrkei in verschiedenen Ottomane-Mustern.<\/p><p>Die Kissenbez\u00fcge sind weich im Griff, die F\u00fcllung ist mit einem Rei\u00dfverschluss austauschbar und bei 30 Grad in der Maschine waschbar.<\/p><p>Die Kissenf\u00fcllung ist im Preis nicht enthalten.<\/p><p> <\/p><p>Wir stellen Ihnen unseren maschinell gefertigten, modernen, wei\u00dfen, t\u00fcrkischen Dekokissenbezug vor, der fachm\u00e4nnisch aus pr\u00e4chtigem Chenille-Stoff hergestellt wurde. Der strahlend wei\u00dfe Farbton und das minimalistische Design machen sie zu einer vielseitigen Erg\u00e4nzung f\u00fcr jedes Interieur. Der Chenille-Stoff ist sowohl weich als auch strapazierf\u00e4hig und sorgt f\u00fcr lang anhaltenden Komfort. Mit tadellosen N\u00e4hen und einem robusten Rei\u00dfverschluss ist dieser Kopfkissenbezug f\u00fcr den t\u00e4glichen Gebrauch gemacht. Es verbindet zeitgen\u00f6ssischen Stil mit t\u00fcrkischer Kunst und verleiht Ihrer Einrichtung einen besonderen Glanz. Versch\u00f6nern Sie Ihren Raum mit diesem exquisiten, modernen, wei\u00dfen Dekokissenbezug, der m\u00fchelos modernen Reiz, Komfort und hochwertige Handwerkskunst vereint.<\/p>\t\t\t\t\t\t\t\t<\/div>\n\t\t\t\t<\/div>\n\t\t\t\t\t<\/div>\n\t\t<\/div>\n\t\t\t\t\t<\/div>\n\t\t<\/section>\n\t\t\t\t<section class=\"elementor-section elementor-top-section elementor-element elementor-element-1d9f101e elementor-section-boxed elementor-section-height-default elementor-section-height-default\" data-id=\"1d9f101e\" data-element_type=\"section\" data-e-type=\"section\">\n\t\t\t\t\t\t<div class=\"elementor-container elementor-column-gap-default\">\n\t\t\t\t\t<div class=\"elementor-column elementor-col-100 elementor-top-column elementor-element elementor-element-5dea9b33\" data-id=\"5dea9b33\" data-element_type=\"column\" data-e-type=\"column\">\n\t\t\t<div class=\"elementor-widget-wrap elementor-element-populated\">\n\t\t\t\t\t\t<div class=\"elementor-element elementor-element-3968cf26 elementor-widget-divider--view-line elementor-widget elementor-widget-divider\" data-id=\"3968cf26\" data-element_type=\"widget\" data-e-type=\"widget\" data-widget_type=\"divider.default\">\n\t\t\t\t<div class=\"elementor-widget-container\">\n\t\t\t\t\t\t\t<div class=\"elementor-divider\">\n\t\t\t<span class=\"elementor-divider-separator\">\n\t\t\t\t\t\t<\/span>\n\t\t<\/div>\n\t\t\t\t\t\t<\/div>\n\t\t\t\t<\/div>\n\t\t\t\t<div class=\"elementor-element elementor-element-6d1479b elementor-widget elementor-widget-heading\" data-id=\"6d1479b\" data-element_type=\"widget\" data-e-type=\"widget\" data-widget_type=\"heading.default\">\n\t\t\t\t<div class=\"elementor-widget-container\">\n\t\t\t\t\t<h2 class=\"elementor-heading-title elementor-size-default\">\u00c4hnliche Produkte<\/h2>\t\t\t\t<\/div>\n\t\t\t\t<\/div>\n\t\t\t\t<div class=\"elementor-element elementor-element-1e121ca2 elementor-widget-divider--view-line elementor-widget elementor-widget-divider\" data-id=\"1e121ca2\" data-element_type=\"widget\" data-e-type=\"widget\" data-widget_type=\"divider.default\">\n\t\t\t\t<div class=\"elementor-widget-container\">\n\t\t\t\t\t\t\t<div class=\"elementor-divider\">\n\t\t\t<span class=\"elementor-divider-separator\">\n\t\t\t\t\t\t<\/span>\n\t\t<\/div>\n\t\t\t\t\t\t<\/div>\n\t\t\t\t<\/div>\n\t\t\t\t\t<\/div>\n\t\t<\/div>\n\t\t\t\t\t<\/div>\n\t\t<\/section>\n\t\t\t\t<\/div>\n\t\t","protected":false},"excerpt":{"rendered":"<ul>\n<li>Gr\u00f6\u00dfe: 45 x 45 cm<\/li>\n<li>Artikel Nr.: PK2008<\/li>\n<li><strong>Der Preis enth\u00e4lt nicht die Kissenf\u00fcllung!<\/strong><\/li>\n<\/ul>\n","protected":false},"featured_media":72489,"template":"","meta":[],"product_brand":[],"product_cat":[763,769],"product_tag":[],"class_list":{"0":"post-72486","1":"product","2":"type-product","3":"status-publish","4":"has-post-thumbnail","6":"product_cat-kissenbezug","7":"product_cat-turkischer-kissenbezug","8":"pa_minta-modern-de","9":"pa_szin-weis","11":"first","12":"instock","13":"sale","14":"taxable","15":"shipping-taxable","16":"purchasable","17":"product-type-simple"},"_links":{"self":[{"href":"https:\/\/orientalcarpetshop.com\/de\/wp-json\/wp\/v2\/product\/72486","targetHints":{"allow":["GET"]}}],"collection":[{"href":"https:\/\/orientalcarpetshop.com\/de\/wp-json\/wp\/v2\/product"}],"about":[{"href":"https:\/\/orientalcarpetshop.com\/de\/wp-json\/wp\/v2\/types\/product"}],"version-history":[{"count":1,"href":"https:\/\/orientalcarpetshop.com\/de\/wp-json\/wp\/v2\/product\/72486\/revisions"}],"predecessor-version":[{"id":162656,"href":"https:\/\/orientalcarpetshop.com\/de\/wp-json\/wp\/v2\/product\/72486\/revisions\/162656"}],"wp:featuredmedia":[{"embeddable":true,"href":"https:\/\/orientalcarpetshop.com\/de\/wp-json\/wp\/v2\/media\/72489"}],"wp:attachment":[{"href":"https:\/\/orientalcarpetshop.com\/de\/wp-json\/wp\/v2\/media?parent=72486"}],"wp:term":[{"taxonomy":"product_brand","embeddable":true,"href":"https:\/\/orientalcarpetshop.com\/de\/wp-json\/wp\/v2\/product_brand?post=72486"},{"taxonomy":"product_cat","embeddable":true,"href":"https:\/\/orientalcarpetshop.com\/de\/wp-json\/wp\/v2\/product_cat?post=72486"},{"taxonomy":"product_tag","embeddable":true,"href":"https:\/\/orientalcarpetshop.com\/de\/wp-json\/wp\/v2\/product_tag?post=72486"}],"curies":[{"name":"wp","href":"https:\/\/api.w.org\/{rel}","templated":true}]}}