{"id":69579,"date":"2023-04-06T17:52:14","date_gmt":"2023-04-06T15:52:14","guid":{"rendered":"https:\/\/orientalcarpetshop.com\/?post_type=product&#038;p=69579"},"modified":"2024-10-04T01:04:34","modified_gmt":"2024-10-03T23:04:34","slug":"kissenbezug-mit-vogel","status":"publish","type":"product","link":"https:\/\/orientalcarpetshop.com\/de\/produkt\/kissenbezug-mit-vogel\/","title":{"rendered":"Kissenbezug mit Vogel"},"content":{"rendered":"\t\t<div data-elementor-type=\"product-post\" data-elementor-id=\"69579\" class=\"elementor elementor-69579 elementor-69577\" data-elementor-post-type=\"product\">\n\t\t\t\t\t\t<section class=\"elementor-section elementor-top-section elementor-element elementor-element-1cd0b9b7 elementor-section-boxed elementor-section-height-default elementor-section-height-default\" data-id=\"1cd0b9b7\" data-element_type=\"section\" data-e-type=\"section\">\n\t\t\t\t\t\t<div class=\"elementor-container elementor-column-gap-default\">\n\t\t\t\t\t<div class=\"elementor-column elementor-col-100 elementor-top-column elementor-element elementor-element-2126825c\" data-id=\"2126825c\" data-element_type=\"column\" data-e-type=\"column\">\n\t\t\t<div class=\"elementor-widget-wrap elementor-element-populated\">\n\t\t\t\t\t\t<div class=\"elementor-element elementor-element-6ab5e270 elementor-widget elementor-widget-text-editor\" data-id=\"6ab5e270\" data-element_type=\"widget\" data-e-type=\"widget\" data-widget_type=\"text-editor.default\">\n\t\t\t\t<div class=\"elementor-widget-container\">\n\t\t\t\t\t\t\t\t\t<p><em><strong>Produktbeschreibung \/ Kissenbezug mit Vogel: <\/strong><\/em><\/p>\n<ul>\n<li>Herstellungstechnik: maschinell gewebt<\/li>\n<li>Material: Baumwolle und Acryl<\/li>\n<li>Herkunftsort: T\u00fcrkei<\/li>\n<\/ul>\n<p><em><strong>Kommentar:<\/strong><\/em><\/p>\n<p>Werfen Sie einen Blick auf unsere Chenille-Kissenbez\u00fcge aus der T\u00fcrkei mit verschiedenen Katzenmustern.<\/p>\n<p>Die R\u00fcckseiten der Kissenbez\u00fcge sind weich, die F\u00fcllung ist durch einen Rei\u00dfverschluss austauschbar und bei 30 Grad in der Maschine waschbar.<\/p>\n<p>Die Kissenf\u00fcllung ist im Preis nicht enthalten.<\/p><\/p>\n\t\t\t\t\t\t\t\t<\/div>\n\t\t\t\t<\/div>\n\t\t\t\t\t<\/div>\n\t\t<\/div>\n\t\t\t\t\t<\/div>\n\t\t<\/section>\n\t\t\t\t<\/div>\n\t\t","protected":false},"excerpt":{"rendered":"<ul>\n<li>Gr\u00f6\u00dfe: 45 x 45 cm<\/li>\n<li>Artikel Nr.: pk-055<\/li>\n<li><strong>Der Preis enth\u00e4lt nicht die Kissenf\u00fcllung!<\/strong><\/li>\n<\/ul>\n","protected":false},"featured_media":69591,"template":"","meta":[],"product_brand":[],"product_cat":[763,765],"product_tag":[],"class_list":{"0":"post-69579","1":"product","2":"type-product","3":"status-publish","4":"has-post-thumbnail","6":"product_cat-kissenbezug","7":"product_cat-katzen-kissenhulle","9":"first","10":"instock","11":"sale","12":"taxable","13":"shipping-taxable","14":"purchasable","15":"product-type-simple"},"_links":{"self":[{"href":"https:\/\/orientalcarpetshop.com\/de\/wp-json\/wp\/v2\/product\/69579","targetHints":{"allow":["GET"]}}],"collection":[{"href":"https:\/\/orientalcarpetshop.com\/de\/wp-json\/wp\/v2\/product"}],"about":[{"href":"https:\/\/orientalcarpetshop.com\/de\/wp-json\/wp\/v2\/types\/product"}],"version-history":[{"count":0,"href":"https:\/\/orientalcarpetshop.com\/de\/wp-json\/wp\/v2\/product\/69579\/revisions"}],"wp:featuredmedia":[{"embeddable":true,"href":"https:\/\/orientalcarpetshop.com\/de\/wp-json\/wp\/v2\/media\/69591"}],"wp:attachment":[{"href":"https:\/\/orientalcarpetshop.com\/de\/wp-json\/wp\/v2\/media?parent=69579"}],"wp:term":[{"taxonomy":"product_brand","embeddable":true,"href":"https:\/\/orientalcarpetshop.com\/de\/wp-json\/wp\/v2\/product_brand?post=69579"},{"taxonomy":"product_cat","embeddable":true,"href":"https:\/\/orientalcarpetshop.com\/de\/wp-json\/wp\/v2\/product_cat?post=69579"},{"taxonomy":"product_tag","embeddable":true,"href":"https:\/\/orientalcarpetshop.com\/de\/wp-json\/wp\/v2\/product_tag?post=69579"}],"curies":[{"name":"wp","href":"https:\/\/api.w.org\/{rel}","templated":true}]}}