{"id":68979,"date":"2023-03-25T12:19:19","date_gmt":"2023-03-25T10:19:19","guid":{"rendered":"https:\/\/orientalcarpetshop.com\/?post_type=product&#038;p=68979"},"modified":"2024-10-04T01:04:40","modified_gmt":"2024-10-03T23:04:40","slug":"ghom-seidenteppich-154-x-98-cm","status":"publish","type":"product","link":"https:\/\/orientalcarpetshop.com\/de\/produkt\/ghom-seidenteppich-154-x-98-cm\/","title":{"rendered":"Ghom Seidenteppich 154 x 98 cm"},"content":{"rendered":"\t\t<div data-elementor-type=\"product-post\" data-elementor-id=\"68979\" class=\"elementor elementor-68979 elementor-68977\" data-elementor-post-type=\"product\">\n\t\t\t\t\t\t<section class=\"elementor-section elementor-top-section elementor-element elementor-element-487787d5 elementor-section-boxed elementor-section-height-default elementor-section-height-default\" data-id=\"487787d5\" data-element_type=\"section\" data-e-type=\"section\">\n\t\t\t\t\t\t<div class=\"elementor-container elementor-column-gap-default\">\n\t\t\t\t\t<div class=\"elementor-column elementor-col-100 elementor-top-column elementor-element elementor-element-4d872769\" data-id=\"4d872769\" data-element_type=\"column\" data-e-type=\"column\">\n\t\t\t<div class=\"elementor-widget-wrap elementor-element-populated\">\n\t\t\t\t\t\t<div class=\"elementor-element elementor-element-46705178 elementor-widget elementor-widget-text-editor\" data-id=\"46705178\" data-element_type=\"widget\" data-e-type=\"widget\" data-widget_type=\"text-editor.default\">\n\t\t\t\t<div class=\"elementor-widget-container\">\n\t\t\t\t\t\t\t\t\t<p><em><strong>Produktbeschreibung \/ Ghom Seidenteppich 154 x 98 cm, markiert: <\/strong><\/em><\/p>\n<ul>\n<li>Herstellungstechnik: handgekn\u00fcpft &#8211; Senn\u00e9-Kn\u00fcpfung &#8211; 1.000.000 Knoten pro Quadratmeter<\/li>\n<li>Schuss: Seide<\/li>\n<li>Kette: Seide<\/li>\n<li>Material: 100% Seide<\/li>\n<li>Herkunftsland: Iran<\/li>\n<li>Farbstoffe: Anilin-Farbstoffe<\/li>\n<li>Alter: Neues Produkt<\/li>\n<\/ul>\n<p>Waschen und Pflegen:<\/p>\n<p>\u00dcberlassen Sie die Reinigung einem Fachmann. Wenn Sie m\u00f6chten, dass wir Ihren Teppich von Hand reinigen, rufen Sie bitte unseren Kundendienst an oder besuchen Sie unser Teppichreinigungsmen\u00fc. <\/p>\n<p>Sch\u00fctzen Sie Ihren Teppich vor starker Sonneneinstrahlung und drehen Sie ihn von Zeit zu Zeit, um sicherzustellen, dass er w\u00e4hrend der Nutzung gleichm\u00e4\u00dfig belastet wird.<\/p>\n\t\t\t\t\t\t\t\t<\/div>\n\t\t\t\t<\/div>\n\t\t\t\t\t<\/div>\n\t\t<\/div>\n\t\t\t\t\t<\/div>\n\t\t<\/section>\n\t\t\t\t<\/div>\n\t\t","protected":false},"excerpt":{"rendered":"<ul>\n<li>Gr\u00f6\u00dfe: 154 x 98 cm<\/li>\n<li>Artikel Nummer: SE001<\/li>\n<li>2.7 kg<\/li>\n<\/ul>\n","protected":false},"featured_media":68982,"template":"","meta":[],"product_brand":[],"product_cat":[771,776],"product_tag":[],"class_list":{"0":"post-68979","1":"product","2":"type-product","3":"status-publish","4":"has-post-thumbnail","6":"product_cat-orientteppich","7":"product_cat-seidenteppich","8":"pa_meret-160-x-100-de","9":"pa_minta-pflanzenmuster","10":"pa_minta-zentrales-medaillon","11":"pa_szin-blau","12":"pa_szin-burgund-farbe","13":"pa_szin-dunkelblau","14":"pa_szin-gelb","15":"pa_szin-grun","16":"pa_szin-orange-de","17":"pa_szin-rot-de","18":"pa_szin-turkis","19":"pa_szin-weis","21":"first","22":"instock","23":"sale","24":"taxable","25":"shipping-taxable","26":"purchasable","27":"product-type-simple"},"_links":{"self":[{"href":"https:\/\/orientalcarpetshop.com\/de\/wp-json\/wp\/v2\/product\/68979","targetHints":{"allow":["GET"]}}],"collection":[{"href":"https:\/\/orientalcarpetshop.com\/de\/wp-json\/wp\/v2\/product"}],"about":[{"href":"https:\/\/orientalcarpetshop.com\/de\/wp-json\/wp\/v2\/types\/product"}],"version-history":[{"count":0,"href":"https:\/\/orientalcarpetshop.com\/de\/wp-json\/wp\/v2\/product\/68979\/revisions"}],"wp:featuredmedia":[{"embeddable":true,"href":"https:\/\/orientalcarpetshop.com\/de\/wp-json\/wp\/v2\/media\/68982"}],"wp:attachment":[{"href":"https:\/\/orientalcarpetshop.com\/de\/wp-json\/wp\/v2\/media?parent=68979"}],"wp:term":[{"taxonomy":"product_brand","embeddable":true,"href":"https:\/\/orientalcarpetshop.com\/de\/wp-json\/wp\/v2\/product_brand?post=68979"},{"taxonomy":"product_cat","embeddable":true,"href":"https:\/\/orientalcarpetshop.com\/de\/wp-json\/wp\/v2\/product_cat?post=68979"},{"taxonomy":"product_tag","embeddable":true,"href":"https:\/\/orientalcarpetshop.com\/de\/wp-json\/wp\/v2\/product_tag?post=68979"}],"curies":[{"name":"wp","href":"https:\/\/api.w.org\/{rel}","templated":true}]}}