{"id":67086,"date":"2023-02-28T17:04:31","date_gmt":"2023-02-28T15:04:31","guid":{"rendered":"https:\/\/orientalcarpetshop.com\/?post_type=product&#038;p=67086"},"modified":"2024-10-04T01:09:37","modified_gmt":"2024-10-03T23:09:37","slug":"turkischer-keramikbechere-3","status":"publish","type":"product","link":"https:\/\/orientalcarpetshop.com\/de\/produkt\/turkischer-keramikbechere-3\/","title":{"rendered":"T\u00fcrkischer Keramikbecher"},"content":{"rendered":"\t\t<div data-elementor-type=\"product-post\" data-elementor-id=\"67086\" class=\"elementor elementor-67086 elementor-67084\" data-elementor-post-type=\"product\">\n\t\t\t\t\t\t<section class=\"elementor-section elementor-top-section elementor-element elementor-element-57d49d0a elementor-section-boxed elementor-section-height-default elementor-section-height-default\" data-id=\"57d49d0a\" data-element_type=\"section\" data-e-type=\"section\">\n\t\t\t\t\t\t<div class=\"elementor-container elementor-column-gap-default\">\n\t\t\t\t\t<div class=\"elementor-column elementor-col-100 elementor-top-column elementor-element elementor-element-1eb25d0f\" data-id=\"1eb25d0f\" data-element_type=\"column\" data-e-type=\"column\">\n\t\t\t<div class=\"elementor-widget-wrap elementor-element-populated\">\n\t\t\t\t\t\t<div class=\"elementor-element elementor-element-26cbdfed elementor-widget elementor-widget-text-editor\" data-id=\"26cbdfed\" data-element_type=\"widget\" data-e-type=\"widget\" data-widget_type=\"text-editor.default\">\n\t\t\t\t<div class=\"elementor-widget-container\">\n\t\t\t\t\t\t\t\t\t<p><em><strong>Produktbeschreibung\/ T\u00fcrkischer Keramikbecher: <\/strong><\/em><\/p>\n<ul>\n<li>Herstellungstechnik: Handarbeit<\/li>\n<li>Material: Keramik<\/li>\n<li>Herkunftsort: T\u00fcrkei<\/li>\n<\/ul>\n\t\t\t\t\t\t\t\t<\/div>\n\t\t\t\t<\/div>\n\t\t\t\t\t<\/div>\n\t\t<\/div>\n\t\t\t\t\t<\/div>\n\t\t<\/section>\n\t\t\t\t<\/div>\n\t\t","protected":false},"excerpt":{"rendered":"<ul>\n<li>Gr\u00f6\u00dfe: H\u00f6he: 10 cm,<br \/>\nBreite: 12 cm, Durchmesser: 8 cm.<\/li>\n<li>Artikel Nr.: CB23-F1<\/li>\n<\/ul>\n","protected":false},"featured_media":69107,"template":"","meta":[],"product_brand":[],"product_cat":[1191,1192],"product_tag":[],"class_list":{"0":"post-67086","1":"product","2":"type-product","3":"status-publish","4":"has-post-thumbnail","6":"product_cat-keramik","7":"product_cat-turkischer-keramik","9":"first","10":"outofstock","11":"sale","12":"taxable","13":"shipping-taxable","14":"purchasable","15":"product-type-simple"},"_links":{"self":[{"href":"https:\/\/orientalcarpetshop.com\/de\/wp-json\/wp\/v2\/product\/67086","targetHints":{"allow":["GET"]}}],"collection":[{"href":"https:\/\/orientalcarpetshop.com\/de\/wp-json\/wp\/v2\/product"}],"about":[{"href":"https:\/\/orientalcarpetshop.com\/de\/wp-json\/wp\/v2\/types\/product"}],"version-history":[{"count":0,"href":"https:\/\/orientalcarpetshop.com\/de\/wp-json\/wp\/v2\/product\/67086\/revisions"}],"wp:featuredmedia":[{"embeddable":true,"href":"https:\/\/orientalcarpetshop.com\/de\/wp-json\/wp\/v2\/media\/69107"}],"wp:attachment":[{"href":"https:\/\/orientalcarpetshop.com\/de\/wp-json\/wp\/v2\/media?parent=67086"}],"wp:term":[{"taxonomy":"product_brand","embeddable":true,"href":"https:\/\/orientalcarpetshop.com\/de\/wp-json\/wp\/v2\/product_brand?post=67086"},{"taxonomy":"product_cat","embeddable":true,"href":"https:\/\/orientalcarpetshop.com\/de\/wp-json\/wp\/v2\/product_cat?post=67086"},{"taxonomy":"product_tag","embeddable":true,"href":"https:\/\/orientalcarpetshop.com\/de\/wp-json\/wp\/v2\/product_tag?post=67086"}],"curies":[{"name":"wp","href":"https:\/\/api.w.org\/{rel}","templated":true}]}}