{"id":62301,"date":"2022-09-16T15:25:57","date_gmt":"2022-09-16T13:25:57","guid":{"rendered":"https:\/\/orientalcarpetshop.com\/termek\/antikes-gesticktes-kalaga-wandbild-133-x-106-cm\/"},"modified":"2024-10-04T01:19:37","modified_gmt":"2024-10-03T23:19:37","slug":"antikes-gesticktes-kalaga-wandbild","status":"publish","type":"product","link":"https:\/\/orientalcarpetshop.com\/de\/produkt\/antikes-gesticktes-kalaga-wandbild\/","title":{"rendered":"Antikes gesticktes Kalaga-Wandbild 133 x 106 cm"},"content":{"rendered":"\t\t<div data-elementor-type=\"product-post\" data-elementor-id=\"62301\" class=\"elementor elementor-62301 elementor-53843\" data-elementor-post-type=\"product\">\n\t\t\t\t\t\t<section class=\"elementor-section elementor-top-section elementor-element elementor-element-487787d5 elementor-section-boxed elementor-section-height-default elementor-section-height-default\" data-id=\"487787d5\" data-element_type=\"section\" data-e-type=\"section\">\n\t\t\t\t\t\t<div class=\"elementor-container elementor-column-gap-default\">\n\t\t\t\t\t<div class=\"elementor-column elementor-col-100 elementor-top-column elementor-element elementor-element-4d872769\" data-id=\"4d872769\" data-element_type=\"column\" data-e-type=\"column\">\n\t\t\t<div class=\"elementor-widget-wrap elementor-element-populated\">\n\t\t\t\t\t\t<div class=\"elementor-element elementor-element-46705178 elementor-widget elementor-widget-text-editor\" data-id=\"46705178\" data-element_type=\"widget\" data-e-type=\"widget\" data-widget_type=\"text-editor.default\">\n\t\t\t\t<div class=\"elementor-widget-container\">\n\t\t\t\t\t\t\t\t\t<p><em><strong>Produktbeschreibung \/ Antikes gesticktes Kalaga-Wandbild: <\/strong><\/em><\/p>\n<p>Herstellungstechnik: handgefertigt<\/p>\n<p>Material: Baumwolle und eine Vielzahl von Dekostoffen<\/p>\n<p>Herkunftsort: Burma<\/p>\n<p>Alter: Ende des 19. Jahrhunderts<\/p>\n<p>Zustand: Sehr guter Zustand. Gereinigt, gebrauchsfertig.<\/p>\n<p>Ein Kalaga ist ein dicht bestickter Wandbehang, der in der Regel aus Seide, Flanell, Wolle und Spitze auf einem Baumwoll- oder Samtgrund hergestellt wird. Kalaga ist ein Kunsthandwerk burmesischen (offiziell myanmarischen) Ursprungs. <\/p>\n<p>Kalaga ist ein burmesisches Wort und bedeutet Vorhang, aber die Burmesen nennen es shwe gyi <span style=\"letter-spacing: var(--the7-base-letter-spacing);text-transform: var(--the7-base-text-transform)\">do oder Goldfadenstickerei. Diese Kunsthandwerke werden in der Shwe-Gyi-N\u00e4htechnik hergestellt. <\/span><span style=\"letter-spacing: var(--the7-base-letter-spacing);text-transform: var(--the7-base-text-transform)\">Diese Kunstform entstand w\u00e4hrend der Konbaung-Dynastie in der Mitte des 19. Jahrhunderts und erreichte ihren H\u00f6hepunkt w\u00e4hrend der Herrschaft von Mindon Min, als Samt in Hofkreisen popul\u00e4r wurde.<\/span><\/p>\n<p>Beim typischen Kalaga-Handwerk werden die gepolsterten Figuren aus verschiedenen Textilien geschnitten und dann auf einen meist roten oder schwarzen Hintergrund gen\u00e4ht, so dass eine sorgf\u00e4ltig gearbeitete figurale Szene entsteht, traditionell aus einem klassischen birmanischen Theaterst\u00fcck wie dem Ramayana oder dem Jataka. <span style=\"letter-spacing: var(--the7-base-letter-spacing);text-transform: var(--the7-base-text-transform)\">Die Formen werden mit einer Vielzahl von Metall- oder traditionellen F\u00e4den gen\u00e4ht<\/span> <span style=\"letter-spacing: var(--the7-base-letter-spacing);text-transform: var(--the7-base-text-transform)\">und mit Pailletten, Perlen, Glasperlen und anderen metallischen Ornamenten verziert.<\/span><\/p>\n<p><span style=\"text-decoration: underline\">Waschen und Pflegen:<\/span><\/p>\n<p>\u00dcberlassen Sie die Reinigung einem Fachmann. Wenn Sie m\u00f6chten, dass wir Ihren Teppich professionell reinigen, rufen Sie bitte unseren Kundendienst an oder besuchen Sie unseren Men\u00fcpunkt Teppichreinigung. <\/p>\n<\/p>\n<div> <\/div>\n\t\t\t\t\t\t\t\t<\/div>\n\t\t\t\t<\/div>\n\t\t\t\t\t<\/div>\n\t\t<\/div>\n\t\t\t\t\t<\/div>\n\t\t<\/section>\n\t\t\t\t<\/div>\n\t\t","protected":false},"excerpt":{"rendered":"<ul>\n<li>Gr\u00f6\u00dfe: 133 x 106 cm<\/li>\n<li>Artikel Nr.: KR1151<\/li>\n<li>4 kg<\/li>\n<\/ul>\n","protected":false},"featured_media":53846,"template":"","meta":[],"product_brand":[],"product_cat":[771,772],"product_tag":[],"class_list":{"0":"post-62301","1":"product","2":"type-product","3":"status-publish","4":"has-post-thumbnail","6":"product_cat-orientteppich","7":"product_cat-antiker-teppich","9":"first","10":"outofstock","11":"sale","12":"taxable","13":"shipping-taxable","14":"purchasable","15":"product-type-simple"},"_links":{"self":[{"href":"https:\/\/orientalcarpetshop.com\/de\/wp-json\/wp\/v2\/product\/62301","targetHints":{"allow":["GET"]}}],"collection":[{"href":"https:\/\/orientalcarpetshop.com\/de\/wp-json\/wp\/v2\/product"}],"about":[{"href":"https:\/\/orientalcarpetshop.com\/de\/wp-json\/wp\/v2\/types\/product"}],"version-history":[{"count":0,"href":"https:\/\/orientalcarpetshop.com\/de\/wp-json\/wp\/v2\/product\/62301\/revisions"}],"wp:featuredmedia":[{"embeddable":true,"href":"https:\/\/orientalcarpetshop.com\/de\/wp-json\/wp\/v2\/media\/53846"}],"wp:attachment":[{"href":"https:\/\/orientalcarpetshop.com\/de\/wp-json\/wp\/v2\/media?parent=62301"}],"wp:term":[{"taxonomy":"product_brand","embeddable":true,"href":"https:\/\/orientalcarpetshop.com\/de\/wp-json\/wp\/v2\/product_brand?post=62301"},{"taxonomy":"product_cat","embeddable":true,"href":"https:\/\/orientalcarpetshop.com\/de\/wp-json\/wp\/v2\/product_cat?post=62301"},{"taxonomy":"product_tag","embeddable":true,"href":"https:\/\/orientalcarpetshop.com\/de\/wp-json\/wp\/v2\/product_tag?post=62301"}],"curies":[{"name":"wp","href":"https:\/\/api.w.org\/{rel}","templated":true}]}}