{"id":61755,"date":"2022-05-27T15:35:31","date_gmt":"2022-05-27T13:35:31","guid":{"rendered":"https:\/\/orientalcarpetshop.com\/termek\/ottomane-tisch-kugellampe\/"},"modified":"2024-10-04T01:29:38","modified_gmt":"2024-10-03T23:29:38","slug":"ottomane-tisch-kugellampe","status":"publish","type":"product","link":"https:\/\/orientalcarpetshop.com\/de\/produkt\/ottomane-tisch-kugellampe\/","title":{"rendered":"Ottomane Tisch Kugellampe"},"content":{"rendered":"\t\t<div data-elementor-type=\"product-post\" data-elementor-id=\"61755\" class=\"elementor elementor-61755 elementor-45558\" data-elementor-post-type=\"product\">\n\t\t\t\t\t\t<section class=\"elementor-section elementor-top-section elementor-element elementor-element-4dee7710 elementor-section-boxed elementor-section-height-default elementor-section-height-default\" data-id=\"4dee7710\" data-element_type=\"section\" data-e-type=\"section\">\n\t\t\t\t\t\t<div class=\"elementor-container elementor-column-gap-default\">\n\t\t\t\t\t<div class=\"elementor-column elementor-col-100 elementor-top-column elementor-element elementor-element-139a214c\" data-id=\"139a214c\" data-element_type=\"column\" data-e-type=\"column\">\n\t\t\t<div class=\"elementor-widget-wrap elementor-element-populated\">\n\t\t\t\t\t\t<div class=\"elementor-element elementor-element-3f75a688 elementor-widget elementor-widget-text-editor\" data-id=\"3f75a688\" data-element_type=\"widget\" data-e-type=\"widget\" data-widget_type=\"text-editor.default\">\n\t\t\t\t<div class=\"elementor-widget-container\">\n\t\t\t\t\t\t\t\t\t<p><em><strong>Produktbeschreibung \/ Ottomane Tisch Kugellampe: <\/strong><\/em><\/p>\n<p><em>Werfen Sie einen Blick auf unsere Tischlampen aus der T\u00fcrkei in verschiedenen Mustern.<\/em><\/p>\n<p style=\"text-align: left\">Herkunftsland: T\u00fcrkei, handgefertigtes Produkt<\/p>\n<p style=\"text-align: left\">Material des Glases: gesprungenes Glas.<\/p>\n<p>Material der Metallteile: Messing, Bronze, poliert und gegen Oxidation behandelt.<\/p>\n<p>Gl\u00fchbirnengr\u00f6\u00dfe: E27 in der EU und im Vereinigten K\u00f6nigreich, E26 in den USA und Kanada.<\/p>\n<p>Eingangsspannung: kompatibel mit 220 V und 120 V<\/p>\n<p>Anschlussstecker: Erh\u00e4ltlich in Gro\u00dfbritannien, USA und Kanada, EU und AU<\/p>\n<p>Zertifikat: CE-zertifiziert<\/p>\n<p>Verwendung: Dekorative Leuchte<\/p>\n<p>Anwendung: Wohnungen, H\u00e4user, Hotels, Restaurants, Caf\u00e9s, Gesch\u00e4fte<\/p>\n<p>Verpackung: Luftpolsterfolie und Karton. Individuelle Verpackungen sind ebenfalls m\u00f6glich, bitte kontaktieren Sie unseren Kundenservice f\u00fcr weitere Informationen.<\/p>\n<p>Gewicht: 3 kg<\/p>\n<p>Gl\u00fchbirne: Nicht enthalten.<\/p>\n\t\t\t\t\t\t\t\t<\/div>\n\t\t\t\t<\/div>\n\t\t\t\t\t<\/div>\n\t\t<\/div>\n\t\t\t\t\t<\/div>\n\t\t<\/section>\n\t\t\t\t<\/div>\n\t\t","protected":false},"excerpt":{"rendered":"<ul>\n<li>H\u00f6he: 55 cm, Breite: 20 cm, Breite des Sockels: 20 cm.<\/li>\n<li>Artikel Nr.: MT30-Lazer<\/li>\n<\/ul>\n","protected":false},"featured_media":49453,"template":"","meta":[],"product_brand":[],"product_cat":[778,780],"product_tag":[],"class_list":{"0":"post-61755","1":"product","2":"type-product","3":"status-publish","4":"has-post-thumbnail","6":"product_cat-lampe","7":"product_cat-tischlampe","8":"pa_szin-gelb","9":"pa_szin-weis","11":"first","12":"instock","13":"sale","14":"taxable","15":"shipping-taxable","16":"purchasable","17":"product-type-simple"},"_links":{"self":[{"href":"https:\/\/orientalcarpetshop.com\/de\/wp-json\/wp\/v2\/product\/61755","targetHints":{"allow":["GET"]}}],"collection":[{"href":"https:\/\/orientalcarpetshop.com\/de\/wp-json\/wp\/v2\/product"}],"about":[{"href":"https:\/\/orientalcarpetshop.com\/de\/wp-json\/wp\/v2\/types\/product"}],"version-history":[{"count":0,"href":"https:\/\/orientalcarpetshop.com\/de\/wp-json\/wp\/v2\/product\/61755\/revisions"}],"wp:featuredmedia":[{"embeddable":true,"href":"https:\/\/orientalcarpetshop.com\/de\/wp-json\/wp\/v2\/media\/49453"}],"wp:attachment":[{"href":"https:\/\/orientalcarpetshop.com\/de\/wp-json\/wp\/v2\/media?parent=61755"}],"wp:term":[{"taxonomy":"product_brand","embeddable":true,"href":"https:\/\/orientalcarpetshop.com\/de\/wp-json\/wp\/v2\/product_brand?post=61755"},{"taxonomy":"product_cat","embeddable":true,"href":"https:\/\/orientalcarpetshop.com\/de\/wp-json\/wp\/v2\/product_cat?post=61755"},{"taxonomy":"product_tag","embeddable":true,"href":"https:\/\/orientalcarpetshop.com\/de\/wp-json\/wp\/v2\/product_tag?post=61755"}],"curies":[{"name":"wp","href":"https:\/\/api.w.org\/{rel}","templated":true}]}}