{"id":60404,"date":"2022-08-17T15:10:26","date_gmt":"2022-08-17T13:10:26","guid":{"rendered":"https:\/\/orientalcarpetshop.com\/termek\/milchglas-deckenleuchte\/"},"modified":"2024-10-04T01:24:35","modified_gmt":"2024-10-03T23:24:35","slug":"milchglas-deckenleuchte","status":"publish","type":"product","link":"https:\/\/orientalcarpetshop.com\/de\/produkt\/milchglas-deckenleuchte\/","title":{"rendered":"Milchglas Deckenleuchte"},"content":{"rendered":"\t\t<div data-elementor-type=\"product-post\" data-elementor-id=\"60404\" class=\"elementor elementor-60404 elementor-49012\" data-elementor-post-type=\"product\">\n\t\t\t\t\t\t<section class=\"elementor-section elementor-top-section elementor-element elementor-element-4dee7710 elementor-section-boxed elementor-section-height-default elementor-section-height-default\" data-id=\"4dee7710\" data-element_type=\"section\" data-e-type=\"section\">\n\t\t\t\t\t\t<div class=\"elementor-container elementor-column-gap-default\">\n\t\t\t\t\t<div class=\"elementor-column elementor-col-100 elementor-top-column elementor-element elementor-element-139a214c\" data-id=\"139a214c\" data-element_type=\"column\" data-e-type=\"column\">\n\t\t\t<div class=\"elementor-widget-wrap elementor-element-populated\">\n\t\t\t\t\t\t<div class=\"elementor-element elementor-element-3f75a688 elementor-widget elementor-widget-text-editor\" data-id=\"3f75a688\" data-element_type=\"widget\" data-e-type=\"widget\" data-widget_type=\"text-editor.default\">\n\t\t\t\t<div class=\"elementor-widget-container\">\n\t\t\t\t\t\t\t\t\t<p><em><strong>Produktbeschreibung\/ Milchglas Deckenleuchte <\/strong><\/em><\/p>\n<p><em>Werfen Sie einen Blick auf unsere Deckenleuchten aus der T\u00fcrkei in verschiedenen Mustern.<\/em><\/p>\n<p style=\"text-align: left;\">Herkunftsland: T\u00fcrkei, handgefertigtes Produkt<\/p>\n<p style=\"text-align: left;\">Material des Glases: gesprungenes Glas.<\/p>\n<p>Material der Metallteile: Messing, Bronze, poliert und gegen Oxidation behandelt.<\/p>\n<p>Gl\u00fchbirnengr\u00f6\u00dfe: E14 in der EU und im Vereinigten K\u00f6nigreich, in den USA und Kanada ist <span style=\"color: var( --e-global-color-text ); font-size: var( --e-global-typography-text-font-size ); font-weight: var( --e-global-typography-text-font-weight ); letter-spacing: var(--the7-base-letter-spacing); text-transform: var(--the7-base-text-transform); word-spacing: normal;\">ein Fassungskonverter<\/span> <span style=\"color: var( --e-global-color-text ); font-size: var( --e-global-typography-text-font-size ); font-weight: var( --e-global-typography-text-font-weight ); letter-spacing: var(--the7-base-letter-spacing); text-transform: var(--the7-base-text-transform); word-spacing: normal;\">oder ein<\/span> <span style=\"color: var( --e-global-color-text ); font-size: var( --e-global-typography-text-font-size ); font-weight: var( --e-global-typography-text-font-weight ); letter-spacing: var(--the7-base-letter-spacing); text-transform: var(--the7-base-text-transform); word-spacing: normal;\">Fassungswechsel<\/span> <span style=\"color: var( --e-global-color-text ); font-size: var( --e-global-typography-text-font-size ); font-weight: var( --e-global-typography-text-font-weight ); letter-spacing: var(--the7-base-letter-spacing); text-transform: var(--the7-base-text-transform); word-spacing: normal;\">erforderlich.<\/span><\/p>\n<p>Eingangsspannung: kompatibel mit 220V und 110V<\/p>\n<p>Anschlussstecker: Erh\u00e4ltlich in Gro\u00dfbritannien, USA und Kanada, EU und AU<\/p>\n<p>Zertifikat: CE-zertifiziert<\/p>\n<p>Verwendung: Dekorative Leuchte<\/p>\n<p>Anwendung: Wohnungen, H\u00e4user, Hotels, Restaurants, Caf\u00e9s, Gesch\u00e4fte<\/p>\n<p>Verpackung: Luftpolsterfolie und Karton. Individuelle Verpackungen sind ebenfalls m\u00f6glich, bitte kontaktieren Sie unseren Kundenservice f\u00fcr weitere Informationen.<\/p>\n<p>Gewicht: 1 kg<\/p>\n<p>Gl\u00fchbirne: Nicht enthalten.<\/p>\n\t\t\t\t\t\t\t\t<\/div>\n\t\t\t\t<\/div>\n\t\t\t\t\t<\/div>\n\t\t<\/div>\n\t\t\t\t\t<\/div>\n\t\t<\/section>\n\t\t\t\t<\/div>\n\t\t","protected":false},"excerpt":{"rendered":"<ul>\n<li>H\u00f6he mit Kette: 66 cm, Kuppelbreite: 15 cm, Kuppelh\u00f6he: 18 cm.<\/li>\n<li>Artikel Nr.: BLMT455<\/li>\n<\/ul>\n","protected":false},"featured_media":50847,"template":"","meta":[],"product_brand":[],"product_cat":[778,785],"product_tag":[],"class_list":{"0":"post-60404","1":"product","2":"type-product","3":"status-publish","4":"has-post-thumbnail","6":"product_cat-lampe","7":"product_cat-haengelampe","8":"pa_szin-kupfer","9":"pa_szin-weis","11":"first","12":"instock","13":"sale","14":"taxable","15":"shipping-taxable","16":"purchasable","17":"product-type-simple"},"_links":{"self":[{"href":"https:\/\/orientalcarpetshop.com\/de\/wp-json\/wp\/v2\/product\/60404","targetHints":{"allow":["GET"]}}],"collection":[{"href":"https:\/\/orientalcarpetshop.com\/de\/wp-json\/wp\/v2\/product"}],"about":[{"href":"https:\/\/orientalcarpetshop.com\/de\/wp-json\/wp\/v2\/types\/product"}],"version-history":[{"count":0,"href":"https:\/\/orientalcarpetshop.com\/de\/wp-json\/wp\/v2\/product\/60404\/revisions"}],"wp:featuredmedia":[{"embeddable":true,"href":"https:\/\/orientalcarpetshop.com\/de\/wp-json\/wp\/v2\/media\/50847"}],"wp:attachment":[{"href":"https:\/\/orientalcarpetshop.com\/de\/wp-json\/wp\/v2\/media?parent=60404"}],"wp:term":[{"taxonomy":"product_brand","embeddable":true,"href":"https:\/\/orientalcarpetshop.com\/de\/wp-json\/wp\/v2\/product_brand?post=60404"},{"taxonomy":"product_cat","embeddable":true,"href":"https:\/\/orientalcarpetshop.com\/de\/wp-json\/wp\/v2\/product_cat?post=60404"},{"taxonomy":"product_tag","embeddable":true,"href":"https:\/\/orientalcarpetshop.com\/de\/wp-json\/wp\/v2\/product_tag?post=60404"}],"curies":[{"name":"wp","href":"https:\/\/api.w.org\/{rel}","templated":true}]}}