{"id":60192,"date":"2022-06-27T14:41:06","date_gmt":"2022-06-27T12:41:06","guid":{"rendered":"https:\/\/orientalcarpetshop.com\/termek\/lampe-mit-mosaikglasscheibe-3\/"},"modified":"2024-10-04T01:29:31","modified_gmt":"2024-10-03T23:29:31","slug":"lampe-mit-mosaikglasscheibe-2","status":"publish","type":"product","link":"https:\/\/orientalcarpetshop.com\/de\/produkt\/lampe-mit-mosaikglasscheibe-2\/","title":{"rendered":"Lampe mit Mosaikglasscheibe"},"content":{"rendered":"\t\t<div data-elementor-type=\"product-post\" data-elementor-id=\"60192\" class=\"elementor elementor-60192 elementor-47182\" data-elementor-post-type=\"product\">\n\t\t\t\t\t\t<section class=\"elementor-section elementor-top-section elementor-element elementor-element-433b50 elementor-section-boxed elementor-section-height-default elementor-section-height-default\" data-id=\"433b50\" data-element_type=\"section\" data-e-type=\"section\">\n\t\t\t\t\t\t<div class=\"elementor-container elementor-column-gap-default\">\n\t\t\t\t\t<div class=\"elementor-column elementor-col-100 elementor-top-column elementor-element elementor-element-20a22463\" data-id=\"20a22463\" data-element_type=\"column\" data-e-type=\"column\">\n\t\t\t<div class=\"elementor-widget-wrap elementor-element-populated\">\n\t\t\t\t\t\t<div class=\"elementor-element elementor-element-14a82fb6 elementor-widget elementor-widget-text-editor\" data-id=\"14a82fb6\" data-element_type=\"widget\" data-e-type=\"widget\" data-widget_type=\"text-editor.default\">\n\t\t\t\t<div class=\"elementor-widget-container\">\n\t\t\t\t\t\t\t\t\t<p><strong><em>Produktbeschreibung \/ Lampe mit Mosaikglasscheibe: <\/em><\/strong><\/p>\n<p><em>Werfen Sie einen Blick auf unsere Wandlampen aus der T\u00fcrkei in verschiedenen Mustern.<\/em><\/p>\n<p>Herkunftsland: T\u00fcrkei, handgefertigtes Produkt<\/p>\n<p>Material der Glaswaren: Unikate aus farbigem, kleinem Mosaikglas und Perlen<\/p>\n<p>Material der Metallteile: Messing, Bronze, poliert und gegen Oxidation behandelt.<\/p>\n<p>Gl\u00fchbirnengr\u00f6\u00dfe: E14 in der EU und im Vereinigten K\u00f6nigreich, in den <span style=\"color: var( --e-global-color-text ); font-size: var( --e-global-typography-text-font-size ); font-weight: var( --e-global-typography-text-font-weight ); letter-spacing: var(--the7-base-letter-spacing); text-transform: var(--the7-base-text-transform); word-spacing: normal;\">USA und Kanada ist<\/span> <span style=\"color: var( --e-global-color-text ); font-size: var( --e-global-typography-text-font-size ); font-weight: var( --e-global-typography-text-font-weight ); letter-spacing: var(--the7-base-letter-spacing); text-transform: var(--the7-base-text-transform); word-spacing: normal;\">ein Fassungskonverter<\/span> <span style=\"color: var( --e-global-color-text ); font-size: var( --e-global-typography-text-font-size ); font-weight: var( --e-global-typography-text-font-weight ); letter-spacing: var(--the7-base-letter-spacing); text-transform: var(--the7-base-text-transform); word-spacing: normal;\">oder ein<\/span> <span style=\"color: var( --e-global-color-text ); font-size: var( --e-global-typography-text-font-size ); font-weight: var( --e-global-typography-text-font-weight ); letter-spacing: var(--the7-base-letter-spacing); text-transform: var(--the7-base-text-transform); word-spacing: normal;\">Fassungswechsel<\/span> <span style=\"color: var( --e-global-color-text ); font-size: var( --e-global-typography-text-font-size ); font-weight: var( --e-global-typography-text-font-weight ); letter-spacing: var(--the7-base-letter-spacing); text-transform: var(--the7-base-text-transform); word-spacing: normal;\">erforderlich.<\/span><\/p>\n<p>Eingangsspannung: kompatibel mit 220V und 110V<\/p>\n<p>Anschlussstecker: Erh\u00e4ltlich in Gro\u00dfbritannien, USA und Kanada, EU und AU<\/p>\n<p>Zertifikat: CE-zertifiziert<\/p>\n<p>Verwendung: Dekorative Leuchten<\/p>\n<p>Anwendung: Wohnungen, H\u00e4user, Hotels, Restaurants, Caf\u00e9s, Gesch\u00e4fte<\/p>\n<p>Verpackung: Luftpolsterfolie und Karton. Individuelle Verpackungen sind ebenfalls m\u00f6glich, bitte kontaktieren Sie unseren Kundenservice f\u00fcr Details.<\/p>\n<p>Gewicht: 1,5 kg<\/p>\n<p>Gl\u00fchbirne: Nicht enthalten.<\/p>\n\t\t\t\t\t\t\t\t<\/div>\n\t\t\t\t<\/div>\n\t\t\t\t\t<\/div>\n\t\t<\/div>\n\t\t\t\t\t<\/div>\n\t\t<\/section>\n\t\t\t\t<\/div>\n\t\t","protected":false},"excerpt":{"rendered":"<ul>\n<li>\u00c1tm\u00e9r\u0151: 30 cm<\/li>\n<li>Artikel Nr.: P302-F2<\/li>\n<\/ul>\n","protected":false},"featured_media":50117,"template":"","meta":[],"product_brand":[],"product_cat":[778,785,781],"product_tag":[],"class_list":{"0":"post-60192","1":"product","2":"type-product","3":"status-publish","4":"has-post-thumbnail","6":"product_cat-lampe","7":"product_cat-haengelampe","8":"product_cat-wandlampe","9":"pa_szin-weis","11":"first","12":"instock","13":"sale","14":"taxable","15":"shipping-taxable","16":"purchasable","17":"product-type-simple"},"_links":{"self":[{"href":"https:\/\/orientalcarpetshop.com\/de\/wp-json\/wp\/v2\/product\/60192","targetHints":{"allow":["GET"]}}],"collection":[{"href":"https:\/\/orientalcarpetshop.com\/de\/wp-json\/wp\/v2\/product"}],"about":[{"href":"https:\/\/orientalcarpetshop.com\/de\/wp-json\/wp\/v2\/types\/product"}],"version-history":[{"count":0,"href":"https:\/\/orientalcarpetshop.com\/de\/wp-json\/wp\/v2\/product\/60192\/revisions"}],"wp:featuredmedia":[{"embeddable":true,"href":"https:\/\/orientalcarpetshop.com\/de\/wp-json\/wp\/v2\/media\/50117"}],"wp:attachment":[{"href":"https:\/\/orientalcarpetshop.com\/de\/wp-json\/wp\/v2\/media?parent=60192"}],"wp:term":[{"taxonomy":"product_brand","embeddable":true,"href":"https:\/\/orientalcarpetshop.com\/de\/wp-json\/wp\/v2\/product_brand?post=60192"},{"taxonomy":"product_cat","embeddable":true,"href":"https:\/\/orientalcarpetshop.com\/de\/wp-json\/wp\/v2\/product_cat?post=60192"},{"taxonomy":"product_tag","embeddable":true,"href":"https:\/\/orientalcarpetshop.com\/de\/wp-json\/wp\/v2\/product_tag?post=60192"}],"curies":[{"name":"wp","href":"https:\/\/api.w.org\/{rel}","templated":true}]}}