{"id":60156,"date":"2022-11-09T18:35:36","date_gmt":"2022-11-09T16:35:36","guid":{"rendered":"https:\/\/orientalcarpetshop.com\/termek\/goldbrauner-seidenschal-fuer-frauen\/"},"modified":"2024-10-04T01:14:37","modified_gmt":"2024-10-03T23:14:37","slug":"goldbrauner-seidenschal-fur-frauen","status":"publish","type":"product","link":"https:\/\/orientalcarpetshop.com\/de\/produkt\/goldbrauner-seidenschal-fur-frauen\/","title":{"rendered":"Goldbrauner Seidenschal f\u00fcr Frauen"},"content":{"rendered":"\t\t<div data-elementor-type=\"product-post\" data-elementor-id=\"60156\" class=\"elementor elementor-60156 elementor-60058\" data-elementor-post-type=\"product\">\n\t\t\t\t\t\t<section class=\"elementor-section elementor-top-section elementor-element elementor-element-3a57be23 elementor-section-boxed elementor-section-height-default elementor-section-height-default\" data-id=\"3a57be23\" data-element_type=\"section\" data-e-type=\"section\">\n\t\t\t\t\t\t<div class=\"elementor-container elementor-column-gap-default\">\n\t\t\t\t\t<div class=\"elementor-column elementor-col-100 elementor-top-column elementor-element elementor-element-11ede84b\" data-id=\"11ede84b\" data-element_type=\"column\" data-e-type=\"column\">\n\t\t\t<div class=\"elementor-widget-wrap elementor-element-populated\">\n\t\t\t\t\t\t<div class=\"elementor-element elementor-element-20af51de elementor-widget elementor-widget-text-editor\" data-id=\"20af51de\" data-element_type=\"widget\" data-e-type=\"widget\" data-widget_type=\"text-editor.default\">\n\t\t\t\t<div class=\"elementor-widget-container\">\n\t\t\t\t\t\t\t\t\t<p><em><b>Produktbeschreibung\/ Goldbrauner Seidenschal f\u00fcr Frauen: <\/b><\/em><\/p><ul><li>Herstellungstechnik: maschinell gewebt<\/li><li>Material: 100% Seide<\/li><li>Herkunftsort: Indien<\/li><li>Verwendung: als Stola locker \u00fcber die Schultern drapiert oder als Schal gebunden<\/li><\/ul><p>Waschen und Pflegen:<\/p><ul class=\"sc-ajfpsf-5 cFGRIN\" data-testid=\"productDetailsCareIcons\"><li class=\"sc-ajfpsf-6 liQMvA\"><span class=\"sc-2qclq4-0 FwVtB\" data-testid=\"productDetailsCareIconLabel\">Trockenreinigbar (empfohlen)<\/span><\/li><li class=\"sc-ajfpsf-6 liQMvA\"><span class=\"sc-2qclq4-0 FwVtB\" data-testid=\"productDetailsCareIconLabel\"> Handw\u00e4sche in kaltem Wasser <\/span><\/li><li class=\"sc-ajfpsf-6 liQMvA\">Mit klarem Wasser absp\u00fclen (keine Sp\u00fclmittel verwenden)<\/li><li class=\"sc-ajfpsf-6 liQMvA\">Trocknen im W\u00e4schetrockner ist verboten! Kann auf einer horizontalen Fl\u00e4che getrocknet werden<\/li><li>Beim B\u00fcgeln darf der Stoff nicht direkt mit dem B\u00fcgeleisen in Ber\u00fchrung kommen. (bei niedrigen Temperaturen)<\/li><\/ul><p><em><strong>Kommentar:<\/strong><\/em><\/p><p>Dieser Seidenschal ist weich, bequem und wetterbest\u00e4ndig.<\/p><p>Ein au\u00dfergew\u00f6hnliches Accessoire f\u00fcr Theater, Oper, Hochzeiten, Gesch\u00e4ftstreffen, aber auch eine edle Erg\u00e4nzung zur B\u00fcrokleidung. Dieser elegante Seidenschal ist das ideale Geschenk f\u00fcr jemanden, der Ihnen besonders am Herzen liegt.<\/p>\t\t\t\t\t\t\t\t<\/div>\n\t\t\t\t<\/div>\n\t\t\t\t\t<\/div>\n\t\t<\/div>\n\t\t\t\t\t<\/div>\n\t\t<\/section>\n\t\t\t\t<\/div>\n\t\t","protected":false},"excerpt":{"rendered":"<ul>\n<li>Gr\u00f6\u00dfe: 190 x 70 cm<\/li>\n<li>Artikel Nr.: TSP145ABZ<\/li>\n<\/ul>\n","protected":false},"featured_media":60062,"template":"","meta":[],"product_brand":[],"product_cat":[789,795],"product_tag":[],"class_list":{"0":"post-60156","1":"product","2":"type-product","3":"status-publish","4":"has-post-thumbnail","6":"product_cat-pashmina-schal","7":"product_cat-seidentuch","8":"pa_szin-braun","9":"pa_szin-golden-de","10":"pa_szin-grun","12":"first","13":"outofstock","14":"taxable","15":"shipping-taxable","16":"purchasable","17":"product-type-simple"},"_links":{"self":[{"href":"https:\/\/orientalcarpetshop.com\/de\/wp-json\/wp\/v2\/product\/60156","targetHints":{"allow":["GET"]}}],"collection":[{"href":"https:\/\/orientalcarpetshop.com\/de\/wp-json\/wp\/v2\/product"}],"about":[{"href":"https:\/\/orientalcarpetshop.com\/de\/wp-json\/wp\/v2\/types\/product"}],"version-history":[{"count":0,"href":"https:\/\/orientalcarpetshop.com\/de\/wp-json\/wp\/v2\/product\/60156\/revisions"}],"wp:featuredmedia":[{"embeddable":true,"href":"https:\/\/orientalcarpetshop.com\/de\/wp-json\/wp\/v2\/media\/60062"}],"wp:attachment":[{"href":"https:\/\/orientalcarpetshop.com\/de\/wp-json\/wp\/v2\/media?parent=60156"}],"wp:term":[{"taxonomy":"product_brand","embeddable":true,"href":"https:\/\/orientalcarpetshop.com\/de\/wp-json\/wp\/v2\/product_brand?post=60156"},{"taxonomy":"product_cat","embeddable":true,"href":"https:\/\/orientalcarpetshop.com\/de\/wp-json\/wp\/v2\/product_cat?post=60156"},{"taxonomy":"product_tag","embeddable":true,"href":"https:\/\/orientalcarpetshop.com\/de\/wp-json\/wp\/v2\/product_tag?post=60156"}],"curies":[{"name":"wp","href":"https:\/\/api.w.org\/{rel}","templated":true}]}}