{"id":60142,"date":"2022-06-09T10:41:45","date_gmt":"2022-06-09T08:41:45","guid":{"rendered":"https:\/\/orientalcarpetshop.com\/termek\/brauner-seidenschal-fuer-damen\/"},"modified":"2024-10-04T01:29:37","modified_gmt":"2024-10-03T23:29:37","slug":"brauner-seidenschal-fur-damen","status":"publish","type":"product","link":"https:\/\/orientalcarpetshop.com\/de\/produkt\/brauner-seidenschal-fur-damen\/","title":{"rendered":"Brauner Seidenschal f\u00fcr Damen"},"content":{"rendered":"\t\t<div data-elementor-type=\"product-post\" data-elementor-id=\"60142\" class=\"elementor elementor-60142 elementor-45757\" data-elementor-post-type=\"product\">\n\t\t\t\t\t\t<section class=\"elementor-section elementor-top-section elementor-element elementor-element-7a3e70e3 elementor-section-boxed elementor-section-height-default elementor-section-height-default\" data-id=\"7a3e70e3\" data-element_type=\"section\" data-e-type=\"section\">\n\t\t\t\t\t\t<div class=\"elementor-container elementor-column-gap-default\">\n\t\t\t\t\t<div class=\"elementor-column elementor-col-100 elementor-top-column elementor-element elementor-element-326e5332\" data-id=\"326e5332\" data-element_type=\"column\" data-e-type=\"column\">\n\t\t\t<div class=\"elementor-widget-wrap elementor-element-populated\">\n\t\t\t\t\t\t<div class=\"elementor-element elementor-element-3dadd4fd elementor-widget elementor-widget-text-editor\" data-id=\"3dadd4fd\" data-element_type=\"widget\" data-e-type=\"widget\" data-widget_type=\"text-editor.default\">\n\t\t\t\t<div class=\"elementor-widget-container\">\n\t\t\t\t\t\t\t\t\t<p><em><strong>Produktbeschreibung \/ Brauner Seidenschal f\u00fcr Damen <\/strong><\/em><\/p>\n<ul>\n<li>Herstellungstechnik: Jacquard-Maschinenweben<\/li>\n<li>Material: 100% Seide<\/li>\n<li>Herkunftsort: Indien<\/li>\n<li>Verwendung: als Stola locker \u00fcber die Schultern drapiert oder als Schal gebunden<\/li>\n<\/ul>\n<p>Waschen und Pflegen:<\/p>\n<ul class=\"sc-ajfpsf-5 cFGRIN\" data-testid=\"productDetailsCareIcons\">\n<li class=\"sc-ajfpsf-6 liQMvA\"><span class=\"sc-2qclq4-0 FwVtB\" data-testid=\"productDetailsCareIconLabel\">Trockenreinigbar (empfohlen)<\/span><\/li>\n<li class=\"sc-ajfpsf-6 liQMvA\"><span class=\"sc-2qclq4-0 FwVtB\" data-testid=\"productDetailsCareIconLabel\">  Handw\u00e4sche in kaltem Wasser  <\/span><\/li>\n<li class=\"sc-ajfpsf-6 liQMvA\">Mit klarem Wasser absp\u00fclen (keine Sp\u00fclmittel verwenden)<\/li>\n<li class=\"sc-ajfpsf-6 liQMvA\">Trocknen im W\u00e4schetrockner ist verboten! Kann auf einer horizontalen Fl\u00e4che getrocknet werden<\/li>\n<li>Beim B\u00fcgeln darf der Stoff nicht direkt mit dem B\u00fcgeleisen in Ber\u00fchrung kommen. (bei niedrigen Temperaturen)<\/li>\n<\/ul>\n<p><em><strong>Kommentar:<\/strong><\/em><\/p>\n<p>Ein atemberaubender, mehrfarbiger Schal, der von erfahrenen Kunsthandwerkern in Indien im Jacquard-Webverfahren hergestellt wird, erg\u00e4nzt jedes Outfit.<\/p>\n<p>Dieser Seidenschal ist weich, bequem und wetterbest\u00e4ndig.<\/p>\n<p>Ein au\u00dfergew\u00f6hnliches Accessoire f\u00fcr Theater, Oper, Hochzeiten, Gesch\u00e4ftstreffen, aber auch eine edle Erg\u00e4nzung zur B\u00fcrokleidung. Dieser elegante Seidenschal ist das ideale Geschenk f\u00fcr jemanden, der Ihnen besonders am Herzen liegt.<\/p><\/p>\n\t\t\t\t\t\t\t\t<\/div>\n\t\t\t\t<\/div>\n\t\t\t\t\t<\/div>\n\t\t<\/div>\n\t\t\t\t\t<\/div>\n\t\t<\/section>\n\t\t\t\t<\/div>\n\t\t","protected":false},"excerpt":{"rendered":"<ul>\n<li>Gr\u00f6\u00dfe: 200 x 70 cm<\/li>\n<li>Item Number: ESJ1675- B<\/li>\n<\/ul>\n","protected":false},"featured_media":49511,"template":"","meta":[],"product_brand":[],"product_cat":[789,795],"product_tag":[],"class_list":{"0":"post-60142","1":"product","2":"type-product","3":"status-publish","4":"has-post-thumbnail","6":"product_cat-pashmina-schal","7":"product_cat-seidentuch","8":"pa_szin-braun","9":"pa_szin-bronzefarbe","11":"first","12":"instock","13":"sale","14":"taxable","15":"shipping-taxable","16":"purchasable","17":"product-type-simple"},"_links":{"self":[{"href":"https:\/\/orientalcarpetshop.com\/de\/wp-json\/wp\/v2\/product\/60142","targetHints":{"allow":["GET"]}}],"collection":[{"href":"https:\/\/orientalcarpetshop.com\/de\/wp-json\/wp\/v2\/product"}],"about":[{"href":"https:\/\/orientalcarpetshop.com\/de\/wp-json\/wp\/v2\/types\/product"}],"version-history":[{"count":0,"href":"https:\/\/orientalcarpetshop.com\/de\/wp-json\/wp\/v2\/product\/60142\/revisions"}],"wp:featuredmedia":[{"embeddable":true,"href":"https:\/\/orientalcarpetshop.com\/de\/wp-json\/wp\/v2\/media\/49511"}],"wp:attachment":[{"href":"https:\/\/orientalcarpetshop.com\/de\/wp-json\/wp\/v2\/media?parent=60142"}],"wp:term":[{"taxonomy":"product_brand","embeddable":true,"href":"https:\/\/orientalcarpetshop.com\/de\/wp-json\/wp\/v2\/product_brand?post=60142"},{"taxonomy":"product_cat","embeddable":true,"href":"https:\/\/orientalcarpetshop.com\/de\/wp-json\/wp\/v2\/product_cat?post=60142"},{"taxonomy":"product_tag","embeddable":true,"href":"https:\/\/orientalcarpetshop.com\/de\/wp-json\/wp\/v2\/product_tag?post=60142"}],"curies":[{"name":"wp","href":"https:\/\/api.w.org\/{rel}","templated":true}]}}