{"id":59941,"date":"2022-08-27T17:33:35","date_gmt":"2022-08-27T15:33:35","guid":{"rendered":"https:\/\/orientalcarpetshop.com\/termek\/braune-lampenschirm\/"},"modified":"2024-10-04T01:24:31","modified_gmt":"2024-10-03T23:24:31","slug":"glas-lampenschirm-braun","status":"publish","type":"product","link":"https:\/\/orientalcarpetshop.com\/de\/produkt\/glas-lampenschirm-braun\/","title":{"rendered":"Glas Lampenschirm braun"},"content":{"rendered":"\t\t<div data-elementor-type=\"product-post\" data-elementor-id=\"59941\" class=\"elementor elementor-59941 elementor-51170\" data-elementor-post-type=\"product\">\n\t\t\t\t\t\t<section class=\"elementor-section elementor-top-section elementor-element elementor-element-4dee7710 elementor-section-boxed elementor-section-height-default elementor-section-height-default\" data-id=\"4dee7710\" data-element_type=\"section\" data-e-type=\"section\">\n\t\t\t\t\t\t<div class=\"elementor-container elementor-column-gap-default\">\n\t\t\t\t\t<div class=\"elementor-column elementor-col-100 elementor-top-column elementor-element elementor-element-139a214c\" data-id=\"139a214c\" data-element_type=\"column\" data-e-type=\"column\">\n\t\t\t<div class=\"elementor-widget-wrap elementor-element-populated\">\n\t\t\t\t\t\t<div class=\"elementor-element elementor-element-3f75a688 elementor-widget elementor-widget-text-editor\" data-id=\"3f75a688\" data-element_type=\"widget\" data-e-type=\"widget\" data-widget_type=\"text-editor.default\">\n\t\t\t\t<div class=\"elementor-widget-container\">\n\t\t\t\t\t\t\t\t\t<p><em><strong>Produktbeschreibung \/ Glas Lampenschirm braun: <\/strong><\/em><\/p>\n<p><em><strong>Das Produkt ist nur ein 16 cm Mosaikglas-Lampenschirm, der Rest der Lampe ist nicht enthalten!<\/strong><\/em><\/p>\n<p><em>Bitte sehen Sie sich unsere Lampen aus der T\u00fcrkei in verschiedenen Mustern an.<\/em><\/p>\n<p style=\"text-align: left;\">Herkunftsland: T\u00fcrkei, handgefertigtes Produkt<\/p>\n<p style=\"text-align: left;\">Material der Glaswaren: Unikate aus buntem, winzigem Mosaikglas und Perlen.<\/p>\n<p style=\"text-align: left;\">Material der Metallteile: Messing, Bronze, poliert und gegen Oxidation behandelt. (nicht enthalten)<\/p>\n<p>Gl\u00fchlampengr\u00f6\u00dfe: E14 in der EU und im Vereinigten K\u00f6nigreich, E12 in den USA und Kanada.<\/p>\n<p>Eingangsspannung: kompatibel mit 220V und 110V<\/p>\n<p>Anschlussstecker: Erh\u00e4ltlich in Gro\u00dfbritannien, USA und Kanada, EU und AU<\/p>\n<p>Zertifikat: CE-zertifiziert<\/p>\n<p>Verwendung: Dekorative Leuchte<\/p>\n<p>Anwendung: Wohnungen, H\u00e4user, Hotels, Restaurants, Caf\u00e9s, Gesch\u00e4fte<\/p>\n<p>Verpackung: Luftpolsterfolie und Karton. Individuelle Verpackungen sind ebenfalls m\u00f6glich, bitte kontaktieren Sie unseren Kundenservice f\u00fcr weitere Informationen.<\/p>\n<p>Gewicht: 0,5 kg<\/p>\n<p>Gl\u00fchbirne: Nicht enthalten.<\/p>\n<p><b>Der Lampenschirm ist auch mit mehreren unserer Lampen kompatibel, wenn Sie Fragen haben, kontaktieren Sie uns bitte.<\/b><\/p>\n\t\t\t\t\t\t\t\t<\/div>\n\t\t\t\t<\/div>\n\t\t\t\t\t<\/div>\n\t\t<\/div>\n\t\t\t\t\t<\/div>\n\t\t<\/section>\n\t\t\t\t<\/div>\n\t\t","protected":false},"excerpt":{"rendered":"<ul>\n<li>H\u00f6he: 10 cm, Breite: 16 cm<\/li>\n<li>Artikelnummer: B150-VB<\/li>\n<\/ul>\n","protected":false},"featured_media":51173,"template":"","meta":[],"product_brand":[],"product_cat":[778,783],"product_tag":[],"class_list":{"0":"post-59941","1":"product","2":"type-product","3":"status-publish","4":"has-post-thumbnail","6":"product_cat-lampe","7":"product_cat-glas-lampenschirm","8":"pa_szin-braun","9":"pa_szin-dunkelbraun","10":"pa_szin-gelb","11":"pa_szin-hellbraun","13":"first","14":"outofstock","15":"sale","16":"taxable","17":"shipping-taxable","18":"purchasable","19":"product-type-simple"},"_links":{"self":[{"href":"https:\/\/orientalcarpetshop.com\/de\/wp-json\/wp\/v2\/product\/59941","targetHints":{"allow":["GET"]}}],"collection":[{"href":"https:\/\/orientalcarpetshop.com\/de\/wp-json\/wp\/v2\/product"}],"about":[{"href":"https:\/\/orientalcarpetshop.com\/de\/wp-json\/wp\/v2\/types\/product"}],"version-history":[{"count":0,"href":"https:\/\/orientalcarpetshop.com\/de\/wp-json\/wp\/v2\/product\/59941\/revisions"}],"wp:featuredmedia":[{"embeddable":true,"href":"https:\/\/orientalcarpetshop.com\/de\/wp-json\/wp\/v2\/media\/51173"}],"wp:attachment":[{"href":"https:\/\/orientalcarpetshop.com\/de\/wp-json\/wp\/v2\/media?parent=59941"}],"wp:term":[{"taxonomy":"product_brand","embeddable":true,"href":"https:\/\/orientalcarpetshop.com\/de\/wp-json\/wp\/v2\/product_brand?post=59941"},{"taxonomy":"product_cat","embeddable":true,"href":"https:\/\/orientalcarpetshop.com\/de\/wp-json\/wp\/v2\/product_cat?post=59941"},{"taxonomy":"product_tag","embeddable":true,"href":"https:\/\/orientalcarpetshop.com\/de\/wp-json\/wp\/v2\/product_tag?post=59941"}],"curies":[{"name":"wp","href":"https:\/\/api.w.org\/{rel}","templated":true}]}}