{"id":59146,"date":"2022-08-03T17:32:02","date_gmt":"2022-08-03T15:32:02","guid":{"rendered":"https:\/\/orientalcarpetshop.com\/termek\/weisses-rollkissen-mit-kelimmuster\/"},"modified":"2026-02-04T17:27:28","modified_gmt":"2026-02-04T15:27:28","slug":"weisses-rollkissen-mit-kelimmuster","status":"publish","type":"product","link":"https:\/\/orientalcarpetshop.com\/de\/produkt\/weisses-rollkissen-mit-kelimmuster\/","title":{"rendered":"Wei\u00dfes Rollkissen mit kelimmuster"},"content":{"rendered":"\t\t<div data-elementor-type=\"product-post\" data-elementor-id=\"59146\" class=\"elementor elementor-59146 elementor-48266\" data-elementor-post-type=\"product\">\n\t\t\t\t\t\t<section class=\"elementor-section elementor-top-section elementor-element elementor-element-12b9d162 elementor-section-boxed elementor-section-height-default elementor-section-height-default\" data-id=\"12b9d162\" data-element_type=\"section\" data-e-type=\"section\">\n\t\t\t\t\t\t<div class=\"elementor-container elementor-column-gap-default\">\n\t\t\t\t\t<div class=\"elementor-column elementor-col-100 elementor-top-column elementor-element elementor-element-5ee610d\" data-id=\"5ee610d\" data-element_type=\"column\" data-e-type=\"column\">\n\t\t\t<div class=\"elementor-widget-wrap elementor-element-populated\">\n\t\t\t\t\t\t<div class=\"elementor-element elementor-element-209394e3 elementor-widget elementor-widget-text-editor\" data-id=\"209394e3\" data-element_type=\"widget\" data-e-type=\"widget\" data-widget_type=\"text-editor.default\">\n\t\t\t\t<div class=\"elementor-widget-container\">\n\t\t\t\t\t\t\t\t\t<p><em><strong>Produktbeschreibung\/Wei\u00dfes Rollkissen mit kelimmuster: <\/strong><\/em><\/p><ul><li>Herstellungstechnik: maschinell gewebt<\/li><li>Material: Baumwolle und Acryl  <\/li><li>Herkunftsort: T\u00fcrkei<\/li><\/ul><p><em><strong>Kommentar:<\/strong><\/em><\/p><p>Werfen Sie einen Blick auf unsere Chenille-Kissenbez\u00fcge aus der T\u00fcrkei in verschiedenen Kelim-Mustern.<\/p><p>Die Kissenbez\u00fcge sind weich im Griff, die F\u00fcllung ist mit einem Rei\u00dfverschluss austauschbar und bei 30 Grad in der Maschine waschbar. Verziert mit 2 goldenen Quasten.<\/p><p>Die Kissenf\u00fcllung ist im Preis nicht enthalten.<\/p>\t\t\t\t\t\t\t\t<\/div>\n\t\t\t\t<\/div>\n\t\t\t\t\t<\/div>\n\t\t<\/div>\n\t\t\t\t\t<\/div>\n\t\t<\/section>\n\t\t\t\t<section class=\"elementor-section elementor-top-section elementor-element elementor-element-3df7ce0 elementor-section-boxed elementor-section-height-default elementor-section-height-default\" data-id=\"3df7ce0\" data-element_type=\"section\" data-e-type=\"section\">\n\t\t\t\t\t\t<div class=\"elementor-container elementor-column-gap-default\">\n\t\t\t\t\t<div class=\"elementor-column elementor-col-100 elementor-top-column elementor-element elementor-element-3303fb21\" data-id=\"3303fb21\" data-element_type=\"column\" data-e-type=\"column\">\n\t\t\t<div class=\"elementor-widget-wrap elementor-element-populated\">\n\t\t\t\t\t\t<div class=\"elementor-element elementor-element-31d9922a elementor-widget-divider--view-line elementor-widget elementor-widget-divider\" data-id=\"31d9922a\" data-element_type=\"widget\" data-e-type=\"widget\" data-widget_type=\"divider.default\">\n\t\t\t\t<div class=\"elementor-widget-container\">\n\t\t\t\t\t\t\t<div class=\"elementor-divider\">\n\t\t\t<span class=\"elementor-divider-separator\">\n\t\t\t\t\t\t<\/span>\n\t\t<\/div>\n\t\t\t\t\t\t<\/div>\n\t\t\t\t<\/div>\n\t\t\t\t<div class=\"elementor-element elementor-element-399a31c5 elementor-widget elementor-widget-heading\" data-id=\"399a31c5\" data-element_type=\"widget\" data-e-type=\"widget\" data-widget_type=\"heading.default\">\n\t\t\t\t<div class=\"elementor-widget-container\">\n\t\t\t\t\t<h2 class=\"elementor-heading-title elementor-size-default\">Kapcsol\u00f3d\u00f3 term\u00e9kek<\/h2>\t\t\t\t<\/div>\n\t\t\t\t<\/div>\n\t\t\t\t<div class=\"elementor-element elementor-element-207ceb70 elementor-widget-divider--view-line elementor-widget elementor-widget-divider\" data-id=\"207ceb70\" data-element_type=\"widget\" data-e-type=\"widget\" data-widget_type=\"divider.default\">\n\t\t\t\t<div class=\"elementor-widget-container\">\n\t\t\t\t\t\t\t<div class=\"elementor-divider\">\n\t\t\t<span class=\"elementor-divider-separator\">\n\t\t\t\t\t\t<\/span>\n\t\t<\/div>\n\t\t\t\t\t\t<\/div>\n\t\t\t\t<\/div>\n\t\t\t\t\t<\/div>\n\t\t<\/div>\n\t\t\t\t\t<\/div>\n\t\t<\/section>\n\t\t\t\t<\/div>\n\t\t","protected":false},"excerpt":{"rendered":"<ul>\n<li>Gr\u00f6\u00dfe: 50 x 20 cm<\/li>\n<li>Artikel Nr.: PH1014<\/li>\n<li><strong>Der Preis enth\u00e4lt nicht die Kissenf\u00fcllung!<\/strong><\/li>\n<\/ul>\n","protected":false},"featured_media":50539,"template":"","meta":[],"product_brand":[],"product_cat":[763,769],"product_tag":[],"class_list":{"0":"post-59146","1":"product","2":"type-product","3":"status-publish","4":"has-post-thumbnail","6":"product_cat-kissenbezug","7":"product_cat-turkischer-kissenbezug","8":"pa_minta-gestreift","9":"pa_minta-kelim-de","10":"pa_szin-orange-de","11":"pa_szin-weis","13":"first","14":"instock","15":"sale","16":"taxable","17":"shipping-taxable","18":"purchasable","19":"product-type-simple"},"_links":{"self":[{"href":"https:\/\/orientalcarpetshop.com\/de\/wp-json\/wp\/v2\/product\/59146","targetHints":{"allow":["GET"]}}],"collection":[{"href":"https:\/\/orientalcarpetshop.com\/de\/wp-json\/wp\/v2\/product"}],"about":[{"href":"https:\/\/orientalcarpetshop.com\/de\/wp-json\/wp\/v2\/types\/product"}],"version-history":[{"count":0,"href":"https:\/\/orientalcarpetshop.com\/de\/wp-json\/wp\/v2\/product\/59146\/revisions"}],"wp:featuredmedia":[{"embeddable":true,"href":"https:\/\/orientalcarpetshop.com\/de\/wp-json\/wp\/v2\/media\/50539"}],"wp:attachment":[{"href":"https:\/\/orientalcarpetshop.com\/de\/wp-json\/wp\/v2\/media?parent=59146"}],"wp:term":[{"taxonomy":"product_brand","embeddable":true,"href":"https:\/\/orientalcarpetshop.com\/de\/wp-json\/wp\/v2\/product_brand?post=59146"},{"taxonomy":"product_cat","embeddable":true,"href":"https:\/\/orientalcarpetshop.com\/de\/wp-json\/wp\/v2\/product_cat?post=59146"},{"taxonomy":"product_tag","embeddable":true,"href":"https:\/\/orientalcarpetshop.com\/de\/wp-json\/wp\/v2\/product_tag?post=59146"}],"curies":[{"name":"wp","href":"https:\/\/api.w.org\/{rel}","templated":true}]}}