{"id":58640,"date":"2022-07-15T16:47:46","date_gmt":"2022-07-15T14:47:46","guid":{"rendered":"https:\/\/orientalcarpetshop.com\/termek\/rotes-zylinder-kissen-mit-tulpenmuster\/"},"modified":"2026-02-12T18:31:07","modified_gmt":"2026-02-12T16:31:07","slug":"rotes-rollkissen-mit-tulpenmuster-2","status":"publish","type":"product","link":"https:\/\/orientalcarpetshop.com\/de\/produkt\/rotes-rollkissen-mit-tulpenmuster-2\/","title":{"rendered":"Rotes Rollkissen mit Tulpenmuster"},"content":{"rendered":"\t\t<div data-elementor-type=\"product-post\" data-elementor-id=\"58640\" class=\"elementor elementor-58640 elementor-47876\" data-elementor-post-type=\"product\">\n\t\t\t\t\t\t<section class=\"elementor-section elementor-top-section elementor-element elementor-element-12b9d162 elementor-section-boxed elementor-section-height-default elementor-section-height-default\" data-id=\"12b9d162\" data-element_type=\"section\" data-e-type=\"section\">\n\t\t\t\t\t\t<div class=\"elementor-container elementor-column-gap-default\">\n\t\t\t\t\t<div class=\"elementor-column elementor-col-100 elementor-top-column elementor-element elementor-element-5ee610d\" data-id=\"5ee610d\" data-element_type=\"column\" data-e-type=\"column\">\n\t\t\t<div class=\"elementor-widget-wrap elementor-element-populated\">\n\t\t\t\t\t\t<div class=\"elementor-element elementor-element-209394e3 elementor-widget elementor-widget-text-editor\" data-id=\"209394e3\" data-element_type=\"widget\" data-e-type=\"widget\" data-widget_type=\"text-editor.default\">\n\t\t\t\t<div class=\"elementor-widget-container\">\n\t\t\t\t\t\t\t\t\t<p><em><strong>Produktbeschreibung\/Rotes Rollkissen mit Tulpenmuster: <\/strong><\/em><\/p><ul><li>Herstellungstechnik: maschinell gewebt<\/li><li>Material: Baumwolle und Acryl  <\/li><li>Herkunftsort: T\u00fcrkei<\/li><\/ul><p><em><strong>Kommentar:<\/strong><\/em><\/p><p>Werfen Sie einen Blick auf unsere Chenille-Kissenbez\u00fcge aus der T\u00fcrkei in verschiedenen Tulpenmustern.<\/p><p>Die Kissenbez\u00fcge sind weich im Griff, die F\u00fcllung ist mit einem Rei\u00dfverschluss austauschbar und bei 30 Grad in der Maschine waschbar. Verziert mit 2 goldenen Quasten.<\/p><p>Die Kissenf\u00fcllung ist im Preis nicht enthalten.<\/p>\t\t\t\t\t\t\t\t<\/div>\n\t\t\t\t<\/div>\n\t\t\t\t\t<\/div>\n\t\t<\/div>\n\t\t\t\t\t<\/div>\n\t\t<\/section>\n\t\t\t\t<section class=\"elementor-section elementor-top-section elementor-element elementor-element-4d5adfee elementor-section-boxed elementor-section-height-default elementor-section-height-default\" data-id=\"4d5adfee\" data-element_type=\"section\" data-e-type=\"section\">\n\t\t\t\t\t\t<div class=\"elementor-container elementor-column-gap-default\">\n\t\t\t\t\t<div class=\"elementor-column elementor-col-100 elementor-top-column elementor-element elementor-element-6e9ec63b\" data-id=\"6e9ec63b\" data-element_type=\"column\" data-e-type=\"column\">\n\t\t\t<div class=\"elementor-widget-wrap elementor-element-populated\">\n\t\t\t\t\t\t<div class=\"elementor-element elementor-element-ae61c8e elementor-widget-divider--view-line elementor-widget elementor-widget-divider\" data-id=\"ae61c8e\" data-element_type=\"widget\" data-e-type=\"widget\" data-widget_type=\"divider.default\">\n\t\t\t\t<div class=\"elementor-widget-container\">\n\t\t\t\t\t\t\t<div class=\"elementor-divider\">\n\t\t\t<span class=\"elementor-divider-separator\">\n\t\t\t\t\t\t<\/span>\n\t\t<\/div>\n\t\t\t\t\t\t<\/div>\n\t\t\t\t<\/div>\n\t\t\t\t<div class=\"elementor-element elementor-element-3d0ae966 elementor-widget elementor-widget-heading\" data-id=\"3d0ae966\" data-element_type=\"widget\" data-e-type=\"widget\" data-widget_type=\"heading.default\">\n\t\t\t\t<div class=\"elementor-widget-container\">\n\t\t\t\t\t<h2 class=\"elementor-heading-title elementor-size-default\">Kapcsol\u00f3d\u00f3 term\u00e9kek<\/h2>\t\t\t\t<\/div>\n\t\t\t\t<\/div>\n\t\t\t\t<div class=\"elementor-element elementor-element-7c263a8d elementor-widget-divider--view-line elementor-widget elementor-widget-divider\" data-id=\"7c263a8d\" data-element_type=\"widget\" data-e-type=\"widget\" data-widget_type=\"divider.default\">\n\t\t\t\t<div class=\"elementor-widget-container\">\n\t\t\t\t\t\t\t<div class=\"elementor-divider\">\n\t\t\t<span class=\"elementor-divider-separator\">\n\t\t\t\t\t\t<\/span>\n\t\t<\/div>\n\t\t\t\t\t\t<\/div>\n\t\t\t\t<\/div>\n\t\t\t\t\t<\/div>\n\t\t<\/div>\n\t\t\t\t\t<\/div>\n\t\t<\/section>\n\t\t\t\t<\/div>\n\t\t","protected":false},"excerpt":{"rendered":"<ul>\n<li>Gr\u00f6\u00dfe: 50 x 20 cm<\/li>\n<li>Artikel Nr.: PH3005<\/li>\n<li><strong>Der Preis enth\u00e4lt nicht die Kissenf\u00fcllung!<\/strong><\/li>\n<\/ul>\n","protected":false},"featured_media":50421,"template":"","meta":[],"product_brand":[],"product_cat":[763,769],"product_tag":[],"class_list":{"0":"post-58640","1":"product","2":"type-product","3":"status-publish","4":"has-post-thumbnail","6":"product_cat-kissenbezug","7":"product_cat-turkischer-kissenbezug","8":"pa_minta-tulpe","9":"pa_szin-rot-de","11":"first","12":"instock","13":"sale","14":"taxable","15":"shipping-taxable","16":"purchasable","17":"product-type-simple"},"_links":{"self":[{"href":"https:\/\/orientalcarpetshop.com\/de\/wp-json\/wp\/v2\/product\/58640","targetHints":{"allow":["GET"]}}],"collection":[{"href":"https:\/\/orientalcarpetshop.com\/de\/wp-json\/wp\/v2\/product"}],"about":[{"href":"https:\/\/orientalcarpetshop.com\/de\/wp-json\/wp\/v2\/types\/product"}],"version-history":[{"count":0,"href":"https:\/\/orientalcarpetshop.com\/de\/wp-json\/wp\/v2\/product\/58640\/revisions"}],"wp:featuredmedia":[{"embeddable":true,"href":"https:\/\/orientalcarpetshop.com\/de\/wp-json\/wp\/v2\/media\/50421"}],"wp:attachment":[{"href":"https:\/\/orientalcarpetshop.com\/de\/wp-json\/wp\/v2\/media?parent=58640"}],"wp:term":[{"taxonomy":"product_brand","embeddable":true,"href":"https:\/\/orientalcarpetshop.com\/de\/wp-json\/wp\/v2\/product_brand?post=58640"},{"taxonomy":"product_cat","embeddable":true,"href":"https:\/\/orientalcarpetshop.com\/de\/wp-json\/wp\/v2\/product_cat?post=58640"},{"taxonomy":"product_tag","embeddable":true,"href":"https:\/\/orientalcarpetshop.com\/de\/wp-json\/wp\/v2\/product_tag?post=58640"}],"curies":[{"name":"wp","href":"https:\/\/api.w.org\/{rel}","templated":true}]}}