{"id":57892,"date":"2022-09-22T15:40:43","date_gmt":"2022-09-22T13:40:43","guid":{"rendered":"https:\/\/orientalcarpetshop.com\/termek\/schwarzer-kaschmir-poncho\/"},"modified":"2022-12-30T18:39:01","modified_gmt":"2022-12-30T16:39:01","slug":"schwarzer-kaschmir-poncho","status":"publish","type":"product","link":"https:\/\/orientalcarpetshop.com\/de\/produkt\/schwarzer-kaschmir-poncho\/","title":{"rendered":"Schwarzer Kaschmir-Poncho"},"content":{"rendered":"\t\t<div data-elementor-type=\"product-post\" data-elementor-id=\"57892\" class=\"elementor elementor-57892 elementor-54671\" data-elementor-post-type=\"product\">\n\t\t\t\t\t\t<section class=\"elementor-section elementor-top-section elementor-element elementor-element-487787d5 elementor-section-boxed elementor-section-height-default elementor-section-height-default\" data-id=\"487787d5\" data-element_type=\"section\" data-e-type=\"section\">\n\t\t\t\t\t\t<div class=\"elementor-container elementor-column-gap-default\">\n\t\t\t\t\t<div class=\"elementor-column elementor-col-100 elementor-top-column elementor-element elementor-element-4d872769\" data-id=\"4d872769\" data-element_type=\"column\" data-e-type=\"column\">\n\t\t\t<div class=\"elementor-widget-wrap elementor-element-populated\">\n\t\t\t\t\t\t<div class=\"elementor-element elementor-element-46705178 elementor-widget elementor-widget-text-editor\" data-id=\"46705178\" data-element_type=\"widget\" data-e-type=\"widget\" data-widget_type=\"text-editor.default\">\n\t\t\t\t<div class=\"elementor-widget-container\">\n\t\t\t\t\t\t\t\t\t<p><em><strong>Produktbeschreibung\/ Schwarzer Poncho aus Kaschmir:  <\/strong><\/em><\/p>\n<ul>\n<li>Herstellungstechnik: Maschinen gewebt<\/li>\n<li>Material: 100% Kaschmirwolle<\/li>\n<li>Herkunftsort: Indien<\/li>\n<li>Verwendung: Geschlossen, mit seitlichem Ausschnitt<\/li>\n<\/ul>\n<p>Waschen und Pflegen:<\/p>\n<ul class=\"sc-ajfpsf-5 cFGRIN\" data-testid=\"productDetailsCareIcons\">\n<li class=\"sc-ajfpsf-6 liQMvA\"><span class=\"sc-2qclq4-0 FwVtB\" data-testid=\"productDetailsCareIconLabel\">Trockenreinigbar (empfohlen)<\/span><\/li>\n<li class=\"sc-ajfpsf-6 liQMvA\"><span class=\"sc-2qclq4-0 FwVtB\" data-testid=\"productDetailsCareIconLabel\">  Handw\u00e4sche in kaltem Wasser  <\/span><\/li>\n<li class=\"sc-ajfpsf-6 liQMvA\">Mit klarem Wasser absp\u00fclen (keine Sp\u00fclmittel verwenden)<\/li>\n<li class=\"sc-ajfpsf-6 liQMvA\">Trocknen im W\u00e4schetrockner ist verboten! Kann auf einer horizontalen Fl\u00e4che getrocknet werden<\/li>\n<li>Beim B\u00fcgeln darf der Stoff nicht direkt mit dem B\u00fcgeleisen in Ber\u00fchrung kommen.<\/li>\n<\/ul>\n<p><em><strong>Kommentar:<\/strong><\/em><\/p>\n<p>Dieser <strong>Kaschmir-Poncho<\/strong> <strong>f\u00fcr Damen <\/strong> aus hochwertigem Material ist ein stilvolles und gem\u00fctliches St\u00fcck, das zu jedem Outfit passt.<\/p>\n<p>Ein au\u00dfergew\u00f6hnliches Accessoire f\u00fcr Theater, Oper, Hochzeiten, Gesch\u00e4ftstreffen, aber auch eine edle Erg\u00e4nzung zur B\u00fcrokleidung.<\/p>\n<p>Unser Kaschmir-Poncho f\u00fcr Damen ist in verschiedenen Farben erh\u00e4ltlich, derzeit sind 12 Farben verf\u00fcgbar.<\/p>\n\t\t\t\t\t\t\t\t<\/div>\n\t\t\t\t<\/div>\n\t\t\t\t\t<\/div>\n\t\t<\/div>\n\t\t\t\t\t<\/div>\n\t\t<\/section>\n\t\t\t\t<\/div>\n\t\t","protected":false},"excerpt":{"rendered":"<ul>\n<li>Gr\u00f6\u00dfe: 85 x 77 cm<\/li>\n<li>Artikel Nr.: KWPO20-F<\/li>\n<\/ul>\n","protected":false},"featured_media":54684,"template":"","meta":[],"product_brand":[],"product_cat":[788,1657],"product_tag":[],"class_list":{"0":"post-57892","1":"product","2":"type-product","3":"status-publish","4":"has-post-thumbnail","6":"product_cat-poncho","7":"product_cat-kaschmir-poncho","8":"pa_szin-schwartz","10":"first","11":"outofstock","12":"taxable","13":"shipping-taxable","14":"purchasable","15":"product-type-simple"},"_links":{"self":[{"href":"https:\/\/orientalcarpetshop.com\/de\/wp-json\/wp\/v2\/product\/57892","targetHints":{"allow":["GET"]}}],"collection":[{"href":"https:\/\/orientalcarpetshop.com\/de\/wp-json\/wp\/v2\/product"}],"about":[{"href":"https:\/\/orientalcarpetshop.com\/de\/wp-json\/wp\/v2\/types\/product"}],"version-history":[{"count":0,"href":"https:\/\/orientalcarpetshop.com\/de\/wp-json\/wp\/v2\/product\/57892\/revisions"}],"wp:featuredmedia":[{"embeddable":true,"href":"https:\/\/orientalcarpetshop.com\/de\/wp-json\/wp\/v2\/media\/54684"}],"wp:attachment":[{"href":"https:\/\/orientalcarpetshop.com\/de\/wp-json\/wp\/v2\/media?parent=57892"}],"wp:term":[{"taxonomy":"product_brand","embeddable":true,"href":"https:\/\/orientalcarpetshop.com\/de\/wp-json\/wp\/v2\/product_brand?post=57892"},{"taxonomy":"product_cat","embeddable":true,"href":"https:\/\/orientalcarpetshop.com\/de\/wp-json\/wp\/v2\/product_cat?post=57892"},{"taxonomy":"product_tag","embeddable":true,"href":"https:\/\/orientalcarpetshop.com\/de\/wp-json\/wp\/v2\/product_tag?post=57892"}],"curies":[{"name":"wp","href":"https:\/\/api.w.org\/{rel}","templated":true}]}}