{"id":57197,"date":"2022-09-01T12:42:44","date_gmt":"2022-09-01T10:42:44","guid":{"rendered":"https:\/\/orientalcarpetshop.com\/termek\/kissenbezug-mit-kaetzchen\/"},"modified":"2024-10-04T01:24:24","modified_gmt":"2024-10-03T23:24:24","slug":"kissenbezug-mit-katzchen","status":"publish","type":"product","link":"https:\/\/orientalcarpetshop.com\/de\/produkt\/kissenbezug-mit-katzchen\/","title":{"rendered":"Kissenbezug mit K\u00e4tzchen"},"content":{"rendered":"\t\t<div data-elementor-type=\"product-post\" data-elementor-id=\"57197\" class=\"elementor elementor-57197 elementor-51847\" data-elementor-post-type=\"product\">\n\t\t\t\t\t\t<section class=\"elementor-section elementor-top-section elementor-element elementor-element-1cd0b9b7 elementor-section-boxed elementor-section-height-default elementor-section-height-default\" data-id=\"1cd0b9b7\" data-element_type=\"section\" data-e-type=\"section\">\n\t\t\t\t\t\t<div class=\"elementor-container elementor-column-gap-default\">\n\t\t\t\t\t<div class=\"elementor-column elementor-col-100 elementor-top-column elementor-element elementor-element-2126825c\" data-id=\"2126825c\" data-element_type=\"column\" data-e-type=\"column\">\n\t\t\t<div class=\"elementor-widget-wrap elementor-element-populated\">\n\t\t\t\t\t\t<div class=\"elementor-element elementor-element-6ab5e270 elementor-widget elementor-widget-text-editor\" data-id=\"6ab5e270\" data-element_type=\"widget\" data-e-type=\"widget\" data-widget_type=\"text-editor.default\">\n\t\t\t\t<div class=\"elementor-widget-container\">\n\t\t\t\t\t\t\t\t\t<p><em><strong>Produktbeschreibung\/Kissenbezug mit K\u00e4tzchen: <\/strong><\/em><\/p>\n<ul>\n<li>Herstellungstechnik: maschinell gewebt<\/li>\n<li>Material: Baumwolle und Acryl<\/li>\n<li>Herkunftsort: T\u00fcrkei<\/li>\n<\/ul>\n<p><em><strong>Kommentar:<\/strong><\/em><\/p>\n<p>Werfen Sie einen Blick auf unsere Chenille-Kissenbez\u00fcge aus der T\u00fcrkei mit verschiedenen Katzenmustern.<\/p>\n<p>Die R\u00fcckseiten der Kissenbez\u00fcge sind weich, die F\u00fcllung ist durch einen Rei\u00dfverschluss austauschbar und bei 30 Grad in der Maschine waschbar.<\/p>\n<p>Die Kissenf\u00fcllung ist im Preis nicht enthalten.<\/p>\n<p>Diese Kissen wurden f\u00fcr Katzen- und K\u00e4tzchenliebhaber entwickelt und bringen garantiert ein bisschen Gl\u00fcck in Ihr Leben Die einzigartigen und zauberhaften Katzen- und K\u00e4tzchenmuster werden Sie begeistern und ein L\u00e4cheln auf Ihr Gesicht zaubern. Hochwertige Verarbeitung und sorgf\u00e4ltige Details sorgen daf\u00fcr, dass diese Kissen \u00fcber viele Jahre lang sch\u00f6n und bequem bleiben.<\/p><\/p>\n\t\t\t\t\t\t\t\t<\/div>\n\t\t\t\t<\/div>\n\t\t\t\t\t<\/div>\n\t\t<\/div>\n\t\t\t\t\t<\/div>\n\t\t<\/section>\n\t\t\t\t<\/div>\n\t\t","protected":false},"excerpt":{"rendered":"<ul>\n<li>Gr\u00f6\u00dfe: 45 x 45 cm<\/li>\n<li>Artikel Nr.: pk-056<\/li>\n<li><strong>Der Preis enth\u00e4lt nicht die Kissenf\u00fcllung!<\/strong><\/li>\n<\/ul>\n","protected":false},"featured_media":51850,"template":"","meta":[],"product_brand":[],"product_cat":[763,765],"product_tag":[],"class_list":{"0":"post-57197","1":"product","2":"type-product","3":"status-publish","4":"has-post-thumbnail","6":"product_cat-kissenbezug","7":"product_cat-katzen-kissenhulle","9":"first","10":"outofstock","11":"taxable","12":"shipping-taxable","13":"purchasable","14":"product-type-simple"},"_links":{"self":[{"href":"https:\/\/orientalcarpetshop.com\/de\/wp-json\/wp\/v2\/product\/57197","targetHints":{"allow":["GET"]}}],"collection":[{"href":"https:\/\/orientalcarpetshop.com\/de\/wp-json\/wp\/v2\/product"}],"about":[{"href":"https:\/\/orientalcarpetshop.com\/de\/wp-json\/wp\/v2\/types\/product"}],"version-history":[{"count":0,"href":"https:\/\/orientalcarpetshop.com\/de\/wp-json\/wp\/v2\/product\/57197\/revisions"}],"wp:featuredmedia":[{"embeddable":true,"href":"https:\/\/orientalcarpetshop.com\/de\/wp-json\/wp\/v2\/media\/51850"}],"wp:attachment":[{"href":"https:\/\/orientalcarpetshop.com\/de\/wp-json\/wp\/v2\/media?parent=57197"}],"wp:term":[{"taxonomy":"product_brand","embeddable":true,"href":"https:\/\/orientalcarpetshop.com\/de\/wp-json\/wp\/v2\/product_brand?post=57197"},{"taxonomy":"product_cat","embeddable":true,"href":"https:\/\/orientalcarpetshop.com\/de\/wp-json\/wp\/v2\/product_cat?post=57197"},{"taxonomy":"product_tag","embeddable":true,"href":"https:\/\/orientalcarpetshop.com\/de\/wp-json\/wp\/v2\/product_tag?post=57197"}],"curies":[{"name":"wp","href":"https:\/\/api.w.org\/{rel}","templated":true}]}}