{"id":142743,"date":"2025-07-23T12:43:39","date_gmt":"2025-07-23T10:43:39","guid":{"rendered":"https:\/\/orientalcarpetshop.com\/?post_type=product&#038;p=142743"},"modified":"2026-02-05T21:11:04","modified_gmt":"2026-02-05T19:11:04","slug":"gelber-keramik-elefant","status":"publish","type":"product","link":"https:\/\/orientalcarpetshop.com\/de\/produkt\/gelber-keramik-elefant\/","title":{"rendered":"Gelber Keramikelefant"},"content":{"rendered":"\t\t<div data-elementor-type=\"product-post\" data-elementor-id=\"142743\" class=\"elementor elementor-142743 elementor-142741\" data-elementor-post-type=\"product\">\n\t\t\t\t\t\t<section class=\"elementor-section elementor-top-section elementor-element elementor-element-b662fea elementor-section-boxed elementor-section-height-default elementor-section-height-default\" data-id=\"b662fea\" data-element_type=\"section\" data-e-type=\"section\">\n\t\t\t\t\t\t<div class=\"elementor-container elementor-column-gap-default\">\n\t\t\t\t\t<div class=\"elementor-column elementor-col-100 elementor-top-column elementor-element elementor-element-bb7b378\" data-id=\"bb7b378\" data-element_type=\"column\" data-e-type=\"column\">\n\t\t\t<div class=\"elementor-widget-wrap elementor-element-populated\">\n\t\t\t\t\t\t<div class=\"elementor-element elementor-element-e79b5ba elementor-widget elementor-widget-text-editor\" data-id=\"e79b5ba\" data-element_type=\"widget\" data-e-type=\"widget\" data-widget_type=\"text-editor.default\">\n\t\t\t\t<div class=\"elementor-widget-container\">\n\t\t\t\t\t\t\t\t\t<p><em><strong>Produktbeschreibung\/ Gelber Keramikelefant: <\/strong><\/em><\/p><p><em>Sehen Sie sich unsere t\u00fcrkischen Ceramics in verschiedenen Farben an.<\/em><\/p><p style=\"text-align: left;\">Ursprungsland: T\u00fcrkei, handgefertigtes Produkt.<\/p><p>Verwendung: Dekorationsgegenstand.<\/p><p>Anwendung: Wohnungen, H\u00e4user, Hotels, Restaurants, Caf\u00e9s, Gesch\u00e4fte.<\/p><p>Verpackung: Luftpolsterfolie und Karton. Individuelle Verpackungen sind ebenfalls m\u00f6glich, bitte kontaktieren Sie unseren Kundenservice f\u00fcr weitere Informationen.<\/p><p>Gewicht: 0,3 kg<\/p><p>Die handgefertigten Ceramikobjekte sind lebendige, handwerkliche St\u00fccke, die von osmanischen Mustern inspiriert sind. Jedes St\u00fcck ist einzigartig und mit komplexen floralen und geometrischen Mustern versehen, die mit traditionellen Techniken hergestellt wurden. Diese Keramikobjekte verleihen jedem Raum W\u00e4rme und einen Hauch orientalischer Eleganz.  <\/p>\t\t\t\t\t\t\t\t<\/div>\n\t\t\t\t<\/div>\n\t\t\t\t\t<\/div>\n\t\t<\/div>\n\t\t\t\t\t<\/div>\n\t\t<\/section>\n\t\t\t\t<section class=\"elementor-section elementor-top-section elementor-element elementor-element-46b82dae elementor-section-boxed elementor-section-height-default elementor-section-height-default\" data-id=\"46b82dae\" data-element_type=\"section\" data-e-type=\"section\">\n\t\t\t\t\t\t<div class=\"elementor-container elementor-column-gap-default\">\n\t\t\t\t\t<div class=\"elementor-column elementor-col-100 elementor-top-column elementor-element elementor-element-56f8952b\" data-id=\"56f8952b\" data-element_type=\"column\" data-e-type=\"column\">\n\t\t\t<div class=\"elementor-widget-wrap elementor-element-populated\">\n\t\t\t\t\t\t<div class=\"elementor-element elementor-element-56bb2cf0 elementor-widget-divider--view-line elementor-widget elementor-widget-divider\" data-id=\"56bb2cf0\" data-element_type=\"widget\" data-e-type=\"widget\" data-widget_type=\"divider.default\">\n\t\t\t\t<div class=\"elementor-widget-container\">\n\t\t\t\t\t\t\t<div class=\"elementor-divider\">\n\t\t\t<span class=\"elementor-divider-separator\">\n\t\t\t\t\t\t<\/span>\n\t\t<\/div>\n\t\t\t\t\t\t<\/div>\n\t\t\t\t<\/div>\n\t\t\t\t<div class=\"elementor-element elementor-element-169335a0 elementor-widget elementor-widget-heading\" data-id=\"169335a0\" data-element_type=\"widget\" data-e-type=\"widget\" data-widget_type=\"heading.default\">\n\t\t\t\t<div class=\"elementor-widget-container\">\n\t\t\t\t\t<h2 class=\"elementor-heading-title elementor-size-default\">\u00c4hnliche Produkte<\/h2>\t\t\t\t<\/div>\n\t\t\t\t<\/div>\n\t\t\t\t<div class=\"elementor-element elementor-element-2e6bcd72 elementor-widget-divider--view-line elementor-widget elementor-widget-divider\" data-id=\"2e6bcd72\" data-element_type=\"widget\" data-e-type=\"widget\" data-widget_type=\"divider.default\">\n\t\t\t\t<div class=\"elementor-widget-container\">\n\t\t\t\t\t\t\t<div class=\"elementor-divider\">\n\t\t\t<span class=\"elementor-divider-separator\">\n\t\t\t\t\t\t<\/span>\n\t\t<\/div>\n\t\t\t\t\t\t<\/div>\n\t\t\t\t<\/div>\n\t\t\t\t\t<\/div>\n\t\t<\/div>\n\t\t\t\t\t<\/div>\n\t\t<\/section>\n\t\t\t\t<\/div>\n\t\t","protected":false},"excerpt":{"rendered":"<ul>\n<li>H\u00f6he: 11 cm, L\u00e4nge: 11 cm, Breite: 6 cm<\/li>\n<li>Artikelnummer: CE65-FEZS1<\/li>\n<\/ul>\n","protected":false},"featured_media":142746,"template":"","meta":[],"product_brand":[],"product_cat":[1191,1192],"product_tag":[],"class_list":{"0":"post-142743","1":"product","2":"type-product","3":"status-publish","4":"has-post-thumbnail","6":"product_cat-keramik","7":"product_cat-turkischer-keramik","8":"pa_szin-gelb","9":"pa_szin-grun","11":"first","12":"instock","13":"sale","14":"taxable","15":"shipping-taxable","16":"purchasable","17":"product-type-simple"},"_links":{"self":[{"href":"https:\/\/orientalcarpetshop.com\/de\/wp-json\/wp\/v2\/product\/142743","targetHints":{"allow":["GET"]}}],"collection":[{"href":"https:\/\/orientalcarpetshop.com\/de\/wp-json\/wp\/v2\/product"}],"about":[{"href":"https:\/\/orientalcarpetshop.com\/de\/wp-json\/wp\/v2\/types\/product"}],"version-history":[{"count":0,"href":"https:\/\/orientalcarpetshop.com\/de\/wp-json\/wp\/v2\/product\/142743\/revisions"}],"wp:featuredmedia":[{"embeddable":true,"href":"https:\/\/orientalcarpetshop.com\/de\/wp-json\/wp\/v2\/media\/142746"}],"wp:attachment":[{"href":"https:\/\/orientalcarpetshop.com\/de\/wp-json\/wp\/v2\/media?parent=142743"}],"wp:term":[{"taxonomy":"product_brand","embeddable":true,"href":"https:\/\/orientalcarpetshop.com\/de\/wp-json\/wp\/v2\/product_brand?post=142743"},{"taxonomy":"product_cat","embeddable":true,"href":"https:\/\/orientalcarpetshop.com\/de\/wp-json\/wp\/v2\/product_cat?post=142743"},{"taxonomy":"product_tag","embeddable":true,"href":"https:\/\/orientalcarpetshop.com\/de\/wp-json\/wp\/v2\/product_tag?post=142743"}],"curies":[{"name":"wp","href":"https:\/\/api.w.org\/{rel}","templated":true}]}}