{"id":142138,"date":"2025-07-09T16:40:52","date_gmt":"2025-07-09T14:40:52","guid":{"rendered":"https:\/\/orientalcarpetshop.com\/?post_type=product&#038;p=142138"},"modified":"2026-02-04T17:14:24","modified_gmt":"2026-02-04T15:14:24","slug":"damast-muster-braunes-zierkissen","status":"publish","type":"product","link":"https:\/\/orientalcarpetshop.com\/de\/produkt\/damast-muster-braunes-zierkissen\/","title":{"rendered":"Braunes Zierkissen mit Damastmuster"},"content":{"rendered":"\t\t<div data-elementor-type=\"product-post\" data-elementor-id=\"142138\" class=\"elementor elementor-142138 elementor-142136\" data-elementor-post-type=\"product\">\n\t\t\t\t\t\t<section class=\"elementor-section elementor-top-section elementor-element elementor-element-12b9d162 elementor-section-boxed elementor-section-height-default elementor-section-height-default\" data-id=\"12b9d162\" data-element_type=\"section\" data-e-type=\"section\">\n\t\t\t\t\t\t<div class=\"elementor-container elementor-column-gap-default\">\n\t\t\t\t\t<div class=\"elementor-column elementor-col-100 elementor-top-column elementor-element elementor-element-5ee610d\" data-id=\"5ee610d\" data-element_type=\"column\" data-e-type=\"column\">\n\t\t\t<div class=\"elementor-widget-wrap elementor-element-populated\">\n\t\t\t\t\t\t<div class=\"elementor-element elementor-element-209394e3 elementor-widget elementor-widget-text-editor\" data-id=\"209394e3\" data-element_type=\"widget\" data-e-type=\"widget\" data-widget_type=\"text-editor.default\">\n\t\t\t\t<div class=\"elementor-widget-container\">\n\t\t\t\t\t\t\t\t\t<p><em><strong>Produktbeschreibung\/ Dekoratives Kissen mit Damastmuster in Braun: <\/strong><\/em><\/p><ul><li>Herstellungstechnik: maschinell gewebt<\/li><li>Material: Baumwolle und Acryl  <\/li><li>Herkunftsort: T\u00fcrkei<\/li><\/ul><p><em><strong>Anmerkung :<\/strong><\/em><\/p><p>Werfen Sie einen Blick auf unsere Chenille-Kissenbez\u00fcge aus der T\u00fcrkei in diversen Mustern.<\/p><p>Die Kissenbez\u00fcge sind weich im Griff, die F\u00fcllung ist mit einem Rei\u00dfverschluss austauschbar und bei 30 Grad in der Maschine waschbar.<\/p><p>Die Kissenf\u00fcllung ist im Preis nicht enthalten.<\/p><p>Gro\u00dfe Auswahl an t\u00fcrkischen Zierkissen mit vielf\u00e4ltigen Mustern und Farben.<\/p><p><span style=\"color: #000000; font-size: 16px;\">Wir pr\u00e4sentieren Ihnen unser braunes Zierkissen mit Damastmuster t\u00fcrkischer Herkunft, das sorgf\u00e4ltig aus einer Mischung hochwertiger Baumwolle und Acryl hergestellt wurde. Das lebhafte braune Zierkissen verleiht jedem Raum eine elegante Note und ist somit die perfekte Erg\u00e4nzung f\u00fcr Ihr Sofa, Ihren Sessel oder Ihr Bett.  F\u00fcllen Sie Ihren Lebensraum mit W\u00e4rme und Stil.<\/span><\/p>\t\t\t\t\t\t\t\t<\/div>\n\t\t\t\t<\/div>\n\t\t\t\t\t<\/div>\n\t\t<\/div>\n\t\t\t\t\t<\/div>\n\t\t<\/section>\n\t\t\t\t<section class=\"elementor-section elementor-top-section elementor-element elementor-element-553148fa elementor-section-boxed elementor-section-height-default elementor-section-height-default\" data-id=\"553148fa\" data-element_type=\"section\" data-e-type=\"section\">\n\t\t\t\t\t\t<div class=\"elementor-container elementor-column-gap-default\">\n\t\t\t\t\t<div class=\"elementor-column elementor-col-100 elementor-top-column elementor-element elementor-element-2bd0ddb0\" data-id=\"2bd0ddb0\" data-element_type=\"column\" data-e-type=\"column\">\n\t\t\t<div class=\"elementor-widget-wrap elementor-element-populated\">\n\t\t\t\t\t\t<div class=\"elementor-element elementor-element-2736a949 elementor-widget-divider--view-line elementor-widget elementor-widget-divider\" data-id=\"2736a949\" data-element_type=\"widget\" data-e-type=\"widget\" data-widget_type=\"divider.default\">\n\t\t\t\t<div class=\"elementor-widget-container\">\n\t\t\t\t\t\t\t<div class=\"elementor-divider\">\n\t\t\t<span class=\"elementor-divider-separator\">\n\t\t\t\t\t\t<\/span>\n\t\t<\/div>\n\t\t\t\t\t\t<\/div>\n\t\t\t\t<\/div>\n\t\t\t\t<div class=\"elementor-element elementor-element-266f73d elementor-widget elementor-widget-heading\" data-id=\"266f73d\" data-element_type=\"widget\" data-e-type=\"widget\" data-widget_type=\"heading.default\">\n\t\t\t\t<div class=\"elementor-widget-container\">\n\t\t\t\t\t<h2 class=\"elementor-heading-title elementor-size-default\">\u00c4hnliche Produkte<\/h2>\t\t\t\t<\/div>\n\t\t\t\t<\/div>\n\t\t\t\t<div class=\"elementor-element elementor-element-7b13f697 elementor-widget-divider--view-line elementor-widget elementor-widget-divider\" data-id=\"7b13f697\" data-element_type=\"widget\" data-e-type=\"widget\" data-widget_type=\"divider.default\">\n\t\t\t\t<div class=\"elementor-widget-container\">\n\t\t\t\t\t\t\t<div class=\"elementor-divider\">\n\t\t\t<span class=\"elementor-divider-separator\">\n\t\t\t\t\t\t<\/span>\n\t\t<\/div>\n\t\t\t\t\t\t<\/div>\n\t\t\t\t<\/div>\n\t\t\t\t\t<\/div>\n\t\t<\/div>\n\t\t\t\t\t<\/div>\n\t\t<\/section>\n\t\t\t\t<\/div>\n\t\t","protected":false},"excerpt":{"rendered":"<ul>\n<li>Gr\u00f6\u00dfe: 45 x 45 cm<\/li>\n<li>Artikelnummer: PK8003<\/li>\n<li><strong>Der Preis enth\u00e4lt nicht die Kissenf\u00fcllung!<\/strong><\/li>\n<\/ul>\n","protected":false},"featured_media":142141,"template":"","meta":[],"product_brand":[],"product_cat":[763,769],"product_tag":[],"class_list":{"0":"post-142138","1":"product","2":"type-product","3":"status-publish","4":"has-post-thumbnail","6":"product_cat-kissenbezug","7":"product_cat-turkischer-kissenbezug","8":"pa_szin-braun","9":"pa_szin-hellbraun","11":"first","12":"instock","13":"sale","14":"taxable","15":"shipping-taxable","16":"purchasable","17":"product-type-simple"},"_links":{"self":[{"href":"https:\/\/orientalcarpetshop.com\/de\/wp-json\/wp\/v2\/product\/142138","targetHints":{"allow":["GET"]}}],"collection":[{"href":"https:\/\/orientalcarpetshop.com\/de\/wp-json\/wp\/v2\/product"}],"about":[{"href":"https:\/\/orientalcarpetshop.com\/de\/wp-json\/wp\/v2\/types\/product"}],"version-history":[{"count":0,"href":"https:\/\/orientalcarpetshop.com\/de\/wp-json\/wp\/v2\/product\/142138\/revisions"}],"wp:featuredmedia":[{"embeddable":true,"href":"https:\/\/orientalcarpetshop.com\/de\/wp-json\/wp\/v2\/media\/142141"}],"wp:attachment":[{"href":"https:\/\/orientalcarpetshop.com\/de\/wp-json\/wp\/v2\/media?parent=142138"}],"wp:term":[{"taxonomy":"product_brand","embeddable":true,"href":"https:\/\/orientalcarpetshop.com\/de\/wp-json\/wp\/v2\/product_brand?post=142138"},{"taxonomy":"product_cat","embeddable":true,"href":"https:\/\/orientalcarpetshop.com\/de\/wp-json\/wp\/v2\/product_cat?post=142138"},{"taxonomy":"product_tag","embeddable":true,"href":"https:\/\/orientalcarpetshop.com\/de\/wp-json\/wp\/v2\/product_tag?post=142138"}],"curies":[{"name":"wp","href":"https:\/\/api.w.org\/{rel}","templated":true}]}}