{"id":141579,"date":"2025-06-30T17:11:07","date_gmt":"2025-06-30T15:11:07","guid":{"rendered":"https:\/\/orientalcarpetshop.com\/termek\/brauner-palmblatt-aufbewahrungs-korb\/"},"modified":"2026-04-11T22:08:56","modified_gmt":"2026-04-11T20:08:56","slug":"brauner-palmblatt-aufbewahrungs-korb","status":"publish","type":"product","link":"https:\/\/orientalcarpetshop.com\/de\/produkt\/brauner-palmblatt-aufbewahrungs-korb\/","title":{"rendered":"Brauner Palmblatt-Aufbewahrungskorb"},"content":{"rendered":"\t\t<div data-elementor-type=\"product-post\" data-elementor-id=\"141579\" class=\"elementor elementor-141579 elementor-140930\" data-elementor-post-type=\"product\">\n\t\t\t\t\t\t<section class=\"elementor-section elementor-top-section elementor-element elementor-element-a535acc elementor-section-boxed elementor-section-height-default elementor-section-height-default\" data-id=\"a535acc\" data-element_type=\"section\" data-e-type=\"section\">\n\t\t\t\t\t\t<div class=\"elementor-container elementor-column-gap-default\">\n\t\t\t\t\t<div class=\"elementor-column elementor-col-100 elementor-top-column elementor-element elementor-element-d2b07ec\" data-id=\"d2b07ec\" data-element_type=\"column\" data-e-type=\"column\">\n\t\t\t<div class=\"elementor-widget-wrap elementor-element-populated\">\n\t\t\t\t\t\t<div class=\"elementor-element elementor-element-d811eaa elementor-widget elementor-widget-text-editor\" data-id=\"d811eaa\" data-element_type=\"widget\" data-e-type=\"widget\" data-widget_type=\"text-editor.default\">\n\t\t\t\t<div class=\"elementor-widget-container\">\n\t\t\t\t\t\t\t\t\t<p><em><strong>Produktbeschreibung\/ Aufbewahrungskorb aus braunen Palmbl\u00e4ttern:&nbsp;<\/strong><\/em><\/p>\n<ul>\n<li>Vertigungstechnik: Flechten<\/li>\n<li>Material: Palmblatt<\/li>\n<li>Herkunftsort: Pakistan<\/li>\n<li>Verwendung: Obst Platte, Vorratsbeh\u00e4lter, Tischmitte, Wanddekoration.<\/li>\n<\/ul>\n<p>Sch\u00f6ner, einzigartiger handgewebter Korb aus Dattelpalmbl\u00e4ttern.<br><span style=\"word-spacing: normal;\">Verwenden Sie es zum Dekorieren, zum Aufbewahren von Obst und Gem\u00fcse, zum Ausstellen von Gegenst\u00e4nden und f\u00fcr alles andere, was Sie sich vorstellen k\u00f6nnen.<br><\/span><span style=\"word-spacing: normal;\">Er ist hitzebest\u00e4ndig und kann auch als Unterlage f\u00fcr Woks oder andere T\u00f6pfe oder Geschirr mit leicht abgerundetem Boden verwendet werden.<br><\/span><span style=\"word-spacing: normal;\">Einfach mit einem feuchten Tuch zu reinigen. Die K\u00f6rbe k\u00f6nnen auf den Tisch gestellt (z. B. Obstk\u00f6rbe) oder an die Wand geh\u00e4ngt werden, wobei ein einzelner Nagel den Korb fixiert.<\/span><\/p>\n<p>Der pakistanische Aufbewahrungskorb aus braunen Palmbl\u00e4ttern ist ein traditionelles Handwerksprodukt, das von einheimischen Kunsthandwerkern aus nat\u00fcrlichen Materialien von Hand gesponnen wird. Diese K\u00f6rbe sind nicht nur praktische Aufbewahrungsgegenst\u00e4nde, sondern auch ein wichtiger Teil der pakistanischen Kultur und Volkskunst. Sie sind wegen ihrer Langlebigkeit und \u00c4sthetik sehr begehrt.  <\/p>\t\t\t\t\t\t\t\t<\/div>\n\t\t\t\t<\/div>\n\t\t\t\t\t<\/div>\n\t\t<\/div>\n\t\t\t\t\t<\/div>\n\t\t<\/section>\n\t\t\t\t<section class=\"elementor-section elementor-top-section elementor-element elementor-element-95c9bf elementor-section-boxed elementor-section-height-default elementor-section-height-default\" data-id=\"95c9bf\" data-element_type=\"section\" data-e-type=\"section\">\n\t\t\t\t\t\t<div class=\"elementor-container elementor-column-gap-default\">\n\t\t\t\t\t<div class=\"elementor-column elementor-col-100 elementor-top-column elementor-element elementor-element-1748e6f\" data-id=\"1748e6f\" data-element_type=\"column\" data-e-type=\"column\">\n\t\t\t<div class=\"elementor-widget-wrap elementor-element-populated\">\n\t\t\t\t\t\t<div class=\"elementor-element elementor-element-1a32e29c elementor-widget-divider--view-line elementor-widget elementor-widget-divider\" data-id=\"1a32e29c\" data-element_type=\"widget\" data-e-type=\"widget\" data-widget_type=\"divider.default\">\n\t\t\t\t<div class=\"elementor-widget-container\">\n\t\t\t\t\t\t\t<div class=\"elementor-divider\">\n\t\t\t<span class=\"elementor-divider-separator\">\n\t\t\t\t\t\t<\/span>\n\t\t<\/div>\n\t\t\t\t\t\t<\/div>\n\t\t\t\t<\/div>\n\t\t\t\t<div class=\"elementor-element elementor-element-1e2852cc elementor-widget elementor-widget-heading\" data-id=\"1e2852cc\" data-element_type=\"widget\" data-e-type=\"widget\" data-widget_type=\"heading.default\">\n\t\t\t\t<div class=\"elementor-widget-container\">\n\t\t\t\t\t<h2 class=\"elementor-heading-title elementor-size-default\">\u00c4hnliche Produkte<\/h2>\t\t\t\t<\/div>\n\t\t\t\t<\/div>\n\t\t\t\t<div class=\"elementor-element elementor-element-4817bb1 elementor-widget-divider--view-line elementor-widget elementor-widget-divider\" data-id=\"4817bb1\" data-element_type=\"widget\" data-e-type=\"widget\" data-widget_type=\"divider.default\">\n\t\t\t\t<div class=\"elementor-widget-container\">\n\t\t\t\t\t\t\t<div class=\"elementor-divider\">\n\t\t\t<span class=\"elementor-divider-separator\">\n\t\t\t\t\t\t<\/span>\n\t\t<\/div>\n\t\t\t\t\t\t<\/div>\n\t\t\t\t<\/div>\n\t\t\t\t\t<\/div>\n\t\t<\/div>\n\t\t\t\t\t<\/div>\n\t\t<\/section>\n\t\t\t\t<\/div>\n\t\t","protected":false},"excerpt":{"rendered":"<ul>\n<li>Durchmesser: 30 cm, Tiefe: 3 cm<\/li>\n<li>Artikel Nr.: SPK7-B<\/li>\n<\/ul>\n","protected":false},"featured_media":140913,"template":"","meta":[],"product_brand":[],"product_cat":[787],"product_tag":[],"class_list":{"0":"post-141579","1":"product","2":"type-product","3":"status-publish","4":"has-post-thumbnail","6":"product_cat-palmblattkorb","7":"pa_szin-braun","9":"first","10":"instock","11":"sale","12":"taxable","13":"shipping-taxable","14":"purchasable","15":"product-type-simple"},"_links":{"self":[{"href":"https:\/\/orientalcarpetshop.com\/de\/wp-json\/wp\/v2\/product\/141579","targetHints":{"allow":["GET"]}}],"collection":[{"href":"https:\/\/orientalcarpetshop.com\/de\/wp-json\/wp\/v2\/product"}],"about":[{"href":"https:\/\/orientalcarpetshop.com\/de\/wp-json\/wp\/v2\/types\/product"}],"version-history":[{"count":0,"href":"https:\/\/orientalcarpetshop.com\/de\/wp-json\/wp\/v2\/product\/141579\/revisions"}],"wp:featuredmedia":[{"embeddable":true,"href":"https:\/\/orientalcarpetshop.com\/de\/wp-json\/wp\/v2\/media\/140913"}],"wp:attachment":[{"href":"https:\/\/orientalcarpetshop.com\/de\/wp-json\/wp\/v2\/media?parent=141579"}],"wp:term":[{"taxonomy":"product_brand","embeddable":true,"href":"https:\/\/orientalcarpetshop.com\/de\/wp-json\/wp\/v2\/product_brand?post=141579"},{"taxonomy":"product_cat","embeddable":true,"href":"https:\/\/orientalcarpetshop.com\/de\/wp-json\/wp\/v2\/product_cat?post=141579"},{"taxonomy":"product_tag","embeddable":true,"href":"https:\/\/orientalcarpetshop.com\/de\/wp-json\/wp\/v2\/product_tag?post=141579"}],"curies":[{"name":"wp","href":"https:\/\/api.w.org\/{rel}","templated":true}]}}