{"id":140639,"date":"2025-06-27T11:10:08","date_gmt":"2025-06-27T09:10:08","guid":{"rendered":"https:\/\/orientalcarpetshop.com\/?post_type=product&#038;p=140639"},"modified":"2025-07-08T18:56:42","modified_gmt":"2025-07-08T16:56:42","slug":"roter-keramik-kerzenhalter","status":"publish","type":"product","link":"https:\/\/orientalcarpetshop.com\/de\/produkt\/roter-keramik-kerzenhalter\/","title":{"rendered":"Roter Keramik-Kerzenhalter"},"content":{"rendered":"\t\t<div data-elementor-type=\"product-post\" data-elementor-id=\"140639\" class=\"elementor elementor-140639 elementor-140637\" data-elementor-post-type=\"product\">\n\t\t\t\t\t\t<section class=\"elementor-section elementor-top-section elementor-element elementor-element-b662fea elementor-section-boxed elementor-section-height-default elementor-section-height-default\" data-id=\"b662fea\" data-element_type=\"section\" data-e-type=\"section\">\n\t\t\t\t\t\t<div class=\"elementor-container elementor-column-gap-default\">\n\t\t\t\t\t<div class=\"elementor-column elementor-col-100 elementor-top-column elementor-element elementor-element-bb7b378\" data-id=\"bb7b378\" data-element_type=\"column\" data-e-type=\"column\">\n\t\t\t<div class=\"elementor-widget-wrap elementor-element-populated\">\n\t\t\t\t\t\t<div class=\"elementor-element elementor-element-e79b5ba elementor-widget elementor-widget-text-editor\" data-id=\"e79b5ba\" data-element_type=\"widget\" data-e-type=\"widget\" data-widget_type=\"text-editor.default\">\n\t\t\t\t<div class=\"elementor-widget-container\">\n\t\t\t\t\t\t\t\t\t<p><em><strong>Produktbeschreibung\/ Kerzenhalter aus roter Keramik: <\/strong><\/em><\/p><p><em>Werfen Sie einen Blick auf unsere Kerzenhalter in verschiedenen Farben.<\/em><\/p><p style=\"text-align: left;\">Ursprungsland: T\u00fcrkei, handgefertigtes Produkt.<\/p><p>Verwendung: Dekorative Leuchte.<\/p><p>Anwendung: Wohnungen, H\u00e4user, Hotels, Restaurants, Caf\u00e9s, Gesch\u00e4fte.<\/p><p>Verpackung: Luftpolsterfolie und Karton. Individuelle Verpackungen sind ebenfalls m\u00f6glich, bitte kontaktieren Sie unseren Kundenservice f\u00fcr weitere Informationen.<\/p><p>Gewicht: 0,3 kg<\/p><p>Der handgefertigte Keramik-Kerzenhalter ist ein lebendiges, handgefertigtes St\u00fcck, das von osmanischen Mustern inspiriert ist. Jedes St\u00fcck ist ein Unikat mit komplizierten floralen und geometrischen Mustern, die mit traditionellen Techniken hergestellt werden. Diese Kerzenhalter bringen W\u00e4rme und einen Hauch von orientalischer Eleganz in jeden Raum.  <\/p>\t\t\t\t\t\t\t\t<\/div>\n\t\t\t\t<\/div>\n\t\t\t\t\t<\/div>\n\t\t<\/div>\n\t\t\t\t\t<\/div>\n\t\t<\/section>\n\t\t\t\t<section class=\"elementor-section elementor-top-section elementor-element elementor-element-46b82dae elementor-section-boxed elementor-section-height-default elementor-section-height-default\" data-id=\"46b82dae\" data-element_type=\"section\" data-e-type=\"section\">\n\t\t\t\t\t\t<div class=\"elementor-container elementor-column-gap-default\">\n\t\t\t\t\t<div class=\"elementor-column elementor-col-100 elementor-top-column elementor-element elementor-element-56f8952b\" data-id=\"56f8952b\" data-element_type=\"column\" data-e-type=\"column\">\n\t\t\t<div class=\"elementor-widget-wrap elementor-element-populated\">\n\t\t\t\t\t\t<div class=\"elementor-element elementor-element-56bb2cf0 elementor-widget-divider--view-line elementor-widget elementor-widget-divider\" data-id=\"56bb2cf0\" data-element_type=\"widget\" data-e-type=\"widget\" data-widget_type=\"divider.default\">\n\t\t\t\t<div class=\"elementor-widget-container\">\n\t\t\t\t\t\t\t<div class=\"elementor-divider\">\n\t\t\t<span class=\"elementor-divider-separator\">\n\t\t\t\t\t\t<\/span>\n\t\t<\/div>\n\t\t\t\t\t\t<\/div>\n\t\t\t\t<\/div>\n\t\t\t\t<div class=\"elementor-element elementor-element-169335a0 elementor-widget elementor-widget-heading\" data-id=\"169335a0\" data-element_type=\"widget\" data-e-type=\"widget\" data-widget_type=\"heading.default\">\n\t\t\t\t<div class=\"elementor-widget-container\">\n\t\t\t\t\t<h2 class=\"elementor-heading-title elementor-size-default\">\u00c4hnliche Produkte<\/h2>\t\t\t\t<\/div>\n\t\t\t\t<\/div>\n\t\t\t\t<div class=\"elementor-element elementor-element-2e6bcd72 elementor-widget-divider--view-line elementor-widget elementor-widget-divider\" data-id=\"2e6bcd72\" data-element_type=\"widget\" data-e-type=\"widget\" data-widget_type=\"divider.default\">\n\t\t\t\t<div class=\"elementor-widget-container\">\n\t\t\t\t\t\t\t<div class=\"elementor-divider\">\n\t\t\t<span class=\"elementor-divider-separator\">\n\t\t\t\t\t\t<\/span>\n\t\t<\/div>\n\t\t\t\t\t\t<\/div>\n\t\t\t\t<\/div>\n\t\t\t\t\t<\/div>\n\t\t<\/div>\n\t\t\t\t\t<\/div>\n\t\t<\/section>\n\t\t\t\t<\/div>\n\t\t","protected":false},"excerpt":{"rendered":"<ul>\n<li>H\u00f6he: 22 cm, Breite: 10 cm, Fu\u00dfdurchmesser: 6cm<\/li>\n<li>Artikel Nr.: GYM165-02<\/li>\n<\/ul>\n","protected":false},"featured_media":140642,"template":"","meta":[],"product_brand":[],"product_cat":[1191,784,778,1192],"product_tag":[],"class_list":{"0":"post-140639","1":"product","2":"type-product","3":"status-publish","4":"has-post-thumbnail","6":"product_cat-keramik","7":"product_cat-kerzenhalter","8":"product_cat-lampe","9":"product_cat-turkischer-keramik","10":"pa_szin-rot-de","11":"pa_szin-schwartz","13":"first","14":"outofstock","15":"sale","16":"taxable","17":"shipping-taxable","18":"purchasable","19":"product-type-simple"},"_links":{"self":[{"href":"https:\/\/orientalcarpetshop.com\/de\/wp-json\/wp\/v2\/product\/140639","targetHints":{"allow":["GET"]}}],"collection":[{"href":"https:\/\/orientalcarpetshop.com\/de\/wp-json\/wp\/v2\/product"}],"about":[{"href":"https:\/\/orientalcarpetshop.com\/de\/wp-json\/wp\/v2\/types\/product"}],"version-history":[{"count":0,"href":"https:\/\/orientalcarpetshop.com\/de\/wp-json\/wp\/v2\/product\/140639\/revisions"}],"wp:featuredmedia":[{"embeddable":true,"href":"https:\/\/orientalcarpetshop.com\/de\/wp-json\/wp\/v2\/media\/140642"}],"wp:attachment":[{"href":"https:\/\/orientalcarpetshop.com\/de\/wp-json\/wp\/v2\/media?parent=140639"}],"wp:term":[{"taxonomy":"product_brand","embeddable":true,"href":"https:\/\/orientalcarpetshop.com\/de\/wp-json\/wp\/v2\/product_brand?post=140639"},{"taxonomy":"product_cat","embeddable":true,"href":"https:\/\/orientalcarpetshop.com\/de\/wp-json\/wp\/v2\/product_cat?post=140639"},{"taxonomy":"product_tag","embeddable":true,"href":"https:\/\/orientalcarpetshop.com\/de\/wp-json\/wp\/v2\/product_tag?post=140639"}],"curies":[{"name":"wp","href":"https:\/\/api.w.org\/{rel}","templated":true}]}}