{"id":133361,"date":"2025-03-27T15:22:33","date_gmt":"2025-03-27T13:22:33","guid":{"rendered":"https:\/\/orientalcarpetshop.com\/?post_type=product&#038;p=133361"},"modified":"2025-04-15T10:38:26","modified_gmt":"2025-04-15T08:38:26","slug":"hollohazi-garten-muster-igelfigur","status":"publish","type":"product","link":"https:\/\/orientalcarpetshop.com\/de\/produkt\/hollohazi-garten-muster-igelfigur\/","title":{"rendered":"Holl\u00f3h\u00e1zi Garden Muster Igel"},"content":{"rendered":"\t\t<div data-elementor-type=\"product-post\" data-elementor-id=\"133361\" class=\"elementor elementor-133361 elementor-133359\" data-elementor-post-type=\"product\">\n\t\t\t\t\t\t<section class=\"elementor-section elementor-top-section elementor-element elementor-element-0db2d9f elementor-section-boxed elementor-section-height-default elementor-section-height-default\" data-id=\"0db2d9f\" data-element_type=\"section\" data-e-type=\"section\">\n\t\t\t\t\t\t<div class=\"elementor-container elementor-column-gap-default\">\n\t\t\t\t\t<div class=\"elementor-column elementor-col-100 elementor-top-column elementor-element elementor-element-5155104\" data-id=\"5155104\" data-element_type=\"column\" data-e-type=\"column\">\n\t\t\t<div class=\"elementor-widget-wrap elementor-element-populated\">\n\t\t\t\t\t\t<div class=\"elementor-element elementor-element-512b71f elementor-widget elementor-widget-text-editor\" data-id=\"512b71f\" data-element_type=\"widget\" data-e-type=\"widget\" data-widget_type=\"text-editor.default\">\n\t\t\t\t<div class=\"elementor-widget-container\">\n\t\t\t\t\t\t\t\t\t<p><em><b>Produktbeschreibung\/ Igel mit Holloh\u00e1zi Garten-Muster: <\/b><\/em><\/p>\n<div>\n<div dir=\"auto\" data-message-author-role=\"assistant\" data-message-id=\"c6b6c7c9-65da-4b56-ac44-b360727ff3b4\" data-message-model-slug=\"gpt-4o\">\n<ul>\n<li><strong>Zubereitungstechnik:<\/strong> Handgeformtes und handbemaltes Porzellan<\/li>\n<li><strong>Material<\/strong>: Porzellan<\/li>\n<li><strong>Herkunft<\/strong>: Ungarn, Holl\u00f3h\u00e1zi Porzellanmanufaktur<\/li>\n<li><strong>Alter<\/strong> : Mitte des 20. Jahrhunderts (wahrscheinlich 1960er, 1970er Jahre)\n<\/li>\n<li><strong>Stil<\/strong>:Klassische, naturalistische Tierfiguren<\/li>\n<li><strong>Funktion<\/strong>: dekoratives Ornament<\/li>\n<li><strong>Zustand<\/strong>: ausgezeichneter Zustand, keine sichtbaren Sch\u00e4den<\/li>\n<\/ul>\n<div>\n<div dir=\"auto\" data-message-author-role=\"assistant\" data-message-id=\"a4b76030-66fd-40da-b014-291936527584\" data-message-model-slug=\"gpt-4o\">\n<div>\n<div>\n<p>Diese Igelfigur mit dem Holl\u00f3h\u00e1zi-Gartendekor wurde von den Handwerkern der Holl\u00f3h\u00e1zi-Porzellanmanufaktur, die eine mehr als zwei Jahrhunderte alte Tradition aufrechterhalten, von Hand gegossen und handbemalt.<\/p>\n<p>Die Farbgebung des Igels verleiht dieser Kreation ein elegantes Aussehen. Die Porzellanfigur wurde in der Mitte des 20. Jahrhunderts, wahrscheinlich in den 1960er oder 1970er Jahren, hergestellt.  <\/p>\n<p>Dieses Porzellanornament schafft eine besondere Atmosph\u00e4re in jedem Interieur und macht sich gut in Vitrinen oder auf Regalen. Der Zustand ist tadellos, ohne sichtbare Sch\u00e4den.  <\/p>\n<\/div>\n<\/div>\n<\/div>\n<\/div>\n<\/div>\n<\/div>\n\t\t\t\t\t\t\t\t<\/div>\n\t\t\t\t<\/div>\n\t\t\t\t\t<\/div>\n\t\t<\/div>\n\t\t\t\t\t<\/div>\n\t\t<\/section>\n\t\t\t\t<section class=\"elementor-section elementor-top-section elementor-element elementor-element-1cb60aab elementor-section-boxed elementor-section-height-default elementor-section-height-default\" data-id=\"1cb60aab\" data-element_type=\"section\" data-e-type=\"section\">\n\t\t\t\t\t\t<div class=\"elementor-container elementor-column-gap-default\">\n\t\t\t\t\t<div class=\"elementor-column elementor-col-100 elementor-top-column elementor-element elementor-element-5edcb675\" data-id=\"5edcb675\" data-element_type=\"column\" data-e-type=\"column\">\n\t\t\t<div class=\"elementor-widget-wrap elementor-element-populated\">\n\t\t\t\t\t\t<div class=\"elementor-element elementor-element-4dbdb707 elementor-widget-divider--view-line elementor-widget elementor-widget-divider\" data-id=\"4dbdb707\" data-element_type=\"widget\" data-e-type=\"widget\" data-widget_type=\"divider.default\">\n\t\t\t\t<div class=\"elementor-widget-container\">\n\t\t\t\t\t\t\t<div class=\"elementor-divider\">\n\t\t\t<span class=\"elementor-divider-separator\">\n\t\t\t\t\t\t<\/span>\n\t\t<\/div>\n\t\t\t\t\t\t<\/div>\n\t\t\t\t<\/div>\n\t\t\t\t<div class=\"elementor-element elementor-element-32ee9499 elementor-widget elementor-widget-heading\" data-id=\"32ee9499\" data-element_type=\"widget\" data-e-type=\"widget\" data-widget_type=\"heading.default\">\n\t\t\t\t<div class=\"elementor-widget-container\">\n\t\t\t\t\t<h2 class=\"elementor-heading-title elementor-size-default\">\u00c4hnliche Produkte<\/h2>\t\t\t\t<\/div>\n\t\t\t\t<\/div>\n\t\t\t\t<div class=\"elementor-element elementor-element-5ec94e26 elementor-widget-divider--view-line elementor-widget elementor-widget-divider\" data-id=\"5ec94e26\" data-element_type=\"widget\" data-e-type=\"widget\" data-widget_type=\"divider.default\">\n\t\t\t\t<div class=\"elementor-widget-container\">\n\t\t\t\t\t\t\t<div class=\"elementor-divider\">\n\t\t\t<span class=\"elementor-divider-separator\">\n\t\t\t\t\t\t<\/span>\n\t\t<\/div>\n\t\t\t\t\t\t<\/div>\n\t\t\t\t<\/div>\n\t\t\t\t\t<\/div>\n\t\t<\/div>\n\t\t\t\t\t<\/div>\n\t\t<\/section>\n\t\t\t\t<\/div>\n\t\t","protected":false},"excerpt":{"rendered":"<ul>\n<li>Gr\u00f6\u00dfe: 4,5 x 9 x 4,5 cm<\/li>\n<li>Artikel Nr.: KR2288<\/li>\n<\/ul>\n","protected":false},"featured_media":133364,"template":"","meta":[],"product_brand":[],"product_cat":[1660],"product_tag":[],"class_list":{"0":"post-133361","1":"product","2":"type-product","3":"status-publish","4":"has-post-thumbnail","6":"product_cat-porzellan-figuren","7":"pa_szin-blau","8":"pa_szin-burgund-farbe","9":"pa_szin-grun","10":"pa_szin-weis","12":"first","13":"instock","14":"sale","15":"taxable","16":"shipping-taxable","17":"purchasable","18":"product-type-simple"},"_links":{"self":[{"href":"https:\/\/orientalcarpetshop.com\/de\/wp-json\/wp\/v2\/product\/133361","targetHints":{"allow":["GET"]}}],"collection":[{"href":"https:\/\/orientalcarpetshop.com\/de\/wp-json\/wp\/v2\/product"}],"about":[{"href":"https:\/\/orientalcarpetshop.com\/de\/wp-json\/wp\/v2\/types\/product"}],"version-history":[{"count":0,"href":"https:\/\/orientalcarpetshop.com\/de\/wp-json\/wp\/v2\/product\/133361\/revisions"}],"wp:featuredmedia":[{"embeddable":true,"href":"https:\/\/orientalcarpetshop.com\/de\/wp-json\/wp\/v2\/media\/133364"}],"wp:attachment":[{"href":"https:\/\/orientalcarpetshop.com\/de\/wp-json\/wp\/v2\/media?parent=133361"}],"wp:term":[{"taxonomy":"product_brand","embeddable":true,"href":"https:\/\/orientalcarpetshop.com\/de\/wp-json\/wp\/v2\/product_brand?post=133361"},{"taxonomy":"product_cat","embeddable":true,"href":"https:\/\/orientalcarpetshop.com\/de\/wp-json\/wp\/v2\/product_cat?post=133361"},{"taxonomy":"product_tag","embeddable":true,"href":"https:\/\/orientalcarpetshop.com\/de\/wp-json\/wp\/v2\/product_tag?post=133361"}],"curies":[{"name":"wp","href":"https:\/\/api.w.org\/{rel}","templated":true}]}}