{"id":131590,"date":"2025-02-12T11:59:01","date_gmt":"2025-02-12T09:59:01","guid":{"rendered":"https:\/\/orientalcarpetshop.com\/termek\/chinesischer-seiden-teppich-156-x-93-cm\/"},"modified":"2025-02-13T16:46:03","modified_gmt":"2025-02-13T14:46:03","slug":"chinesischer-seiden-teppich-156-x-93-cm","status":"publish","type":"product","link":"https:\/\/orientalcarpetshop.com\/de\/produkt\/chinesischer-seiden-teppich-156-x-93-cm\/","title":{"rendered":"Chinesischer Seidenteppich 156 x 93 cm"},"content":{"rendered":"\t\t<div data-elementor-type=\"product-post\" data-elementor-id=\"131590\" class=\"elementor elementor-131590 elementor-131540\" data-elementor-post-type=\"product\">\n\t\t\t\t\t\t<section class=\"elementor-section elementor-top-section elementor-element elementor-element-638103c elementor-section-boxed elementor-section-height-default elementor-section-height-default\" data-id=\"638103c\" data-element_type=\"section\" data-e-type=\"section\">\n\t\t\t\t\t\t<div class=\"elementor-container elementor-column-gap-default\">\n\t\t\t\t\t<div class=\"elementor-column elementor-col-100 elementor-top-column elementor-element elementor-element-a04429d\" data-id=\"a04429d\" data-element_type=\"column\" data-e-type=\"column\">\n\t\t\t<div class=\"elementor-widget-wrap elementor-element-populated\">\n\t\t\t\t\t\t<div class=\"elementor-element elementor-element-d1a1e62 elementor-widget elementor-widget-text-editor\" data-id=\"d1a1e62\" data-element_type=\"widget\" data-e-type=\"widget\" data-widget_type=\"text-editor.default\">\n\t\t\t\t<div class=\"elementor-widget-container\">\n\t\t\t\t\t\t\t\t\t<p><em><b>Produktbeschreibung\/ Chinesischer Seidenteppich 156 x 93 cm : <\/b><\/em><\/p>\n<ul>\n<li>Herstellungstechnik: handgekn\u00fcpft &#8211; Senn\u00e9-Kn\u00fcpfung &#8211; 1.000.000 Knoten pro Quadratmeter<\/li>\n<li>Schuss: Seide<\/li>\n<li>Kette: Seide<\/li>\n<li>Material: 100% Seide<\/li>\n<li>Herkunftsort: China<\/li>\n<li>Farbstoffe: Anilin-Farbstoffe<\/li>\n<li>Alter: Mitte des XX. Jahrhunderts<\/li>\n<li>Zustand: in ausgezeichnetem Zustand<\/li>\n<\/ul>\n<p>Waschen und Pflegen:<\/p>\n<p>Lassen Sie Ihren chinesischen Seidenteppich von einem Fachmann reinigen. Wenn Sie m\u00f6chten, dass wir Ihren Teppich von Hand reinigen, rufen Sie bitte unseren Kundendienst an oder besuchen Sie unser Teppichreinigungsmen\u00fc. <\/p>\n<p>Sch\u00fctzen Sie den chinesischen Seidenteppich vor starker Sonneneinstrahlung und drehen Sie ihn gelegentlich, um sicherzustellen, dass er w\u00e4hrend des Gebrauchs gleichm\u00e4\u00dfig belastet wird.<\/p>\n\t\t\t\t\t\t\t\t<\/div>\n\t\t\t\t<\/div>\n\t\t\t\t\t<\/div>\n\t\t<\/div>\n\t\t\t\t\t<\/div>\n\t\t<\/section>\n\t\t\t\t<section class=\"elementor-section elementor-top-section elementor-element elementor-element-71c0d89d elementor-section-boxed elementor-section-height-default elementor-section-height-default\" data-id=\"71c0d89d\" data-element_type=\"section\" data-e-type=\"section\">\n\t\t\t\t\t\t<div class=\"elementor-container elementor-column-gap-default\">\n\t\t\t\t\t<div class=\"elementor-column elementor-col-100 elementor-top-column elementor-element elementor-element-2dcd29c1\" data-id=\"2dcd29c1\" data-element_type=\"column\" data-e-type=\"column\">\n\t\t\t<div class=\"elementor-widget-wrap elementor-element-populated\">\n\t\t\t\t\t\t<div class=\"elementor-element elementor-element-60a84925 elementor-widget-divider--view-line elementor-widget elementor-widget-divider\" data-id=\"60a84925\" data-element_type=\"widget\" data-e-type=\"widget\" data-widget_type=\"divider.default\">\n\t\t\t\t<div class=\"elementor-widget-container\">\n\t\t\t\t\t\t\t<div class=\"elementor-divider\">\n\t\t\t<span class=\"elementor-divider-separator\">\n\t\t\t\t\t\t<\/span>\n\t\t<\/div>\n\t\t\t\t\t\t<\/div>\n\t\t\t\t<\/div>\n\t\t\t\t<div class=\"elementor-element elementor-element-6a705a96 elementor-widget elementor-widget-heading\" data-id=\"6a705a96\" data-element_type=\"widget\" data-e-type=\"widget\" data-widget_type=\"heading.default\">\n\t\t\t\t<div class=\"elementor-widget-container\">\n\t\t\t\t\t<h2 class=\"elementor-heading-title elementor-size-default\">\u00c4hnliche Produkte<\/h2>\t\t\t\t<\/div>\n\t\t\t\t<\/div>\n\t\t\t\t<div class=\"elementor-element elementor-element-4a72f1fe elementor-widget-divider--view-line elementor-widget elementor-widget-divider\" data-id=\"4a72f1fe\" data-element_type=\"widget\" data-e-type=\"widget\" data-widget_type=\"divider.default\">\n\t\t\t\t<div class=\"elementor-widget-container\">\n\t\t\t\t\t\t\t<div class=\"elementor-divider\">\n\t\t\t<span class=\"elementor-divider-separator\">\n\t\t\t\t\t\t<\/span>\n\t\t<\/div>\n\t\t\t\t\t\t<\/div>\n\t\t\t\t<\/div>\n\t\t\t\t\t<\/div>\n\t\t<\/div>\n\t\t\t\t\t<\/div>\n\t\t<\/section>\n\t\t\t\t<\/div>\n\t\t","protected":false},"excerpt":{"rendered":"<ul>\n<li>Gr\u00f6\u00dfe: 156 x 93 cm<\/li>\n<li>Artikel Nr.: KR2034<\/li>\n<li>3.6 kg<\/li>\n<\/ul>\n","protected":false},"featured_media":131711,"template":"","meta":[],"product_brand":[],"product_cat":[771,776],"product_tag":[],"class_list":{"0":"post-131590","1":"product","2":"type-product","3":"status-publish","4":"has-post-thumbnail","6":"product_cat-orientteppich","7":"product_cat-seidenteppich","8":"pa_meret-160-x-100-de","9":"pa_minta-pflanzenmuster","10":"pa_szin-blau","11":"pa_szin-braun","12":"pa_szin-creme","14":"first","15":"instock","16":"sale","17":"taxable","18":"shipping-taxable","19":"purchasable","20":"product-type-simple"},"_links":{"self":[{"href":"https:\/\/orientalcarpetshop.com\/de\/wp-json\/wp\/v2\/product\/131590","targetHints":{"allow":["GET"]}}],"collection":[{"href":"https:\/\/orientalcarpetshop.com\/de\/wp-json\/wp\/v2\/product"}],"about":[{"href":"https:\/\/orientalcarpetshop.com\/de\/wp-json\/wp\/v2\/types\/product"}],"version-history":[{"count":0,"href":"https:\/\/orientalcarpetshop.com\/de\/wp-json\/wp\/v2\/product\/131590\/revisions"}],"wp:featuredmedia":[{"embeddable":true,"href":"https:\/\/orientalcarpetshop.com\/de\/wp-json\/wp\/v2\/media\/131711"}],"wp:attachment":[{"href":"https:\/\/orientalcarpetshop.com\/de\/wp-json\/wp\/v2\/media?parent=131590"}],"wp:term":[{"taxonomy":"product_brand","embeddable":true,"href":"https:\/\/orientalcarpetshop.com\/de\/wp-json\/wp\/v2\/product_brand?post=131590"},{"taxonomy":"product_cat","embeddable":true,"href":"https:\/\/orientalcarpetshop.com\/de\/wp-json\/wp\/v2\/product_cat?post=131590"},{"taxonomy":"product_tag","embeddable":true,"href":"https:\/\/orientalcarpetshop.com\/de\/wp-json\/wp\/v2\/product_tag?post=131590"}],"curies":[{"name":"wp","href":"https:\/\/api.w.org\/{rel}","templated":true}]}}