{"id":130686,"date":"2024-12-14T13:20:55","date_gmt":"2024-12-14T11:20:55","guid":{"rendered":"https:\/\/orientalcarpetshop.com\/termek\/pudel-hund-hollohaza\/"},"modified":"2025-03-27T17:04:22","modified_gmt":"2025-03-27T15:04:22","slug":"pudel-hund-hollohaza","status":"publish","type":"product","link":"https:\/\/orientalcarpetshop.com\/de\/produkt\/pudel-hund-hollohaza\/","title":{"rendered":"Pudelhund von Holloh\u00e1za"},"content":{"rendered":"\t\t<div data-elementor-type=\"product-post\" data-elementor-id=\"130686\" class=\"elementor elementor-130686 elementor-127751\" data-elementor-post-type=\"product\">\n\t\t\t\t\t\t<section class=\"elementor-section elementor-top-section elementor-element elementor-element-3a57be23 elementor-section-boxed elementor-section-height-default elementor-section-height-default\" data-id=\"3a57be23\" data-element_type=\"section\" data-e-type=\"section\">\n\t\t\t\t\t\t<div class=\"elementor-container elementor-column-gap-default\">\n\t\t\t\t\t<div class=\"elementor-column elementor-col-100 elementor-top-column elementor-element elementor-element-11ede84b\" data-id=\"11ede84b\" data-element_type=\"column\" data-e-type=\"column\">\n\t\t\t<div class=\"elementor-widget-wrap elementor-element-populated\">\n\t\t\t\t\t\t<div class=\"elementor-element elementor-element-20af51de elementor-widget elementor-widget-text-editor\" data-id=\"20af51de\" data-element_type=\"widget\" data-e-type=\"widget\" data-widget_type=\"text-editor.default\">\n\t\t\t\t<div class=\"elementor-widget-container\">\n\t\t\t\t\t\t\t\t\t<p><em><b>Produktbeschreibung\/ Pudel-Figur von Holloh\u00e1za: <\/b><\/em><\/p>\n<div>\n<div dir=\"auto\" data-message-author-role=\"assistant\" data-message-id=\"c6b6c7c9-65da-4b56-ac44-b360727ff3b4\" data-message-model-slug=\"gpt-4o\">\n<div>\n<div>\n<ul>\n<li><strong>Herstellungstechnik<\/strong>: handgeformtes und glasiertes Porzellan<\/li>\n<li><strong>Material<\/strong>: Porzellan<\/li>\n<li><strong>Herkunftsort<\/strong>: Holl\u00f3h\u00e1zi Porzellanmanufaktur<\/li>\n<li><strong>Alter<\/strong>: 1960er, 1970er Jahre (Moderne Mitte des Jahrhunderts)<\/li>\n<li><strong>Stil<\/strong>: modern, retro<\/li>\n<li><strong>Funktion<\/strong>: Ornament, Porzellanfigur f\u00fcr Sammler<\/li>\n<li><strong>Zustand<\/strong>: Verschont, sch\u00f6ner Zustand<\/li>\n<\/ul>\n<p>Dieser Raven House Porzellan-Pudelhund ist ein einzigartiges, elegantes und verspieltes Ornament, das sich perfekt in jedes Interieur im Vintage- oder Retro-Stil einf\u00fcgen wird. Die klaren, modernen Linien und feinen Details der Figur spiegeln die meisterhafte Arbeit der Holl\u00f3h\u00e1zi Porzellanmanufaktur wider, die seit \u00fcber 240 Jahren f\u00fcr die Traditionen der ungarischen Handwerkskunst steht. <\/p>\n<p>Der Pudel hat eine langgestreckte Form mit einer anmutigen Haltung und sanft geschwungenen Formen. Der wei\u00dfe Porzellansockel ist mit subtilen hellbraunen Farbt\u00f6nen verziert, die sowohl die Eleganz als auch die Verspieltheit der Figur unterstreichen. <\/p>\n<p>Dieses Ornament wurde urspr\u00fcnglich zu \u00e4sthetischen Zwecken hergestellt, ist aber heute auch f\u00fcr Sammler von Wert, da seine Einzigartigkeit und seine Herstellungstechnik es zu einem zeitlosen Objekt machen. Perfekt f\u00fcr Vintage-Interieurs oder zur Erg\u00e4nzung von Sammlungen. <\/p>\n<\/div>\n<\/div>\n<\/div>\n<\/div>\n\t\t\t\t\t\t\t\t<\/div>\n\t\t\t\t<\/div>\n\t\t\t\t\t<\/div>\n\t\t<\/div>\n\t\t\t\t\t<\/div>\n\t\t<\/section>\n\t\t\t\t<section class=\"elementor-section elementor-top-section elementor-element elementor-element-7e17133 elementor-section-boxed elementor-section-height-default elementor-section-height-default\" data-id=\"7e17133\" data-element_type=\"section\" data-e-type=\"section\">\n\t\t\t\t\t\t<div class=\"elementor-container elementor-column-gap-default\">\n\t\t\t\t\t<div class=\"elementor-column elementor-col-100 elementor-top-column elementor-element elementor-element-753be1cd\" data-id=\"753be1cd\" data-element_type=\"column\" data-e-type=\"column\">\n\t\t\t<div class=\"elementor-widget-wrap elementor-element-populated\">\n\t\t\t\t\t\t<div class=\"elementor-element elementor-element-782c1dfb elementor-widget-divider--view-line elementor-widget elementor-widget-divider\" data-id=\"782c1dfb\" data-element_type=\"widget\" data-e-type=\"widget\" data-widget_type=\"divider.default\">\n\t\t\t\t<div class=\"elementor-widget-container\">\n\t\t\t\t\t\t\t<div class=\"elementor-divider\">\n\t\t\t<span class=\"elementor-divider-separator\">\n\t\t\t\t\t\t<\/span>\n\t\t<\/div>\n\t\t\t\t\t\t<\/div>\n\t\t\t\t<\/div>\n\t\t\t\t<div class=\"elementor-element elementor-element-27e0c16a elementor-widget elementor-widget-heading\" data-id=\"27e0c16a\" data-element_type=\"widget\" data-e-type=\"widget\" data-widget_type=\"heading.default\">\n\t\t\t\t<div class=\"elementor-widget-container\">\n\t\t\t\t\t<h2 class=\"elementor-heading-title elementor-size-default\">\u00c4hnliche Produkte<\/h2>\t\t\t\t<\/div>\n\t\t\t\t<\/div>\n\t\t\t\t<div class=\"elementor-element elementor-element-30f215e2 elementor-widget-divider--view-line elementor-widget elementor-widget-divider\" data-id=\"30f215e2\" data-element_type=\"widget\" data-e-type=\"widget\" data-widget_type=\"divider.default\">\n\t\t\t\t<div class=\"elementor-widget-container\">\n\t\t\t\t\t\t\t<div class=\"elementor-divider\">\n\t\t\t<span class=\"elementor-divider-separator\">\n\t\t\t\t\t\t<\/span>\n\t\t<\/div>\n\t\t\t\t\t\t<\/div>\n\t\t\t\t<\/div>\n\t\t\t\t\t<\/div>\n\t\t<\/div>\n\t\t\t\t\t<\/div>\n\t\t<\/section>\n\t\t\t\t<\/div>\n\t\t","protected":false},"excerpt":{"rendered":"<ul>\n<li>Gr\u00f6\u00dfe: 19 x 9 cm<\/li>\n<li>Artikel Nr.: KR2157<\/li>\n<\/ul>\n","protected":false},"featured_media":127754,"template":"","meta":[],"product_brand":[],"product_cat":[1191,1660],"product_tag":[],"class_list":{"0":"post-130686","1":"product","2":"type-product","3":"status-publish","4":"has-post-thumbnail","6":"product_cat-keramik","7":"product_cat-porzellan-figuren","8":"pa_szin-hellbraun-de-2","9":"pa_szin-weis","11":"first","12":"instock","13":"sale","14":"taxable","15":"shipping-taxable","16":"purchasable","17":"product-type-simple"},"_links":{"self":[{"href":"https:\/\/orientalcarpetshop.com\/de\/wp-json\/wp\/v2\/product\/130686","targetHints":{"allow":["GET"]}}],"collection":[{"href":"https:\/\/orientalcarpetshop.com\/de\/wp-json\/wp\/v2\/product"}],"about":[{"href":"https:\/\/orientalcarpetshop.com\/de\/wp-json\/wp\/v2\/types\/product"}],"version-history":[{"count":0,"href":"https:\/\/orientalcarpetshop.com\/de\/wp-json\/wp\/v2\/product\/130686\/revisions"}],"wp:featuredmedia":[{"embeddable":true,"href":"https:\/\/orientalcarpetshop.com\/de\/wp-json\/wp\/v2\/media\/127754"}],"wp:attachment":[{"href":"https:\/\/orientalcarpetshop.com\/de\/wp-json\/wp\/v2\/media?parent=130686"}],"wp:term":[{"taxonomy":"product_brand","embeddable":true,"href":"https:\/\/orientalcarpetshop.com\/de\/wp-json\/wp\/v2\/product_brand?post=130686"},{"taxonomy":"product_cat","embeddable":true,"href":"https:\/\/orientalcarpetshop.com\/de\/wp-json\/wp\/v2\/product_cat?post=130686"},{"taxonomy":"product_tag","embeddable":true,"href":"https:\/\/orientalcarpetshop.com\/de\/wp-json\/wp\/v2\/product_tag?post=130686"}],"curies":[{"name":"wp","href":"https:\/\/api.w.org\/{rel}","templated":true}]}}