{"id":129756,"date":"2024-12-18T12:04:56","date_gmt":"2024-12-18T10:04:56","guid":{"rendered":"https:\/\/orientalcarpetshop.com\/termek\/briefbeschwerer-aus-muranoglas\/"},"modified":"2025-11-25T18:23:40","modified_gmt":"2025-11-25T16:23:40","slug":"briefbeschwerer-aus-muranoglas","status":"publish","type":"product","link":"https:\/\/orientalcarpetshop.com\/de\/produkt\/briefbeschwerer-aus-muranoglas\/","title":{"rendered":"Briefbeschwerer aus Muranoglas"},"content":{"rendered":"\t\t<div data-elementor-type=\"product-post\" data-elementor-id=\"129756\" class=\"elementor elementor-129756 elementor-128283\" data-elementor-post-type=\"product\">\n\t\t\t\t\t\t<section class=\"elementor-section elementor-top-section elementor-element elementor-element-3a57be23 elementor-section-boxed elementor-section-height-default elementor-section-height-default\" data-id=\"3a57be23\" data-element_type=\"section\" data-e-type=\"section\">\n\t\t\t\t\t\t<div class=\"elementor-container elementor-column-gap-default\">\n\t\t\t\t\t<div class=\"elementor-column elementor-col-100 elementor-top-column elementor-element elementor-element-11ede84b\" data-id=\"11ede84b\" data-element_type=\"column\" data-e-type=\"column\">\n\t\t\t<div class=\"elementor-widget-wrap elementor-element-populated\">\n\t\t\t\t\t\t<div class=\"elementor-element elementor-element-20af51de elementor-widget elementor-widget-text-editor\" data-id=\"20af51de\" data-element_type=\"widget\" data-e-type=\"widget\" data-widget_type=\"text-editor.default\">\n\t\t\t\t<div class=\"elementor-widget-container\">\n\t\t\t\t\t\t\t\t\t<p><strong><em>Produktbeschreibung\/ Briefbeschwerer aus Muranoglas: <\/em><\/strong><\/p><ul><li><strong>Zubereitungstechnik: Millefiori-Glas-Technik (geschmolzenes, geformtes Glas)<\/strong><\/li><li><strong>Material:<\/strong> Gef\u00e4rbtes Glas<\/li><li><strong>Ort der Herkunft:<\/strong> Italien, besonders bekannt f\u00fcr die Insel Murano<\/li><li><strong>Alter:<\/strong> Modernes Kunsthandwerk, 1960er-1970er Jahre..<\/li><li><strong>Stil:<\/strong> Dekorative Glaskunst, die traditionelle Motive mit einem modernen Look verbindet<\/li><li><strong>Funktion:<\/strong> Ornament oder Briefbeschwerer<\/li><li><strong>Zustand:<\/strong> Ausgezeichnet, \u00e4sthetisch einwandfrei<\/li><\/ul><p>Dieser wundersch\u00f6ne Briefbeschwerer aus Muranoglas, der in Millefiori-Technik hergestellt wird, erinnert an ein ikonisches St\u00fcck traditioneller italienischer Glaskunst. <strong>Millefior<\/strong> (italienisch f\u00fcr tausend Blumen) ist eine faszinierende und zeitaufw\u00e4ndige Glasmachertechnik, die ihren Ursprung auf der Insel Murano in Venedig hat. Bei dieser Technik werden verschiedenfarbige Glasst\u00e4be zusammengeschmolzen, in kleine St\u00fccke geschnitten und wieder zusammengesetzt, um komplizierte Muster zu schaffen. Die endg\u00fcltige Form wird zu einem homogenen Glasblock verschmolzen, der bis zur Perfektion geschliffen wird, so dass ein schimmerndes, detailliertes und sch\u00f6nes Schmuckst\u00fcck entsteht.   <\/p><p>Die Farben des Objekts sind \u00e4u\u00dferst reichhaltig: Rot, Blau, Gr\u00fcn, Gelb und Wei\u00df sind harmonisch miteinander vermischt, w\u00e4hrend die Oberfl\u00e4che mit kleinen blumenartigen Motiven verziert ist. Diese floralen Muster sind das Markenzeichen der Millefiori-Glasherstellung und werden auf einem handgefertigten Einzelst\u00fcck niemals exakt wiederholt. <\/p><p>Dieses St\u00fcck eignet sich perfekt als<strong> Briefbeschwerer<\/strong> auf dem Schreibtisch, kann aber auch allein als elegantes Ornament in einem Wohnzimmer, Arbeitszimmer oder sogar in einer Vitrine verwendet werden.<\/p>\t\t\t\t\t\t\t\t<\/div>\n\t\t\t\t<\/div>\n\t\t\t\t\t<\/div>\n\t\t<\/div>\n\t\t\t\t\t<\/div>\n\t\t<\/section>\n\t\t\t\t<section class=\"elementor-section elementor-top-section elementor-element elementor-element-7e17133 elementor-section-boxed elementor-section-height-default elementor-section-height-default\" data-id=\"7e17133\" data-element_type=\"section\" data-e-type=\"section\">\n\t\t\t\t\t\t<div class=\"elementor-container elementor-column-gap-default\">\n\t\t\t\t\t<div class=\"elementor-column elementor-col-100 elementor-top-column elementor-element elementor-element-753be1cd\" data-id=\"753be1cd\" data-element_type=\"column\" data-e-type=\"column\">\n\t\t\t<div class=\"elementor-widget-wrap elementor-element-populated\">\n\t\t\t\t\t\t<div class=\"elementor-element elementor-element-782c1dfb elementor-widget-divider--view-line elementor-widget elementor-widget-divider\" data-id=\"782c1dfb\" data-element_type=\"widget\" data-e-type=\"widget\" data-widget_type=\"divider.default\">\n\t\t\t\t<div class=\"elementor-widget-container\">\n\t\t\t\t\t\t\t<div class=\"elementor-divider\">\n\t\t\t<span class=\"elementor-divider-separator\">\n\t\t\t\t\t\t<\/span>\n\t\t<\/div>\n\t\t\t\t\t\t<\/div>\n\t\t\t\t<\/div>\n\t\t\t\t<div class=\"elementor-element elementor-element-27e0c16a elementor-widget elementor-widget-heading\" data-id=\"27e0c16a\" data-element_type=\"widget\" data-e-type=\"widget\" data-widget_type=\"heading.default\">\n\t\t\t\t<div class=\"elementor-widget-container\">\n\t\t\t\t\t<h2 class=\"elementor-heading-title elementor-size-default\">\u00c4hnliche Produkte<\/h2>\t\t\t\t<\/div>\n\t\t\t\t<\/div>\n\t\t\t\t<div class=\"elementor-element elementor-element-30f215e2 elementor-widget-divider--view-line elementor-widget elementor-widget-divider\" data-id=\"30f215e2\" data-element_type=\"widget\" data-e-type=\"widget\" data-widget_type=\"divider.default\">\n\t\t\t\t<div class=\"elementor-widget-container\">\n\t\t\t\t\t\t\t<div class=\"elementor-divider\">\n\t\t\t<span class=\"elementor-divider-separator\">\n\t\t\t\t\t\t<\/span>\n\t\t<\/div>\n\t\t\t\t\t\t<\/div>\n\t\t\t\t<\/div>\n\t\t\t\t\t<\/div>\n\t\t<\/div>\n\t\t\t\t\t<\/div>\n\t\t<\/section>\n\t\t\t\t<\/div>\n\t\t","protected":false},"excerpt":{"rendered":"<ul>\n<li>Durchmesser: 10 cm<\/li>\n<li>Artikel Nr.: KM10022<\/li>\n<\/ul>\n","protected":false},"featured_media":128276,"template":"","meta":[],"product_brand":[],"product_cat":[1662],"product_tag":[],"class_list":{"0":"post-129756","1":"product","2":"type-product","3":"status-publish","4":"has-post-thumbnail","6":"product_cat-murano-glas","7":"pa_szin-blau","8":"pa_szin-hellblau","10":"first","11":"outofstock","12":"taxable","13":"shipping-taxable","14":"purchasable","15":"product-type-simple"},"_links":{"self":[{"href":"https:\/\/orientalcarpetshop.com\/de\/wp-json\/wp\/v2\/product\/129756","targetHints":{"allow":["GET"]}}],"collection":[{"href":"https:\/\/orientalcarpetshop.com\/de\/wp-json\/wp\/v2\/product"}],"about":[{"href":"https:\/\/orientalcarpetshop.com\/de\/wp-json\/wp\/v2\/types\/product"}],"version-history":[{"count":1,"href":"https:\/\/orientalcarpetshop.com\/de\/wp-json\/wp\/v2\/product\/129756\/revisions"}],"predecessor-version":[{"id":151574,"href":"https:\/\/orientalcarpetshop.com\/de\/wp-json\/wp\/v2\/product\/129756\/revisions\/151574"}],"wp:featuredmedia":[{"embeddable":true,"href":"https:\/\/orientalcarpetshop.com\/de\/wp-json\/wp\/v2\/media\/128276"}],"wp:attachment":[{"href":"https:\/\/orientalcarpetshop.com\/de\/wp-json\/wp\/v2\/media?parent=129756"}],"wp:term":[{"taxonomy":"product_brand","embeddable":true,"href":"https:\/\/orientalcarpetshop.com\/de\/wp-json\/wp\/v2\/product_brand?post=129756"},{"taxonomy":"product_cat","embeddable":true,"href":"https:\/\/orientalcarpetshop.com\/de\/wp-json\/wp\/v2\/product_cat?post=129756"},{"taxonomy":"product_tag","embeddable":true,"href":"https:\/\/orientalcarpetshop.com\/de\/wp-json\/wp\/v2\/product_tag?post=129756"}],"curies":[{"name":"wp","href":"https:\/\/api.w.org\/{rel}","templated":true}]}}