{"id":129666,"date":"2025-01-21T18:02:54","date_gmt":"2025-01-21T16:02:54","guid":{"rendered":"https:\/\/orientalcarpetshop.com\/?post_type=product&#038;p=129666"},"modified":"2026-02-05T21:59:24","modified_gmt":"2026-02-05T19:59:24","slug":"bestickter-poncho-aus-indien-3","status":"publish","type":"product","link":"https:\/\/orientalcarpetshop.com\/de\/produkt\/bestickter-poncho-aus-indien-3\/","title":{"rendered":"Bestickter Poncho aus Indien"},"content":{"rendered":"\t\t<div data-elementor-type=\"product-post\" data-elementor-id=\"129666\" class=\"elementor elementor-129666 elementor-129665\" data-elementor-post-type=\"product\">\n\t\t\t\t\t\t<section class=\"elementor-section elementor-top-section elementor-element elementor-element-ea84a91 elementor-section-boxed elementor-section-height-default elementor-section-height-default\" data-id=\"ea84a91\" data-element_type=\"section\" data-e-type=\"section\">\n\t\t\t\t\t\t<div class=\"elementor-container elementor-column-gap-default\">\n\t\t\t\t\t<div class=\"elementor-column elementor-col-100 elementor-top-column elementor-element elementor-element-ca3da1b\" data-id=\"ca3da1b\" data-element_type=\"column\" data-e-type=\"column\">\n\t\t\t<div class=\"elementor-widget-wrap elementor-element-populated\">\n\t\t\t\t\t\t<div class=\"elementor-element elementor-element-2a12083 elementor-widget elementor-widget-text-editor\" data-id=\"2a12083\" data-element_type=\"widget\" data-e-type=\"widget\" data-widget_type=\"text-editor.default\">\n\t\t\t\t<div class=\"elementor-widget-container\">\n\t\t\t\t\t\t\t\t\t<p><em><strong>Produktbeschreibung\/ Bestickter indischer Poncho: <\/strong><\/em><\/p><ul><li>Konstruktionstechnik: Handstickerei<\/li><li>Material: Wolle und Seidenstickerei und Seidenfutter<\/li><li>Herkunftsort: Indien<\/li><li>Verwendung: Geschlossen, mit seitlichem Ausschnitt<\/li><\/ul><p>Waschen und Pflegen:<\/p><ul class=\"sc-ajfpsf-5 cFGRIN\" data-testid=\"productDetailsCareIcons\"><li class=\"sc-ajfpsf-6 liQMvA\"><span class=\"sc-2qclq4-0 FwVtB\" data-testid=\"productDetailsCareIconLabel\">Trockenreinigbar (empfohlen)<\/span><\/li><li class=\"sc-ajfpsf-6 liQMvA\"><span class=\"sc-2qclq4-0 FwVtB\" data-testid=\"productDetailsCareIconLabel\"> Handw\u00e4sche in kaltem Wasser<\/span><\/li><li class=\"sc-ajfpsf-6 liQMvA\">Mit klarem Wasser absp\u00fclen (keine Sp\u00fclmittel verwenden)<\/li><li class=\"sc-ajfpsf-6 liQMvA\">Trocknen im W\u00e4schetrockner ist verboten! Kann auf einer horizontalen Fl\u00e4che getrocknet werden<\/li><li>Beim B\u00fcgeln darf das Material nicht direkt mit dem B\u00fcgeleisen in Ber\u00fchrung kommen.<\/li><\/ul><p><em><strong>Kommentar:<\/strong><\/em><\/p><p>Dieses hochwertige Material wird hergestellt aus pr\u00e9mium Premiumqualit\u00e4t <b> bestickter Poncho aus Indien<\/b> ein elegantes und gem\u00fctliches St\u00fcck, das zu jedem Outfit passt.kedik.<\/p><p>Ein au\u00dfergew\u00f6hnliches Accessoire, geeignet f\u00fcr den Alltag, das Theater, die Oper, Hochzeiten, Gesch\u00e4ftstreffen, aber auch eine edle Erg\u00e4nzung zur B\u00fcrokleidung.<\/p>\t\t\t\t\t\t\t\t<\/div>\n\t\t\t\t<\/div>\n\t\t\t\t\t<\/div>\n\t\t<\/div>\n\t\t\t\t\t<\/div>\n\t\t<\/section>\n\t\t\t\t<section class=\"elementor-section elementor-top-section elementor-element elementor-element-386fbc08 elementor-section-boxed elementor-section-height-default elementor-section-height-default\" data-id=\"386fbc08\" data-element_type=\"section\" data-e-type=\"section\">\n\t\t\t\t\t\t<div class=\"elementor-container elementor-column-gap-default\">\n\t\t\t\t\t<div class=\"elementor-column elementor-col-100 elementor-top-column elementor-element elementor-element-3bbcc0ba\" data-id=\"3bbcc0ba\" data-element_type=\"column\" data-e-type=\"column\">\n\t\t\t<div class=\"elementor-widget-wrap elementor-element-populated\">\n\t\t\t\t\t\t<div class=\"elementor-element elementor-element-8bcc762 elementor-widget-divider--view-line elementor-widget elementor-widget-divider\" data-id=\"8bcc762\" data-element_type=\"widget\" data-e-type=\"widget\" data-widget_type=\"divider.default\">\n\t\t\t\t<div class=\"elementor-widget-container\">\n\t\t\t\t\t\t\t<div class=\"elementor-divider\">\n\t\t\t<span class=\"elementor-divider-separator\">\n\t\t\t\t\t\t<\/span>\n\t\t<\/div>\n\t\t\t\t\t\t<\/div>\n\t\t\t\t<\/div>\n\t\t\t\t<div class=\"elementor-element elementor-element-7cfc3c01 elementor-widget elementor-widget-heading\" data-id=\"7cfc3c01\" data-element_type=\"widget\" data-e-type=\"widget\" data-widget_type=\"heading.default\">\n\t\t\t\t<div class=\"elementor-widget-container\">\n\t\t\t\t\t<h2 class=\"elementor-heading-title elementor-size-default\">\u00c4hnliche Produkte<\/h2>\t\t\t\t<\/div>\n\t\t\t\t<\/div>\n\t\t\t\t<div class=\"elementor-element elementor-element-766a7713 elementor-widget-divider--view-line elementor-widget elementor-widget-divider\" data-id=\"766a7713\" data-element_type=\"widget\" data-e-type=\"widget\" data-widget_type=\"divider.default\">\n\t\t\t\t<div class=\"elementor-widget-container\">\n\t\t\t\t\t\t\t<div class=\"elementor-divider\">\n\t\t\t<span class=\"elementor-divider-separator\">\n\t\t\t\t\t\t<\/span>\n\t\t<\/div>\n\t\t\t\t\t\t<\/div>\n\t\t\t\t<\/div>\n\t\t\t\t\t<\/div>\n\t\t<\/div>\n\t\t\t\t\t<\/div>\n\t\t<\/section>\n\t\t\t\t<\/div>\n\t\t","protected":false},"excerpt":{"rendered":"<ul>\n<li>Gr\u00f6\u00dfe: 160 x 125 cm<\/li>\n<li>Artikel Nr.: KPOE-FSZ4<\/li>\n<\/ul>\n","protected":false},"featured_media":129695,"template":"","meta":[],"product_brand":[],"product_cat":[1659,788],"product_tag":[],"class_list":{"0":"post-129666","1":"product","2":"type-product","3":"status-publish","4":"has-post-thumbnail","6":"product_cat-bestickter-poncho","7":"product_cat-poncho","9":"first","10":"outofstock","11":"sale","12":"taxable","13":"shipping-taxable","14":"purchasable","15":"product-type-simple"},"_links":{"self":[{"href":"https:\/\/orientalcarpetshop.com\/de\/wp-json\/wp\/v2\/product\/129666","targetHints":{"allow":["GET"]}}],"collection":[{"href":"https:\/\/orientalcarpetshop.com\/de\/wp-json\/wp\/v2\/product"}],"about":[{"href":"https:\/\/orientalcarpetshop.com\/de\/wp-json\/wp\/v2\/types\/product"}],"version-history":[{"count":1,"href":"https:\/\/orientalcarpetshop.com\/de\/wp-json\/wp\/v2\/product\/129666\/revisions"}],"predecessor-version":[{"id":156411,"href":"https:\/\/orientalcarpetshop.com\/de\/wp-json\/wp\/v2\/product\/129666\/revisions\/156411"}],"wp:featuredmedia":[{"embeddable":true,"href":"https:\/\/orientalcarpetshop.com\/de\/wp-json\/wp\/v2\/media\/129695"}],"wp:attachment":[{"href":"https:\/\/orientalcarpetshop.com\/de\/wp-json\/wp\/v2\/media?parent=129666"}],"wp:term":[{"taxonomy":"product_brand","embeddable":true,"href":"https:\/\/orientalcarpetshop.com\/de\/wp-json\/wp\/v2\/product_brand?post=129666"},{"taxonomy":"product_cat","embeddable":true,"href":"https:\/\/orientalcarpetshop.com\/de\/wp-json\/wp\/v2\/product_cat?post=129666"},{"taxonomy":"product_tag","embeddable":true,"href":"https:\/\/orientalcarpetshop.com\/de\/wp-json\/wp\/v2\/product_tag?post=129666"}],"curies":[{"name":"wp","href":"https:\/\/api.w.org\/{rel}","templated":true}]}}