{"id":127198,"date":"2024-12-04T17:10:35","date_gmt":"2024-12-04T15:10:35","guid":{"rendered":"https:\/\/orientalcarpetshop.com\/?post_type=product&#038;p=127198"},"modified":"2025-05-28T12:01:37","modified_gmt":"2025-05-28T10:01:37","slug":"blaue-seidenstola-fuer-frauen","status":"publish","type":"product","link":"https:\/\/orientalcarpetshop.com\/de\/produkt\/blaue-seidenstola-fuer-frauen\/","title":{"rendered":"Blaue Seidenstola f\u00fcr Frauen"},"content":{"rendered":"\t\t<div data-elementor-type=\"product-post\" data-elementor-id=\"127198\" class=\"elementor elementor-127198 elementor-127196\" data-elementor-post-type=\"product\">\n\t\t\t\t\t\t<section class=\"elementor-section elementor-top-section elementor-element elementor-element-3a57be23 elementor-section-boxed elementor-section-height-default elementor-section-height-default\" data-id=\"3a57be23\" data-element_type=\"section\" data-e-type=\"section\">\n\t\t\t\t\t\t<div class=\"elementor-container elementor-column-gap-default\">\n\t\t\t\t\t<div class=\"elementor-column elementor-col-100 elementor-top-column elementor-element elementor-element-11ede84b\" data-id=\"11ede84b\" data-element_type=\"column\" data-e-type=\"column\">\n\t\t\t<div class=\"elementor-widget-wrap elementor-element-populated\">\n\t\t\t\t\t\t<div class=\"elementor-element elementor-element-20af51de elementor-widget elementor-widget-text-editor\" data-id=\"20af51de\" data-element_type=\"widget\" data-e-type=\"widget\" data-widget_type=\"text-editor.default\">\n\t\t\t\t<div class=\"elementor-widget-container\">\n\t\t\t\t\t\t\t\t\t<p><em><b>Produktbeschreibung\/ Blaue Seidenstola f\u00fcr Damen:&nbsp;<\/b><\/em><\/p>\n<ul>\n<li>Herstellungstechnik: maschinell gewebt<\/li>\n<li>Material: 100% Seide<\/li>\n<li>Herkunftsort: Indien<\/li>\n<li>Verwendung: als Stola locker \u00fcber die Schultern drapiert oder als Schal gebunden<\/li>\n<\/ul>\n<p>Waschen und Pflegen:<\/p>\n<ul class=\"sc-ajfpsf-5 cFGRIN\" data-testid=\"productDetailsCareIcons\">\n<li class=\"sc-ajfpsf-6 liQMvA\"><span class=\"sc-2qclq4-0 FwVtB\" data-testid=\"productDetailsCareIconLabel\">Trockenreinigbar (empfohlen)<\/span><\/li>\n<li class=\"sc-ajfpsf-6 liQMvA\"><span class=\"sc-2qclq4-0 FwVtB\" data-testid=\"productDetailsCareIconLabel\">&nbsp;Handw\u00e4sche in kaltem Wasser&nbsp;<\/span><\/li>\n<li class=\"sc-ajfpsf-6 liQMvA\">Mit klarem Wasser absp\u00fclen (keine Sp\u00fclmittel verwenden)<\/li>\n<li class=\"sc-ajfpsf-6 liQMvA\">Trocknen im W\u00e4schetrockner ist verboten! Kann auf einer horizontalen Fl\u00e4che getrocknet werden<\/li>\n<li>Beim B\u00fcgeln darf der Stoff nicht direkt mit dem B\u00fcgeleisen in Ber\u00fchrung kommen. (bei niedrigen Temperaturen)<\/li>\n<\/ul>\n<p><em><strong>Kommentar:<\/strong><\/em><\/p>\n<p>Diese blaue Seidenstola f\u00fcr Damen ist weich, bequem und wetterfest.<\/p>\n<p>Ein au\u00dfergew\u00f6hnliches Accessoire f\u00fcr Theater, Oper, Hochzeiten, Gesch\u00e4ftstreffen, aber auch eine edle Erg\u00e4nzung zur B\u00fcrokleidung. Dieser elegante Seidenschal ist das ideale Geschenk&nbsp; f\u00fcr jemanden, der Ihnen besonders am Herzen liegt.<\/p>\t\t\t\t\t\t\t\t<\/div>\n\t\t\t\t<\/div>\n\t\t\t\t\t<\/div>\n\t\t<\/div>\n\t\t\t\t\t<\/div>\n\t\t<\/section>\n\t\t\t\t<section class=\"elementor-section elementor-top-section elementor-element elementor-element-7e17133 elementor-section-boxed elementor-section-height-default elementor-section-height-default\" data-id=\"7e17133\" data-element_type=\"section\" data-e-type=\"section\">\n\t\t\t\t\t\t<div class=\"elementor-container elementor-column-gap-default\">\n\t\t\t\t\t<div class=\"elementor-column elementor-col-100 elementor-top-column elementor-element elementor-element-753be1cd\" data-id=\"753be1cd\" data-element_type=\"column\" data-e-type=\"column\">\n\t\t\t<div class=\"elementor-widget-wrap elementor-element-populated\">\n\t\t\t\t\t\t<div class=\"elementor-element elementor-element-782c1dfb elementor-widget-divider--view-line elementor-widget elementor-widget-divider\" data-id=\"782c1dfb\" data-element_type=\"widget\" data-e-type=\"widget\" data-widget_type=\"divider.default\">\n\t\t\t\t<div class=\"elementor-widget-container\">\n\t\t\t\t\t\t\t<div class=\"elementor-divider\">\n\t\t\t<span class=\"elementor-divider-separator\">\n\t\t\t\t\t\t<\/span>\n\t\t<\/div>\n\t\t\t\t\t\t<\/div>\n\t\t\t\t<\/div>\n\t\t\t\t<div class=\"elementor-element elementor-element-27e0c16a elementor-widget elementor-widget-heading\" data-id=\"27e0c16a\" data-element_type=\"widget\" data-e-type=\"widget\" data-widget_type=\"heading.default\">\n\t\t\t\t<div class=\"elementor-widget-container\">\n\t\t\t\t\t<h2 class=\"elementor-heading-title elementor-size-default\">\u00c4hnliche Produkte<\/h2>\t\t\t\t<\/div>\n\t\t\t\t<\/div>\n\t\t\t\t<div class=\"elementor-element elementor-element-30f215e2 elementor-widget-divider--view-line elementor-widget elementor-widget-divider\" data-id=\"30f215e2\" data-element_type=\"widget\" data-e-type=\"widget\" data-widget_type=\"divider.default\">\n\t\t\t\t<div class=\"elementor-widget-container\">\n\t\t\t\t\t\t\t<div class=\"elementor-divider\">\n\t\t\t<span class=\"elementor-divider-separator\">\n\t\t\t\t\t\t<\/span>\n\t\t<\/div>\n\t\t\t\t\t\t<\/div>\n\t\t\t\t<\/div>\n\t\t\t\t\t<\/div>\n\t\t<\/div>\n\t\t\t\t\t<\/div>\n\t\t<\/section>\n\t\t\t\t<\/div>\n\t\t","protected":false},"excerpt":{"rendered":"<ul>\n<li>Gr\u00f6\u00dfe: 166 x 35 cm<\/li>\n<li>Artikelnummer: TSJ96-K<\/li>\n<\/ul>\n","protected":false},"featured_media":127201,"template":"","meta":[],"product_brand":[],"product_cat":[789,792,795],"product_tag":[],"class_list":{"0":"post-127198","1":"product","2":"type-product","3":"status-publish","4":"has-post-thumbnail","6":"product_cat-pashmina-schal","7":"product_cat-schals-fur-damen","8":"product_cat-seidentuch","9":"pa_szin-blau","10":"pa_szin-gemischt","11":"pa_szin-turkisblau","13":"first","14":"outofstock","15":"taxable","16":"shipping-taxable","17":"purchasable","18":"product-type-simple"},"_links":{"self":[{"href":"https:\/\/orientalcarpetshop.com\/de\/wp-json\/wp\/v2\/product\/127198","targetHints":{"allow":["GET"]}}],"collection":[{"href":"https:\/\/orientalcarpetshop.com\/de\/wp-json\/wp\/v2\/product"}],"about":[{"href":"https:\/\/orientalcarpetshop.com\/de\/wp-json\/wp\/v2\/types\/product"}],"version-history":[{"count":0,"href":"https:\/\/orientalcarpetshop.com\/de\/wp-json\/wp\/v2\/product\/127198\/revisions"}],"wp:featuredmedia":[{"embeddable":true,"href":"https:\/\/orientalcarpetshop.com\/de\/wp-json\/wp\/v2\/media\/127201"}],"wp:attachment":[{"href":"https:\/\/orientalcarpetshop.com\/de\/wp-json\/wp\/v2\/media?parent=127198"}],"wp:term":[{"taxonomy":"product_brand","embeddable":true,"href":"https:\/\/orientalcarpetshop.com\/de\/wp-json\/wp\/v2\/product_brand?post=127198"},{"taxonomy":"product_cat","embeddable":true,"href":"https:\/\/orientalcarpetshop.com\/de\/wp-json\/wp\/v2\/product_cat?post=127198"},{"taxonomy":"product_tag","embeddable":true,"href":"https:\/\/orientalcarpetshop.com\/de\/wp-json\/wp\/v2\/product_tag?post=127198"}],"curies":[{"name":"wp","href":"https:\/\/api.w.org\/{rel}","templated":true}]}}