{"id":125767,"date":"2024-11-08T18:29:33","date_gmt":"2024-11-08T16:29:33","guid":{"rendered":"https:\/\/orientalcarpetshop.com\/?post_type=product&#038;p=125767"},"modified":"2024-11-12T11:22:42","modified_gmt":"2024-11-12T09:22:42","slug":"blaue-wollstola","status":"publish","type":"product","link":"https:\/\/orientalcarpetshop.com\/de\/produkt\/blaue-wollstola\/","title":{"rendered":"Stola aus blauer Wolle"},"content":{"rendered":"\t\t<div data-elementor-type=\"product-post\" data-elementor-id=\"125767\" class=\"elementor elementor-125767 elementor-125765\" data-elementor-post-type=\"product\">\n\t\t\t\t\t\t<section class=\"elementor-section elementor-top-section elementor-element elementor-element-3a57be23 elementor-section-boxed elementor-section-height-default elementor-section-height-default\" data-id=\"3a57be23\" data-element_type=\"section\" data-e-type=\"section\">\n\t\t\t\t\t\t<div class=\"elementor-container elementor-column-gap-default\">\n\t\t\t\t\t<div class=\"elementor-column elementor-col-100 elementor-top-column elementor-element elementor-element-11ede84b\" data-id=\"11ede84b\" data-element_type=\"column\" data-e-type=\"column\">\n\t\t\t<div class=\"elementor-widget-wrap elementor-element-populated\">\n\t\t\t\t\t\t<div class=\"elementor-element elementor-element-20af51de elementor-widget elementor-widget-text-editor\" data-id=\"20af51de\" data-element_type=\"widget\" data-e-type=\"widget\" data-widget_type=\"text-editor.default\">\n\t\t\t\t<div class=\"elementor-widget-container\">\n\t\t\t\t\t\t\t\t\t<p><em><b>Produktbeschreibung\/ Stola aus blauer Wolle: <\/b><\/em><\/p>\n<ul>\n<li>Herstellungstechnik: maschinell gewebt<\/li>\n<li>Material: 100% Wolle<\/li>\n<li>Herkunftsort: Indien<\/li>\n<li>Verwendung: als Stola locker \u00fcber die Schultern drapiert oder als Schal gebunden<\/li>\n<\/ul>\n<p><b>Waschen und Pflegen:<\/b><\/p>\n<p><b>Wir empfehlen eine Trockenreinigung!<\/b><\/p>\n<p><span style=\"color: #202124; font-family: arial, sans-serif;\">Verwenden Sie beim Waschen von blauem Wollstroh nach M\u00f6glichkeit ein Waschmittel mit Lanolin, da die <\/span><b style=\"color: #202124; font-family: arial, sans-serif;\">Wolle<\/b><span style=\"color: #202124; font-family: arial, sans-serif;\"> nur dann bleibt sch\u00f6n und gesund , wenn sie ihren nat\u00fcrlichen Lanolingehalt beh\u00e4lt. Geben Sie dem Waschwasser keine Bleichmittel, Laugen oder Soda bei. Wenn Sie Schmutz auf den Stoff versch\u00fctten, waschen Sie ihn sofort mit einem sauberen, trockenen Tuch ab!<br \/>Es gelten die folgenden Pflegehinweise:<\/span><\/p>\n<ul data-testid=\"productDetailsCareIcons\">\n<li><span data-testid=\"productDetailsCareIconLabel\">Trockenreinigbar (empfohlen)<\/span><\/li>\n<li><span data-testid=\"productDetailsCareIconLabel\"> Handw\u00e4sche in kaltem Wasser <\/span><\/li>\n<li>Mit klarem Wasser absp\u00fclen (keine Sp\u00fclmittel verwenden)<\/li>\n<li>Trocknen im W\u00e4schetrockner ist verboten! Kann auf einer horizontalen Fl\u00e4che getrocknet werden<\/li>\n<li>Beim B\u00fcgeln darf der Stoff nicht direkt mit dem B\u00fcgeleisen in Ber\u00fchrung kommen. (bei niedrigen Temperaturen)<\/li>\n<\/ul>\n<p>Um den Zustand des Produkts zu bewahren, achten Sie bitte darauf, dass Sie Reinigungsmittel und -techniken verwenden, die der Zusammensetzung des Materials entsprechen. Bei weiteren Fragen wenden Sie sich bitte an unseren Kundendienst.<\/p>\n\t\t\t\t\t\t\t\t<\/div>\n\t\t\t\t<\/div>\n\t\t\t\t\t<\/div>\n\t\t<\/div>\n\t\t\t\t\t<\/div>\n\t\t<\/section>\n\t\t\t\t<section class=\"elementor-section elementor-top-section elementor-element elementor-element-1aff3fd6 elementor-section-boxed elementor-section-height-default elementor-section-height-default\" data-id=\"1aff3fd6\" data-element_type=\"section\" data-e-type=\"section\">\n\t\t\t\t\t\t<div class=\"elementor-container elementor-column-gap-default\">\n\t\t\t\t\t<div class=\"elementor-column elementor-col-100 elementor-top-column elementor-element elementor-element-3e45332c\" data-id=\"3e45332c\" data-element_type=\"column\" data-e-type=\"column\">\n\t\t\t<div class=\"elementor-widget-wrap elementor-element-populated\">\n\t\t\t\t\t\t<div class=\"elementor-element elementor-element-4c3e94e1 elementor-widget-divider--view-line elementor-widget elementor-widget-divider\" data-id=\"4c3e94e1\" data-element_type=\"widget\" data-e-type=\"widget\" data-widget_type=\"divider.default\">\n\t\t\t\t<div class=\"elementor-widget-container\">\n\t\t\t\t\t\t\t<div class=\"elementor-divider\">\n\t\t\t<span class=\"elementor-divider-separator\">\n\t\t\t\t\t\t<\/span>\n\t\t<\/div>\n\t\t\t\t\t\t<\/div>\n\t\t\t\t<\/div>\n\t\t\t\t<div class=\"elementor-element elementor-element-6970266c elementor-widget elementor-widget-heading\" data-id=\"6970266c\" data-element_type=\"widget\" data-e-type=\"widget\" data-widget_type=\"heading.default\">\n\t\t\t\t<div class=\"elementor-widget-container\">\n\t\t\t\t\t<h2 class=\"elementor-heading-title elementor-size-default\">\u00c4hnliche Produkte<\/h2>\t\t\t\t<\/div>\n\t\t\t\t<\/div>\n\t\t\t\t<div class=\"elementor-element elementor-element-57054d0a elementor-widget-divider--view-line elementor-widget elementor-widget-divider\" data-id=\"57054d0a\" data-element_type=\"widget\" data-e-type=\"widget\" data-widget_type=\"divider.default\">\n\t\t\t\t<div class=\"elementor-widget-container\">\n\t\t\t\t\t\t\t<div class=\"elementor-divider\">\n\t\t\t<span class=\"elementor-divider-separator\">\n\t\t\t\t\t\t<\/span>\n\t\t<\/div>\n\t\t\t\t\t\t<\/div>\n\t\t\t\t<\/div>\n\t\t\t\t\t<\/div>\n\t\t<\/div>\n\t\t\t\t\t<\/div>\n\t\t<\/section>\n\t\t\t\t<\/div>\n\t\t","protected":false},"excerpt":{"rendered":"<ul>\n<li>Gr\u00f6\u00dfe: 200 x 70 cm<\/li>\n<li>Artikelnummer: SE12-K<\/li>\n<\/ul>\n","protected":false},"featured_media":125770,"template":"","meta":[],"product_brand":[],"product_cat":[789,794,793],"product_tag":[],"class_list":{"0":"post-125767","1":"product","2":"type-product","3":"status-publish","4":"has-post-thumbnail","6":"product_cat-pashmina-schal","7":"product_cat-bestickter-wollschal","8":"product_cat-wollschal","9":"pa_szin-blau","11":"first","12":"outofstock","13":"taxable","14":"shipping-taxable","15":"purchasable","16":"product-type-simple"},"_links":{"self":[{"href":"https:\/\/orientalcarpetshop.com\/de\/wp-json\/wp\/v2\/product\/125767","targetHints":{"allow":["GET"]}}],"collection":[{"href":"https:\/\/orientalcarpetshop.com\/de\/wp-json\/wp\/v2\/product"}],"about":[{"href":"https:\/\/orientalcarpetshop.com\/de\/wp-json\/wp\/v2\/types\/product"}],"version-history":[{"count":0,"href":"https:\/\/orientalcarpetshop.com\/de\/wp-json\/wp\/v2\/product\/125767\/revisions"}],"wp:featuredmedia":[{"embeddable":true,"href":"https:\/\/orientalcarpetshop.com\/de\/wp-json\/wp\/v2\/media\/125770"}],"wp:attachment":[{"href":"https:\/\/orientalcarpetshop.com\/de\/wp-json\/wp\/v2\/media?parent=125767"}],"wp:term":[{"taxonomy":"product_brand","embeddable":true,"href":"https:\/\/orientalcarpetshop.com\/de\/wp-json\/wp\/v2\/product_brand?post=125767"},{"taxonomy":"product_cat","embeddable":true,"href":"https:\/\/orientalcarpetshop.com\/de\/wp-json\/wp\/v2\/product_cat?post=125767"},{"taxonomy":"product_tag","embeddable":true,"href":"https:\/\/orientalcarpetshop.com\/de\/wp-json\/wp\/v2\/product_tag?post=125767"}],"curies":[{"name":"wp","href":"https:\/\/api.w.org\/{rel}","templated":true}]}}