{"id":125250,"date":"2024-10-30T11:42:25","date_gmt":"2024-10-30T09:42:25","guid":{"rendered":"https:\/\/orientalcarpetshop.com\/?post_type=product&#038;p=125250"},"modified":"2026-03-28T11:16:26","modified_gmt":"2026-03-28T09:16:26","slug":"braune-seide-viskose-schal","status":"publish","type":"product","link":"https:\/\/orientalcarpetshop.com\/de\/produkt\/braune-seide-viskose-schal\/","title":{"rendered":"Brauner Schal aus Seide und Viscose"},"content":{"rendered":"\t\t<div data-elementor-type=\"product-post\" data-elementor-id=\"125250\" class=\"elementor elementor-125250 elementor-125248\" data-elementor-post-type=\"product\">\n\t\t\t\t\t\t<section class=\"elementor-section elementor-top-section elementor-element elementor-element-3a57be23 elementor-section-boxed elementor-section-height-default elementor-section-height-default\" data-id=\"3a57be23\" data-element_type=\"section\" data-e-type=\"section\">\n\t\t\t\t\t\t<div class=\"elementor-container elementor-column-gap-default\">\n\t\t\t\t\t<div class=\"elementor-column elementor-col-100 elementor-top-column elementor-element elementor-element-11ede84b\" data-id=\"11ede84b\" data-element_type=\"column\" data-e-type=\"column\">\n\t\t\t<div class=\"elementor-widget-wrap elementor-element-populated\">\n\t\t\t\t\t\t<div class=\"elementor-element elementor-element-20af51de elementor-widget elementor-widget-text-editor\" data-id=\"20af51de\" data-element_type=\"widget\" data-e-type=\"widget\" data-widget_type=\"text-editor.default\">\n\t\t\t\t<div class=\"elementor-widget-container\">\n\t\t\t\t\t\t\t\t\t<p><em><b>Produktbeschreibung\/ Brauner Seidenschal aus Viskose: <\/b><\/em><\/p><ul><li>Herstellungstechnik: maschinell gewebt<\/li><li>Material: 50% Seide und 50% Viskose<\/li><li>Herkunftsort: Indien<\/li><li>Verwendung: als Stola locker \u00fcber die Schultern drapiert oder als Schal gebunden<\/li><\/ul><p><b>Waschen und Pflegen:<\/b><\/p><p><b>Wir empfehlen eine Trockenreinigung!<\/b><\/p><p><span style=\"color: #202124; font-family: arial, sans-serif;\">Wir empfehlen, den braunen Schal aus Seidenmischung im Schonwaschgang bei 30 Grad Celsius oder in kaltem Wasser zu waschen.<\/span><span style=\"color: #202124; font-family: arial, sans-serif;\">F\u00fcr Wolle kann ein geeigneter Klarsp\u00fcler verwendet werden, ist aber nicht erforderlich. Geben Sie dem Waschwasser keine Bleichmittel, Laugen oder Soda bei. Wenn Sie etwas auf den Stoff versch\u00fctten, nehmen Sie den Schmutz sofort mit einem sauberen, trockenen Tuch auf!<br>Es gelten die folgenden Pflegehinweise:<\/span><\/p><ul data-testid=\"productDetailsCareIcons\"><li><span data-testid=\"productDetailsCareIconLabel\">Trockenreinigbar (empfohlen)<\/span><\/li><li><span data-testid=\"productDetailsCareIconLabel\"> Handw\u00e4sche in kaltem Wasser <\/span><\/li><li>Trocknen im W\u00e4schetrockner ist verboten! Kann auf einer horizontalen Fl\u00e4che getrocknet werden<\/li><li>Beim B\u00fcgeln darf der Stoff nicht direkt mit dem B\u00fcgeleisen in Ber\u00fchrung kommen. (bei niedriger Temperatur)<\/li><\/ul><p>Um den Zustand des Produkts zu bewahren, achten Sie bitte darauf, dass Sie Reinigungsmittel und -techniken verwenden, die der Zusammensetzung des Materials entsprechen. Bei weiteren Fragen wenden Sie sich bitte an unseren Kundendienst.<\/p>\t\t\t\t\t\t\t\t<\/div>\n\t\t\t\t<\/div>\n\t\t\t\t\t<\/div>\n\t\t<\/div>\n\t\t\t\t\t<\/div>\n\t\t<\/section>\n\t\t\t\t<section class=\"elementor-section elementor-top-section elementor-element elementor-element-1aff3fd6 elementor-section-boxed elementor-section-height-default elementor-section-height-default\" data-id=\"1aff3fd6\" data-element_type=\"section\" data-e-type=\"section\">\n\t\t\t\t\t\t<div class=\"elementor-container elementor-column-gap-default\">\n\t\t\t\t\t<div class=\"elementor-column elementor-col-100 elementor-top-column elementor-element elementor-element-3e45332c\" data-id=\"3e45332c\" data-element_type=\"column\" data-e-type=\"column\">\n\t\t\t<div class=\"elementor-widget-wrap elementor-element-populated\">\n\t\t\t\t\t\t<div class=\"elementor-element elementor-element-4c3e94e1 elementor-widget-divider--view-line elementor-widget elementor-widget-divider\" data-id=\"4c3e94e1\" data-element_type=\"widget\" data-e-type=\"widget\" data-widget_type=\"divider.default\">\n\t\t\t\t<div class=\"elementor-widget-container\">\n\t\t\t\t\t\t\t<div class=\"elementor-divider\">\n\t\t\t<span class=\"elementor-divider-separator\">\n\t\t\t\t\t\t<\/span>\n\t\t<\/div>\n\t\t\t\t\t\t<\/div>\n\t\t\t\t<\/div>\n\t\t\t\t<div class=\"elementor-element elementor-element-6970266c elementor-widget elementor-widget-heading\" data-id=\"6970266c\" data-element_type=\"widget\" data-e-type=\"widget\" data-widget_type=\"heading.default\">\n\t\t\t\t<div class=\"elementor-widget-container\">\n\t\t\t\t\t<h2 class=\"elementor-heading-title elementor-size-default\">\u00c4hnliche Produkte<\/h2>\t\t\t\t<\/div>\n\t\t\t\t<\/div>\n\t\t\t\t<div class=\"elementor-element elementor-element-57054d0a elementor-widget-divider--view-line elementor-widget elementor-widget-divider\" data-id=\"57054d0a\" data-element_type=\"widget\" data-e-type=\"widget\" data-widget_type=\"divider.default\">\n\t\t\t\t<div class=\"elementor-widget-container\">\n\t\t\t\t\t\t\t<div class=\"elementor-divider\">\n\t\t\t<span class=\"elementor-divider-separator\">\n\t\t\t\t\t\t<\/span>\n\t\t<\/div>\n\t\t\t\t\t\t<\/div>\n\t\t\t\t<\/div>\n\t\t\t\t\t<\/div>\n\t\t<\/div>\n\t\t\t\t\t<\/div>\n\t\t<\/section>\n\t\t\t\t<\/div>\n\t\t","protected":false},"excerpt":{"rendered":"<ul>\n<li>Gr\u00f6\u00dfe: 180 x 50 cm<\/li>\n<li>Artikel Nr.: EPO375-KB<\/li>\n<\/ul>\n","protected":false},"featured_media":125253,"template":"","meta":[],"product_brand":[],"product_cat":[789,792],"product_tag":[],"class_list":{"0":"post-125250","1":"product","2":"type-product","3":"status-publish","4":"has-post-thumbnail","6":"product_cat-pashmina-schal","7":"product_cat-schals-fur-damen","8":"pa_szin-blau","9":"pa_szin-braun","10":"pa_szin-grau","11":"pa_szin-schwartz","12":"pa_szin-weis","14":"first","15":"instock","16":"sale","17":"taxable","18":"shipping-taxable","19":"purchasable","20":"product-type-simple"},"_links":{"self":[{"href":"https:\/\/orientalcarpetshop.com\/de\/wp-json\/wp\/v2\/product\/125250","targetHints":{"allow":["GET"]}}],"collection":[{"href":"https:\/\/orientalcarpetshop.com\/de\/wp-json\/wp\/v2\/product"}],"about":[{"href":"https:\/\/orientalcarpetshop.com\/de\/wp-json\/wp\/v2\/types\/product"}],"version-history":[{"count":0,"href":"https:\/\/orientalcarpetshop.com\/de\/wp-json\/wp\/v2\/product\/125250\/revisions"}],"wp:featuredmedia":[{"embeddable":true,"href":"https:\/\/orientalcarpetshop.com\/de\/wp-json\/wp\/v2\/media\/125253"}],"wp:attachment":[{"href":"https:\/\/orientalcarpetshop.com\/de\/wp-json\/wp\/v2\/media?parent=125250"}],"wp:term":[{"taxonomy":"product_brand","embeddable":true,"href":"https:\/\/orientalcarpetshop.com\/de\/wp-json\/wp\/v2\/product_brand?post=125250"},{"taxonomy":"product_cat","embeddable":true,"href":"https:\/\/orientalcarpetshop.com\/de\/wp-json\/wp\/v2\/product_cat?post=125250"},{"taxonomy":"product_tag","embeddable":true,"href":"https:\/\/orientalcarpetshop.com\/de\/wp-json\/wp\/v2\/product_tag?post=125250"}],"curies":[{"name":"wp","href":"https:\/\/api.w.org\/{rel}","templated":true}]}}