{"id":124832,"date":"2024-10-02T16:43:17","date_gmt":"2024-10-02T14:43:17","guid":{"rendered":"https:\/\/orientalcarpetshop.com\/termek\/feine-indische-blaue-stola\/"},"modified":"2026-02-05T22:59:22","modified_gmt":"2026-02-05T20:59:22","slug":"feine-indische-blaue-stola","status":"publish","type":"product","link":"https:\/\/orientalcarpetshop.com\/de\/produkt\/feine-indische-blaue-stola\/","title":{"rendered":"Feine, indische, blaue Stola"},"content":{"rendered":"\t\t<div data-elementor-type=\"product-post\" data-elementor-id=\"124832\" class=\"elementor elementor-124832 elementor-121631\" data-elementor-post-type=\"product\">\n\t\t\t\t\t\t<section class=\"elementor-section elementor-top-section elementor-element elementor-element-1dad906 elementor-section-boxed elementor-section-height-default elementor-section-height-default\" data-id=\"1dad906\" data-element_type=\"section\" data-e-type=\"section\">\n\t\t\t\t\t\t<div class=\"elementor-container elementor-column-gap-default\">\n\t\t\t\t\t<div class=\"elementor-column elementor-col-100 elementor-top-column elementor-element elementor-element-52dc47d\" data-id=\"52dc47d\" data-element_type=\"column\" data-e-type=\"column\">\n\t\t\t<div class=\"elementor-widget-wrap elementor-element-populated\">\n\t\t\t\t\t\t<div class=\"elementor-element elementor-element-63e78ef elementor-widget elementor-widget-text-editor\" data-id=\"63e78ef\" data-element_type=\"widget\" data-e-type=\"widget\" data-widget_type=\"text-editor.default\">\n\t\t\t\t<div class=\"elementor-widget-container\">\n\t\t\t\t\t\t\t\t\t<p><em><b>Produktbeschreibung\/ Feine indische blaue Stola: <\/b><\/em><\/p><ul><li>Herstellungstechnik: maschinell gewebt<\/li><li>Material: 85% Wolle und 15% Seide<\/li><li>Herkunftsort: Indien<\/li><li>Verwendung: als Stola locker \u00fcber die Schultern drapiert oder als Schal gebunden<\/li><\/ul><p><b>Waschen und Pflegen:<\/b><\/p><p><b>Wir empfehlen eine Trockenreinigung!<\/b><\/p><p><span style=\"color: #202124; font-family: arial, sans-serif;\">Verwenden Sie zum Waschen vorzugsweise ein Lanolin-Waschmittel, da die<\/span> <b style=\"color: #202124; font-family: arial, sans-serif;\">Wolle<\/b><span style=\"color: #202124; font-family: arial, sans-serif;\"> nur dann sch\u00f6n und gesund bleibt, wenn sie ihren nat\u00fcrlichen Lanolingehalt beh\u00e4lt. Geben Sie dem Waschwasser keine Bleichmittel, Laugen oder Soda bei. Wenn Sie Schmutz auf den Stoff versch\u00fctten, waschen Sie ihn sofort mit einem sauberen, trockenen Tuch ab!<br><\/span><\/p><p><b>Um den<\/b> Zustand des Produkts zu bewahren, achten Sie bitte darauf, dass Sie Reinigungsmittel und -techniken verwenden, die der Zusammensetzung des Materials entsprechen. Bei weiteren Fragen wenden Sie sich bitte an unseren Kundendienst.<\/p>\t\t\t\t\t\t\t\t<\/div>\n\t\t\t\t<\/div>\n\t\t\t\t\t<\/div>\n\t\t<\/div>\n\t\t\t\t\t<\/div>\n\t\t<\/section>\n\t\t\t\t<section class=\"elementor-section elementor-top-section elementor-element elementor-element-4e13680b elementor-section-boxed elementor-section-height-default elementor-section-height-default\" data-id=\"4e13680b\" data-element_type=\"section\" data-e-type=\"section\">\n\t\t\t\t\t\t<div class=\"elementor-container elementor-column-gap-default\">\n\t\t\t\t\t<div class=\"elementor-column elementor-col-100 elementor-top-column elementor-element elementor-element-4a5b6402\" data-id=\"4a5b6402\" data-element_type=\"column\" data-e-type=\"column\">\n\t\t\t<div class=\"elementor-widget-wrap elementor-element-populated\">\n\t\t\t\t\t\t<div class=\"elementor-element elementor-element-61c6cba3 elementor-widget-divider--view-line elementor-widget elementor-widget-divider\" data-id=\"61c6cba3\" data-element_type=\"widget\" data-e-type=\"widget\" data-widget_type=\"divider.default\">\n\t\t\t\t<div class=\"elementor-widget-container\">\n\t\t\t\t\t\t\t<div class=\"elementor-divider\">\n\t\t\t<span class=\"elementor-divider-separator\">\n\t\t\t\t\t\t<\/span>\n\t\t<\/div>\n\t\t\t\t\t\t<\/div>\n\t\t\t\t<\/div>\n\t\t\t\t<div class=\"elementor-element elementor-element-52e8eee1 elementor-widget elementor-widget-heading\" data-id=\"52e8eee1\" data-element_type=\"widget\" data-e-type=\"widget\" data-widget_type=\"heading.default\">\n\t\t\t\t<div class=\"elementor-widget-container\">\n\t\t\t\t\t<h2 class=\"elementor-heading-title elementor-size-default\">\u00c4hnliche Produkte<\/h2>\t\t\t\t<\/div>\n\t\t\t\t<\/div>\n\t\t\t\t<div class=\"elementor-element elementor-element-7016f086 elementor-widget-divider--view-line elementor-widget elementor-widget-divider\" data-id=\"7016f086\" data-element_type=\"widget\" data-e-type=\"widget\" data-widget_type=\"divider.default\">\n\t\t\t\t<div class=\"elementor-widget-container\">\n\t\t\t\t\t\t\t<div class=\"elementor-divider\">\n\t\t\t<span class=\"elementor-divider-separator\">\n\t\t\t\t\t\t<\/span>\n\t\t<\/div>\n\t\t\t\t\t\t<\/div>\n\t\t\t\t<\/div>\n\t\t\t\t\t<\/div>\n\t\t<\/div>\n\t\t\t\t\t<\/div>\n\t\t<\/section>\n\t\t\t\t<\/div>\n\t\t","protected":false},"excerpt":{"rendered":"<ul>\n<li>Gr\u00f6\u00dfe: 220 x 110 cm<\/li>\n<li>Cikksz\u00e1m: EW14-TK<\/li>\n<\/ul>\n","protected":false},"featured_media":124388,"template":"","meta":[],"product_brand":[],"product_cat":[789,792,793],"product_tag":[],"class_list":{"0":"post-124832","1":"product","2":"type-product","3":"status-publish","4":"has-post-thumbnail","6":"product_cat-pashmina-schal","7":"product_cat-schals-fur-damen","8":"product_cat-wollschal","10":"first","11":"instock","12":"sale","13":"taxable","14":"shipping-taxable","15":"purchasable","16":"product-type-simple"},"_links":{"self":[{"href":"https:\/\/orientalcarpetshop.com\/de\/wp-json\/wp\/v2\/product\/124832","targetHints":{"allow":["GET"]}}],"collection":[{"href":"https:\/\/orientalcarpetshop.com\/de\/wp-json\/wp\/v2\/product"}],"about":[{"href":"https:\/\/orientalcarpetshop.com\/de\/wp-json\/wp\/v2\/types\/product"}],"version-history":[{"count":0,"href":"https:\/\/orientalcarpetshop.com\/de\/wp-json\/wp\/v2\/product\/124832\/revisions"}],"wp:featuredmedia":[{"embeddable":true,"href":"https:\/\/orientalcarpetshop.com\/de\/wp-json\/wp\/v2\/media\/124388"}],"wp:attachment":[{"href":"https:\/\/orientalcarpetshop.com\/de\/wp-json\/wp\/v2\/media?parent=124832"}],"wp:term":[{"taxonomy":"product_brand","embeddable":true,"href":"https:\/\/orientalcarpetshop.com\/de\/wp-json\/wp\/v2\/product_brand?post=124832"},{"taxonomy":"product_cat","embeddable":true,"href":"https:\/\/orientalcarpetshop.com\/de\/wp-json\/wp\/v2\/product_cat?post=124832"},{"taxonomy":"product_tag","embeddable":true,"href":"https:\/\/orientalcarpetshop.com\/de\/wp-json\/wp\/v2\/product_tag?post=124832"}],"curies":[{"name":"wp","href":"https:\/\/api.w.org\/{rel}","templated":true}]}}