{"id":121091,"date":"2024-09-04T13:02:33","date_gmt":"2024-09-04T11:02:33","guid":{"rendered":"https:\/\/orientalcarpetshop.com\/termek\/kilim-diszparnahuzat-42-x-40-cm\/"},"modified":"2026-02-04T13:47:32","modified_gmt":"2026-02-04T11:47:32","slug":"kilim-diszparnahuzat-42-x-40-cm","status":"publish","type":"product","link":"https:\/\/orientalcarpetshop.com\/de\/produkt\/kilim-diszparnahuzat-42-x-40-cm\/","title":{"rendered":"Kelim-Kissenbezug 42 x 40 cm"},"content":{"rendered":"\t\t<div data-elementor-type=\"product-post\" data-elementor-id=\"121091\" class=\"elementor elementor-121091 elementor-119542\" data-elementor-post-type=\"product\">\n\t\t\t\t\t\t<section class=\"elementor-section elementor-top-section elementor-element elementor-element-0b3e18e elementor-section-boxed elementor-section-height-default elementor-section-height-default\" data-id=\"0b3e18e\" data-element_type=\"section\" data-e-type=\"section\">\n\t\t\t\t\t\t<div class=\"elementor-container elementor-column-gap-default\">\n\t\t\t\t\t<div class=\"elementor-column elementor-col-100 elementor-top-column elementor-element elementor-element-a9a0943\" data-id=\"a9a0943\" data-element_type=\"column\" data-e-type=\"column\">\n\t\t\t<div class=\"elementor-widget-wrap elementor-element-populated\">\n\t\t\t\t\t\t<div class=\"elementor-element elementor-element-bcc9d5a elementor-widget elementor-widget-text-editor\" data-id=\"bcc9d5a\" data-element_type=\"widget\" data-e-type=\"widget\" data-widget_type=\"text-editor.default\">\n\t\t\t\t<div class=\"elementor-widget-container\">\n\t\t\t\t\t\t\t\t\t<p><em><strong>Beschreibung des Produkts\/ Kilim Kissenbezug 42<\/strong><\/em><em style=\"color: var( --e-global-color-text ); font-size: var( --e-global-typography-text-font-size ); font-weight: var( --e-global-typography-text-font-weight ); letter-spacing: var(--the7-base-letter-spacing); text-transform: var(--the7-base-text-transform); word-spacing: normal;\"><strong> x 40<\/strong><\/em><em style=\"color: var( --e-global-color-text ); font-size: var( --e-global-typography-text-font-size ); font-weight: var( --e-global-typography-text-font-weight ); letter-spacing: var(--the7-base-letter-spacing); text-transform: var(--the7-base-text-transform); word-spacing: normal;\"><strong> cm: <\/strong><\/em> <\/p><ul><li>Konstruktionstechnik: handgewebt, Kelimweberei<\/li><li>Material: Wolle<\/li><li>Farbstoff: pflanzlicher Farbstoff<\/li><li>Alter: Neu<\/li><li>Herkunftsort: Pakistan<\/li><\/ul><p><em><strong>Kommentar:<\/strong><\/em><\/p><p>Werfen Sie einen Blick auf unsere Wollkelim-Kissenbez\u00fcge aus Pakistan und Afghanistan in einer Vielzahl von Kelim-Mustern.<\/p><p>Die F\u00fcllung des Kissens ist nicht im Preis enthalten. Die F\u00fcllung ist austauschbar. R\u00fcckseite aus Baumwollgewebe.<\/p><p>Der Kilim-Kissenbezug ist eine gute Wahl f\u00fcr die Inneneinrichtung, da er dem Raum eine besondere Atmosph\u00e4re und W\u00e4rme verleiht. Ein solcher Kissenbezug ist eine hervorragende Erg\u00e4nzung f\u00fcr ein Sofa, einen Sessel oder ein Bett und kann Ihrem Interieur einen einzigartigen Look verleihen. Dank reizvoller Farb- und Musterkombinationen passt der Kelim-Kissenbezug zu jedem Stil und jeder Einrichtung. Insgesamt sind Kelim-Kissenbez\u00fcge einzigartige und elegante Accessoires, die Ihrem Zuhause Stil verleihen. <\/p>\t\t\t\t\t\t\t\t<\/div>\n\t\t\t\t<\/div>\n\t\t\t\t\t<\/div>\n\t\t<\/div>\n\t\t\t\t\t<\/div>\n\t\t<\/section>\n\t\t\t\t<section class=\"elementor-section elementor-top-section elementor-element elementor-element-68fd101e elementor-section-boxed elementor-section-height-default elementor-section-height-default\" data-id=\"68fd101e\" data-element_type=\"section\" data-e-type=\"section\">\n\t\t\t\t\t\t<div class=\"elementor-container elementor-column-gap-default\">\n\t\t\t\t\t<div class=\"elementor-column elementor-col-100 elementor-top-column elementor-element elementor-element-6f24f0be\" data-id=\"6f24f0be\" data-element_type=\"column\" data-e-type=\"column\">\n\t\t\t<div class=\"elementor-widget-wrap elementor-element-populated\">\n\t\t\t\t\t\t<div class=\"elementor-element elementor-element-6a709b97 elementor-widget-divider--view-line elementor-widget elementor-widget-divider\" data-id=\"6a709b97\" data-element_type=\"widget\" data-e-type=\"widget\" data-widget_type=\"divider.default\">\n\t\t\t\t<div class=\"elementor-widget-container\">\n\t\t\t\t\t\t\t<div class=\"elementor-divider\">\n\t\t\t<span class=\"elementor-divider-separator\">\n\t\t\t\t\t\t<\/span>\n\t\t<\/div>\n\t\t\t\t\t\t<\/div>\n\t\t\t\t<\/div>\n\t\t\t\t<div class=\"elementor-element elementor-element-64e41280 elementor-widget elementor-widget-heading\" data-id=\"64e41280\" data-element_type=\"widget\" data-e-type=\"widget\" data-widget_type=\"heading.default\">\n\t\t\t\t<div class=\"elementor-widget-container\">\n\t\t\t\t\t<h2 class=\"elementor-heading-title elementor-size-default\">\u00c4hnliche Produkte<\/h2>\t\t\t\t<\/div>\n\t\t\t\t<\/div>\n\t\t\t\t<div class=\"elementor-element elementor-element-4d594966 elementor-widget-divider--view-line elementor-widget elementor-widget-divider\" data-id=\"4d594966\" data-element_type=\"widget\" data-e-type=\"widget\" data-widget_type=\"divider.default\">\n\t\t\t\t<div class=\"elementor-widget-container\">\n\t\t\t\t\t\t\t<div class=\"elementor-divider\">\n\t\t\t<span class=\"elementor-divider-separator\">\n\t\t\t\t\t\t<\/span>\n\t\t<\/div>\n\t\t\t\t\t\t<\/div>\n\t\t\t\t<\/div>\n\t\t\t\t\t<\/div>\n\t\t<\/div>\n\t\t\t\t\t<\/div>\n\t\t<\/section>\n\t\t\t\t<\/div>\n\t\t","protected":false},"excerpt":{"rendered":"<ul>\n<li>Gr\u00f6\u00dfe: 42 x 40 cm<\/li>\n<li>Cikksz\u00e1m: KB1406<\/li>\n<li><strong>Der Preis enth\u00e4lt nicht die Kissenf\u00fcllung!<\/strong><\/li>\n<\/ul>\n","protected":false},"featured_media":119989,"template":"","meta":[],"product_brand":[],"product_cat":[764,763],"product_tag":[],"class_list":{"0":"post-121091","1":"product","2":"type-product","3":"status-publish","4":"has-post-thumbnail","6":"product_cat-kelim-kissenbezug","7":"product_cat-kissenbezug","9":"first","10":"outofstock","11":"sale","12":"taxable","13":"shipping-taxable","14":"purchasable","15":"product-type-simple"},"_links":{"self":[{"href":"https:\/\/orientalcarpetshop.com\/de\/wp-json\/wp\/v2\/product\/121091","targetHints":{"allow":["GET"]}}],"collection":[{"href":"https:\/\/orientalcarpetshop.com\/de\/wp-json\/wp\/v2\/product"}],"about":[{"href":"https:\/\/orientalcarpetshop.com\/de\/wp-json\/wp\/v2\/types\/product"}],"version-history":[{"count":0,"href":"https:\/\/orientalcarpetshop.com\/de\/wp-json\/wp\/v2\/product\/121091\/revisions"}],"wp:featuredmedia":[{"embeddable":true,"href":"https:\/\/orientalcarpetshop.com\/de\/wp-json\/wp\/v2\/media\/119989"}],"wp:attachment":[{"href":"https:\/\/orientalcarpetshop.com\/de\/wp-json\/wp\/v2\/media?parent=121091"}],"wp:term":[{"taxonomy":"product_brand","embeddable":true,"href":"https:\/\/orientalcarpetshop.com\/de\/wp-json\/wp\/v2\/product_brand?post=121091"},{"taxonomy":"product_cat","embeddable":true,"href":"https:\/\/orientalcarpetshop.com\/de\/wp-json\/wp\/v2\/product_cat?post=121091"},{"taxonomy":"product_tag","embeddable":true,"href":"https:\/\/orientalcarpetshop.com\/de\/wp-json\/wp\/v2\/product_tag?post=121091"}],"curies":[{"name":"wp","href":"https:\/\/api.w.org\/{rel}","templated":true}]}}