{"id":117088,"date":"2024-07-24T11:54:49","date_gmt":"2024-07-24T09:54:49","guid":{"rendered":"https:\/\/orientalcarpetshop.com\/?post_type=product&#038;p=117088"},"modified":"2026-02-08T00:24:10","modified_gmt":"2026-02-07T22:24:10","slug":"kilim-gewebter-teppich-120-x-78-cm-masolat","status":"publish","type":"product","link":"https:\/\/orientalcarpetshop.com\/de\/produkt\/kilim-gewebter-teppich-120-x-78-cm-masolat\/","title":{"rendered":"Kilim gewebter Teppich 120 x 78 cm (m\u00e1solat)"},"content":{"rendered":"\t\t<div data-elementor-type=\"product-post\" data-elementor-id=\"117088\" class=\"elementor elementor-117088 elementor-117086\" data-elementor-post-type=\"product\">\n\t\t\t\t\t\t<section class=\"elementor-section elementor-top-section elementor-element elementor-element-805bdb4 elementor-section-boxed elementor-section-height-default elementor-section-height-default\" data-id=\"805bdb4\" data-element_type=\"section\" data-e-type=\"section\">\n\t\t\t\t\t\t<div class=\"elementor-container elementor-column-gap-default\">\n\t\t\t\t\t<div class=\"elementor-column elementor-col-100 elementor-top-column elementor-element elementor-element-7f1cc22\" data-id=\"7f1cc22\" data-element_type=\"column\" data-e-type=\"column\">\n\t\t\t<div class=\"elementor-widget-wrap elementor-element-populated\">\n\t\t\t\t\t\t<div class=\"elementor-element elementor-element-c966a93 elementor-widget elementor-widget-text-editor\" data-id=\"c966a93\" data-element_type=\"widget\" data-e-type=\"widget\" data-widget_type=\"text-editor.default\">\n\t\t\t\t<div class=\"elementor-widget-container\">\n\t\t\t\t\t\t\t\t\t<p><em><span style=\"font-weight: bold;\">Term\u00e9kle\u00edr\u00e1s\/ Kilim sz\u00f6v\u00f6tt sz\u0151nyeg 128 x 77 cm :\u00a0<\/span><\/em><\/p><ul><li>K\u00e9sz\u00edt\u00e9si technika: K\u00e9zzel sz\u00f6v\u00f6tt<\/li><li>Lesz\u00f6v\u0151 sz\u00e1l: Gyapj\u00fa<\/li><li>Felvet\u0151 sz\u00e1l: Gyapj\u00fa<\/li><li>Anyag: 100 % gyapj\u00fa<\/li><li>Sz\u00e1rmaz\u00e1si hely: Pakiszt\u00e1n<\/li><li>Sz\u00ednez\u00e9kek: N\u00f6v\u00e9nyi sz\u00ednez\u00e9kek<\/li><li>Kor: \u00daj term\u00e9k, mindk\u00e9t oldala haszn\u00e1lhat\u00f3<\/li><\/ul><p>Mos\u00e1s \u00e9s \u00e1pol\u00e1s:<\/p><p>A sz\u0151nyeg tiszt\u00edt\u00e1s\u00e1t b\u00edzza szakemberre. Amennyiben szeretn\u00e9 , hogy mi v\u00e9gezz\u00fck el a sz\u0151nyeg k\u00e9zi tiszt\u00edt\u00e1s\u00e1t, k\u00e9rem h\u00edvja vev\u0151szolg\u00e1latunkat, vagy keresse fel a sz\u0151nyegtiszt\u00edt\u00e1s men\u00fcpontunkat.\u00a0<\/p><p>A sz\u0151nyegeket rendszeresen lehet porsz\u00edv\u00f3zni, ha valami r\u00e1\u00f6mlik c\u00e9lszer\u0171 azonnal sz\u00e1raz ruh\u00e1val felitatni, \u00e9s enyh\u00e9n samponos ( ph semleges ) v\u00edzzel elt\u00e1vol\u00edtani. F\u00e9l \u00e9vente enyh\u00e9n ecetes ( haszn\u00e1ljunk 20 %-os \u00e9telecetet ) v\u00edzzel \u00e9rdemes \u00e1tkef\u00e9lni, haszn\u00e1ljunk ehhez puha ruhakef\u00e9t \u00e9s gondoskodjunk a gyors sz\u00e1rad\u00e1sr\u00f3l. Az ecet fel\u00e9l\u00e9nk\u00edti a sz\u00edneket \u00e9s meg\u00f6li a molypet\u00e9ket \u00e9s az egy\u00e9b nem k\u00edv\u00e1natos \u00e9l\u0151l\u00e9nyeket. V\u00e9dj\u00fck sz\u0151nyeg\u00fcnket az er\u0151s napf\u00e9nyt\u0151l, \u00e9s id\u0151nk\u00e9nt c\u00e9lszer\u0171 elforgatni annak \u00e9rdek\u00e9ben, hogy egyenletesen kapja a terhel\u00e9st a haszn\u00e1lat folyam\u00e1n.<\/p>\t\t\t\t\t\t\t\t<\/div>\n\t\t\t\t<\/div>\n\t\t\t\t\t<\/div>\n\t\t<\/div>\n\t\t\t\t\t<\/div>\n\t\t<\/section>\n\t\t\t\t<section class=\"elementor-section elementor-top-section elementor-element elementor-element-2901fde0 elementor-section-boxed elementor-section-height-default elementor-section-height-default\" data-id=\"2901fde0\" data-element_type=\"section\" data-e-type=\"section\">\n\t\t\t\t\t\t<div class=\"elementor-container elementor-column-gap-default\">\n\t\t\t\t\t<div class=\"elementor-column elementor-col-100 elementor-top-column elementor-element elementor-element-3abe913\" data-id=\"3abe913\" data-element_type=\"column\" data-e-type=\"column\">\n\t\t\t<div class=\"elementor-widget-wrap elementor-element-populated\">\n\t\t\t\t\t\t<div class=\"elementor-element elementor-element-2ca59cd5 elementor-widget-divider--view-line elementor-widget elementor-widget-divider\" data-id=\"2ca59cd5\" data-element_type=\"widget\" data-e-type=\"widget\" data-widget_type=\"divider.default\">\n\t\t\t\t<div class=\"elementor-widget-container\">\n\t\t\t\t\t\t\t<div class=\"elementor-divider\">\n\t\t\t<span class=\"elementor-divider-separator\">\n\t\t\t\t\t\t<\/span>\n\t\t<\/div>\n\t\t\t\t\t\t<\/div>\n\t\t\t\t<\/div>\n\t\t\t\t<div class=\"elementor-element elementor-element-2531b096 elementor-widget elementor-widget-heading\" data-id=\"2531b096\" data-element_type=\"widget\" data-e-type=\"widget\" data-widget_type=\"heading.default\">\n\t\t\t\t<div class=\"elementor-widget-container\">\n\t\t\t\t\t<h2 class=\"elementor-heading-title elementor-size-default\">Kapcsol\u00f3d\u00f3 term\u00e9kek<\/h2>\t\t\t\t<\/div>\n\t\t\t\t<\/div>\n\t\t\t\t<div class=\"elementor-element elementor-element-79b2f783 elementor-widget-divider--view-line elementor-widget elementor-widget-divider\" data-id=\"79b2f783\" data-element_type=\"widget\" data-e-type=\"widget\" data-widget_type=\"divider.default\">\n\t\t\t\t<div class=\"elementor-widget-container\">\n\t\t\t\t\t\t\t<div class=\"elementor-divider\">\n\t\t\t<span class=\"elementor-divider-separator\">\n\t\t\t\t\t\t<\/span>\n\t\t<\/div>\n\t\t\t\t\t\t<\/div>\n\t\t\t\t<\/div>\n\t\t\t\t\t<\/div>\n\t\t<\/div>\n\t\t\t\t\t<\/div>\n\t\t<\/section>\n\t\t\t\t<\/div>\n\t\t","protected":false},"excerpt":{"rendered":"<ul>\n<li>Gr\u00f6\u00dfe : 120 x 78 cm<\/li>\n<li>Artikel Nr: SPM30-1633<\/li>\n<li>1,5 kg<\/li>\n<\/ul>\n","protected":false},"featured_media":117102,"template":"","meta":[],"product_brand":[],"product_cat":[774,771],"product_tag":[],"class_list":{"0":"post-117088","1":"product","2":"type-product","3":"status-publish","4":"has-post-thumbnail","6":"product_cat-kelim","7":"product_cat-orientteppich","8":"pa_meret-130-x-80-de","9":"pa_minta-geometrisch","10":"pa_szin-gemischt","11":"pa_szin-grauweis","12":"pa_szin-grun","13":"pa_szin-orange-de","15":"first","16":"instock","17":"sale","18":"taxable","19":"shipping-taxable","20":"purchasable","21":"product-type-simple"},"_links":{"self":[{"href":"https:\/\/orientalcarpetshop.com\/de\/wp-json\/wp\/v2\/product\/117088","targetHints":{"allow":["GET"]}}],"collection":[{"href":"https:\/\/orientalcarpetshop.com\/de\/wp-json\/wp\/v2\/product"}],"about":[{"href":"https:\/\/orientalcarpetshop.com\/de\/wp-json\/wp\/v2\/types\/product"}],"version-history":[{"count":0,"href":"https:\/\/orientalcarpetshop.com\/de\/wp-json\/wp\/v2\/product\/117088\/revisions"}],"wp:featuredmedia":[{"embeddable":true,"href":"https:\/\/orientalcarpetshop.com\/de\/wp-json\/wp\/v2\/media\/117102"}],"wp:attachment":[{"href":"https:\/\/orientalcarpetshop.com\/de\/wp-json\/wp\/v2\/media?parent=117088"}],"wp:term":[{"taxonomy":"product_brand","embeddable":true,"href":"https:\/\/orientalcarpetshop.com\/de\/wp-json\/wp\/v2\/product_brand?post=117088"},{"taxonomy":"product_cat","embeddable":true,"href":"https:\/\/orientalcarpetshop.com\/de\/wp-json\/wp\/v2\/product_cat?post=117088"},{"taxonomy":"product_tag","embeddable":true,"href":"https:\/\/orientalcarpetshop.com\/de\/wp-json\/wp\/v2\/product_tag?post=117088"}],"curies":[{"name":"wp","href":"https:\/\/api.w.org\/{rel}","templated":true}]}}