{"id":111960,"date":"2024-04-18T10:23:12","date_gmt":"2024-04-18T08:23:12","guid":{"rendered":"https:\/\/orientalcarpetshop.com\/termek\/rosarote-tischlampe-2\/"},"modified":"2024-05-02T12:51:41","modified_gmt":"2024-05-02T10:51:41","slug":"rosarote-tischlampe-2","status":"publish","type":"product","link":"https:\/\/orientalcarpetshop.com\/de\/produkt\/rosarote-tischlampe-2\/","title":{"rendered":"Rosarote Tischlampe"},"content":{"rendered":"\t\t<div data-elementor-type=\"product-post\" data-elementor-id=\"111960\" class=\"elementor elementor-111960 elementor-110652\" data-elementor-post-type=\"product\">\n\t\t\t\t\t\t<section class=\"elementor-section elementor-top-section elementor-element elementor-element-fce43ac elementor-section-boxed elementor-section-height-default elementor-section-height-default\" data-id=\"fce43ac\" data-element_type=\"section\" data-e-type=\"section\">\n\t\t\t\t\t\t<div class=\"elementor-container elementor-column-gap-default\">\n\t\t\t\t\t<div class=\"elementor-column elementor-col-100 elementor-top-column elementor-element elementor-element-d781a33\" data-id=\"d781a33\" data-element_type=\"column\" data-e-type=\"column\">\n\t\t\t<div class=\"elementor-widget-wrap elementor-element-populated\">\n\t\t\t\t\t\t<div class=\"elementor-element elementor-element-486270f elementor-widget elementor-widget-text-editor\" data-id=\"486270f\" data-element_type=\"widget\" data-e-type=\"widget\" data-widget_type=\"text-editor.default\">\n\t\t\t\t<div class=\"elementor-widget-container\">\n\t\t\t\t\t\t\t\t\t<p><em><span style=\"font-weight: bold;\">Produktbeschreibung \/ Rosarote Tischlampe: <\/span><\/em><\/p>\n<p><em>Werfen Sie einen Blick auf unsere Tischlampen aus der T\u00fcrkei in verschiedenen Mustern.<\/em><\/p>\n<p>Ursprungsland: T\u00fcrkei, handgefertigtes Produkt.<\/p>\n<p>Material der Glaswaren: Unikate aus buntem, winzigem Mosaikglas und Perlen.<\/p>\n<p>Material der Metallteile: Messing, Bronze, poliert und gegen Oxidation behandelt.<\/p>\n<p>Gl\u00fchbirnengr\u00f6\u00dfe: E14 in der EU und im Vereinigten K\u00f6nigreich, in den USA und Kanada ist <span style=\"color: var( --e-global-color-text ); font-size: var( --e-global-typography-text-font-size ); font-weight: var( --e-global-typography-text-font-weight ); letter-spacing: var(--the7-base-letter-spacing); text-transform: var(--the7-base-text-transform); word-spacing: normal;\">ein Fassungskonverter<\/span> <span style=\"color: var( --e-global-color-text ); font-size: var( --e-global-typography-text-font-size ); font-weight: var( --e-global-typography-text-font-weight ); letter-spacing: var(--the7-base-letter-spacing); text-transform: var(--the7-base-text-transform); word-spacing: normal;\">oder ein<\/span> <span style=\"color: var( --e-global-color-text ); font-size: var( --e-global-typography-text-font-size ); font-weight: var( --e-global-typography-text-font-weight ); letter-spacing: var(--the7-base-letter-spacing); text-transform: var(--the7-base-text-transform); word-spacing: normal;\">Fassungswechsel<\/span> <span style=\"color: var( --e-global-color-text ); font-size: var( --e-global-typography-text-font-size ); font-weight: var( --e-global-typography-text-font-weight ); letter-spacing: var(--the7-base-letter-spacing); text-transform: var(--the7-base-text-transform); word-spacing: normal;\">erforderlich.<\/span><\/p>\n<p>Eingangsspannung: kompatibel mit 220V und 110V.<\/p>\n<p>Anschlussstecker: Erh\u00e4ltlich in Gro\u00dfbritannien, den USA und Kanada, der EU und AU.<\/p>\n<p>Zertifikat: CE-zertifiziert.<\/p>\n<p>Verwendung: Dekorative Leuchte.<\/p>\n<p>Anwendung: Wohnungen, H\u00e4user, Hotels, Restaurants, Caf\u00e9s, Gesch\u00e4fte.<\/p>\n<p>Verpackung: Luftpolsterfolie und Karton. Individuelle Verpackungen sind ebenfalls m\u00f6glich, bitte kontaktieren Sie unseren Kundenservice f\u00fcr weitere Informationen.<\/p>\n<p>Gewicht: 0,8 kg.<\/p>\n<p>Gl\u00fchbirne: Nicht enthalten.<\/p>\n\t\t\t\t\t\t\t\t<\/div>\n\t\t\t\t<\/div>\n\t\t\t\t\t<\/div>\n\t\t<\/div>\n\t\t\t\t\t<\/div>\n\t\t<\/section>\n\t\t\t\t<section class=\"elementor-section elementor-top-section elementor-element elementor-element-1cd2e1ac elementor-section-boxed elementor-section-height-default elementor-section-height-default\" data-id=\"1cd2e1ac\" data-element_type=\"section\" data-e-type=\"section\">\n\t\t\t\t\t\t<div class=\"elementor-container elementor-column-gap-default\">\n\t\t\t\t\t<div class=\"elementor-column elementor-col-100 elementor-top-column elementor-element elementor-element-13343b6a\" data-id=\"13343b6a\" data-element_type=\"column\" data-e-type=\"column\">\n\t\t\t<div class=\"elementor-widget-wrap elementor-element-populated\">\n\t\t\t\t\t\t<div class=\"elementor-element elementor-element-16976afc elementor-widget-divider--view-line elementor-widget elementor-widget-divider\" data-id=\"16976afc\" data-element_type=\"widget\" data-e-type=\"widget\" data-widget_type=\"divider.default\">\n\t\t\t\t<div class=\"elementor-widget-container\">\n\t\t\t\t\t\t\t<div class=\"elementor-divider\">\n\t\t\t<span class=\"elementor-divider-separator\">\n\t\t\t\t\t\t<\/span>\n\t\t<\/div>\n\t\t\t\t\t\t<\/div>\n\t\t\t\t<\/div>\n\t\t\t\t<div class=\"elementor-element elementor-element-2c6ecbdf elementor-widget elementor-widget-heading\" data-id=\"2c6ecbdf\" data-element_type=\"widget\" data-e-type=\"widget\" data-widget_type=\"heading.default\">\n\t\t\t\t<div class=\"elementor-widget-container\">\n\t\t\t\t\t<h2 class=\"elementor-heading-title elementor-size-default\">\u00c4hnliche Produkte<\/h2>\t\t\t\t<\/div>\n\t\t\t\t<\/div>\n\t\t\t\t<div class=\"elementor-element elementor-element-3691093f elementor-widget-divider--view-line elementor-widget elementor-widget-divider\" data-id=\"3691093f\" data-element_type=\"widget\" data-e-type=\"widget\" data-widget_type=\"divider.default\">\n\t\t\t\t<div class=\"elementor-widget-container\">\n\t\t\t\t\t\t\t<div class=\"elementor-divider\">\n\t\t\t<span class=\"elementor-divider-separator\">\n\t\t\t\t\t\t<\/span>\n\t\t<\/div>\n\t\t\t\t\t\t<\/div>\n\t\t\t\t<\/div>\n\t\t\t\t\t<\/div>\n\t\t<\/div>\n\t\t\t\t\t<\/div>\n\t\t<\/section>\n\t\t\t\t<\/div>\n\t\t","protected":false},"excerpt":{"rendered":"<ul>\n<li>H\u00f6he: 38 cm<\/li>\n<li>Breite: 12 cm, Kuppelbreite: 17 cm<\/li>\n<li>Artikel Nr.: BTM17-L5<\/li>\n<li>Gewicht: 0,8 kg<\/li>\n<\/ul>\n","protected":false},"featured_media":110655,"template":"","meta":[],"product_brand":[],"product_cat":[778,780],"product_tag":[],"class_list":{"0":"post-111960","1":"product","2":"type-product","3":"status-publish","4":"has-post-thumbnail","6":"product_cat-lampe","7":"product_cat-tischlampe","8":"pa_szin-orange-de","9":"pa_szin-rosa","10":"pa_szin-rosa-de","11":"pa_szin-violett","13":"first","14":"outofstock","15":"sale","16":"taxable","17":"shipping-taxable","18":"purchasable","19":"product-type-simple"},"_links":{"self":[{"href":"https:\/\/orientalcarpetshop.com\/de\/wp-json\/wp\/v2\/product\/111960","targetHints":{"allow":["GET"]}}],"collection":[{"href":"https:\/\/orientalcarpetshop.com\/de\/wp-json\/wp\/v2\/product"}],"about":[{"href":"https:\/\/orientalcarpetshop.com\/de\/wp-json\/wp\/v2\/types\/product"}],"version-history":[{"count":0,"href":"https:\/\/orientalcarpetshop.com\/de\/wp-json\/wp\/v2\/product\/111960\/revisions"}],"wp:featuredmedia":[{"embeddable":true,"href":"https:\/\/orientalcarpetshop.com\/de\/wp-json\/wp\/v2\/media\/110655"}],"wp:attachment":[{"href":"https:\/\/orientalcarpetshop.com\/de\/wp-json\/wp\/v2\/media?parent=111960"}],"wp:term":[{"taxonomy":"product_brand","embeddable":true,"href":"https:\/\/orientalcarpetshop.com\/de\/wp-json\/wp\/v2\/product_brand?post=111960"},{"taxonomy":"product_cat","embeddable":true,"href":"https:\/\/orientalcarpetshop.com\/de\/wp-json\/wp\/v2\/product_cat?post=111960"},{"taxonomy":"product_tag","embeddable":true,"href":"https:\/\/orientalcarpetshop.com\/de\/wp-json\/wp\/v2\/product_tag?post=111960"}],"curies":[{"name":"wp","href":"https:\/\/api.w.org\/{rel}","templated":true}]}}