{"id":110230,"date":"2024-04-13T09:58:47","date_gmt":"2024-04-13T07:58:47","guid":{"rendered":"https:\/\/orientalcarpetshop.com\/?post_type=product&#038;p=110230"},"modified":"2026-04-11T17:06:57","modified_gmt":"2026-04-11T15:06:57","slug":"alter-kazak-teppich-214-x-140-cm","status":"publish","type":"product","link":"https:\/\/orientalcarpetshop.com\/de\/produkt\/alter-kazak-teppich-214-x-140-cm\/","title":{"rendered":"Alter Kazak-Teppich 214 x 140 cm"},"content":{"rendered":"\t\t<div data-elementor-type=\"product-post\" data-elementor-id=\"110230\" class=\"elementor elementor-110230 elementor-110228\" data-elementor-post-type=\"product\">\n\t\t\t\t\t\t<section class=\"elementor-section elementor-top-section elementor-element elementor-element-487787d5 elementor-section-boxed elementor-section-height-default elementor-section-height-default\" data-id=\"487787d5\" data-element_type=\"section\" data-e-type=\"section\">\n\t\t\t\t\t\t<div class=\"elementor-container elementor-column-gap-default\">\n\t\t\t\t\t<div class=\"elementor-column elementor-col-100 elementor-top-column elementor-element elementor-element-4d872769\" data-id=\"4d872769\" data-element_type=\"column\" data-e-type=\"column\">\n\t\t\t<div class=\"elementor-widget-wrap elementor-element-populated\">\n\t\t\t\t\t\t<div class=\"elementor-element elementor-element-46705178 elementor-widget elementor-widget-text-editor\" data-id=\"46705178\" data-element_type=\"widget\" data-e-type=\"widget\" data-widget_type=\"text-editor.default\">\n\t\t\t\t<div class=\"elementor-widget-container\">\n\t\t\t\t\t\t\t\t\t<p><em><b>Produktbeschreibung\/ Alter Kazak-Teppich 214 x 140 cm : <\/b><\/em><\/p><p>Herstellungstechnik: handgekn\u00fcpft<\/p><p>Kn\u00fcpfung: Ghordes<\/p><p>Knotendichte: 90.000 \/ Quadratmeter<\/p><p>Kette : Wolle<\/p><p>Schuss: Wolle<\/p><p><span style=\"color: var( --e-global-color-text ); font-size: var( --e-global-typography-text-font-size ); font-weight: var( --e-global-typography-text-font-weight ); letter-spacing: var(--the7-base-letter-spacing); text-transform: var(--the7-base-text-transform); word-spacing: normal;\">Flor: Wolle<\/span><\/p><p>Material: 100% Wolle <\/p><p>Herkunftsort: Kaukasus<\/p><p>Farbstoffe: pflanzliche Farbstoffe<\/p><p>Alter: Mitte des XX. Jahrhunderts<\/p><p>Zustand: tadelloser Zustand. Gereinigt, gebrauchsfertig.<\/p><p><span style=\"text-decoration: underline;\">Waschen und Pflegen:<\/span><\/p><p>Lassen Sie Ihren alten Kazak Teppich von einem Fachmann reinigen. Wenn Sie m\u00f6chten, dass wir Ihren Teppich von Hand reinigen, rufen Sie bitte unseren Kundendienst an oder besuchen Sie unser Teppichreinigungsmen\u00fc. <\/p><p>Alte Kazak-Teppiche k\u00f6nnen regelm\u00e4\u00dfig gesaugt werden, und wenn etwas versch\u00fcttet wird, ist es ratsam, es sofort mit einem trockenen Tuch einzuweichen und mit einem milden Shampoo (pH-neutral) zu entfernen. Es lohnt sich, alle sechs Monate mit leicht ges\u00e4uertem Wasser (20 % Speiseessig verwenden) zu b\u00fcrsten, verwenden Sie dazu eine weiche Kleiderb\u00fcrste und sorgen Sie f\u00fcr eine schnelle Trocknung. Der Essig hellt die Farben auf und t\u00f6tet Motten und andere unerw\u00fcnschte Organismen ab. Sch\u00fctzen Sie Ihren Teppich vor starker Sonneneinstrahlung und drehen Sie ihn von Zeit zu Zeit, um sicherzustellen, dass er w\u00e4hrend der Nutzung gleichm\u00e4\u00dfig belastet wird. <\/p>\t\t\t\t\t\t\t\t<\/div>\n\t\t\t\t<\/div>\n\t\t\t\t\t<\/div>\n\t\t<\/div>\n\t\t\t\t\t<\/div>\n\t\t<\/section>\n\t\t\t\t<section class=\"elementor-section elementor-top-section elementor-element elementor-element-3efcf792 elementor-section-boxed elementor-section-height-default elementor-section-height-default\" data-id=\"3efcf792\" data-element_type=\"section\" data-e-type=\"section\">\n\t\t\t\t\t\t<div class=\"elementor-container elementor-column-gap-default\">\n\t\t\t\t\t<div class=\"elementor-column elementor-col-100 elementor-top-column elementor-element elementor-element-472176c1\" data-id=\"472176c1\" data-element_type=\"column\" data-e-type=\"column\">\n\t\t\t<div class=\"elementor-widget-wrap elementor-element-populated\">\n\t\t\t\t\t\t<div class=\"elementor-element elementor-element-43c558da elementor-widget-divider--view-line elementor-widget elementor-widget-divider\" data-id=\"43c558da\" data-element_type=\"widget\" data-e-type=\"widget\" data-widget_type=\"divider.default\">\n\t\t\t\t<div class=\"elementor-widget-container\">\n\t\t\t\t\t\t\t<div class=\"elementor-divider\">\n\t\t\t<span class=\"elementor-divider-separator\">\n\t\t\t\t\t\t<\/span>\n\t\t<\/div>\n\t\t\t\t\t\t<\/div>\n\t\t\t\t<\/div>\n\t\t\t\t<div class=\"elementor-element elementor-element-802a827 elementor-widget elementor-widget-heading\" data-id=\"802a827\" data-element_type=\"widget\" data-e-type=\"widget\" data-widget_type=\"heading.default\">\n\t\t\t\t<div class=\"elementor-widget-container\">\n\t\t\t\t\t<h2 class=\"elementor-heading-title elementor-size-default\">\u00c4hnliche Produkte<\/h2>\t\t\t\t<\/div>\n\t\t\t\t<\/div>\n\t\t\t\t<div class=\"elementor-element elementor-element-46083168 elementor-widget-divider--view-line elementor-widget elementor-widget-divider\" data-id=\"46083168\" data-element_type=\"widget\" data-e-type=\"widget\" data-widget_type=\"divider.default\">\n\t\t\t\t<div class=\"elementor-widget-container\">\n\t\t\t\t\t\t\t<div class=\"elementor-divider\">\n\t\t\t<span class=\"elementor-divider-separator\">\n\t\t\t\t\t\t<\/span>\n\t\t<\/div>\n\t\t\t\t\t\t<\/div>\n\t\t\t\t<\/div>\n\t\t\t\t\t<\/div>\n\t\t<\/div>\n\t\t\t\t\t<\/div>\n\t\t<\/section>\n\t\t\t\t<\/div>\n\t\t","protected":false},"excerpt":{"rendered":"<ul>\n<li>Gr\u00f6\u00dfe: 214 x 140 cm<\/li>\n<li>Artikel Nr.: AAB084<\/li>\n<li>5.7 kg<\/li>\n<\/ul>\n","protected":false},"featured_media":110233,"template":"","meta":[],"product_brand":[],"product_cat":[771,777],"product_tag":[],"class_list":{"0":"post-110230","1":"product","2":"type-product","3":"status-publish","4":"has-post-thumbnail","6":"product_cat-orientteppich","7":"product_cat-vintage-teppich","8":"pa_meret-220-x-140-de","9":"pa_minta-memling-gul-de","10":"pa_szin-blau","11":"pa_szin-dunkelblau","12":"pa_szin-gelb","13":"pa_szin-grun","14":"pa_szin-hellbeige","15":"pa_szin-rot-de","16":"pa_szin-schwartz","17":"pa_szin-weis","19":"first","20":"instock","21":"sale","22":"taxable","23":"shipping-taxable","24":"purchasable","25":"product-type-simple"},"_links":{"self":[{"href":"https:\/\/orientalcarpetshop.com\/de\/wp-json\/wp\/v2\/product\/110230","targetHints":{"allow":["GET"]}}],"collection":[{"href":"https:\/\/orientalcarpetshop.com\/de\/wp-json\/wp\/v2\/product"}],"about":[{"href":"https:\/\/orientalcarpetshop.com\/de\/wp-json\/wp\/v2\/types\/product"}],"version-history":[{"count":0,"href":"https:\/\/orientalcarpetshop.com\/de\/wp-json\/wp\/v2\/product\/110230\/revisions"}],"wp:featuredmedia":[{"embeddable":true,"href":"https:\/\/orientalcarpetshop.com\/de\/wp-json\/wp\/v2\/media\/110233"}],"wp:attachment":[{"href":"https:\/\/orientalcarpetshop.com\/de\/wp-json\/wp\/v2\/media?parent=110230"}],"wp:term":[{"taxonomy":"product_brand","embeddable":true,"href":"https:\/\/orientalcarpetshop.com\/de\/wp-json\/wp\/v2\/product_brand?post=110230"},{"taxonomy":"product_cat","embeddable":true,"href":"https:\/\/orientalcarpetshop.com\/de\/wp-json\/wp\/v2\/product_cat?post=110230"},{"taxonomy":"product_tag","embeddable":true,"href":"https:\/\/orientalcarpetshop.com\/de\/wp-json\/wp\/v2\/product_tag?post=110230"}],"curies":[{"name":"wp","href":"https:\/\/api.w.org\/{rel}","templated":true}]}}