{"id":110115,"date":"2024-04-11T17:38:59","date_gmt":"2024-04-11T15:38:59","guid":{"rendered":"https:\/\/orientalcarpetshop.com\/?post_type=product&#038;p=110115"},"modified":"2026-04-11T17:08:33","modified_gmt":"2026-04-11T15:08:33","slug":"kurdischer-perserteppich-288-x-174-cm","status":"publish","type":"product","link":"https:\/\/orientalcarpetshop.com\/de\/produkt\/kurdischer-perserteppich-288-x-174-cm\/","title":{"rendered":"Kurdischer Perserteppich 288 x 174 cm"},"content":{"rendered":"\t\t<div data-elementor-type=\"product-post\" data-elementor-id=\"110115\" class=\"elementor elementor-110115 elementor-110113\" data-elementor-post-type=\"product\">\n\t\t\t\t\t\t<section class=\"elementor-section elementor-top-section elementor-element elementor-element-487787d5 elementor-section-boxed elementor-section-height-default elementor-section-height-default\" data-id=\"487787d5\" data-element_type=\"section\" data-e-type=\"section\">\n\t\t\t\t\t\t<div class=\"elementor-container elementor-column-gap-default\">\n\t\t\t\t\t<div class=\"elementor-column elementor-col-100 elementor-top-column elementor-element elementor-element-4d872769\" data-id=\"4d872769\" data-element_type=\"column\" data-e-type=\"column\">\n\t\t\t<div class=\"elementor-widget-wrap elementor-element-populated\">\n\t\t\t\t\t\t<div class=\"elementor-element elementor-element-46705178 elementor-widget elementor-widget-text-editor\" data-id=\"46705178\" data-element_type=\"widget\" data-e-type=\"widget\" data-widget_type=\"text-editor.default\">\n\t\t\t\t<div class=\"elementor-widget-container\">\n\t\t\t\t\t\t\t\t\t<p><em><b>Produktbeschreibung\/ Kurdischer Perserteppich 288 x 174 cm : <\/b><\/em><\/p><p>Herstellungstechnik: handgekn\u00fcpft<\/p><p>Kn\u00fcpfung: Ghordes<\/p><p>Knotendichte: 90.000 \/ Quadratmeter<\/p><p>Kette : Wolle<\/p><p>Schuss: Wolle<\/p><p><span style=\"color: var( --e-global-color-text ); font-size: var( --e-global-typography-text-font-size ); font-weight: var( --e-global-typography-text-font-weight ); letter-spacing: var(--the7-base-letter-spacing); text-transform: var(--the7-base-text-transform); word-spacing: normal;\">Flor: Wolle<\/span><\/p><p>Material: 100% Wolle <\/p><p>Herkunftsort: Persien<\/p><p>Farbstoffe: pflanzliche Farbstoffe<\/p><p>Alter: erste H\u00e4lfte des XX. Jahrhunderts<\/p><p>Zustand: tadelloser Zustand. Gereinigt, gebrauchsfertig.<\/p><p><span style=\"text-decoration: underline;\">Waschen und Pflegen:<\/span><\/p><p>Lassen Sie Ihren kurdischen Perserteppich von einem Fachmann reinigen. Wenn Sie m\u00f6chten, dass wir Ihren Teppich von Hand reinigen, rufen Sie bitte unseren Kundendienst an oder besuchen Sie unser Teppichreinigungsmen\u00fc. <\/p><p>Kurdische Perserteppiche k\u00f6nnen regelm\u00e4\u00dfig gesaugt werden; wenn etwas versch\u00fcttet wird, sollte es sofort mit einem trockenen Tuch eingeweicht und mit einem milden Shampoo (pH-neutral) entfernt werden. Es lohnt sich, alle sechs Monate mit leicht ges\u00e4uertem Wasser (20 % Speiseessig verwenden) zu b\u00fcrsten, verwenden Sie dazu eine weiche Kleiderb\u00fcrste und sorgen Sie f\u00fcr eine schnelle Trocknung. Der Essig hellt die Farben auf und t\u00f6tet Motten und andere unerw\u00fcnschte Organismen ab. Sch\u00fctzen Sie Ihren Teppich vor starker Sonneneinstrahlung und drehen Sie ihn von Zeit zu Zeit, um sicherzustellen, dass er w\u00e4hrend der Nutzung gleichm\u00e4\u00dfig belastet wird. <\/p>\t\t\t\t\t\t\t\t<\/div>\n\t\t\t\t<\/div>\n\t\t\t\t\t<\/div>\n\t\t<\/div>\n\t\t\t\t\t<\/div>\n\t\t<\/section>\n\t\t\t\t<section class=\"elementor-section elementor-top-section elementor-element elementor-element-3efcf792 elementor-section-boxed elementor-section-height-default elementor-section-height-default\" data-id=\"3efcf792\" data-element_type=\"section\" data-e-type=\"section\">\n\t\t\t\t\t\t<div class=\"elementor-container elementor-column-gap-default\">\n\t\t\t\t\t<div class=\"elementor-column elementor-col-100 elementor-top-column elementor-element elementor-element-472176c1\" data-id=\"472176c1\" data-element_type=\"column\" data-e-type=\"column\">\n\t\t\t<div class=\"elementor-widget-wrap elementor-element-populated\">\n\t\t\t\t\t\t<div class=\"elementor-element elementor-element-43c558da elementor-widget-divider--view-line elementor-widget elementor-widget-divider\" data-id=\"43c558da\" data-element_type=\"widget\" data-e-type=\"widget\" data-widget_type=\"divider.default\">\n\t\t\t\t<div class=\"elementor-widget-container\">\n\t\t\t\t\t\t\t<div class=\"elementor-divider\">\n\t\t\t<span class=\"elementor-divider-separator\">\n\t\t\t\t\t\t<\/span>\n\t\t<\/div>\n\t\t\t\t\t\t<\/div>\n\t\t\t\t<\/div>\n\t\t\t\t<div class=\"elementor-element elementor-element-802a827 elementor-widget elementor-widget-heading\" data-id=\"802a827\" data-element_type=\"widget\" data-e-type=\"widget\" data-widget_type=\"heading.default\">\n\t\t\t\t<div class=\"elementor-widget-container\">\n\t\t\t\t\t<h2 class=\"elementor-heading-title elementor-size-default\">\u00c4hnliche Produkte<\/h2>\t\t\t\t<\/div>\n\t\t\t\t<\/div>\n\t\t\t\t<div class=\"elementor-element elementor-element-46083168 elementor-widget-divider--view-line elementor-widget elementor-widget-divider\" data-id=\"46083168\" data-element_type=\"widget\" data-e-type=\"widget\" data-widget_type=\"divider.default\">\n\t\t\t\t<div class=\"elementor-widget-container\">\n\t\t\t\t\t\t\t<div class=\"elementor-divider\">\n\t\t\t<span class=\"elementor-divider-separator\">\n\t\t\t\t\t\t<\/span>\n\t\t<\/div>\n\t\t\t\t\t\t<\/div>\n\t\t\t\t<\/div>\n\t\t\t\t\t<\/div>\n\t\t<\/div>\n\t\t\t\t\t<\/div>\n\t\t<\/section>\n\t\t\t\t<\/div>\n\t\t","protected":false},"excerpt":{"rendered":"<ul>\n<li>Gr\u00f6\u00dfe: 288 x 174 cm<\/li>\n<li>Artikel Nr.: AAB082<\/li>\n<li>12.5 kg<\/li>\n<\/ul>\n","protected":false},"featured_media":110118,"template":"","meta":[],"product_brand":[],"product_cat":[771,777],"product_tag":[],"class_list":{"0":"post-110115","1":"product","2":"type-product","3":"status-publish","4":"has-post-thumbnail","6":"product_cat-orientteppich","7":"product_cat-vintage-teppich","8":"pa_meret-290-x-180-de","9":"pa_minta-pflanzenmuster","10":"pa_szin-blau","11":"pa_szin-braun","12":"pa_szin-gelb","13":"pa_szin-golden-de","14":"pa_szin-grau","15":"pa_szin-hellbeige","16":"pa_szin-malve","17":"pa_szin-orange-de","18":"pa_szin-rot-de","19":"pa_szin-schwartz","20":"pa_szin-violett","21":"pa_szin-weis","23":"first","24":"instock","25":"sale","26":"taxable","27":"shipping-taxable","28":"purchasable","29":"product-type-simple"},"_links":{"self":[{"href":"https:\/\/orientalcarpetshop.com\/de\/wp-json\/wp\/v2\/product\/110115","targetHints":{"allow":["GET"]}}],"collection":[{"href":"https:\/\/orientalcarpetshop.com\/de\/wp-json\/wp\/v2\/product"}],"about":[{"href":"https:\/\/orientalcarpetshop.com\/de\/wp-json\/wp\/v2\/types\/product"}],"version-history":[{"count":0,"href":"https:\/\/orientalcarpetshop.com\/de\/wp-json\/wp\/v2\/product\/110115\/revisions"}],"wp:featuredmedia":[{"embeddable":true,"href":"https:\/\/orientalcarpetshop.com\/de\/wp-json\/wp\/v2\/media\/110118"}],"wp:attachment":[{"href":"https:\/\/orientalcarpetshop.com\/de\/wp-json\/wp\/v2\/media?parent=110115"}],"wp:term":[{"taxonomy":"product_brand","embeddable":true,"href":"https:\/\/orientalcarpetshop.com\/de\/wp-json\/wp\/v2\/product_brand?post=110115"},{"taxonomy":"product_cat","embeddable":true,"href":"https:\/\/orientalcarpetshop.com\/de\/wp-json\/wp\/v2\/product_cat?post=110115"},{"taxonomy":"product_tag","embeddable":true,"href":"https:\/\/orientalcarpetshop.com\/de\/wp-json\/wp\/v2\/product_tag?post=110115"}],"curies":[{"name":"wp","href":"https:\/\/api.w.org\/{rel}","templated":true}]}}