{"id":107612,"date":"2024-02-10T14:20:07","date_gmt":"2024-02-10T12:20:07","guid":{"rendered":"https:\/\/orientalcarpetshop.com\/termek\/ikat-kissenbezuege-4\/"},"modified":"2024-03-11T14:23:01","modified_gmt":"2024-03-11T12:23:01","slug":"ikat-kissenbezuege-4","status":"publish","type":"product","link":"https:\/\/orientalcarpetshop.com\/de\/produkt\/ikat-kissenbezuege-4\/","title":{"rendered":"Ikat-Kissenbez\u00fcge"},"content":{"rendered":"\t\t<div data-elementor-type=\"product-post\" data-elementor-id=\"107612\" class=\"elementor elementor-107612 elementor-105606\" data-elementor-post-type=\"product\">\n\t\t\t\t\t\t<section class=\"elementor-section elementor-top-section elementor-element elementor-element-99ef486 elementor-section-boxed elementor-section-height-default elementor-section-height-default\" data-id=\"99ef486\" data-element_type=\"section\" data-e-type=\"section\">\n\t\t\t\t\t\t<div class=\"elementor-container elementor-column-gap-default\">\n\t\t\t\t\t<div class=\"elementor-column elementor-col-100 elementor-top-column elementor-element elementor-element-cd01922\" data-id=\"cd01922\" data-element_type=\"column\" data-e-type=\"column\">\n\t\t\t<div class=\"elementor-widget-wrap elementor-element-populated\">\n\t\t\t\t\t\t<div class=\"elementor-element elementor-element-38551cd elementor-widget elementor-widget-text-editor\" data-id=\"38551cd\" data-element_type=\"widget\" data-e-type=\"widget\" data-widget_type=\"text-editor.default\">\n\t\t\t\t<div class=\"elementor-widget-container\">\n\t\t\t\t\t\t\t\t\t<p><em><span style=\"font-weight: bold;\">Produktbeschreibung\/ikat-Kissenbez\u00fcge: <\/span><\/em><\/p>\n<ul>\n<li>Konstruktionstechnik: Handarbeit<\/li>\n<li>Material: Baumwolle und Seidensamt <\/li>\n<li>Herkunftsort: T\u00fcrkei<\/li>\n<\/ul>\n<p><em><span style=\"font-weight: bold;\">Kommentar:<\/span><\/em><\/p>\n<p>Schauen Sie sich unsere Ikat-Kissenbez\u00fcge aus der T\u00fcrkei in verschiedenen Mustern an.<\/p>\n<p>Die Kissenbez\u00fcge sind weich, die F\u00fcllung ist mit einem Rei\u00dfverschluss austauschbar, und eine chemische Reinigung wird empfohlen.<\/p>\n<p>Die Kissenf\u00fcllung ist im Preis nicht enthalten.<\/p>\n<p>Wir stellen Ihnen unser Ikat-Kissen t\u00fcrkischer Herkunft vor, das sorgf\u00e4ltig aus hochwertiger Baumwolle und Seidensamt gefertigt ist. Versinken Sie in den ultimativen Komfort mit unserem t\u00fcrkischen Kissen, perfekt zum Entspannen nach einem langen Tag. Das farbenfrohe Ikat-Kissen bringt einen eleganten Farbakzent in jeden Raum und ist die perfekte Erg\u00e4nzung f\u00fcr Ihr Sofa, Ihren Sessel oder Ihr Bett. F\u00fcllen Sie Ihren Lebensraum mit W\u00e4rme und Stil.<\/p>\n\t\t\t\t\t\t\t\t<\/div>\n\t\t\t\t<\/div>\n\t\t\t\t\t<\/div>\n\t\t<\/div>\n\t\t\t\t\t<\/div>\n\t\t<\/section>\n\t\t\t\t<section class=\"elementor-section elementor-top-section elementor-element elementor-element-1a591ea elementor-section-boxed elementor-section-height-default elementor-section-height-default\" data-id=\"1a591ea\" data-element_type=\"section\" data-e-type=\"section\">\n\t\t\t\t\t\t<div class=\"elementor-container elementor-column-gap-default\">\n\t\t\t\t\t<div class=\"elementor-column elementor-col-100 elementor-top-column elementor-element elementor-element-1fc3d61\" data-id=\"1fc3d61\" data-element_type=\"column\" data-e-type=\"column\">\n\t\t\t<div class=\"elementor-widget-wrap elementor-element-populated\">\n\t\t\t\t\t\t<div class=\"elementor-element elementor-element-2923cc5 elementor-widget-divider--view-line elementor-widget elementor-widget-divider\" data-id=\"2923cc5\" data-element_type=\"widget\" data-e-type=\"widget\" data-widget_type=\"divider.default\">\n\t\t\t\t<div class=\"elementor-widget-container\">\n\t\t\t\t\t\t\t<div class=\"elementor-divider\">\n\t\t\t<span class=\"elementor-divider-separator\">\n\t\t\t\t\t\t<\/span>\n\t\t<\/div>\n\t\t\t\t\t\t<\/div>\n\t\t\t\t<\/div>\n\t\t\t\t<div class=\"elementor-element elementor-element-e5b787a elementor-widget elementor-widget-heading\" data-id=\"e5b787a\" data-element_type=\"widget\" data-e-type=\"widget\" data-widget_type=\"heading.default\">\n\t\t\t\t<div class=\"elementor-widget-container\">\n\t\t\t\t\t<h2 class=\"elementor-heading-title elementor-size-default\">\u00c4hnliche Produkte<\/h2>\t\t\t\t<\/div>\n\t\t\t\t<\/div>\n\t\t\t\t<div class=\"elementor-element elementor-element-bba0fee elementor-widget-divider--view-line elementor-widget elementor-widget-divider\" data-id=\"bba0fee\" data-element_type=\"widget\" data-e-type=\"widget\" data-widget_type=\"divider.default\">\n\t\t\t\t<div class=\"elementor-widget-container\">\n\t\t\t\t\t\t\t<div class=\"elementor-divider\">\n\t\t\t<span class=\"elementor-divider-separator\">\n\t\t\t\t\t\t<\/span>\n\t\t<\/div>\n\t\t\t\t\t\t<\/div>\n\t\t\t\t<\/div>\n\t\t\t\t\t<\/div>\n\t\t<\/div>\n\t\t\t\t\t<\/div>\n\t\t<\/section>\n\t\t\t\t<\/div>\n\t\t","protected":false},"excerpt":{"rendered":"<ul>\n<li>Gr\u00f6\u00dfe: 59x 39 cm<\/li>\n<li>Artikel Nr.: BIN20-F2<\/li>\n<li><strong>Der Preis enth\u00e4lt nicht die Kissenf\u00fcllung!<\/strong><\/li>\n<\/ul>\n","protected":false},"featured_media":105661,"template":"","meta":[],"product_brand":[],"product_cat":[763,769],"product_tag":[],"class_list":{"0":"post-107612","1":"product","2":"type-product","3":"status-publish","4":"has-post-thumbnail","6":"product_cat-kissenbezug","7":"product_cat-turkischer-kissenbezug","8":"pa_minta-pflanzenmuster","9":"pa_szin-creme","10":"pa_szin-grauweis","11":"pa_szin-schwartz","13":"first","14":"instock","15":"sale","16":"taxable","17":"shipping-taxable","18":"purchasable","19":"product-type-simple"},"_links":{"self":[{"href":"https:\/\/orientalcarpetshop.com\/de\/wp-json\/wp\/v2\/product\/107612","targetHints":{"allow":["GET"]}}],"collection":[{"href":"https:\/\/orientalcarpetshop.com\/de\/wp-json\/wp\/v2\/product"}],"about":[{"href":"https:\/\/orientalcarpetshop.com\/de\/wp-json\/wp\/v2\/types\/product"}],"version-history":[{"count":0,"href":"https:\/\/orientalcarpetshop.com\/de\/wp-json\/wp\/v2\/product\/107612\/revisions"}],"wp:featuredmedia":[{"embeddable":true,"href":"https:\/\/orientalcarpetshop.com\/de\/wp-json\/wp\/v2\/media\/105661"}],"wp:attachment":[{"href":"https:\/\/orientalcarpetshop.com\/de\/wp-json\/wp\/v2\/media?parent=107612"}],"wp:term":[{"taxonomy":"product_brand","embeddable":true,"href":"https:\/\/orientalcarpetshop.com\/de\/wp-json\/wp\/v2\/product_brand?post=107612"},{"taxonomy":"product_cat","embeddable":true,"href":"https:\/\/orientalcarpetshop.com\/de\/wp-json\/wp\/v2\/product_cat?post=107612"},{"taxonomy":"product_tag","embeddable":true,"href":"https:\/\/orientalcarpetshop.com\/de\/wp-json\/wp\/v2\/product_tag?post=107612"}],"curies":[{"name":"wp","href":"https:\/\/api.w.org\/{rel}","templated":true}]}}