{"id":107579,"date":"2024-03-06T15:17:09","date_gmt":"2024-03-06T13:17:09","guid":{"rendered":"https:\/\/orientalcarpetshop.com\/termek\/tuerkisblauer-tuerkischer-kerzenleuchter\/"},"modified":"2024-04-16T17:47:52","modified_gmt":"2024-04-16T15:47:52","slug":"tuerkisblauer-tuerkischer-kerzenleuchter","status":"publish","type":"product","link":"https:\/\/orientalcarpetshop.com\/de\/produkt\/tuerkisblauer-tuerkischer-kerzenleuchter\/","title":{"rendered":"T\u00fcrkisblauer t\u00fcrkischer Kerzenleuchter"},"content":{"rendered":"\t\t<div data-elementor-type=\"product-post\" data-elementor-id=\"107579\" class=\"elementor elementor-107579 elementor-106966\" data-elementor-post-type=\"product\">\n\t\t\t\t\t\t<section class=\"elementor-section elementor-top-section elementor-element elementor-element-b662fea elementor-section-boxed elementor-section-height-default elementor-section-height-default\" data-id=\"b662fea\" data-element_type=\"section\" data-e-type=\"section\">\n\t\t\t\t\t\t<div class=\"elementor-container elementor-column-gap-default\">\n\t\t\t\t\t<div class=\"elementor-column elementor-col-100 elementor-top-column elementor-element elementor-element-bb7b378\" data-id=\"bb7b378\" data-element_type=\"column\" data-e-type=\"column\">\n\t\t\t<div class=\"elementor-widget-wrap elementor-element-populated\">\n\t\t\t\t\t\t<div class=\"elementor-element elementor-element-e79b5ba elementor-widget elementor-widget-text-editor\" data-id=\"e79b5ba\" data-element_type=\"widget\" data-e-type=\"widget\" data-widget_type=\"text-editor.default\">\n\t\t\t\t<div class=\"elementor-widget-container\">\n\t\t\t\t\t\t\t\t\t<p><em><strong>Produktbeschreibung\/ T\u00fcrkisblauer t\u00fcrkischer Kerzenleuchter: <\/strong><\/em><\/p>\n<p><em>Werfen Sie einen Blick auf unsere Kerzenhalter aus der T\u00fcrkei mit einer Vielzahl von Designs.<\/em><\/p>\n<p style=\"text-align: left;\">Ursprungsland: T\u00fcrkei, handgefertigtes Produkt.<\/p>\n<p style=\"text-align: left;\">Material der Glaswaren: Unikate aus buntem, winzigem Mosaikglas und Perlen.<\/p>\n<p>Verwendung: Dekorative Leuchte.<\/p>\n<p>Anwendung: Wohnungen, H\u00e4user, Hotels, Restaurants, Caf\u00e9s, Gesch\u00e4fte.<\/p>\n<p>Verpackung: Luftpolsterfolie und Karton. Individuelle Verpackungen sind ebenfalls m\u00f6glich, bitte kontaktieren Sie unseren Kundenservice f\u00fcr weitere Informationen.<\/p>\n<p>Gewicht: 0,3 kg<\/p>\n\t\t\t\t\t\t\t\t<\/div>\n\t\t\t\t<\/div>\n\t\t\t\t\t<\/div>\n\t\t<\/div>\n\t\t\t\t\t<\/div>\n\t\t<\/section>\n\t\t\t\t<section class=\"elementor-section elementor-top-section elementor-element elementor-element-46b82dae elementor-section-boxed elementor-section-height-default elementor-section-height-default\" data-id=\"46b82dae\" data-element_type=\"section\" data-e-type=\"section\">\n\t\t\t\t\t\t<div class=\"elementor-container elementor-column-gap-default\">\n\t\t\t\t\t<div class=\"elementor-column elementor-col-100 elementor-top-column elementor-element elementor-element-56f8952b\" data-id=\"56f8952b\" data-element_type=\"column\" data-e-type=\"column\">\n\t\t\t<div class=\"elementor-widget-wrap elementor-element-populated\">\n\t\t\t\t\t\t<div class=\"elementor-element elementor-element-56bb2cf0 elementor-widget-divider--view-line elementor-widget elementor-widget-divider\" data-id=\"56bb2cf0\" data-element_type=\"widget\" data-e-type=\"widget\" data-widget_type=\"divider.default\">\n\t\t\t\t<div class=\"elementor-widget-container\">\n\t\t\t\t\t\t\t<div class=\"elementor-divider\">\n\t\t\t<span class=\"elementor-divider-separator\">\n\t\t\t\t\t\t<\/span>\n\t\t<\/div>\n\t\t\t\t\t\t<\/div>\n\t\t\t\t<\/div>\n\t\t\t\t<div class=\"elementor-element elementor-element-169335a0 elementor-widget elementor-widget-heading\" data-id=\"169335a0\" data-element_type=\"widget\" data-e-type=\"widget\" data-widget_type=\"heading.default\">\n\t\t\t\t<div class=\"elementor-widget-container\">\n\t\t\t\t\t<h2 class=\"elementor-heading-title elementor-size-default\">\u00c4hnliche Produkte<\/h2>\t\t\t\t<\/div>\n\t\t\t\t<\/div>\n\t\t\t\t<div class=\"elementor-element elementor-element-2e6bcd72 elementor-widget-divider--view-line elementor-widget elementor-widget-divider\" data-id=\"2e6bcd72\" data-element_type=\"widget\" data-e-type=\"widget\" data-widget_type=\"divider.default\">\n\t\t\t\t<div class=\"elementor-widget-container\">\n\t\t\t\t\t\t\t<div class=\"elementor-divider\">\n\t\t\t<span class=\"elementor-divider-separator\">\n\t\t\t\t\t\t<\/span>\n\t\t<\/div>\n\t\t\t\t\t\t<\/div>\n\t\t\t\t<\/div>\n\t\t\t\t\t<\/div>\n\t\t<\/div>\n\t\t\t\t\t<\/div>\n\t\t<\/section>\n\t\t\t\t<\/div>\n\t\t","protected":false},"excerpt":{"rendered":"<ul>\n<li>H\u00f6he: 8 cm, Breite: 10 cm<\/li>\n<li>Artikel Nr.: TM495-K2<\/li>\n<\/ul>\n","protected":false},"featured_media":106980,"template":"","meta":[],"product_brand":[],"product_cat":[784,778],"product_tag":[],"class_list":{"0":"post-107579","1":"product","2":"type-product","3":"status-publish","4":"has-post-thumbnail","6":"product_cat-kerzenhalter","7":"product_cat-lampe","8":"pa_szin-blau","9":"pa_szin-hellblau","10":"pa_szin-turkis","11":"pa_szin-turkisblau","13":"first","14":"instock","15":"sale","16":"taxable","17":"shipping-taxable","18":"purchasable","19":"product-type-simple"},"_links":{"self":[{"href":"https:\/\/orientalcarpetshop.com\/de\/wp-json\/wp\/v2\/product\/107579","targetHints":{"allow":["GET"]}}],"collection":[{"href":"https:\/\/orientalcarpetshop.com\/de\/wp-json\/wp\/v2\/product"}],"about":[{"href":"https:\/\/orientalcarpetshop.com\/de\/wp-json\/wp\/v2\/types\/product"}],"version-history":[{"count":0,"href":"https:\/\/orientalcarpetshop.com\/de\/wp-json\/wp\/v2\/product\/107579\/revisions"}],"wp:featuredmedia":[{"embeddable":true,"href":"https:\/\/orientalcarpetshop.com\/de\/wp-json\/wp\/v2\/media\/106980"}],"wp:attachment":[{"href":"https:\/\/orientalcarpetshop.com\/de\/wp-json\/wp\/v2\/media?parent=107579"}],"wp:term":[{"taxonomy":"product_brand","embeddable":true,"href":"https:\/\/orientalcarpetshop.com\/de\/wp-json\/wp\/v2\/product_brand?post=107579"},{"taxonomy":"product_cat","embeddable":true,"href":"https:\/\/orientalcarpetshop.com\/de\/wp-json\/wp\/v2\/product_cat?post=107579"},{"taxonomy":"product_tag","embeddable":true,"href":"https:\/\/orientalcarpetshop.com\/de\/wp-json\/wp\/v2\/product_tag?post=107579"}],"curies":[{"name":"wp","href":"https:\/\/api.w.org\/{rel}","templated":true}]}}