{"id":106462,"date":"2024-03-02T12:30:16","date_gmt":"2024-03-02T10:30:16","guid":{"rendered":"https:\/\/orientalcarpetshop.com\/?post_type=product&#038;p=106462"},"modified":"2026-03-03T12:41:40","modified_gmt":"2026-03-03T10:41:40","slug":"graphitgraues-tuerkisches-kissen","status":"publish","type":"product","link":"https:\/\/orientalcarpetshop.com\/de\/produkt\/graphitgraues-tuerkisches-kissen\/","title":{"rendered":"Graphitgraues t\u00fcrkisches Kissen"},"content":{"rendered":"\t\t<div data-elementor-type=\"product-post\" data-elementor-id=\"106462\" class=\"elementor elementor-106462 elementor-106460\" data-elementor-post-type=\"product\">\n\t\t\t\t\t\t<section class=\"elementor-section elementor-top-section elementor-element elementor-element-12b9d162 elementor-section-boxed elementor-section-height-default elementor-section-height-default\" data-id=\"12b9d162\" data-element_type=\"section\" data-e-type=\"section\">\n\t\t\t\t\t\t<div class=\"elementor-container elementor-column-gap-default\">\n\t\t\t\t\t<div class=\"elementor-column elementor-col-100 elementor-top-column elementor-element elementor-element-5ee610d\" data-id=\"5ee610d\" data-element_type=\"column\" data-e-type=\"column\">\n\t\t\t<div class=\"elementor-widget-wrap elementor-element-populated\">\n\t\t\t\t\t\t<div class=\"elementor-element elementor-element-209394e3 elementor-widget elementor-widget-text-editor\" data-id=\"209394e3\" data-element_type=\"widget\" data-e-type=\"widget\" data-widget_type=\"text-editor.default\">\n\t\t\t\t<div class=\"elementor-widget-container\">\n\t\t\t\t\t\t\t\t\t<p><em><strong>Produktbeschreibung\/graphitgraues t\u00fcrkisches Kissen: <\/strong><\/em><\/p><ul><li>Herstellungstechnik: maschinell gewebt<\/li><li>Material: Baumwolle und Acryl  <\/li><li>Herkunftsort: T\u00fcrkei<\/li><\/ul><p><em><strong>Kommentar:<\/strong><\/em><\/p><p>Werfen Sie einen Blick auf unsere Chenille-Kissenbez\u00fcge aus der T\u00fcrkei in diversen Mustern.<\/p><p>Die Kissenbez\u00fcge sind weich im Griff, die F\u00fcllung ist mit einem Rei\u00dfverschluss austauschbar und bei 30 Grad in der Maschine waschbar.<\/p><p>Die Kissenf\u00fcllung ist im Preis nicht enthalten.<\/p><p>Wir stellen Ihnen unser graphitgraues Zierkissen t\u00fcrkischer Herkunft vor, das sorgf\u00e4ltig aus einer Mischung hochwertiger Baumwoll- und Acrylmaterialien hergestellt wird. Versenken Siesich in ultimativen Komfort mit unserem graphitgrauen t\u00fcrkischen Zierkissen, perfekt zum Entspannen nach einem langen Tag. Das Kissen in leuchtendem Graphitgrau verleiht jedem Raum einen eleganten Farbtupfer und ist die perfekte Erg\u00e4nzung f\u00fcr Ihr Sofa, Ihren Sessel oder Ihr Bett. F\u00fcllen Sie Ihren Lebensraum mit W\u00e4rme und Stil.<\/p>\t\t\t\t\t\t\t\t<\/div>\n\t\t\t\t<\/div>\n\t\t\t\t\t<\/div>\n\t\t<\/div>\n\t\t\t\t\t<\/div>\n\t\t<\/section>\n\t\t\t\t<section class=\"elementor-section elementor-top-section elementor-element elementor-element-274d40d1 elementor-section-boxed elementor-section-height-default elementor-section-height-default\" data-id=\"274d40d1\" data-element_type=\"section\" data-e-type=\"section\">\n\t\t\t\t\t\t<div class=\"elementor-container elementor-column-gap-default\">\n\t\t\t\t\t<div class=\"elementor-column elementor-col-100 elementor-top-column elementor-element elementor-element-7cb59345\" data-id=\"7cb59345\" data-element_type=\"column\" data-e-type=\"column\">\n\t\t\t<div class=\"elementor-widget-wrap elementor-element-populated\">\n\t\t\t\t\t\t<div class=\"elementor-element elementor-element-1112160d elementor-widget-divider--view-line elementor-widget elementor-widget-divider\" data-id=\"1112160d\" data-element_type=\"widget\" data-e-type=\"widget\" data-widget_type=\"divider.default\">\n\t\t\t\t<div class=\"elementor-widget-container\">\n\t\t\t\t\t\t\t<div class=\"elementor-divider\">\n\t\t\t<span class=\"elementor-divider-separator\">\n\t\t\t\t\t\t<\/span>\n\t\t<\/div>\n\t\t\t\t\t\t<\/div>\n\t\t\t\t<\/div>\n\t\t\t\t<div class=\"elementor-element elementor-element-514da698 elementor-widget elementor-widget-heading\" data-id=\"514da698\" data-element_type=\"widget\" data-e-type=\"widget\" data-widget_type=\"heading.default\">\n\t\t\t\t<div class=\"elementor-widget-container\">\n\t\t\t\t\t<h2 class=\"elementor-heading-title elementor-size-default\">\u00c4hnliche Produkte<\/h2>\t\t\t\t<\/div>\n\t\t\t\t<\/div>\n\t\t\t\t<div class=\"elementor-element elementor-element-52533ce9 elementor-widget-divider--view-line elementor-widget elementor-widget-divider\" data-id=\"52533ce9\" data-element_type=\"widget\" data-e-type=\"widget\" data-widget_type=\"divider.default\">\n\t\t\t\t<div class=\"elementor-widget-container\">\n\t\t\t\t\t\t\t<div class=\"elementor-divider\">\n\t\t\t<span class=\"elementor-divider-separator\">\n\t\t\t\t\t\t<\/span>\n\t\t<\/div>\n\t\t\t\t\t\t<\/div>\n\t\t\t\t<\/div>\n\t\t\t\t\t<\/div>\n\t\t<\/div>\n\t\t\t\t\t<\/div>\n\t\t<\/section>\n\t\t\t\t<\/div>\n\t\t","protected":false},"excerpt":{"rendered":"<ul>\n<li>Gr\u00f6\u00dfe: 45 x 45 cm, Gef\u00fcllte Gr\u00f6\u00dfe: 40 x 40 cm<\/li>\n<li>Artikel Nr.: PK001<\/li>\n<li><strong>Der Preis enth\u00e4lt nicht die Kissenf\u00fcllung!<\/strong><\/li>\n<\/ul>\n","protected":false},"featured_media":106468,"template":"","meta":[],"product_brand":[],"product_cat":[763,769],"product_tag":[],"class_list":{"0":"post-106462","1":"product","2":"type-product","3":"status-publish","4":"has-post-thumbnail","6":"product_cat-kissenbezug","7":"product_cat-turkischer-kissenbezug","8":"pa_minta-pflanzenmuster","9":"pa_szin-braun","10":"pa_szin-graphit","11":"pa_szin-grau","12":"pa_szin-grun","13":"pa_szin-rot-de","14":"pa_szin-turkis","16":"first","17":"outofstock","18":"sale","19":"taxable","20":"shipping-taxable","21":"purchasable","22":"product-type-simple"},"_links":{"self":[{"href":"https:\/\/orientalcarpetshop.com\/de\/wp-json\/wp\/v2\/product\/106462","targetHints":{"allow":["GET"]}}],"collection":[{"href":"https:\/\/orientalcarpetshop.com\/de\/wp-json\/wp\/v2\/product"}],"about":[{"href":"https:\/\/orientalcarpetshop.com\/de\/wp-json\/wp\/v2\/types\/product"}],"version-history":[{"count":0,"href":"https:\/\/orientalcarpetshop.com\/de\/wp-json\/wp\/v2\/product\/106462\/revisions"}],"wp:featuredmedia":[{"embeddable":true,"href":"https:\/\/orientalcarpetshop.com\/de\/wp-json\/wp\/v2\/media\/106468"}],"wp:attachment":[{"href":"https:\/\/orientalcarpetshop.com\/de\/wp-json\/wp\/v2\/media?parent=106462"}],"wp:term":[{"taxonomy":"product_brand","embeddable":true,"href":"https:\/\/orientalcarpetshop.com\/de\/wp-json\/wp\/v2\/product_brand?post=106462"},{"taxonomy":"product_cat","embeddable":true,"href":"https:\/\/orientalcarpetshop.com\/de\/wp-json\/wp\/v2\/product_cat?post=106462"},{"taxonomy":"product_tag","embeddable":true,"href":"https:\/\/orientalcarpetshop.com\/de\/wp-json\/wp\/v2\/product_tag?post=106462"}],"curies":[{"name":"wp","href":"https:\/\/api.w.org\/{rel}","templated":true}]}}